{"id":6867,"date":"2024-03-03T11:20:57","date_gmt":"2024-03-03T11:20:57","guid":{"rendered":"https:\/\/www.jaromuller.com\/?page_id=6867"},"modified":"2024-07-28T14:48:17","modified_gmt":"2024-07-28T13:48:17","slug":"colour-design-flik","status":"publish","type":"page","link":"https:\/\/www.jaromuller.com\/de\/models\/flik-14m\/colour-design-flik\/","title":{"rendered":"Farbdesign"},"content":{"rendered":"<p><\/p>\n<h1>Flik Farbdesign<\/h1>\n<p>Sie k\u00f6nnen eines von unseren Farbdesigns w\u00e4hlen oder Ihr eigene Farbzusammenstellung aus unseren verf\u00fcgbaren Farben ausw\u00e4hlen.<\/p>\n<p>Wenn Sie eines unserer Design w\u00e4hlen, geben Sie bitte die Bestellung die Nummer des gew\u00e4hlten Design f\u00fcr die <strong>Ober- und Unterseite<\/strong> des Modells ein (z.B.: Design oben A3, Design unten J2).<\/p>\n<p>Wenn Sie Ihr eigene Farbenkombination in einem bestimmten Farbdesign erstellen m\u00f6chten, laden Sie das Musterbild \u2013 Microsoft Paint-Datei (.PNG) herunter und verwenden Sie Microsoft Paint-Programm (<a href=\"http:\/\/www.jaromuller.com\/wp-content\/uploads\/2019\/11\/Manual-Paint-D.pdf\" target=\"_blank\" rel=\"noopener noreferrer\">Anleitung hier klicken<\/a>).<\/p>\n<p>Falls Sie dies zu aufwendig finden, schreiben Sie uns einfach ihren Farbwunsch beispielhaft wie folgt: \u201eFarbdesign oben A, Farbe 1 rot, 2 weiss, 3 JM gelb, 4,5,6,7, weiss, 8 rot, 9 schwarz. Farbdesign unten J, Farbe 1,3,6 schwarz, 2 weiss\u201c.<\/p>\n<h6>Nutzen Sie bitte dabei nur Farben, die in dem Musterbild angegeben sind.<\/h6>\n<h4>Bitte nicht vergessen passende Farbdesing sowohl f\u00fcr Ober- als auch f\u00fcr Unterseite w\u00e4hlen.<\/h4>\n<p>&nbsp;<\/p>\n<hr \/>\n<h2>Flik Farbdesign A (oben):<\/h2>\n<div id='gallery-4' class='gallery galleryid-6867 gallery-columns-3 gallery-size-medium'><figure class='gallery-item'>\n\t\t\t<div class='gallery-icon landscape'>\n\t\t\t\t<a href='https:\/\/www.jaromuller.com\/wp-content\/uploads\/2024\/07\/Flik-_colour-design-A1-1-scaled.jpg'><img loading=\"lazy\" decoding=\"async\" width=\"300\" height=\"290\" src=\"https:\/\/www.jaromuller.com\/wp-content\/uploads\/2024\/07\/Flik-_colour-design-A1-1-scaled-300x290.jpg\" class=\"attachment-medium size-medium\" alt=\"\" srcset=\"https:\/\/www.jaromuller.com\/wp-content\/uploads\/2024\/07\/Flik-_colour-design-A1-1-scaled-300x290.jpg 300w, https:\/\/www.jaromuller.com\/wp-content\/uploads\/2024\/07\/Flik-_colour-design-A1-1-scaled-1024x989.jpg 1024w, https:\/\/www.jaromuller.com\/wp-content\/uploads\/2024\/07\/Flik-_colour-design-A1-1-768x742.jpg 768w, https:\/\/www.jaromuller.com\/wp-content\/uploads\/2024\/07\/Flik-_colour-design-A1-1-scaled-1536x1484.jpg 1536w, https:\/\/www.jaromuller.com\/wp-content\/uploads\/2024\/07\/Flik-_colour-design-A1-1-scaled-2048x1978.jpg 2048w\" sizes=\"auto, (max-width: 300px) 100vw, 300px\" \/><\/a>\n\t\t\t<\/div><\/figure>\n\t\t<\/div>\n\n<h3>Laden Sie das Musterbild &#8211; Microsoft Paint Datei (.PNG) herunter um Ihre eigene Farbenkombination f\u00fcr Design A zu erstellen:<\/h3>\n<p><a href=\"https:\/\/www.jaromuller.com\/wp-content\/uploads\/2024\/07\/Flik_colour-design-A.png\"><img loading=\"lazy\" decoding=\"async\" class=\"alignnone wp-image-6914 size-medium\" src=\"https:\/\/www.jaromuller.com\/wp-content\/uploads\/2024\/07\/Flik_colour-design-A-300x252.png\" alt=\"\" width=\"300\" height=\"252\" srcset=\"https:\/\/www.jaromuller.com\/wp-content\/uploads\/2024\/07\/Flik_colour-design-A-300x252.png 300w, https:\/\/www.jaromuller.com\/wp-content\/uploads\/2024\/07\/Flik_colour-design-A-1024x860.png 1024w, https:\/\/www.jaromuller.com\/wp-content\/uploads\/2024\/07\/Flik_colour-design-A-768x645.png 768w, https:\/\/www.jaromuller.com\/wp-content\/uploads\/2024\/07\/Flik_colour-design-A-1536x1290.png 1536w, https:\/\/www.jaromuller.com\/wp-content\/uploads\/2024\/07\/Flik_colour-design-A-2048x1720.png 2048w\" sizes=\"auto, (max-width: 300px) 100vw, 300px\" \/><\/a><\/p>\n<h2>Flik Farbdesign B (oben):<\/h2>\n<div id='gallery-5' class='gallery galleryid-6867 gallery-columns-3 gallery-size-medium'><figure class='gallery-item'>\n\t\t\t<div class='gallery-icon landscape'>\n\t\t\t\t<a href='https:\/\/www.jaromuller.com\/wp-content\/uploads\/2024\/03\/Flik_colour-design-B1-1.jpg'><img loading=\"lazy\" decoding=\"async\" width=\"300\" height=\"290\" src=\"https:\/\/www.jaromuller.com\/wp-content\/uploads\/2024\/03\/Flik_colour-design-B1-1-300x290.jpg\" class=\"attachment-medium size-medium\" alt=\"\" srcset=\"https:\/\/www.jaromuller.com\/wp-content\/uploads\/2024\/03\/Flik_colour-design-B1-1-300x290.jpg 300w, https:\/\/www.jaromuller.com\/wp-content\/uploads\/2024\/03\/Flik_colour-design-B1-1.jpg 497w\" sizes=\"auto, (max-width: 300px) 100vw, 300px\" \/><\/a>\n\t\t\t<\/div><\/figure>\n\t\t<\/div>\n\n<h3>Laden Sie das Musterbild &#8211; Microsoft Paint Datei (.PNG) herunter um Ihre eigene Farbenkombination f\u00fcr Design B zu erstellen:<\/h3>\n<p><a href=\"https:\/\/www.jaromuller.com\/wp-content\/uploads\/2024\/07\/Flik_colour-design-B.png\"><img loading=\"lazy\" decoding=\"async\" class=\"alignnone wp-image-6916 size-medium\" src=\"https:\/\/www.jaromuller.com\/wp-content\/uploads\/2024\/07\/Flik_colour-design-B-300x252.png\" alt=\"\" width=\"300\" height=\"252\" srcset=\"https:\/\/www.jaromuller.com\/wp-content\/uploads\/2024\/07\/Flik_colour-design-B-300x252.png 300w, https:\/\/www.jaromuller.com\/wp-content\/uploads\/2024\/07\/Flik_colour-design-B-1024x860.png 1024w, https:\/\/www.jaromuller.com\/wp-content\/uploads\/2024\/07\/Flik_colour-design-B-768x645.png 768w, https:\/\/www.jaromuller.com\/wp-content\/uploads\/2024\/07\/Flik_colour-design-B-1536x1290.png 1536w, https:\/\/www.jaromuller.com\/wp-content\/uploads\/2024\/07\/Flik_colour-design-B-2048x1720.png 2048w\" sizes=\"auto, (max-width: 300px) 100vw, 300px\" \/><\/a><\/p>\n<h2>Flik Farbdesign J (unten):<\/h2>\n<div id='gallery-6' class='gallery galleryid-6867 gallery-columns-3 gallery-size-medium'><figure class='gallery-item'>\n\t\t\t<div class='gallery-icon landscape'>\n\t\t\t\t<a href='https:\/\/www.jaromuller.com\/wp-content\/uploads\/2024\/03\/Flik_colour-design-J1.jpg'><img loading=\"lazy\" decoding=\"async\" width=\"300\" height=\"247\" src=\"https:\/\/www.jaromuller.com\/wp-content\/uploads\/2024\/03\/Flik_colour-design-J1-300x247.jpg\" class=\"attachment-medium size-medium\" alt=\"\" srcset=\"https:\/\/www.jaromuller.com\/wp-content\/uploads\/2024\/03\/Flik_colour-design-J1-300x247.jpg 300w, https:\/\/www.jaromuller.com\/wp-content\/uploads\/2024\/03\/Flik_colour-design-J1.jpg 582w\" sizes=\"auto, (max-width: 300px) 100vw, 300px\" \/><\/a>\n\t\t\t<\/div><\/figure>\n\t\t<\/div>\n\n<h3>Laden Sie das Musterbild &#8211; Microsoft Paint Datei (.PNG) herunter um Ihre eigene Farbenkombination f\u00fcr Design J zu erstellen:<\/h3>\n<p><a href=\"https:\/\/www.jaromuller.com\/wp-content\/uploads\/2024\/03\/Flik_colour-design-j.png\"><img loading=\"lazy\" decoding=\"async\" class=\"alignnone wp-image-6896 size-medium\" src=\"https:\/\/www.jaromuller.com\/wp-content\/uploads\/2024\/03\/Flik_colour-design-j-300x236.png\" alt=\"\" width=\"300\" height=\"236\" srcset=\"https:\/\/www.jaromuller.com\/wp-content\/uploads\/2024\/03\/Flik_colour-design-j-300x236.png 300w, https:\/\/www.jaromuller.com\/wp-content\/uploads\/2024\/03\/Flik_colour-design-j-1024x805.png 1024w, https:\/\/www.jaromuller.com\/wp-content\/uploads\/2024\/03\/Flik_colour-design-j-768x604.png 768w, https:\/\/www.jaromuller.com\/wp-content\/uploads\/2024\/03\/Flik_colour-design-j-1536x1208.png 1536w, https:\/\/www.jaromuller.com\/wp-content\/uploads\/2024\/03\/Flik_colour-design-j-2048x1611.png 2048w\" sizes=\"auto, (max-width: 300px) 100vw, 300px\" \/><\/a><\/p>","protected":false},"excerpt":{"rendered":"<p>Flik Farbdesign Sie k\u00f6nnen eines von unseren Farbdesigns w\u00e4hlen oder Ihr eigene Farbzusammenstellung aus unseren verf\u00fcgbaren Farben ausw\u00e4hlen. Wenn Sie eines unserer Design w\u00e4hlen, geben Sie bitte die Bestellung die Nummer des gew\u00e4hlten Design f\u00fcr die Ober- und Unterseite des Modells ein (z.B.: Design oben A3, Design unten J2). Wenn Sie Ihr eigene Farbenkombination in [&hellip;]<\/p>\n","protected":false},"author":2,"featured_media":0,"parent":5497,"menu_order":0,"comment_status":"closed","ping_status":"closed","template":"","meta":{"footnotes":""},"class_list":["post-6867","page","type-page","status-publish","hentry"],"_links":{"self":[{"href":"https:\/\/www.jaromuller.com\/de\/wp-json\/wp\/v2\/pages\/6867","targetHints":{"allow":["GET"]}}],"collection":[{"href":"https:\/\/www.jaromuller.com\/de\/wp-json\/wp\/v2\/pages"}],"about":[{"href":"https:\/\/www.jaromuller.com\/de\/wp-json\/wp\/v2\/types\/page"}],"author":[{"embeddable":true,"href":"https:\/\/www.jaromuller.com\/de\/wp-json\/wp\/v2\/users\/2"}],"replies":[{"embeddable":true,"href":"https:\/\/www.jaromuller.com\/de\/wp-json\/wp\/v2\/comments?post=6867"}],"version-history":[{"count":0,"href":"https:\/\/www.jaromuller.com\/de\/wp-json\/wp\/v2\/pages\/6867\/revisions"}],"up":[{"embeddable":true,"href":"https:\/\/www.jaromuller.com\/de\/wp-json\/wp\/v2\/pages\/5497"}],"wp:attachment":[{"href":"https:\/\/www.jaromuller.com\/de\/wp-json\/wp\/v2\/media?parent=6867"}],"curies":[{"name":"wp","href":"https:\/\/api.w.org\/{rel}","templated":true}]}}