{"id":6842,"date":"2024-02-25T18:30:42","date_gmt":"2024-02-25T18:30:42","guid":{"rendered":"https:\/\/www.jaromuller.com\/?page_id=6842"},"modified":"2024-10-27T11:44:04","modified_gmt":"2024-10-27T11:44:04","slug":"price-list-flik","status":"publish","type":"page","link":"https:\/\/www.jaromuller.com\/de\/models\/flik-14m\/price-list-flik\/","title":{"rendered":"Preisliste"},"content":{"rendered":"<p><\/p>\n<h2>Preisliste FLIK g\u00fcltig von 27.10.2024<\/h2>\n<p><strong>Durch eine EU-Neuregelung sind wir ab sofort verpflichtet, f\u00fcr Kunden innerhalb der Europ\u00e4ischen Union (EU) die Mehrwertsteuer ihres Heimatlandes zu berechnen.<br \/>\n<\/strong>Auf Basis des Nettopreises (ohne Mehrwertsteuer) haben wir beispielhaft die Kundenendpreise inkl. der Mehrwertsteuer (Bruttopreise) f\u00fcr Deutschland (DE 19%) sowie f\u00fcr die Slowakische Republik (SK), \u00d6sterreich (AT) und Frankreich (F) aufgelistet.<br \/>\nF\u00fcr alle anderen Mitgliedsl\u00e4nder der EU addieren Sie bitte die Mehrwertsteuer ihres Heimatlandes zu den ausgewiesenen Nettopreisen.<\/p>\n<p>F\u00fcr Kunden au\u00dferhalb der EU gilt der angezeigte Nettopreis.<br \/>\nDie Mehrwertsteuer Ihres Heimatlandes und m\u00f6gliche Zollabgaben werden bei der Einfuhrverzollung zus\u00e4tzlich in Rechnung gestellt.<\/p>\n<p>&nbsp;<\/p>\n<table width=\"690\">\n<tbody>\n<tr>\n<td width=\"491\">PRODUKTBESCHREIBUNG<\/td>\n<td width=\"52\">PREIS<br \/>\nNETTO<\/td>\n<td width=\"68\">PREIS<br \/>\nBRUTTO<br \/>\nMwSt 19%<br \/>\n(DE&#8230;)<\/td>\n<td width=\"79\">PREIS<br \/>\nBRUTTO<br \/>\nMwSt 20%<br \/>\n(SK,AT,FR&#8230;)<\/td>\n<\/tr>\n<tr>\n<td colspan=\"4\"><strong><span style=\"color: #0000ff;\">Komplettmodell<\/span><\/strong><\/td>\n<\/tr>\n<tr>\n<td>FLIK<\/td>\n<td>1 130 \u20ac<\/td>\n<td>1 344,70 \u20ac<\/td>\n<td>1 356,00 \u20ac<\/td>\n<\/tr>\n<tr>\n<td><\/td>\n<td><\/td>\n<td><\/td>\n<td><\/td>\n<\/tr>\n<tr>\n<td colspan=\"4\"><strong><span style=\"color: #0000ff;\">Zubeh\u00f6r (nicht im Lieferumfang Komplettmodell)<\/span><\/strong><\/td>\n<\/tr>\n<tr>\n<td>Antriebseinheit montiert- Motor Dualsky\u00a0 XM5050EA-14 V3 Propeller Aeronaut CAMcarbon 15&#215;6&#8243;, Mitnehmer, Spinner Sichtkarbon<\/td>\n<td>127 \u20ac<\/td>\n<td>151,13 \u20ac<\/td>\n<td>152,40 \u20ac<\/td>\n<\/tr>\n<tr>\n<td>KST -Servosatz montiert\u00a0 (6-8,4V)- 4 x X12-508<\/td>\n<td>170 \u20ac<\/td>\n<td>202,30 \u20ac<\/td>\n<td>204,00 \u20ac<\/td>\n<\/tr>\n<tr>\n<td>Elektronische Drehzahlregler YGE 65LVT\u00a0 mit Telemetrie und BEC 8A\/18A<\/td>\n<td>159 \u20ac<\/td>\n<td>189,21 \u20ac<\/td>\n<td>190,80 \u20ac<\/td>\n<\/tr>\n<tr>\n<td>USB-Adapter YGE<\/td>\n<td>39 \u20ac<\/td>\n<td>46,41 \u20ac<\/td>\n<td>46,80 \u20ac<\/td>\n<\/tr>\n<tr>\n<td>JETI Empf\u00e4nger DUPLEX Rex 7<\/td>\n<td>76 \u20ac<\/td>\n<td>90,44 \u20ac<\/td>\n<td>91,20 \u20ac<\/td>\n<\/tr>\n<tr>\n<td>JETI Empf\u00e4nger DUPLEX Rex 7 Assist<\/td>\n<td>138 \u20ac<\/td>\n<td>164,20 \u20ac<\/td>\n<td>165,60 \u20ac<\/td>\n<\/tr>\n<tr>\n<td>FLIK Schutztaschen Sonnenschutz &#8211; Satz f\u00fcr Tragfl\u00e4che, V-Leitwerk, Seitenruder und Kabinenehaube<\/td>\n<td>58 \u20ac<\/td>\n<td>69,02 \u20ac<\/td>\n<td>69,60 \u20ac<\/td>\n<\/tr>\n<tr>\n<td><\/td>\n<td><\/td>\n<td><\/td>\n<td><\/td>\n<\/tr>\n<tr>\n<td><\/td>\n<td><\/td>\n<td><\/td>\n<td><\/td>\n<\/tr>\n<tr>\n<td colspan=\"4\"><strong><span style=\"color: #0000ff;\">Ersatzteile<\/span><\/strong><\/td>\n<\/tr>\n<tr>\n<td>FLIK Fl\u00fcgel (L)<\/td>\n<td>305 \u20ac<\/td>\n<td>362,95 \u20ac<\/td>\n<td>366,00 \u20ac<\/td>\n<\/tr>\n<tr>\n<td>FLIK Fl\u00fcgel (R)<\/td>\n<td>305 \u20ac<\/td>\n<td>362,95 \u20ac<\/td>\n<td>366,00 \u20ac<\/td>\n<\/tr>\n<tr>\n<td>FLIK Leitwerk (L)<\/td>\n<td>78 \u20ac<\/td>\n<td>92,82 \u20ac<\/td>\n<td>93,60 \u20ac<\/td>\n<\/tr>\n<tr>\n<td>FLIK Leitwerk (R)<\/td>\n<td>78 \u20ac<\/td>\n<td>92,82 \u20ac<\/td>\n<td>93,60 \u20ac<\/td>\n<\/tr>\n<tr>\n<td>FLIK Seitenruder<\/td>\n<td>45 \u20ac<\/td>\n<td>53,55 \u20ac<\/td>\n<td>54,00 \u20ac<\/td>\n<\/tr>\n<tr>\n<td>FLIK Rumpf (ohne Kabinenhaube, Seitenruder und Fahrwerk)<\/td>\n<td>362 \u20ac<\/td>\n<td>430,78 \u20ac<\/td>\n<td>434,40 \u20ac<\/td>\n<\/tr>\n<tr>\n<td>FLIK Kabinenhaube mit Haubenrahmen<\/td>\n<td>145 \u20ac<\/td>\n<td>172,55 \u20ac<\/td>\n<td>174,00 \u20ac<\/td>\n<\/tr>\n<tr>\n<td>FLIK Fahrwerkbein (L)<\/td>\n<td>28 \u20ac<\/td>\n<td>33,32 \u20ac<\/td>\n<td>33,60 \u20ac<\/td>\n<\/tr>\n<tr>\n<td>FLIK Fahrwerkbein (R)<\/td>\n<td>28 \u20ac<\/td>\n<td>33,32 \u20ac<\/td>\n<td>33,60 \u20ac<\/td>\n<\/tr>\n<tr>\n<td>FLIK CFK Steckverbinder Fl\u00fcgel 20&#215;400 mm<\/td>\n<td>29 \u20ac<\/td>\n<td>34,34 \u20ac<\/td>\n<td>34,63 \u20ac<\/td>\n<\/tr>\n<tr>\n<td>KST servo X12-508 (6-8,4V) &#8211; f\u00fcr Querruder, Lietwerk und Seitenruder<\/td>\n<td>39 \u20ac<\/td>\n<td>46,41 \u20ac<\/td>\n<td>46,80 \u20ac<\/td>\n<\/tr>\n<tr>\n<td>Xmotor XM5050EA-14 V3<\/td>\n<td>92 \u20ac<\/td>\n<td>109,48 \u20ac<\/td>\n<td>110,40 \u20ac<\/td>\n<\/tr>\n<tr>\n<td>Aeronaut CAMcarbon Luftschraube 15&#215;6&#8243;<\/td>\n<td>12 \u20ac<\/td>\n<td>14,28 \u20ac<\/td>\n<td>14,40 \u20ac<\/td>\n<\/tr>\n<tr>\n<td>Radverkleidung (L)<\/td>\n<td>28 \u20ac<\/td>\n<td>33,32 \u20ac<\/td>\n<td>33,60 \u20ac<\/td>\n<\/tr>\n<tr>\n<td>Radverkleidung (R)<\/td>\n<td>28 \u20ac<\/td>\n<td>33,32 \u20ac<\/td>\n<td>33,60 \u20ac<\/td>\n<\/tr>\n<\/tbody>\n<\/table>\n<p>&nbsp;<\/p>\n<table width=\"491\">\n<tbody>\n<tr>\n<td width=\"491\">Legende:<\/td>\n<\/tr>\n<tr>\n<td>ver.\u00a0&#8211; Version\u00a0\u00a0\u00a0\u00a0\u00a0\u00a0(L\/R)\u00a0&#8211; links\/recht\u00a0\u00a0\u00a0\u00a0\u00a0\u00a0 n.v. &#8211; zu Zeit nicht verf\u00fcgbar<\/td>\n<\/tr>\n<\/tbody>\n<\/table>\n<p><\/p>","protected":false},"excerpt":{"rendered":"<p>Preisliste FLIK g\u00fcltig von 27.10.2024 Durch eine EU-Neuregelung sind wir ab sofort verpflichtet, f\u00fcr Kunden innerhalb der Europ\u00e4ischen Union (EU) die Mehrwertsteuer ihres Heimatlandes zu berechnen. Auf Basis des Nettopreises (ohne Mehrwertsteuer) haben wir beispielhaft die Kundenendpreise inkl. der Mehrwertsteuer (Bruttopreise) f\u00fcr Deutschland (DE 19%) sowie f\u00fcr die Slowakische Republik (SK), \u00d6sterreich (AT) und Frankreich [&hellip;]<\/p>\n","protected":false},"author":2,"featured_media":0,"parent":5497,"menu_order":0,"comment_status":"closed","ping_status":"closed","template":"","meta":{"footnotes":""},"class_list":["post-6842","page","type-page","status-publish","hentry"],"_links":{"self":[{"href":"https:\/\/www.jaromuller.com\/de\/wp-json\/wp\/v2\/pages\/6842","targetHints":{"allow":["GET"]}}],"collection":[{"href":"https:\/\/www.jaromuller.com\/de\/wp-json\/wp\/v2\/pages"}],"about":[{"href":"https:\/\/www.jaromuller.com\/de\/wp-json\/wp\/v2\/types\/page"}],"author":[{"embeddable":true,"href":"https:\/\/www.jaromuller.com\/de\/wp-json\/wp\/v2\/users\/2"}],"replies":[{"embeddable":true,"href":"https:\/\/www.jaromuller.com\/de\/wp-json\/wp\/v2\/comments?post=6842"}],"version-history":[{"count":2,"href":"https:\/\/www.jaromuller.com\/de\/wp-json\/wp\/v2\/pages\/6842\/revisions"}],"predecessor-version":[{"id":6933,"href":"https:\/\/www.jaromuller.com\/de\/wp-json\/wp\/v2\/pages\/6842\/revisions\/6933"}],"up":[{"embeddable":true,"href":"https:\/\/www.jaromuller.com\/de\/wp-json\/wp\/v2\/pages\/5497"}],"wp:attachment":[{"href":"https:\/\/www.jaromuller.com\/de\/wp-json\/wp\/v2\/media?parent=6842"}],"curies":[{"name":"wp","href":"https:\/\/api.w.org\/{rel}","templated":true}]}}