{"id":6764,"date":"2023-08-16T18:42:22","date_gmt":"2023-08-16T17:42:22","guid":{"rendered":"https:\/\/www.jaromuller.com\/?page_id=6764"},"modified":"2024-01-28T20:43:38","modified_gmt":"2024-01-28T20:43:38","slug":"accessorries-transmitters-jeti","status":"publish","type":"page","link":"https:\/\/www.jaromuller.com\/de\/models\/accessories\/accessorries-transmitters-jeti\/","title":{"rendered":"Zubeh\u00f6r Sender JETI"},"content":{"rendered":"<p><\/p>\n<h1>Zubeh\u00f6r Sender JETI<\/h1>\n<hr \/>\n<h2 class=\"mb-0\">DC &#8211; Alu Koffer<\/h2>\n<p><a href=\"https:\/\/www.jaromuller.com\/wp-content\/uploads\/2023\/08\/DC-kufor.jpg\"><img loading=\"lazy\" decoding=\"async\" class=\"alignleft size-medium wp-image-6776\" src=\"https:\/\/www.jaromuller.com\/wp-content\/uploads\/2023\/08\/DC-kufor-300x286.jpg\" alt=\"\" width=\"300\" height=\"286\" srcset=\"https:\/\/www.jaromuller.com\/wp-content\/uploads\/2023\/08\/DC-kufor-300x286.jpg 300w, https:\/\/www.jaromuller.com\/wp-content\/uploads\/2023\/08\/DC-kufor.jpg 503w\" sizes=\"auto, (max-width: 300px) 100vw, 300px\" \/><\/a><\/p>\n<p>&nbsp;<\/p>\n<p>Alu-Koffer f\u00fcr Sender DC<\/p>\n<p>&nbsp;<\/p>\n<p>&nbsp;<\/p>\n<p>&nbsp;<\/p>\n<p>&nbsp;<\/p>\n<p>&nbsp;<\/p>\n<p>&nbsp;<\/p>\n<hr \/>\n<h2 class=\"mb-0\">DS &#8211; Alu Koffer<\/h2>\n<p><a href=\"https:\/\/www.jaromuller.com\/wp-content\/uploads\/2023\/08\/DS-kufor.jpg\"><img loading=\"lazy\" decoding=\"async\" class=\"alignleft wp-image-6777 size-medium\" src=\"https:\/\/www.jaromuller.com\/wp-content\/uploads\/2023\/08\/DS-kufor-300x286.jpg\" alt=\"\" width=\"300\" height=\"286\" srcset=\"https:\/\/www.jaromuller.com\/wp-content\/uploads\/2023\/08\/DS-kufor-300x286.jpg 300w, https:\/\/www.jaromuller.com\/wp-content\/uploads\/2023\/08\/DS-kufor.jpg 503w\" sizes=\"auto, (max-width: 300px) 100vw, 300px\" \/><\/a>Alu-Koffer f\u00fcr Sender DS<\/p>\n<p>&nbsp;<\/p>\n<p>&nbsp;<\/p>\n<p>&nbsp;<\/p>\n<p>&nbsp;<\/p>\n<p>&nbsp;<\/p>\n<p>&nbsp;<\/p>\n<p>&nbsp;<\/p>\n<hr \/>\n<h2 class=\"mb-0\">Kunststoffkoffer f\u00fcr DS Sender<\/h2>\n<div id='gallery-5' class='gallery galleryid-6764 gallery-columns-3 gallery-size-medium'><figure class='gallery-item'>\n\t\t\t<div class='gallery-icon landscape'>\n\t\t\t\t<a href='https:\/\/www.jaromuller.com\/wp-content\/uploads\/2023\/08\/DS_soft-case.jpg'><img loading=\"lazy\" decoding=\"async\" width=\"300\" height=\"189\" src=\"https:\/\/www.jaromuller.com\/wp-content\/uploads\/2023\/08\/DS_soft-case-300x189.jpg\" class=\"attachment-medium size-medium\" alt=\"\" srcset=\"https:\/\/www.jaromuller.com\/wp-content\/uploads\/2023\/08\/DS_soft-case-300x189.jpg 300w, https:\/\/www.jaromuller.com\/wp-content\/uploads\/2023\/08\/DS_soft-case.jpg 640w\" sizes=\"auto, (max-width: 300px) 100vw, 300px\" \/><\/a>\n\t\t\t<\/div><\/figure><figure class='gallery-item'>\n\t\t\t<div class='gallery-icon landscape'>\n\t\t\t\t<a href='https:\/\/www.jaromuller.com\/wp-content\/uploads\/2023\/08\/DS_soft-case_1.jpg'><img loading=\"lazy\" decoding=\"async\" width=\"300\" height=\"270\" src=\"https:\/\/www.jaromuller.com\/wp-content\/uploads\/2023\/08\/DS_soft-case_1-300x270.jpg\" class=\"attachment-medium size-medium\" alt=\"\" srcset=\"https:\/\/www.jaromuller.com\/wp-content\/uploads\/2023\/08\/DS_soft-case_1-300x270.jpg 300w, https:\/\/www.jaromuller.com\/wp-content\/uploads\/2023\/08\/DS_soft-case_1.jpg 534w\" sizes=\"auto, (max-width: 300px) 100vw, 300px\" \/><\/a>\n\t\t\t<\/div><\/figure><figure class='gallery-item'>\n\t\t\t<div class='gallery-icon landscape'>\n\t\t\t\t<a href='https:\/\/www.jaromuller.com\/wp-content\/uploads\/2023\/08\/DS_soft-case_3.jpg'><img loading=\"lazy\" decoding=\"async\" width=\"300\" height=\"225\" src=\"https:\/\/www.jaromuller.com\/wp-content\/uploads\/2023\/08\/DS_soft-case_3-300x225.jpg\" class=\"attachment-medium size-medium\" alt=\"\" srcset=\"https:\/\/www.jaromuller.com\/wp-content\/uploads\/2023\/08\/DS_soft-case_3-300x225.jpg 300w, https:\/\/www.jaromuller.com\/wp-content\/uploads\/2023\/08\/DS_soft-case_3.jpg 639w\" sizes=\"auto, (max-width: 300px) 100vw, 300px\" \/><\/a>\n\t\t\t<\/div><\/figure>\n\t\t<\/div>\n\n<hr \/>\n<h2 class=\"mb-0\">Pult DC-16 carbon design 3<\/h2>\n<p><a href=\"https:\/\/www.jaromuller.com\/wp-content\/uploads\/2023\/08\/Pult-DC16.jpg\"><img loading=\"lazy\" decoding=\"async\" class=\"alignleft size-medium wp-image-6782\" src=\"https:\/\/www.jaromuller.com\/wp-content\/uploads\/2023\/08\/Pult-DC16-300x264.jpg\" alt=\"\" width=\"300\" height=\"264\" srcset=\"https:\/\/www.jaromuller.com\/wp-content\/uploads\/2023\/08\/Pult-DC16-300x264.jpg 300w, https:\/\/www.jaromuller.com\/wp-content\/uploads\/2023\/08\/Pult-DC16.jpg 546w\" sizes=\"auto, (max-width: 300px) 100vw, 300px\" \/><\/a><\/p>\n<p>&nbsp;<\/p>\n<p>&nbsp;<\/p>\n<p>&nbsp;<\/p>\n<p>&nbsp;<\/p>\n<p>&nbsp;<\/p>\n<p>&nbsp;<\/p>\n<p>&nbsp;<\/p>\n<hr \/>\n<h2 class=\"mb-0\">Pult DS-12 carbon design<\/h2>\n<p><a href=\"https:\/\/www.jaromuller.com\/wp-content\/uploads\/2023\/08\/Pult-DS12.jpg\"><img loading=\"lazy\" decoding=\"async\" class=\"alignleft wp-image-6783 size-medium\" src=\"https:\/\/www.jaromuller.com\/wp-content\/uploads\/2023\/08\/Pult-DS12-300x225.jpg\" alt=\"\" width=\"300\" height=\"225\" srcset=\"https:\/\/www.jaromuller.com\/wp-content\/uploads\/2023\/08\/Pult-DS12-300x225.jpg 300w, https:\/\/www.jaromuller.com\/wp-content\/uploads\/2023\/08\/Pult-DS12.jpg 639w\" sizes=\"auto, (max-width: 300px) 100vw, 300px\" \/><\/a><\/p>\n<p>&nbsp;<\/p>\n<p>&nbsp;<\/p>\n<p>&nbsp;<\/p>\n<p>&nbsp;<\/p>\n<p>&nbsp;<\/p>\n<p>&nbsp;<\/p>\n<p>&nbsp;<\/p>\n<hr \/>\n<h2 class=\"mb-0\">Pult DC-16<\/h2>\n<div id='gallery-6' class='gallery galleryid-6764 gallery-columns-3 gallery-size-medium'><figure class='gallery-item'>\n\t\t\t<div class='gallery-icon landscape'>\n\t\t\t\t<a href='https:\/\/www.jaromuller.com\/wp-content\/uploads\/2023\/08\/Pult-DC16-cer-1.jpg'><img loading=\"lazy\" decoding=\"async\" width=\"300\" height=\"215\" src=\"https:\/\/www.jaromuller.com\/wp-content\/uploads\/2023\/08\/Pult-DC16-cer-1-300x215.jpg\" class=\"attachment-medium size-medium\" alt=\"\" srcset=\"https:\/\/www.jaromuller.com\/wp-content\/uploads\/2023\/08\/Pult-DC16-cer-1-300x215.jpg 300w, https:\/\/www.jaromuller.com\/wp-content\/uploads\/2023\/08\/Pult-DC16-cer-1.jpg 640w\" sizes=\"auto, (max-width: 300px) 100vw, 300px\" \/><\/a>\n\t\t\t<\/div><\/figure><figure class='gallery-item'>\n\t\t\t<div class='gallery-icon landscape'>\n\t\t\t\t<a href='https:\/\/www.jaromuller.com\/wp-content\/uploads\/2023\/08\/Pult-DC16-mod.jpg'><img loading=\"lazy\" decoding=\"async\" width=\"300\" height=\"212\" src=\"https:\/\/www.jaromuller.com\/wp-content\/uploads\/2023\/08\/Pult-DC16-mod-300x212.jpg\" class=\"attachment-medium size-medium\" alt=\"\" srcset=\"https:\/\/www.jaromuller.com\/wp-content\/uploads\/2023\/08\/Pult-DC16-mod-300x212.jpg 300w, https:\/\/www.jaromuller.com\/wp-content\/uploads\/2023\/08\/Pult-DC16-mod.jpg 640w\" sizes=\"auto, (max-width: 300px) 100vw, 300px\" \/><\/a>\n\t\t\t<\/div><\/figure>\n\t\t<\/div>\n\n<p>Farbe schwarz oder blau<\/p>\n<p>&nbsp;<\/p>\n<hr \/>\n<h2 class=\"mb-0\">Pult DS-12<\/h2>\n<div id='gallery-7' class='gallery galleryid-6764 gallery-columns-3 gallery-size-medium'><figure class='gallery-item'>\n\t\t\t<div class='gallery-icon landscape'>\n\t\t\t\t<a href='https:\/\/www.jaromuller.com\/wp-content\/uploads\/2023\/08\/Pult-DS12-cer-1.jpg'><img loading=\"lazy\" decoding=\"async\" width=\"300\" height=\"263\" src=\"https:\/\/www.jaromuller.com\/wp-content\/uploads\/2023\/08\/Pult-DS12-cer-1-300x263.jpg\" class=\"attachment-medium size-medium\" alt=\"\" srcset=\"https:\/\/www.jaromuller.com\/wp-content\/uploads\/2023\/08\/Pult-DS12-cer-1-300x263.jpg 300w, https:\/\/www.jaromuller.com\/wp-content\/uploads\/2023\/08\/Pult-DS12-cer-1.jpg 547w\" sizes=\"auto, (max-width: 300px) 100vw, 300px\" \/><\/a>\n\t\t\t<\/div><\/figure><figure class='gallery-item'>\n\t\t\t<div class='gallery-icon landscape'>\n\t\t\t\t<a href='https:\/\/www.jaromuller.com\/wp-content\/uploads\/2023\/08\/Pult-DS12-mod.jpg'><img loading=\"lazy\" decoding=\"async\" width=\"300\" height=\"212\" src=\"https:\/\/www.jaromuller.com\/wp-content\/uploads\/2023\/08\/Pult-DS12-mod-300x212.jpg\" class=\"attachment-medium size-medium\" alt=\"\" srcset=\"https:\/\/www.jaromuller.com\/wp-content\/uploads\/2023\/08\/Pult-DS12-mod-300x212.jpg 300w, https:\/\/www.jaromuller.com\/wp-content\/uploads\/2023\/08\/Pult-DS12-mod.jpg 640w\" sizes=\"auto, (max-width: 300px) 100vw, 300px\" \/><\/a>\n\t\t\t<\/div><\/figure>\n\t\t<\/div>\n\n<p>Farbe schwarz oder blau<\/p>\n<hr \/>\n<h2 class=\"mb-0\">Pult DS-24<\/h2>\n<div id='gallery-8' class='gallery galleryid-6764 gallery-columns-3 gallery-size-medium'><figure class='gallery-item'>\n\t\t\t<div class='gallery-icon landscape'>\n\t\t\t\t<a href='https:\/\/www.jaromuller.com\/wp-content\/uploads\/2023\/08\/Pult-DS24-cer-1.jpg'><img loading=\"lazy\" decoding=\"async\" width=\"300\" height=\"247\" src=\"https:\/\/www.jaromuller.com\/wp-content\/uploads\/2023\/08\/Pult-DS24-cer-1-300x247.jpg\" class=\"attachment-medium size-medium\" alt=\"\" srcset=\"https:\/\/www.jaromuller.com\/wp-content\/uploads\/2023\/08\/Pult-DS24-cer-1-300x247.jpg 300w, https:\/\/www.jaromuller.com\/wp-content\/uploads\/2023\/08\/Pult-DS24-cer-1.jpg 583w\" sizes=\"auto, (max-width: 300px) 100vw, 300px\" \/><\/a>\n\t\t\t<\/div><\/figure><figure class='gallery-item'>\n\t\t\t<div class='gallery-icon landscape'>\n\t\t\t\t<a href='https:\/\/www.jaromuller.com\/wp-content\/uploads\/2023\/08\/Pult-DS24-mod.jpg'><img loading=\"lazy\" decoding=\"async\" width=\"300\" height=\"266\" src=\"https:\/\/www.jaromuller.com\/wp-content\/uploads\/2023\/08\/Pult-DS24-mod-300x266.jpg\" class=\"attachment-medium size-medium\" alt=\"\" srcset=\"https:\/\/www.jaromuller.com\/wp-content\/uploads\/2023\/08\/Pult-DS24-mod-300x266.jpg 300w, https:\/\/www.jaromuller.com\/wp-content\/uploads\/2023\/08\/Pult-DS24-mod.jpg 542w\" sizes=\"auto, (max-width: 300px) 100vw, 300px\" \/><\/a>\n\t\t\t<\/div><\/figure>\n\t\t<\/div>\n\n<p>Farbe schwarz oder blau<\/p>\n<hr \/>\n<h2 class=\"mb-0\">Tragegurt f\u00fcr DC-16<\/h2>\n<p><a href=\"https:\/\/www.jaromuller.com\/wp-content\/uploads\/2023\/08\/Popruh-DC16.jpg\"><img loading=\"lazy\" decoding=\"async\" class=\"alignleft size-medium wp-image-6802\" src=\"https:\/\/www.jaromuller.com\/wp-content\/uploads\/2023\/08\/Popruh-DC16-300x265.jpg\" alt=\"\" width=\"300\" height=\"265\" srcset=\"https:\/\/www.jaromuller.com\/wp-content\/uploads\/2023\/08\/Popruh-DC16-300x265.jpg 300w, https:\/\/www.jaromuller.com\/wp-content\/uploads\/2023\/08\/Popruh-DC16.jpg 544w\" sizes=\"auto, (max-width: 300px) 100vw, 300px\" \/><\/a><\/p>\n<p>&nbsp;<\/p>\n<p>&nbsp;<\/p>\n<p>&nbsp;<\/p>\n<p>&nbsp;<\/p>\n<p>&nbsp;<\/p>\n<p>&nbsp;<\/p>\n<p>&nbsp;<\/p>\n<p>&nbsp;<\/p>\n<hr \/>\n<h2 class=\"mb-0\">Tragegurt f\u00fcr DS-16<\/h2>\n<p><a href=\"https:\/\/www.jaromuller.com\/wp-content\/uploads\/2023\/08\/Popruh-DS16.jpg\"><img loading=\"lazy\" decoding=\"async\" class=\"alignleft size-medium wp-image-6803\" src=\"https:\/\/www.jaromuller.com\/wp-content\/uploads\/2023\/08\/Popruh-DS16-300x168.jpg\" alt=\"\" width=\"300\" height=\"168\" srcset=\"https:\/\/www.jaromuller.com\/wp-content\/uploads\/2023\/08\/Popruh-DS16-300x168.jpg 300w, https:\/\/www.jaromuller.com\/wp-content\/uploads\/2023\/08\/Popruh-DS16.jpg 640w\" sizes=\"auto, (max-width: 300px) 100vw, 300px\" \/><\/a><\/p>\n<p>&nbsp;<\/p>\n<p>&nbsp;<\/p>\n<p>&nbsp;<\/p>\n<p>&nbsp;<\/p>\n<p>&nbsp;<\/p>\n<p>&nbsp;<\/p>\n<hr \/>\n<p>&nbsp;<\/p>","protected":false},"excerpt":{"rendered":"<p>Zubeh\u00f6r Sender JETI DC &#8211; Alu Koffer &nbsp; Alu-Koffer f\u00fcr Sender DC &nbsp; &nbsp; &nbsp; &nbsp; &nbsp; &nbsp; DS &#8211; Alu Koffer Alu-Koffer f\u00fcr Sender DS &nbsp; &nbsp; &nbsp; &nbsp; &nbsp; &nbsp; &nbsp; Kunststoffkoffer f\u00fcr DS Sender Pult DC-16 carbon design 3 &nbsp; &nbsp; &nbsp; &nbsp; &nbsp; &nbsp; &nbsp; Pult DS-12 carbon design &nbsp; &nbsp; [&hellip;]<\/p>\n","protected":false},"author":2,"featured_media":0,"parent":4417,"menu_order":0,"comment_status":"closed","ping_status":"closed","template":"","meta":{"footnotes":""},"class_list":["post-6764","page","type-page","status-publish","hentry"],"_links":{"self":[{"href":"https:\/\/www.jaromuller.com\/de\/wp-json\/wp\/v2\/pages\/6764","targetHints":{"allow":["GET"]}}],"collection":[{"href":"https:\/\/www.jaromuller.com\/de\/wp-json\/wp\/v2\/pages"}],"about":[{"href":"https:\/\/www.jaromuller.com\/de\/wp-json\/wp\/v2\/types\/page"}],"author":[{"embeddable":true,"href":"https:\/\/www.jaromuller.com\/de\/wp-json\/wp\/v2\/users\/2"}],"replies":[{"embeddable":true,"href":"https:\/\/www.jaromuller.com\/de\/wp-json\/wp\/v2\/comments?post=6764"}],"version-history":[{"count":0,"href":"https:\/\/www.jaromuller.com\/de\/wp-json\/wp\/v2\/pages\/6764\/revisions"}],"up":[{"embeddable":true,"href":"https:\/\/www.jaromuller.com\/de\/wp-json\/wp\/v2\/pages\/4417"}],"wp:attachment":[{"href":"https:\/\/www.jaromuller.com\/de\/wp-json\/wp\/v2\/media?parent=6764"}],"curies":[{"name":"wp","href":"https:\/\/api.w.org\/{rel}","templated":true}]}}