{"id":6691,"date":"2023-08-16T06:42:20","date_gmt":"2023-08-16T05:42:20","guid":{"rendered":"https:\/\/www.jaromuller.com\/?page_id=6691"},"modified":"2024-01-28T20:43:38","modified_gmt":"2024-01-28T20:43:38","slug":"price-list-accessories","status":"publish","type":"page","link":"https:\/\/www.jaromuller.com\/de\/models\/accessories\/price-list-accessories\/","title":{"rendered":"Preisliste Zubeh\u00f6r"},"content":{"rendered":"<p><\/p>\n<h1>Preisliste Zubeh\u00f6r g\u00fcltig von 16.8.2023<\/h1>\n<p><strong>Durch eine EU-Neuregelung sind wir ab sofort verpflichtet, f\u00fcr Kunden innerhalb der Europ\u00e4ischen Union (EU) die Mehrwertsteuer ihres Heimatlandes zu berechnen.<br \/>\n<\/strong>Auf Basis des Nettopreises (ohne Mehrwertsteuer) haben wir beispielhaft die Kundenendpreise inkl. der Mehrwertsteuer (Bruttopreise) f\u00fcr Deutschland (DE 19%) sowie f\u00fcr die Slowakische Republik (SK), \u00d6sterreich (AT) und Frankreich (F) aufgelistet.<br \/>\nF\u00fcr alle anderen Mitgliedsl\u00e4nder der EU addieren Sie bitte die Mehrwertsteuer ihres Heimatlandes zu den ausgewiesenen Nettopreisen.<\/p>\n<p>F\u00fcr Kunden au\u00dferhalb der EU gilt der angezeigte Nettopreis.<br \/>\nDie Mehrwertsteuer Ihres Heimatlandes und m\u00f6gliche Zollabgaben werden bei der Einfuhrverzollung zus\u00e4tzlich in Rechnung gestellt.<\/p>\n<table width=\"671\">\n<tbody>\n<tr>\n<td width=\"480\">PRODUKTBESCHREIBUNG<\/td>\n<td width=\"52\">PREIS<br \/>\nNETTO<\/td>\n<td width=\"69\">PREIS<br \/>\nBRUTTO<br \/>\nMwSt 19%<br \/>\n(DE&#8230;)<\/td>\n<td width=\"70\">PREIS<br \/>\nBRUTTO<br \/>\nMwSt 20%<br \/>\n(SK,AT,FR&#8230;)<\/td>\n<\/tr>\n<tr>\n<td colspan=\"4\">Empf\u00e4nger JETI EX<\/td>\n<\/tr>\n<tr>\n<td>DUPLEX EX R5 (JDEX-R5L)<\/td>\n<td>63 \u20ac<\/td>\n<td>74,38 \u20ac<\/td>\n<td>75,00 \u20ac<\/td>\n<\/tr>\n<tr>\n<td>DUPLEX EX R9 (JDEX-R9)<\/td>\n<td>92 \u20ac<\/td>\n<td>109,48 \u20ac<\/td>\n<td>110,40 \u20ac<\/td>\n<\/tr>\n<tr>\n<td><\/td>\n<td><\/td>\n<td><\/td>\n<td><\/td>\n<\/tr>\n<tr>\n<td colspan=\"4\">Empf\u00e4nger JETI REX<\/td>\n<\/tr>\n<tr>\n<td>DUPLEX REX 7 (JDEX-RR7)<\/td>\n<td>75 \u20ac<\/td>\n<td>89,25 \u20ac<\/td>\n<td>90,00 \u20ac<\/td>\n<\/tr>\n<tr>\n<td>DUPLEX REX 7 Slim (JDEX-RR7S)<\/td>\n<td>96 \u20ac<\/td>\n<td>114,24 \u20ac<\/td>\n<td>115,20 \u20ac<\/td>\n<\/tr>\n<tr>\n<td>DUPLEX REX 9 Slim (JDEX-RR9S)<\/td>\n<td>106 \u20ac<\/td>\n<td>126,14 \u20ac<\/td>\n<td>127,20 \u20ac<\/td>\n<\/tr>\n<tr>\n<td>DUPLEX REX 10 (JDEX-RR10)<\/td>\n<td>98 \u20ac<\/td>\n<td>116,62 \u20ac<\/td>\n<td>117,60 \u20ac<\/td>\n<\/tr>\n<tr>\n<td>DUPLEX REX 12 EPC Sonderfertigung<\/td>\n<td>119 \u20ac<\/td>\n<td>141,61 \u20ac<\/td>\n<td>142,80 \u20ac<\/td>\n<\/tr>\n<tr>\n<td><\/td>\n<td><\/td>\n<td><\/td>\n<td><\/td>\n<\/tr>\n<tr>\n<td colspan=\"4\">Empf\u00e4nger JETI REX ASSIST<\/td>\n<\/tr>\n<tr>\n<td>DUPLEX REX 6 Assist (JDEX-RR6A)<\/td>\n<td>123 \u20ac<\/td>\n<td>146,37 \u20ac<\/td>\n<td>147,60 \u20ac<\/td>\n<\/tr>\n<tr>\n<td>DUPLEX REX 7 Slim Assist (JDEX-RR7S-A)<\/td>\n<td>137 \u20ac<\/td>\n<td>163,03 \u20ac<\/td>\n<td>164,40 \u20ac<\/td>\n<\/tr>\n<tr>\n<td>DUPLEX REX 9 Slim Assist (JDEX-RR9S-A)<\/td>\n<td>165 \u20ac<\/td>\n<td>196,35 \u20ac<\/td>\n<td>198,00 \u20ac<\/td>\n<\/tr>\n<tr>\n<td><\/td>\n<td><\/td>\n<td><\/td>\n<td><\/td>\n<\/tr>\n<tr>\n<td colspan=\"4\">Telemetrie JETI<\/td>\n<\/tr>\n<tr>\n<td>MAlti &#8211; Altimeter rev. 2 (JEX-MA-R2)<\/td>\n<td>57 \u20ac<\/td>\n<td>67,83 \u20ac<\/td>\n<td>68,40 \u20ac<\/td>\n<\/tr>\n<tr>\n<td>MVario2 EX rev.2 (JEX-MV2-R2)<\/td>\n<td>83 \u20ac<\/td>\n<td>98,77 \u20ac<\/td>\n<td>99,60 \u20ac<\/td>\n<\/tr>\n<tr>\n<td>MUI-30 EX (JEX-MUI-30)<\/td>\n<td>36 \u20ac<\/td>\n<td>42,84 \u20ac<\/td>\n<td>43,20 \u20ac<\/td>\n<\/tr>\n<tr>\n<td>MUI-50 EX (JEX-MUI-50)<\/td>\n<td>37 \u20ac<\/td>\n<td>44,03 \u20ac<\/td>\n<td>44,40 \u20ac<\/td>\n<\/tr>\n<tr>\n<td>MUI-75 EX (JEX-MUI-75)<\/td>\n<td>40 \u20ac<\/td>\n<td>47,60 \u20ac<\/td>\n<td>48,00 \u20ac<\/td>\n<\/tr>\n<tr>\n<td><\/td>\n<td><\/td>\n<td><\/td>\n<td><\/td>\n<\/tr>\n<tr>\n<td colspan=\"4\">Sender JETI DC<\/td>\n<\/tr>\n<tr>\n<td>Duplex DC-16 II. &#8211; black, silver<\/td>\n<td>1 166 \u20ac<\/td>\n<td>1 387,54 \u20ac<\/td>\n<td>1 399,20 \u20ac<\/td>\n<\/tr>\n<tr>\n<td>Duplex DC-16 II. &#8211; carbon line light yellow, carbon line red<\/td>\n<td>1 299 \u20ac<\/td>\n<td>1 545,81 \u20ac<\/td>\n<td>1 558,80 \u20ac<\/td>\n<\/tr>\n<tr>\n<td>Duplex DC-24 II &#8211; carbon line<\/td>\n<td>1 816 \u20ac<\/td>\n<td>2 161,04 \u20ac<\/td>\n<td>2 179,20 \u20ac<\/td>\n<\/tr>\n<tr>\n<td><\/td>\n<td><\/td>\n<td><\/td>\n<td><\/td>\n<\/tr>\n<tr>\n<td colspan=\"4\">Sender JETI DS<\/td>\n<\/tr>\n<tr>\n<td>Duplex DS-12 &#8211; blue, black, red, yellow<\/td>\n<td>516 \u20ac<\/td>\n<td>614,04 \u20ac<\/td>\n<td>619,20 \u20ac<\/td>\n<\/tr>\n<tr>\n<td>Duplex DS-14 II. &#8211; blue, green, red<\/td>\n<td>866 \u20ac<\/td>\n<td>1 030,54 \u20ac<\/td>\n<td>1 039,20 \u20ac<\/td>\n<\/tr>\n<tr>\n<td>Duplex DS-16 II. &#8211; silver, black<\/td>\n<td>1 391 \u20ac<\/td>\n<td>1 655,29 \u20ac<\/td>\n<td>1 669,20 \u20ac<\/td>\n<\/tr>\n<tr>\n<td>Duplex DS-16 II. &#8211; carbon line light yellow, carbon line red<\/td>\n<td>1 474 \u20ac<\/td>\n<td>1 754,06 \u20ac<\/td>\n<td>1 768,80 \u20ac<\/td>\n<\/tr>\n<tr>\n<td><\/td>\n<td><\/td>\n<td><\/td>\n<td><\/td>\n<\/tr>\n<tr>\n<td colspan=\"4\">Sender JETI DS<\/td>\n<\/tr>\n<tr>\n<td>Duplex DS-12 &#8211; blue, black, red, yellow<\/td>\n<td>516 \u20ac<\/td>\n<td>614,04 \u20ac<\/td>\n<td>619,20 \u20ac<\/td>\n<\/tr>\n<tr>\n<td>Duplex DS-14 II. &#8211; blue, green, red<\/td>\n<td>866 \u20ac<\/td>\n<td>1 030,54 \u20ac<\/td>\n<td>1 039,20 \u20ac<\/td>\n<\/tr>\n<tr>\n<td>Duplex DS-16 II. &#8211; silver, black<\/td>\n<td>1 391 \u20ac<\/td>\n<td>1 655,29 \u20ac<\/td>\n<td>1 669,20 \u20ac<\/td>\n<\/tr>\n<tr>\n<td>Duplex DS-16 II. &#8211; carbon line light yellow, carbon line red<\/td>\n<td>1 474 \u20ac<\/td>\n<td>1 754,06 \u20ac<\/td>\n<td>1 768,80 \u20ac<\/td>\n<\/tr>\n<tr>\n<td><\/td>\n<td><\/td>\n<td><\/td>\n<td><\/td>\n<\/tr>\n<tr>\n<td colspan=\"4\">Accessories transmitter JETI<\/td>\n<\/tr>\n<tr>\n<td>DC \u2013 Alu Koffer<\/td>\n<td>64 \u20ac<\/td>\n<td>76,16 \u20ac<\/td>\n<td>76,80 \u20ac<\/td>\n<\/tr>\n<tr>\n<td>DS \u2013 Alu Koffer<\/td>\n<td>64 \u20ac<\/td>\n<td>76,16 \u20ac<\/td>\n<td>76,80 \u20ac<\/td>\n<\/tr>\n<tr>\n<td>Kunststoffkoffer f\u00fcr DS Sender<\/td>\n<td>37 \u20ac<\/td>\n<td>44,03 \u20ac<\/td>\n<td>44,40 \u20ac<\/td>\n<\/tr>\n<tr>\n<td>Pult DC-16 carbon design 3<\/td>\n<td>82 \u20ac<\/td>\n<td>97,58 \u20ac<\/td>\n<td>98,40 \u20ac<\/td>\n<\/tr>\n<tr>\n<td>Pult DS-12 carbon design<\/td>\n<td>92 \u20ac<\/td>\n<td>109,48 \u20ac<\/td>\n<td>110,40 \u20ac<\/td>\n<\/tr>\n<tr>\n<td>Pult DC-16 schwarz, blau<\/td>\n<td>92 \u20ac<\/td>\n<td>109,48 \u20ac<\/td>\n<td>110,40 \u20ac<\/td>\n<\/tr>\n<tr>\n<td>Pult DS-12 schwarz, blau<\/td>\n<td>92 \u20ac<\/td>\n<td>109,48 \u20ac<\/td>\n<td>110,40 \u20ac<\/td>\n<\/tr>\n<tr>\n<td>Pult DS-24 schwarz, blau<\/td>\n<td>92 \u20ac<\/td>\n<td>109,48 \u20ac<\/td>\n<td>110,40 \u20ac<\/td>\n<\/tr>\n<tr>\n<td>Tragegurt f\u00fcr DC-16 (mit 2 Aufh\u00e4ngeclips)<\/td>\n<td>31 \u20ac<\/td>\n<td>36,89 \u20ac<\/td>\n<td>37,20 \u20ac<\/td>\n<\/tr>\n<tr>\n<td>Tragegurt f\u00fcr DS-16 (mit 1 Aufh\u00e4ngeclip)<\/td>\n<td>30 \u20ac<\/td>\n<td>35,70 \u20ac<\/td>\n<td>36,00 \u20ac<\/td>\n<\/tr>\n<\/tbody>\n<\/table>\n<p><\/p>","protected":false},"excerpt":{"rendered":"<p>Preisliste Zubeh\u00f6r g\u00fcltig von 16.8.2023 Durch eine EU-Neuregelung sind wir ab sofort verpflichtet, f\u00fcr Kunden innerhalb der Europ\u00e4ischen Union (EU) die Mehrwertsteuer ihres Heimatlandes zu berechnen. Auf Basis des Nettopreises (ohne Mehrwertsteuer) haben wir beispielhaft die Kundenendpreise inkl. der Mehrwertsteuer (Bruttopreise) f\u00fcr Deutschland (DE 19%) sowie f\u00fcr die Slowakische Republik (SK), \u00d6sterreich (AT) und Frankreich [&hellip;]<\/p>\n","protected":false},"author":2,"featured_media":0,"parent":4417,"menu_order":0,"comment_status":"closed","ping_status":"closed","template":"","meta":{"footnotes":""},"class_list":["post-6691","page","type-page","status-publish","hentry"],"_links":{"self":[{"href":"https:\/\/www.jaromuller.com\/de\/wp-json\/wp\/v2\/pages\/6691","targetHints":{"allow":["GET"]}}],"collection":[{"href":"https:\/\/www.jaromuller.com\/de\/wp-json\/wp\/v2\/pages"}],"about":[{"href":"https:\/\/www.jaromuller.com\/de\/wp-json\/wp\/v2\/types\/page"}],"author":[{"embeddable":true,"href":"https:\/\/www.jaromuller.com\/de\/wp-json\/wp\/v2\/users\/2"}],"replies":[{"embeddable":true,"href":"https:\/\/www.jaromuller.com\/de\/wp-json\/wp\/v2\/comments?post=6691"}],"version-history":[{"count":0,"href":"https:\/\/www.jaromuller.com\/de\/wp-json\/wp\/v2\/pages\/6691\/revisions"}],"up":[{"embeddable":true,"href":"https:\/\/www.jaromuller.com\/de\/wp-json\/wp\/v2\/pages\/4417"}],"wp:attachment":[{"href":"https:\/\/www.jaromuller.com\/de\/wp-json\/wp\/v2\/media?parent=6691"}],"curies":[{"name":"wp","href":"https:\/\/api.w.org\/{rel}","templated":true}]}}