{"id":6684,"date":"2023-08-16T06:27:01","date_gmt":"2023-08-16T05:27:01","guid":{"rendered":"https:\/\/www.jaromuller.com\/?page_id=6684"},"modified":"2024-01-28T20:43:38","modified_gmt":"2024-01-28T20:43:38","slug":"telemetry-jeti","status":"publish","type":"page","link":"https:\/\/www.jaromuller.com\/de\/models\/accessories\/telemetry-jeti\/","title":{"rendered":"Telemetrie JETI"},"content":{"rendered":"<p><\/p>\n<h1>Telemetrie JETI<\/h1>\n<hr \/>\n<h2>MAlti &#8211; Altimeter rev.2<\/h2>\n<h2><a href=\"https:\/\/www.jaromuller.com\/wp-content\/uploads\/2023\/08\/MAlti.jpg\"><img loading=\"lazy\" decoding=\"async\" class=\"alignleft wp-image-6711 size-medium\" src=\"https:\/\/www.jaromuller.com\/wp-content\/uploads\/2023\/08\/MAlti-300x242.jpg\" alt=\"\" width=\"300\" height=\"242\" srcset=\"https:\/\/www.jaromuller.com\/wp-content\/uploads\/2023\/08\/MAlti-300x242.jpg 300w, https:\/\/www.jaromuller.com\/wp-content\/uploads\/2023\/08\/MAlti.jpg 594w\" sizes=\"auto, (max-width: 300px) 100vw, 300px\" \/><\/a><\/h2>\n<h5><strong>MAlti EX<\/strong>\u00a0ist ein System, \u00a0dass den Atmosph\u00e4rendruck misst und unter Verwendung dieser\u00a0 erhaltenen\u00a0 Daten die \u00a0H\u00f6he \u00fcber dem Meeresspiegel berechnet. \u00a0Der Sensor warnt Sie auch, wenn eine \u00a0der Alarmeinstellung \u00fcberschritten wird. Die Sensordaten k\u00f6nnen auch \u00fcber das Duplex-System an den Benutzer \u00fcbertragen werden.<\/h5>\n<table>\n<tbody>\n<tr class=\"lichy\">\n<td>Gewicht [g]<\/td>\n<td>4<\/td>\n<\/tr>\n<tr>\n<td>Abmessungen [mm]<\/td>\n<td>28x16x5<\/td>\n<\/tr>\n<tr class=\"lichy\">\n<td>Einsatztemperatur [\u00b0C]<\/td>\n<td>-10 &#8230; 85<\/td>\n<\/tr>\n<tr class=\"lichy\">\n<td>Aufl\u00f6sung der gemessenen H\u00f6he<\/td>\n<td>0,1<\/td>\n<\/tr>\n<tr>\n<td>Versorgungsspannung [V]<\/td>\n<td>3,5 &#8211; 8,4<\/td>\n<\/tr>\n<tr class=\"lichy\">\n<td>Durchschnittsstrom [mA]<\/td>\n<td>15<\/td>\n<\/tr>\n<tr>\n<td>Messbereich<\/td>\n<td>300-1100<\/td>\n<\/tr>\n<\/tbody>\n<\/table>\n<hr \/>\n<h2>MVario2 EX<\/h2>\n<h2><a href=\"https:\/\/www.jaromuller.com\/wp-content\/uploads\/2023\/08\/MVario2EX.jpg\"><img loading=\"lazy\" decoding=\"async\" class=\"alignleft wp-image-6716 size-medium\" src=\"https:\/\/www.jaromuller.com\/wp-content\/uploads\/2023\/08\/MVario2EX-300x264.jpg\" alt=\"\" width=\"300\" height=\"264\" srcset=\"https:\/\/www.jaromuller.com\/wp-content\/uploads\/2023\/08\/MVario2EX-300x264.jpg 300w, https:\/\/www.jaromuller.com\/wp-content\/uploads\/2023\/08\/MVario2EX.jpg 546w\" sizes=\"auto, (max-width: 300px) 100vw, 300px\" \/><\/a><\/h2>\n<h5><strong>MVario2 EX<\/strong>\u00a0ist ein System, \u00a0dass den Atmosph\u00e4rendruck misst und unter Verwendung dieser\u00a0 erhaltenen\u00a0 Daten die \u00a0H\u00f6he \u00fcber dem Meeresspiegel, die Fluggeschwindigkeit und die Steiggeschwindigkeit sowie die Sinkgeschwindigkeit berechnet. \u00c4nderungen in der Steig-und Sinkrate werden \u00a0signalisiert. Der Sensor warnt Sie auch, wenn eine \u00a0der Alarmeinstellung \u00fcberschritten wird. Die Sensordaten k\u00f6nnen auch \u00fcber das Duplex-System an den Benutzer \u00fcbertragen werden.<\/h5>\n<table>\n<tbody>\n<tr class=\"lichy\">\n<td>Gewicht [g]<\/td>\n<td>5<\/td>\n<\/tr>\n<tr>\n<td>Abmessungen [mm]<\/td>\n<td>35x16x7<\/td>\n<\/tr>\n<tr class=\"lichy\">\n<td>Einsatztemperatur [\u00b0C]<\/td>\n<td>-10 &#8230; 85<\/td>\n<\/tr>\n<tr class=\"lichy\">\n<td>Aufl\u00f6sung der gemessenen H\u00f6he<\/td>\n<td>0,1<\/td>\n<\/tr>\n<tr>\n<td>Versorgungsspannung [V]<\/td>\n<td>3,5 &#8211; 8,4<\/td>\n<\/tr>\n<tr class=\"lichy\">\n<td>Durchschnittsstrom [mA]<\/td>\n<td>15<\/td>\n<\/tr>\n<tr>\n<td>Messbereich<\/td>\n<td>300-1100<\/td>\n<\/tr>\n<\/tbody>\n<\/table>\n<hr \/>\n<h2>MUI-30 EX<\/h2>\n<h5><a href=\"https:\/\/www.jaromuller.com\/wp-content\/uploads\/2023\/08\/MUI30EX.jpg\"><img loading=\"lazy\" decoding=\"async\" class=\"alignleft size-medium wp-image-6713\" src=\"https:\/\/www.jaromuller.com\/wp-content\/uploads\/2023\/08\/MUI30EX-300x242.jpg\" alt=\"\" width=\"300\" height=\"242\" srcset=\"https:\/\/www.jaromuller.com\/wp-content\/uploads\/2023\/08\/MUI30EX-300x242.jpg 300w, https:\/\/www.jaromuller.com\/wp-content\/uploads\/2023\/08\/MUI30EX.jpg 595w\" sizes=\"auto, (max-width: 300px) 100vw, 300px\" \/><\/a>MUI EX Sensoren dienen zur Messung von Spannung, Strom und verbrauchter Akkukapazit\u00e4t im Modell. Die drahtlose Daten\u00fcbertragung \u00fcber das DUPLEX 2,4 GHz-System wird durch das JETIBOX-Terminal \u00fcberwacht. Zur Kommunikation nimmt das Duplex-System das 2,4 GHz-Band, das neben dem Senden von Fernsteuerdaten zum Modell auch Daten aus dem Modell zur\u00fcck zum Sender empf\u00e4ngt.<\/h5>\n<table>\n<tbody>\n<tr class=\"lichy\">\n<td>Gewicht [g]<\/td>\n<td>10<\/td>\n<\/tr>\n<tr>\n<td>Abmessungen [mm]<\/td>\n<td>20&#215;16,5&#215;5<\/td>\n<\/tr>\n<tr class=\"lichy\">\n<td>Versorgungsspannung [V]<\/td>\n<td>5 &#8211; 8,4<\/td>\n<\/tr>\n<tr class=\"lichy\">\n<td>Einsatztemperatur [\u00b0C]<\/td>\n<td>-10 &#8230; 85<\/td>\n<\/tr>\n<tr>\n<td>Range of measured voltage [V]<\/td>\n<td>0-60<\/td>\n<\/tr>\n<tr class=\"lichy\">\n<td>Range of measured current [A]<\/td>\n<td>0-30<\/td>\n<\/tr>\n<tr>\n<td>Average Current [mA]<\/td>\n<td>24<\/td>\n<\/tr>\n<\/tbody>\n<\/table>\n<hr \/>\n<h2>MUI-50 EX<\/h2>\n<h5><a href=\"https:\/\/www.jaromuller.com\/wp-content\/uploads\/2023\/08\/MUI50EX.jpg\"><img loading=\"lazy\" decoding=\"async\" class=\"alignleft wp-image-6715 size-medium\" src=\"https:\/\/www.jaromuller.com\/wp-content\/uploads\/2023\/08\/MUI50EX-300x194.jpg\" alt=\"\" width=\"300\" height=\"194\" srcset=\"https:\/\/www.jaromuller.com\/wp-content\/uploads\/2023\/08\/MUI50EX-300x194.jpg 300w, https:\/\/www.jaromuller.com\/wp-content\/uploads\/2023\/08\/MUI50EX.jpg 640w\" sizes=\"auto, (max-width: 300px) 100vw, 300px\" \/><\/a>MUI EX Sensoren dienen zur Messung von Spannung, Strom und verbrauchter Akkukapazit\u00e4t im Modell. Die drahtlose Daten\u00fcbertragung \u00fcber das DUPLEX 2,4 GHz-System wird durch das JETIBOX-Terminal \u00fcberwacht. Zur Kommunikation nimmt das Duplex-System das 2,4 GHz-Band, das neben dem Senden von Fernsteuerdaten zum Modell auch Daten aus dem Modell zur\u00fcck zum Sender empf\u00e4ngt.<\/h5>\n<table>\n<tbody>\n<tr class=\"lichy\">\n<td>Gewicht [g]<\/td>\n<td>19<\/td>\n<\/tr>\n<tr>\n<td>Abmessungen [mm]<\/td>\n<td>27x19x11<\/td>\n<\/tr>\n<tr class=\"lichy\">\n<td>Versorgungsspannung [V]<\/td>\n<td>5 -8,4<\/td>\n<\/tr>\n<tr class=\"lichy\">\n<td>Einsatztemperatur [\u00b0C]<\/td>\n<td>-10 &#8230; 85<\/td>\n<\/tr>\n<tr>\n<td>Range of measured voltage [V]<\/td>\n<td>0-60<\/td>\n<\/tr>\n<tr class=\"lichy\">\n<td>Range of measured current [A]<\/td>\n<td>0-50<\/td>\n<\/tr>\n<tr>\n<td>Average Current [mA]<\/td>\n<td>24<\/td>\n<\/tr>\n<\/tbody>\n<\/table>\n<hr \/>\n<h2>MUI-75 EX<\/h2>\n<h5><a href=\"https:\/\/www.jaromuller.com\/wp-content\/uploads\/2023\/08\/MUI75EX.jpg\"><img loading=\"lazy\" decoding=\"async\" class=\"alignleft wp-image-6714 size-medium\" src=\"https:\/\/www.jaromuller.com\/wp-content\/uploads\/2023\/08\/MUI75EX-300x239.jpg\" alt=\"\" width=\"300\" height=\"239\" srcset=\"https:\/\/www.jaromuller.com\/wp-content\/uploads\/2023\/08\/MUI75EX-300x239.jpg 300w, https:\/\/www.jaromuller.com\/wp-content\/uploads\/2023\/08\/MUI75EX.jpg 602w\" sizes=\"auto, (max-width: 300px) 100vw, 300px\" \/><\/a><\/h5>\n<h5>MUI EX Sensoren dienen zur Messung von Spannung, Strom und verbrauchter Akkukapazit\u00e4t im Modell. Die drahtlose Daten\u00fcbertragung \u00fcber das DUPLEX 2,4 GHz-System wird durch das JETIBOX-Terminal \u00fcberwacht. Zur Kommunikation nimmt das Duplex-System das 2,4 GHz-Band, das neben dem Senden von Fernsteuerdaten zum Modell auch Daten aus dem Modell zur\u00fcck zum Sender empf\u00e4ngt.<\/h5>\n<table>\n<tbody>\n<tr class=\"lichy\">\n<td>Gewicht [g]<\/td>\n<td>21<\/td>\n<\/tr>\n<tr>\n<td>Abmessungen [mm]<\/td>\n<td>27x19x11<\/td>\n<\/tr>\n<tr class=\"lichy\">\n<td>Versorgungsspannung [V]<\/td>\n<td>5 bis 8,4<\/td>\n<\/tr>\n<tr class=\"lichy\">\n<td>Einsatztemperatur [\u00b0C]<\/td>\n<td>-10 &#8230; 85<\/td>\n<\/tr>\n<tr>\n<td>Range of measured voltage [V]<\/td>\n<td>0-60<\/td>\n<\/tr>\n<tr class=\"lichy\">\n<td>Range of measured current [A]<\/td>\n<td>0-75<\/td>\n<\/tr>\n<tr>\n<td>Average Current [mA]<\/td>\n<td>32<\/td>\n<\/tr>\n<\/tbody>\n<\/table>\n<p><\/p>","protected":false},"excerpt":{"rendered":"<p>Telemetrie JETI MAlti &#8211; Altimeter rev.2 MAlti EX\u00a0ist ein System, \u00a0dass den Atmosph\u00e4rendruck misst und unter Verwendung dieser\u00a0 erhaltenen\u00a0 Daten die \u00a0H\u00f6he \u00fcber dem Meeresspiegel berechnet. \u00a0Der Sensor warnt Sie auch, wenn eine \u00a0der Alarmeinstellung \u00fcberschritten wird. Die Sensordaten k\u00f6nnen auch \u00fcber das Duplex-System an den Benutzer \u00fcbertragen werden. Gewicht [g] 4 Abmessungen [mm] 28x16x5 [&hellip;]<\/p>\n","protected":false},"author":2,"featured_media":0,"parent":4417,"menu_order":0,"comment_status":"closed","ping_status":"closed","template":"","meta":{"footnotes":""},"class_list":["post-6684","page","type-page","status-publish","hentry"],"_links":{"self":[{"href":"https:\/\/www.jaromuller.com\/de\/wp-json\/wp\/v2\/pages\/6684","targetHints":{"allow":["GET"]}}],"collection":[{"href":"https:\/\/www.jaromuller.com\/de\/wp-json\/wp\/v2\/pages"}],"about":[{"href":"https:\/\/www.jaromuller.com\/de\/wp-json\/wp\/v2\/types\/page"}],"author":[{"embeddable":true,"href":"https:\/\/www.jaromuller.com\/de\/wp-json\/wp\/v2\/users\/2"}],"replies":[{"embeddable":true,"href":"https:\/\/www.jaromuller.com\/de\/wp-json\/wp\/v2\/comments?post=6684"}],"version-history":[{"count":0,"href":"https:\/\/www.jaromuller.com\/de\/wp-json\/wp\/v2\/pages\/6684\/revisions"}],"up":[{"embeddable":true,"href":"https:\/\/www.jaromuller.com\/de\/wp-json\/wp\/v2\/pages\/4417"}],"wp:attachment":[{"href":"https:\/\/www.jaromuller.com\/de\/wp-json\/wp\/v2\/media?parent=6684"}],"curies":[{"name":"wp","href":"https:\/\/api.w.org\/{rel}","templated":true}]}}