{"id":6680,"date":"2023-08-16T06:19:12","date_gmt":"2023-08-16T05:19:12","guid":{"rendered":"https:\/\/www.jaromuller.com\/?page_id=6680"},"modified":"2024-01-28T20:43:38","modified_gmt":"2024-01-28T20:43:38","slug":"transmitter-jeti-ds","status":"publish","type":"page","link":"https:\/\/www.jaromuller.com\/de\/models\/accessories\/transmitter-jeti-ds\/","title":{"rendered":"Sender JETI DS"},"content":{"rendered":"<p><\/p>\n<h1>Sender JETI DS<\/h1>\n<hr \/>\n<h2>DS-12<\/h2>\n<div id='gallery-4' class='gallery galleryid-6680 gallery-columns-4 gallery-size-medium'><figure class='gallery-item'>\n\t\t\t<div class='gallery-icon landscape'>\n\t\t\t\t<a href='https:\/\/www.jaromuller.com\/wp-content\/uploads\/2023\/08\/DS12_1.jpg'><img loading=\"lazy\" decoding=\"async\" width=\"300\" height=\"225\" src=\"https:\/\/www.jaromuller.com\/wp-content\/uploads\/2023\/08\/DS12_1-300x225.jpg\" class=\"attachment-medium size-medium\" alt=\"\" srcset=\"https:\/\/www.jaromuller.com\/wp-content\/uploads\/2023\/08\/DS12_1-300x225.jpg 300w, https:\/\/www.jaromuller.com\/wp-content\/uploads\/2023\/08\/DS12_1.jpg 639w\" sizes=\"auto, (max-width: 300px) 100vw, 300px\" \/><\/a>\n\t\t\t<\/div><\/figure><figure class='gallery-item'>\n\t\t\t<div class='gallery-icon landscape'>\n\t\t\t\t<a href='https:\/\/www.jaromuller.com\/wp-content\/uploads\/2023\/08\/DS12_2.jpg'><img loading=\"lazy\" decoding=\"async\" width=\"300\" height=\"225\" src=\"https:\/\/www.jaromuller.com\/wp-content\/uploads\/2023\/08\/DS12_2-300x225.jpg\" class=\"attachment-medium size-medium\" alt=\"\" srcset=\"https:\/\/www.jaromuller.com\/wp-content\/uploads\/2023\/08\/DS12_2-300x225.jpg 300w, https:\/\/www.jaromuller.com\/wp-content\/uploads\/2023\/08\/DS12_2.jpg 640w\" sizes=\"auto, (max-width: 300px) 100vw, 300px\" \/><\/a>\n\t\t\t<\/div><\/figure><figure class='gallery-item'>\n\t\t\t<div class='gallery-icon landscape'>\n\t\t\t\t<a href='https:\/\/www.jaromuller.com\/wp-content\/uploads\/2023\/08\/DS12_3.jpg'><img loading=\"lazy\" decoding=\"async\" width=\"300\" height=\"225\" src=\"https:\/\/www.jaromuller.com\/wp-content\/uploads\/2023\/08\/DS12_3-300x225.jpg\" class=\"attachment-medium size-medium\" alt=\"\" srcset=\"https:\/\/www.jaromuller.com\/wp-content\/uploads\/2023\/08\/DS12_3-300x225.jpg 300w, https:\/\/www.jaromuller.com\/wp-content\/uploads\/2023\/08\/DS12_3.jpg 640w\" sizes=\"auto, (max-width: 300px) 100vw, 300px\" \/><\/a>\n\t\t\t<\/div><\/figure><figure class='gallery-item'>\n\t\t\t<div class='gallery-icon landscape'>\n\t\t\t\t<a href='https:\/\/www.jaromuller.com\/wp-content\/uploads\/2023\/08\/DS12_4.jpg'><img loading=\"lazy\" decoding=\"async\" width=\"300\" height=\"225\" src=\"https:\/\/www.jaromuller.com\/wp-content\/uploads\/2023\/08\/DS12_4-300x225.jpg\" class=\"attachment-medium size-medium\" alt=\"\" srcset=\"https:\/\/www.jaromuller.com\/wp-content\/uploads\/2023\/08\/DS12_4-300x225.jpg 300w, https:\/\/www.jaromuller.com\/wp-content\/uploads\/2023\/08\/DS12_4.jpg 639w\" sizes=\"auto, (max-width: 300px) 100vw, 300px\" \/><\/a>\n\t\t\t<\/div><\/figure>\n\t\t<\/div>\n\n<p>Ein DS-12 Sender ist in vier modernen Farbkombinationen zur Auswahl. Hochwertige Ausf\u00fchrung mit Kunststoffgeh\u00e4use, gro\u00dfem Farbdisplay, kugelgelagerten Kn\u00fcppelaggregaten und verschlei\u00dffreien Hallsensoren. Ein geringes Gewicht, die wertige Ausf\u00fchrung des Geh\u00e4uses und eine tolle Ergonomie zeichnen diesen Sender aus. Die Software l\u00e4sst sich nach pers\u00f6nlichen Vorlieben ausbauen und nat\u00fcrlich die vollen Telemetriem\u00f6glichkeiten.<\/p>\n<p><strong>In mehreren Ausf\u00fchrungen erh\u00e4ltlich:<\/strong><\/p>\n<ul>\n<li><strong>Blue<\/strong><\/li>\n<li><strong>Black<\/strong><\/li>\n<li><strong>Red<\/strong><\/li>\n<li><b>Yellow<\/b><\/li>\n<\/ul>\n<p>&nbsp;<\/p>\n<p>Mehr Informationen direkt bei <span style=\"color: #800080;\"><strong><a style=\"color: #800080;\" href=\"http:\/\/support.jetimodel.cz\/de\/katalog\/Sender\/@produkt\/DS-12\/\" target=\"_blank\" rel=\"noopener\">JETI MODEL<\/a><\/strong><\/span>.<\/p>\n<hr \/>\n<h2>DS-14 II<\/h2>\n<div id='gallery-5' class='gallery galleryid-6680 gallery-columns-3 gallery-size-medium'><figure class='gallery-item'>\n\t\t\t<div class='gallery-icon landscape'>\n\t\t\t\t<a href='https:\/\/www.jaromuller.com\/wp-content\/uploads\/2023\/08\/DS14-II_1.jpg'><img loading=\"lazy\" decoding=\"async\" width=\"300\" height=\"276\" src=\"https:\/\/www.jaromuller.com\/wp-content\/uploads\/2023\/08\/DS14-II_1-300x276.jpg\" class=\"attachment-medium size-medium\" alt=\"\" srcset=\"https:\/\/www.jaromuller.com\/wp-content\/uploads\/2023\/08\/DS14-II_1-300x276.jpg 300w, https:\/\/www.jaromuller.com\/wp-content\/uploads\/2023\/08\/DS14-II_1.jpg 521w\" sizes=\"auto, (max-width: 300px) 100vw, 300px\" \/><\/a>\n\t\t\t<\/div><\/figure><figure class='gallery-item'>\n\t\t\t<div class='gallery-icon landscape'>\n\t\t\t\t<a href='https:\/\/www.jaromuller.com\/wp-content\/uploads\/2023\/08\/DS14-II_2.jpg'><img loading=\"lazy\" decoding=\"async\" width=\"300\" height=\"229\" src=\"https:\/\/www.jaromuller.com\/wp-content\/uploads\/2023\/08\/DS14-II_2-300x229.jpg\" class=\"attachment-medium size-medium\" alt=\"\" srcset=\"https:\/\/www.jaromuller.com\/wp-content\/uploads\/2023\/08\/DS14-II_2-300x229.jpg 300w, https:\/\/www.jaromuller.com\/wp-content\/uploads\/2023\/08\/DS14-II_2.jpg 630w\" sizes=\"auto, (max-width: 300px) 100vw, 300px\" \/><\/a>\n\t\t\t<\/div><\/figure><figure class='gallery-item'>\n\t\t\t<div class='gallery-icon landscape'>\n\t\t\t\t<a href='https:\/\/www.jaromuller.com\/wp-content\/uploads\/2023\/08\/DS14-II_3.jpg'><img loading=\"lazy\" decoding=\"async\" width=\"300\" height=\"286\" src=\"https:\/\/www.jaromuller.com\/wp-content\/uploads\/2023\/08\/DS14-II_3-300x286.jpg\" class=\"attachment-medium size-medium\" alt=\"\" srcset=\"https:\/\/www.jaromuller.com\/wp-content\/uploads\/2023\/08\/DS14-II_3-300x286.jpg 300w, https:\/\/www.jaromuller.com\/wp-content\/uploads\/2023\/08\/DS14-II_3.jpg 503w\" sizes=\"auto, (max-width: 300px) 100vw, 300px\" \/><\/a>\n\t\t\t<\/div><\/figure>\n\t\t<\/div>\n\n<p>Der Handsender <strong>DS-14 II<\/strong> setzt auf das bew\u00e4hrte Jeti-Duplex 2.4GHz System zur drahtlosen Steuerung von RC-Modellen. <strong>Er verf\u00fcgt \u00fcber pr\u00e4zise Steuerkn\u00fcppel mit Hallsensoren, \u00fcber ein grafisches LCD-Farbdisplay mit Hintergrundbeleuchtung und ein klares, intuitives Programmiermen\u00fc.<\/strong> Der Sender DS-14 II bietet ein modulares System von Softwarefunktionen, die den Anforderungen des Benutzers entsprechend angepasst werden kann. Der Sender wird mit einer Grundkonfiguration geliefert (siehe Tabelle unten). Diese Konfiguration ist ein guter Start f\u00fcr die meisten neuen Nutzer.<\/p>\n<p><strong>In mehreren Ausf\u00fchrungen erh\u00e4ltlich:<\/strong><\/p>\n<ul>\n<li><strong>Blue<\/strong><\/li>\n<li><strong>Green<\/strong><\/li>\n<li><strong>Red<\/strong><\/li>\n<\/ul>\n<p>Mehr Informationen direkt bei <span style=\"color: #800080;\"><strong><a style=\"color: #800080;\" href=\"http:\/\/support.jetimodel.cz\/de\/katalog\/Sender\/@produkt\/DS-14-II\/\" target=\"_blank\" rel=\"noopener\">JETI MODEL<\/a><\/strong><\/span>.<\/p>\n<hr \/>\n<h2>DS-16 II<\/h2>\n<div id='gallery-6' class='gallery galleryid-6680 gallery-columns-4 gallery-size-medium'><figure class='gallery-item'>\n\t\t\t<div class='gallery-icon landscape'>\n\t\t\t\t<a href='https:\/\/www.jaromuller.com\/wp-content\/uploads\/2023\/08\/DS1156-II_1.jpg'><img loading=\"lazy\" decoding=\"async\" width=\"300\" height=\"169\" src=\"https:\/\/www.jaromuller.com\/wp-content\/uploads\/2023\/08\/DS1156-II_1-300x169.jpg\" class=\"attachment-medium size-medium\" alt=\"\" srcset=\"https:\/\/www.jaromuller.com\/wp-content\/uploads\/2023\/08\/DS1156-II_1-300x169.jpg 300w, https:\/\/www.jaromuller.com\/wp-content\/uploads\/2023\/08\/DS1156-II_1.jpg 640w\" sizes=\"auto, (max-width: 300px) 100vw, 300px\" \/><\/a>\n\t\t\t<\/div><\/figure><figure class='gallery-item'>\n\t\t\t<div class='gallery-icon landscape'>\n\t\t\t\t<a href='https:\/\/www.jaromuller.com\/wp-content\/uploads\/2023\/08\/DS1156-II_2.jpg'><img loading=\"lazy\" decoding=\"async\" width=\"300\" height=\"169\" src=\"https:\/\/www.jaromuller.com\/wp-content\/uploads\/2023\/08\/DS1156-II_2-300x169.jpg\" class=\"attachment-medium size-medium\" alt=\"\" srcset=\"https:\/\/www.jaromuller.com\/wp-content\/uploads\/2023\/08\/DS1156-II_2-300x169.jpg 300w, https:\/\/www.jaromuller.com\/wp-content\/uploads\/2023\/08\/DS1156-II_2.jpg 640w\" sizes=\"auto, (max-width: 300px) 100vw, 300px\" \/><\/a>\n\t\t\t<\/div><\/figure><figure class='gallery-item'>\n\t\t\t<div class='gallery-icon landscape'>\n\t\t\t\t<a href='https:\/\/www.jaromuller.com\/wp-content\/uploads\/2023\/08\/DS1156-II_3.jpg'><img loading=\"lazy\" decoding=\"async\" width=\"300\" height=\"169\" src=\"https:\/\/www.jaromuller.com\/wp-content\/uploads\/2023\/08\/DS1156-II_3-300x169.jpg\" class=\"attachment-medium size-medium\" alt=\"\" srcset=\"https:\/\/www.jaromuller.com\/wp-content\/uploads\/2023\/08\/DS1156-II_3-300x169.jpg 300w, https:\/\/www.jaromuller.com\/wp-content\/uploads\/2023\/08\/DS1156-II_3.jpg 640w\" sizes=\"auto, (max-width: 300px) 100vw, 300px\" \/><\/a>\n\t\t\t<\/div><\/figure><figure class='gallery-item'>\n\t\t\t<div class='gallery-icon landscape'>\n\t\t\t\t<a href='https:\/\/www.jaromuller.com\/wp-content\/uploads\/2023\/08\/DS1156-II_4.jpg'><img loading=\"lazy\" decoding=\"async\" width=\"300\" height=\"169\" src=\"https:\/\/www.jaromuller.com\/wp-content\/uploads\/2023\/08\/DS1156-II_4-300x169.jpg\" class=\"attachment-medium size-medium\" alt=\"\" srcset=\"https:\/\/www.jaromuller.com\/wp-content\/uploads\/2023\/08\/DS1156-II_4-300x169.jpg 300w, https:\/\/www.jaromuller.com\/wp-content\/uploads\/2023\/08\/DS1156-II_4.jpg 640w\" sizes=\"auto, (max-width: 300px) 100vw, 300px\" \/><\/a>\n\t\t\t<\/div><\/figure>\n\t\t<\/div>\n\n<p><span lang=\"de\" xml:lang=\"de\">Die <strong>DS-16 II<\/strong> ist eine Evolution der Top-RC-Sender DS-16 von JETI model. Sie vereinen Nutzen, einfache Handhabung sowie maximale Haltbarkeit und Zuverl\u00e4ssigkeit von mechanischen Teilen. Das Metallgeh\u00e4use bietet maximalen Schutz gegen\u00fcber \u00e4u\u00dferen Einfl\u00fcssen. Die schn\u00f6rkellose Form erleichtert die Pflege der Anlage. Aus Aluminium gefertigte und mehrfach kugelgelagerte Steuerkn\u00fcppel, welche mit ber\u00fchrungslosen magnetischen Hallsensoren ausgestattet sind, best\u00e4tigen das revolution\u00e4re Gestaltungskonzept.<\/span><\/p>\n<div class=\"cb\"><strong>In mehreren Ausf\u00fchrungen erh\u00e4ltlich:<\/strong><\/div>\n<ul>\n<li><strong>Silver<\/strong><\/li>\n<li><strong>Black<\/strong><\/li>\n<li><strong>Carbon Line Light\u00a0<\/strong><b>Yellow\u00a0<\/b><\/li>\n<li><strong>Carbon Line Red<\/strong><\/li>\n<\/ul>\n<p>Mehr Informationen direkt bei <span style=\"color: #800080;\"><strong><a style=\"color: #800080;\" href=\"http:\/\/support.jetimodel.cz\/de\/katalog\/Sender\/@produkt\/DS-16-II\/\" target=\"_blank\" rel=\"noopener\">JETI MODEL<\/a><\/strong><\/span>.<\/p>","protected":false},"excerpt":{"rendered":"<p>Sender JETI DS DS-12 Ein DS-12 Sender ist in vier modernen Farbkombinationen zur Auswahl. Hochwertige Ausf\u00fchrung mit Kunststoffgeh\u00e4use, gro\u00dfem Farbdisplay, kugelgelagerten Kn\u00fcppelaggregaten und verschlei\u00dffreien Hallsensoren. Ein geringes Gewicht, die wertige Ausf\u00fchrung des Geh\u00e4uses und eine tolle Ergonomie zeichnen diesen Sender aus. Die Software l\u00e4sst sich nach pers\u00f6nlichen Vorlieben ausbauen und nat\u00fcrlich die vollen Telemetriem\u00f6glichkeiten. In [&hellip;]<\/p>\n","protected":false},"author":2,"featured_media":0,"parent":4417,"menu_order":0,"comment_status":"closed","ping_status":"closed","template":"","meta":{"footnotes":""},"class_list":["post-6680","page","type-page","status-publish","hentry"],"_links":{"self":[{"href":"https:\/\/www.jaromuller.com\/de\/wp-json\/wp\/v2\/pages\/6680","targetHints":{"allow":["GET"]}}],"collection":[{"href":"https:\/\/www.jaromuller.com\/de\/wp-json\/wp\/v2\/pages"}],"about":[{"href":"https:\/\/www.jaromuller.com\/de\/wp-json\/wp\/v2\/types\/page"}],"author":[{"embeddable":true,"href":"https:\/\/www.jaromuller.com\/de\/wp-json\/wp\/v2\/users\/2"}],"replies":[{"embeddable":true,"href":"https:\/\/www.jaromuller.com\/de\/wp-json\/wp\/v2\/comments?post=6680"}],"version-history":[{"count":0,"href":"https:\/\/www.jaromuller.com\/de\/wp-json\/wp\/v2\/pages\/6680\/revisions"}],"up":[{"embeddable":true,"href":"https:\/\/www.jaromuller.com\/de\/wp-json\/wp\/v2\/pages\/4417"}],"wp:attachment":[{"href":"https:\/\/www.jaromuller.com\/de\/wp-json\/wp\/v2\/media?parent=6680"}],"curies":[{"name":"wp","href":"https:\/\/api.w.org\/{rel}","templated":true}]}}