{"id":6678,"date":"2023-08-16T06:18:12","date_gmt":"2023-08-16T05:18:12","guid":{"rendered":"https:\/\/www.jaromuller.com\/?page_id=6678"},"modified":"2024-01-28T20:43:38","modified_gmt":"2024-01-28T20:43:38","slug":"transmitter-jeti-dc","status":"publish","type":"page","link":"https:\/\/www.jaromuller.com\/de\/models\/accessories\/transmitter-jeti-dc\/","title":{"rendered":"Sender JETI DC"},"content":{"rendered":"<p><\/p>\n<h1>Sender JETI DC<\/h1>\n<hr \/>\n<h2>DC-16 II<\/h2>\n<div id='gallery-3' class='gallery galleryid-6678 gallery-columns-3 gallery-size-medium'><figure class='gallery-item'>\n\t\t\t<div class='gallery-icon landscape'>\n\t\t\t\t<a href='https:\/\/www.jaromuller.com\/wp-content\/uploads\/2023\/08\/DC24-II_1-1.jpg'><img loading=\"lazy\" decoding=\"async\" width=\"300\" height=\"225\" src=\"https:\/\/www.jaromuller.com\/wp-content\/uploads\/2023\/08\/DC24-II_1-1-300x225.jpg\" class=\"attachment-medium size-medium\" alt=\"\" srcset=\"https:\/\/www.jaromuller.com\/wp-content\/uploads\/2023\/08\/DC24-II_1-1-300x225.jpg 300w, https:\/\/www.jaromuller.com\/wp-content\/uploads\/2023\/08\/DC24-II_1-1.jpg 640w\" sizes=\"auto, (max-width: 300px) 100vw, 300px\" \/><\/a>\n\t\t\t<\/div><\/figure><figure class='gallery-item'>\n\t\t\t<div class='gallery-icon landscape'>\n\t\t\t\t<a href='https:\/\/www.jaromuller.com\/wp-content\/uploads\/2023\/08\/DC24-II_2-1.jpg'><img loading=\"lazy\" decoding=\"async\" width=\"300\" height=\"188\" src=\"https:\/\/www.jaromuller.com\/wp-content\/uploads\/2023\/08\/DC24-II_2-1-300x188.jpg\" class=\"attachment-medium size-medium\" alt=\"\" srcset=\"https:\/\/www.jaromuller.com\/wp-content\/uploads\/2023\/08\/DC24-II_2-1-300x188.jpg 300w, https:\/\/www.jaromuller.com\/wp-content\/uploads\/2023\/08\/DC24-II_2-1.jpg 640w\" sizes=\"auto, (max-width: 300px) 100vw, 300px\" \/><\/a>\n\t\t\t<\/div><\/figure><figure class='gallery-item'>\n\t\t\t<div class='gallery-icon landscape'>\n\t\t\t\t<a href='https:\/\/www.jaromuller.com\/wp-content\/uploads\/2023\/08\/DC24-II_3-1.jpg'><img loading=\"lazy\" decoding=\"async\" width=\"300\" height=\"215\" src=\"https:\/\/www.jaromuller.com\/wp-content\/uploads\/2023\/08\/DC24-II_3-1-300x215.jpg\" class=\"attachment-medium size-medium\" alt=\"\" srcset=\"https:\/\/www.jaromuller.com\/wp-content\/uploads\/2023\/08\/DC24-II_3-1-300x215.jpg 300w, https:\/\/www.jaromuller.com\/wp-content\/uploads\/2023\/08\/DC24-II_3-1.jpg 640w\" sizes=\"auto, (max-width: 300px) 100vw, 300px\" \/><\/a>\n\t\t\t<\/div><\/figure><figure class='gallery-item'>\n\t\t\t<div class='gallery-icon landscape'>\n\t\t\t\t<a href='https:\/\/www.jaromuller.com\/wp-content\/uploads\/2023\/08\/DC24-II_4-1.jpg'><img loading=\"lazy\" decoding=\"async\" width=\"300\" height=\"169\" src=\"https:\/\/www.jaromuller.com\/wp-content\/uploads\/2023\/08\/DC24-II_4-1-300x169.jpg\" class=\"attachment-medium size-medium\" alt=\"\" srcset=\"https:\/\/www.jaromuller.com\/wp-content\/uploads\/2023\/08\/DC24-II_4-1-300x169.jpg 300w, https:\/\/www.jaromuller.com\/wp-content\/uploads\/2023\/08\/DC24-II_4-1.jpg 640w\" sizes=\"auto, (max-width: 300px) 100vw, 300px\" \/><\/a>\n\t\t\t<\/div><\/figure><figure class='gallery-item'>\n\t\t\t<div class='gallery-icon landscape'>\n\t\t\t\t<a href='https:\/\/www.jaromuller.com\/wp-content\/uploads\/2023\/08\/DC24-II_5-1.jpg'><img loading=\"lazy\" decoding=\"async\" width=\"300\" height=\"169\" src=\"https:\/\/www.jaromuller.com\/wp-content\/uploads\/2023\/08\/DC24-II_5-1-300x169.jpg\" class=\"attachment-medium size-medium\" alt=\"\" srcset=\"https:\/\/www.jaromuller.com\/wp-content\/uploads\/2023\/08\/DC24-II_5-1-300x169.jpg 300w, https:\/\/www.jaromuller.com\/wp-content\/uploads\/2023\/08\/DC24-II_5-1.jpg 640w\" sizes=\"auto, (max-width: 300px) 100vw, 300px\" \/><\/a>\n\t\t\t<\/div><\/figure>\n\t\t<\/div>\n\n<p><span lang=\"de\" xml:lang=\"de\">Die <strong>DC-16 II<\/strong> ist eine Evolution der Top-RC-Sender DC-16 von JETI model. Sie vereinen Nutzen, einfache Handhabung sowie maximale Haltbarkeit und Zuverl\u00e4ssigkeit von mechanischen Teilen. Das Metallgeh\u00e4use bietet maximalen Schutz gegen\u00fcber \u00e4u\u00dferen Einfl\u00fcssen. Die schn\u00f6rkellose Form erleichtert die Pflege der Anlage. Aus Aluminium gefertigte und mehrfach kugelgelagerte Steuerkn\u00fcppel, welche mit ber\u00fchrungslosen magnetischen Hallsensoren ausgestattet sind, best\u00e4tigen das revolution\u00e4re Gestaltungskonzept.\u00a0<\/span><\/p>\n<p><strong>In mehreren Ausf\u00fchrungen erh\u00e4ltlich:<\/strong><\/p>\n<ul>\n<li><strong>Black<\/strong><\/li>\n<li><strong>Silver<\/strong><\/li>\n<li><strong>Carbon Line Light Yellow<\/strong><\/li>\n<li><strong>Carbon Line Red<\/strong><\/li>\n<\/ul>\n<p>&nbsp;<\/p>\n<p>Mehr Informationen direkt bei <span style=\"color: #800080;\"><strong><a style=\"color: #800080;\" href=\"http:\/\/support.jetimodel.cz\/de\/katalog\/Sender\/@produkt\/DC-16-II\/\" target=\"_blank\" rel=\"noopener\">JETI MODEL<\/a><\/strong><\/span>.<\/p>\n<p>&nbsp;<\/p>\n<hr \/>\n<h2>DC-24 II<\/h2>\n<div id='gallery-4' class='gallery galleryid-6678 gallery-columns-4 gallery-size-medium'><figure class='gallery-item'>\n\t\t\t<div class='gallery-icon landscape'>\n\t\t\t\t<a href='https:\/\/www.jaromuller.com\/wp-content\/uploads\/2023\/08\/DC24-II_4.jpg'><img loading=\"lazy\" decoding=\"async\" width=\"300\" height=\"169\" src=\"https:\/\/www.jaromuller.com\/wp-content\/uploads\/2023\/08\/DC24-II_4-300x169.jpg\" class=\"attachment-medium size-medium\" alt=\"\" srcset=\"https:\/\/www.jaromuller.com\/wp-content\/uploads\/2023\/08\/DC24-II_4-300x169.jpg 300w, https:\/\/www.jaromuller.com\/wp-content\/uploads\/2023\/08\/DC24-II_4.jpg 640w\" sizes=\"auto, (max-width: 300px) 100vw, 300px\" \/><\/a>\n\t\t\t<\/div><\/figure><figure class='gallery-item'>\n\t\t\t<div class='gallery-icon landscape'>\n\t\t\t\t<a href='https:\/\/www.jaromuller.com\/wp-content\/uploads\/2023\/08\/DC24-II_3.jpg'><img loading=\"lazy\" decoding=\"async\" width=\"300\" height=\"215\" src=\"https:\/\/www.jaromuller.com\/wp-content\/uploads\/2023\/08\/DC24-II_3-300x215.jpg\" class=\"attachment-medium size-medium\" alt=\"\" srcset=\"https:\/\/www.jaromuller.com\/wp-content\/uploads\/2023\/08\/DC24-II_3-300x215.jpg 300w, https:\/\/www.jaromuller.com\/wp-content\/uploads\/2023\/08\/DC24-II_3.jpg 640w\" sizes=\"auto, (max-width: 300px) 100vw, 300px\" \/><\/a>\n\t\t\t<\/div><\/figure><figure class='gallery-item'>\n\t\t\t<div class='gallery-icon landscape'>\n\t\t\t\t<a href='https:\/\/www.jaromuller.com\/wp-content\/uploads\/2023\/08\/DC24-II_6.jpg'><img loading=\"lazy\" decoding=\"async\" width=\"300\" height=\"202\" src=\"https:\/\/www.jaromuller.com\/wp-content\/uploads\/2023\/08\/DC24-II_6-300x202.jpg\" class=\"attachment-medium size-medium\" alt=\"\" srcset=\"https:\/\/www.jaromuller.com\/wp-content\/uploads\/2023\/08\/DC24-II_6-300x202.jpg 300w, https:\/\/www.jaromuller.com\/wp-content\/uploads\/2023\/08\/DC24-II_6.jpg 640w\" sizes=\"auto, (max-width: 300px) 100vw, 300px\" \/><\/a>\n\t\t\t<\/div><\/figure><figure class='gallery-item'>\n\t\t\t<div class='gallery-icon landscape'>\n\t\t\t\t<a href='https:\/\/www.jaromuller.com\/wp-content\/uploads\/2023\/08\/DC24-II_7.jpg'><img loading=\"lazy\" decoding=\"async\" width=\"300\" height=\"169\" src=\"https:\/\/www.jaromuller.com\/wp-content\/uploads\/2023\/08\/DC24-II_7-300x169.jpg\" class=\"attachment-medium size-medium\" alt=\"\" srcset=\"https:\/\/www.jaromuller.com\/wp-content\/uploads\/2023\/08\/DC24-II_7-300x169.jpg 300w, https:\/\/www.jaromuller.com\/wp-content\/uploads\/2023\/08\/DC24-II_7.jpg 640w\" sizes=\"auto, (max-width: 300px) 100vw, 300px\" \/><\/a>\n\t\t\t<\/div><\/figure>\n\t\t<\/div>\n\n<p><span lang=\"de\" xml:lang=\"de\">Die DC-24 ist eine Evolution der Top-RC-Sender von JETI model. Sie vereinen Nutzen, einfache Handhabung sowie maximale Haltbarkeit und Zuverl\u00e4ssigkeit von mechanischen Teilen. Das Metallgeh\u00e4use bietet maximalen Schutz gegen\u00fcber \u00e4u\u00dferen Einfl\u00fcssen. Die schn\u00f6rkellose Form erleichtert die Pflege der Anlage. Aus Aluminium gefertigte und mehrfach kugelgelagerte Steuerkn\u00fcppel, welche mit ber\u00fchrungslosen magnetischen Hallsensoren ausgestattet sind, best\u00e4tigen das revolution\u00e4re Gestaltungskonzept.\u00a0<\/span><\/p>\n<p><strong>In mehreren Ausf\u00fchrungen erh\u00e4ltlich:<\/strong><\/p>\n<ul>\n<li><strong>Carbon Line Bronze<\/strong><\/li>\n<li><strong>Carbon Line Gray lacquer<\/strong><\/li>\n<li><strong>Carbon Line Orange<\/strong><\/li>\n<li><strong>Carbon Line Ruby lacquer<\/strong><\/li>\n<\/ul>\n<p>Mehr Informationen direkt bei <span style=\"color: #800080;\"><strong><a style=\"color: #800080;\" href=\"http:\/\/support.jetimodel.cz\/de\/katalog\/Sender\/@produkt\/DC-24\/\" target=\"_blank\" rel=\"noopener\">JETI MODEL<\/a><\/strong><\/span>.<\/p>","protected":false},"excerpt":{"rendered":"<p>Sender JETI DC DC-16 II Die DC-16 II ist eine Evolution der Top-RC-Sender DC-16 von JETI model. Sie vereinen Nutzen, einfache Handhabung sowie maximale Haltbarkeit und Zuverl\u00e4ssigkeit von mechanischen Teilen. Das Metallgeh\u00e4use bietet maximalen Schutz gegen\u00fcber \u00e4u\u00dferen Einfl\u00fcssen. Die schn\u00f6rkellose Form erleichtert die Pflege der Anlage. Aus Aluminium gefertigte und mehrfach kugelgelagerte Steuerkn\u00fcppel, welche mit [&hellip;]<\/p>\n","protected":false},"author":2,"featured_media":0,"parent":4417,"menu_order":0,"comment_status":"closed","ping_status":"closed","template":"","meta":{"footnotes":""},"class_list":["post-6678","page","type-page","status-publish","hentry"],"_links":{"self":[{"href":"https:\/\/www.jaromuller.com\/de\/wp-json\/wp\/v2\/pages\/6678","targetHints":{"allow":["GET"]}}],"collection":[{"href":"https:\/\/www.jaromuller.com\/de\/wp-json\/wp\/v2\/pages"}],"about":[{"href":"https:\/\/www.jaromuller.com\/de\/wp-json\/wp\/v2\/types\/page"}],"author":[{"embeddable":true,"href":"https:\/\/www.jaromuller.com\/de\/wp-json\/wp\/v2\/users\/2"}],"replies":[{"embeddable":true,"href":"https:\/\/www.jaromuller.com\/de\/wp-json\/wp\/v2\/comments?post=6678"}],"version-history":[{"count":0,"href":"https:\/\/www.jaromuller.com\/de\/wp-json\/wp\/v2\/pages\/6678\/revisions"}],"up":[{"embeddable":true,"href":"https:\/\/www.jaromuller.com\/de\/wp-json\/wp\/v2\/pages\/4417"}],"wp:attachment":[{"href":"https:\/\/www.jaromuller.com\/de\/wp-json\/wp\/v2\/media?parent=6678"}],"curies":[{"name":"wp","href":"https:\/\/api.w.org\/{rel}","templated":true}]}}