{"id":6676,"date":"2023-08-16T06:10:23","date_gmt":"2023-08-16T05:10:23","guid":{"rendered":"https:\/\/www.jaromuller.com\/?page_id=6676"},"modified":"2024-01-28T20:43:38","modified_gmt":"2024-01-28T20:43:38","slug":"receivers-jeti-rex-assist","status":"publish","type":"page","link":"https:\/\/www.jaromuller.com\/de\/models\/accessories\/receivers-jeti-rex-assist\/","title":{"rendered":"Empf\u00e4nger JETI REX ASSIST"},"content":{"rendered":"<p><\/p>\n<h1>Empf\u00e4nger JETI REX ASSIST<\/h1>\n<hr \/>\n<h2>Duplex REX 6 Assist<\/h2>\n<h2><a href=\"https:\/\/www.jaromuller.com\/wp-content\/uploads\/2023\/08\/REX6-ASSIST.jpg\"><img loading=\"lazy\" decoding=\"async\" class=\"alignleft size-medium wp-image-6709\" src=\"https:\/\/www.jaromuller.com\/wp-content\/uploads\/2023\/08\/REX6-ASSIST-300x215.jpg\" alt=\"\" width=\"300\" height=\"215\" srcset=\"https:\/\/www.jaromuller.com\/wp-content\/uploads\/2023\/08\/REX6-ASSIST-300x215.jpg 300w, https:\/\/www.jaromuller.com\/wp-content\/uploads\/2023\/08\/REX6-ASSIST.jpg 640w\" sizes=\"auto, (max-width: 300px) 100vw, 300px\" \/><\/a><\/h2>\n<h5>Geeignet f\u00fcr Flik.<\/h5>\n<table>\n<tbody>\n<tr class=\"lichy\">\n<td>Gewicht [g]<\/td>\n<td>11<\/td>\n<\/tr>\n<tr>\n<td>Abmessungen [mm]<\/td>\n<td>38 x 25 x 11<\/td>\n<\/tr>\n<tr class=\"lichy\">\n<td>Anzahl der Kan\u00e4le<\/td>\n<td>6<\/td>\n<\/tr>\n<tr>\n<td>Telemetrie<\/td>\n<td>Ja<\/td>\n<\/tr>\n<tr class=\"lichy\">\n<td>Einsatztemperatur [\u00b0C]<\/td>\n<td>-10 &#8230; 85<\/td>\n<\/tr>\n<tr>\n<td>Kompatible Protokolle<\/td>\n<td>DUPLEX 2.4GHz EX, EX Bus<\/td>\n<\/tr>\n<tr class=\"lichy\">\n<td>Antennenl\u00e4nge [mm]<\/td>\n<td>2 x 100<\/td>\n<\/tr>\n<tr>\n<td>Versorgungsspannung [V]<\/td>\n<td>3,5 &#8211; 8,4<\/td>\n<\/tr>\n<tr class=\"lichy\">\n<td>Durchschnittsstrom [mA]<\/td>\n<td>85<\/td>\n<\/tr>\n<tr>\n<td>Satellitenempf\u00e4nger Unterst\u00fctzung<\/td>\n<td>Ja<\/td>\n<\/tr>\n<\/tbody>\n<\/table>\n<hr \/>\n<h2>Duplex REX 7 Slim Assist<\/h2>\n<h2><a href=\"https:\/\/www.jaromuller.com\/wp-content\/uploads\/2023\/08\/REX7-SLIM-ASSIST.jpg\"><img loading=\"lazy\" decoding=\"async\" class=\"alignleft wp-image-6706 size-medium\" src=\"https:\/\/www.jaromuller.com\/wp-content\/uploads\/2023\/08\/REX7-SLIM-ASSIST-300x142.jpg\" alt=\"\" width=\"300\" height=\"142\" srcset=\"https:\/\/www.jaromuller.com\/wp-content\/uploads\/2023\/08\/REX7-SLIM-ASSIST-300x142.jpg 300w, https:\/\/www.jaromuller.com\/wp-content\/uploads\/2023\/08\/REX7-SLIM-ASSIST.jpg 640w\" sizes=\"auto, (max-width: 300px) 100vw, 300px\" \/><\/a><\/h2>\n<h5>Geeignet f\u00fcr Elastino, auch f\u00fcr Espadita, Eldorado,Egida.<\/h5>\n<table>\n<tbody>\n<tr class=\"lichy\">\n<td>Gewicht [g]<\/td>\n<td>13<\/td>\n<\/tr>\n<tr>\n<td>Abmessungen [mm]<\/td>\n<td>60 x 16 x 13<\/td>\n<\/tr>\n<tr class=\"lichy\">\n<td>Anzahl der Kan\u00e4le<\/td>\n<td>7<\/td>\n<\/tr>\n<tr>\n<td>Telemetrie<\/td>\n<td>Ja<\/td>\n<\/tr>\n<tr class=\"lichy\">\n<td>Einsatztemperatur [\u00b0C]<\/td>\n<td>-10 &#8230; 85<\/td>\n<\/tr>\n<tr>\n<td>Kompatible Protokolle<\/td>\n<td>DUPLEX 2.4GHz EX, EX Bus<\/td>\n<\/tr>\n<tr class=\"lichy\">\n<td>Antennenl\u00e4nge [mm]<\/td>\n<td>2 x 200<\/td>\n<\/tr>\n<tr>\n<td>Versorgungsspannung [V]<\/td>\n<td>3,5 &#8211; 8,4<\/td>\n<\/tr>\n<tr class=\"lichy\">\n<td>Durchschnittsstrom [mA]<\/td>\n<td>85<\/td>\n<\/tr>\n<tr>\n<td>Satellitenempf\u00e4nger Unterst\u00fctzung<\/td>\n<td>Ja<\/td>\n<\/tr>\n<\/tbody>\n<\/table>\n<hr \/>\n<h2>Duplex REX 9 Slim Assist<\/h2>\n<h2><a href=\"https:\/\/www.jaromuller.com\/wp-content\/uploads\/2023\/08\/REX9-SLIM-ASSIST.jpg\"><img loading=\"lazy\" decoding=\"async\" class=\"alignleft wp-image-6707 size-medium\" src=\"https:\/\/www.jaromuller.com\/wp-content\/uploads\/2023\/08\/REX9-SLIM-ASSIST-300x149.jpg\" alt=\"\" width=\"300\" height=\"149\" srcset=\"https:\/\/www.jaromuller.com\/wp-content\/uploads\/2023\/08\/REX9-SLIM-ASSIST-300x149.jpg 300w, https:\/\/www.jaromuller.com\/wp-content\/uploads\/2023\/08\/REX9-SLIM-ASSIST.jpg 640w\" sizes=\"auto, (max-width: 300px) 100vw, 300px\" \/><\/a><\/h2>\n<h5>Geeignet f\u00fcr Elastino, auch f\u00fcr Espadita, Eldorado,Egida.<\/h5>\n<p>Empf\u00e4nger REX9 Slim empfehlen wir wenn Sie sowohl ein Telemetriemodul nutzen m\u00f6chten (Vario), als auch Telemetrie vom Regler YGE.<\/p>\n<table>\n<tbody>\n<tr class=\"lichy\">\n<td>Gewicht [g]<\/td>\n<td>13<\/td>\n<\/tr>\n<tr>\n<td>Abmessungen [mm]<\/td>\n<td>60 x 16 x 13<\/td>\n<\/tr>\n<tr class=\"lichy\">\n<td>Anzahl der Kan\u00e4le<\/td>\n<td>9<\/td>\n<\/tr>\n<tr>\n<td>Telemetrie<\/td>\n<td>Ja<\/td>\n<\/tr>\n<tr class=\"lichy\">\n<td>Einsatztemperatur [\u00b0C]<\/td>\n<td>-10 &#8230; 85<\/td>\n<\/tr>\n<tr>\n<td>Kompatible Protokolle<\/td>\n<td>DUPLEX 2.4GHz EX, EX Bus<\/td>\n<\/tr>\n<tr class=\"lichy\">\n<td>Antennenl\u00e4nge [mm]<\/td>\n<td>2 x 200<\/td>\n<\/tr>\n<tr>\n<td>Versorgungsspannung [V]<\/td>\n<td>3,5 &#8211; 8,4<\/td>\n<\/tr>\n<tr class=\"lichy\">\n<td>Durchschnittsstrom [mA]<\/td>\n<td>85<\/td>\n<\/tr>\n<tr>\n<td>Satellitenempf\u00e4nger Unterst\u00fctzung<\/td>\n<td>Ja<\/td>\n<\/tr>\n<\/tbody>\n<\/table>\n<p><\/p>","protected":false},"excerpt":{"rendered":"<p>Empf\u00e4nger JETI REX ASSIST Duplex REX 6 Assist Geeignet f\u00fcr Flik. Gewicht [g] 11 Abmessungen [mm] 38 x 25 x 11 Anzahl der Kan\u00e4le 6 Telemetrie Ja Einsatztemperatur [\u00b0C] -10 &#8230; 85 Kompatible Protokolle DUPLEX 2.4GHz EX, EX Bus Antennenl\u00e4nge [mm] 2 x 100 Versorgungsspannung [V] 3,5 &#8211; 8,4 Durchschnittsstrom [mA] 85 Satellitenempf\u00e4nger Unterst\u00fctzung Ja [&hellip;]<\/p>\n","protected":false},"author":2,"featured_media":0,"parent":4417,"menu_order":0,"comment_status":"closed","ping_status":"closed","template":"","meta":{"footnotes":""},"class_list":["post-6676","page","type-page","status-publish","hentry"],"_links":{"self":[{"href":"https:\/\/www.jaromuller.com\/de\/wp-json\/wp\/v2\/pages\/6676","targetHints":{"allow":["GET"]}}],"collection":[{"href":"https:\/\/www.jaromuller.com\/de\/wp-json\/wp\/v2\/pages"}],"about":[{"href":"https:\/\/www.jaromuller.com\/de\/wp-json\/wp\/v2\/types\/page"}],"author":[{"embeddable":true,"href":"https:\/\/www.jaromuller.com\/de\/wp-json\/wp\/v2\/users\/2"}],"replies":[{"embeddable":true,"href":"https:\/\/www.jaromuller.com\/de\/wp-json\/wp\/v2\/comments?post=6676"}],"version-history":[{"count":0,"href":"https:\/\/www.jaromuller.com\/de\/wp-json\/wp\/v2\/pages\/6676\/revisions"}],"up":[{"embeddable":true,"href":"https:\/\/www.jaromuller.com\/de\/wp-json\/wp\/v2\/pages\/4417"}],"wp:attachment":[{"href":"https:\/\/www.jaromuller.com\/de\/wp-json\/wp\/v2\/media?parent=6676"}],"curies":[{"name":"wp","href":"https:\/\/api.w.org\/{rel}","templated":true}]}}