{"id":6668,"date":"2023-08-16T05:58:13","date_gmt":"2023-08-16T04:58:13","guid":{"rendered":"https:\/\/www.jaromuller.com\/?page_id=6668"},"modified":"2024-01-28T20:43:38","modified_gmt":"2024-01-28T20:43:38","slug":"receivers-jeti-rex","status":"publish","type":"page","link":"https:\/\/www.jaromuller.com\/de\/models\/accessories\/receivers-jeti-rex\/","title":{"rendered":"Empf\u00e4nger JETI REX"},"content":{"rendered":"<p><\/p>\n<h1>Empf\u00e4nger JETI REX<\/h1>\n<hr \/>\n<h2>Duplex REX 7<\/h2>\n<h2><a href=\"https:\/\/www.jaromuller.com\/wp-content\/uploads\/2023\/08\/REX7.jpg\"><img loading=\"lazy\" decoding=\"async\" class=\"alignleft wp-image-6694 size-medium\" src=\"https:\/\/www.jaromuller.com\/wp-content\/uploads\/2023\/08\/REX7-300x190.jpg\" alt=\"\" width=\"300\" height=\"190\" srcset=\"https:\/\/www.jaromuller.com\/wp-content\/uploads\/2023\/08\/REX7-300x190.jpg 300w, https:\/\/www.jaromuller.com\/wp-content\/uploads\/2023\/08\/REX7.jpg 640w\" sizes=\"auto, (max-width: 300px) 100vw, 300px\" \/><\/a><\/h2>\n<h5>Geeignet f\u00fcr Elastino, auch f\u00fcr Mini Ellipse.<\/h5>\n<table>\n<tbody>\n<tr class=\"lichy\">\n<td>Gewicht [g]<\/td>\n<td>13<\/td>\n<\/tr>\n<tr>\n<td>Abmessungen [mm]<\/td>\n<td>42 x 28 x 11<\/td>\n<\/tr>\n<tr class=\"lichy\">\n<td>Anzahl der Kan\u00e4le<\/td>\n<td>7<\/td>\n<\/tr>\n<tr>\n<td>Telemetrie<\/td>\n<td>Ja<\/td>\n<\/tr>\n<tr class=\"lichy\">\n<td>Einsatztemperatur [\u00b0C]<\/td>\n<td>-10 &#8230; 85<\/td>\n<\/tr>\n<tr>\n<td>Kompatible Protokolle<\/td>\n<td>DUPLEX 2.4GHz EX, EX Bus<\/td>\n<\/tr>\n<tr class=\"lichy\">\n<td>Antennenl\u00e4nge [mm]<\/td>\n<td>2 x 200<\/td>\n<\/tr>\n<tr>\n<td>Versorgungsspannung [V]<\/td>\n<td>3,5 &#8211; 8,4<\/td>\n<\/tr>\n<tr class=\"lichy\">\n<td>Durchschnittsstrom [mA]<\/td>\n<td>75<\/td>\n<\/tr>\n<tr>\n<td>Satellitenempf\u00e4nger Unterst\u00fctzung<\/td>\n<td>Ja<\/td>\n<\/tr>\n<\/tbody>\n<\/table>\n<hr \/>\n<h2>Duplex REX 7 Slim<\/h2>\n<h2><a href=\"https:\/\/www.jaromuller.com\/wp-content\/uploads\/2023\/08\/REX7-SLIM.jpg\"><img loading=\"lazy\" decoding=\"async\" class=\"alignleft wp-image-6696 size-medium\" src=\"https:\/\/www.jaromuller.com\/wp-content\/uploads\/2023\/08\/REX7-SLIM-300x206.jpg\" alt=\"\" width=\"300\" height=\"206\" srcset=\"https:\/\/www.jaromuller.com\/wp-content\/uploads\/2023\/08\/REX7-SLIM-300x206.jpg 300w, https:\/\/www.jaromuller.com\/wp-content\/uploads\/2023\/08\/REX7-SLIM.jpg 640w\" sizes=\"auto, (max-width: 300px) 100vw, 300px\" \/><\/a><\/h2>\n<h5>Geeignet f\u00fcr Elastino, auch f\u00fcr Espadita, Eldorado,Egida.<\/h5>\n<table>\n<tbody>\n<tr class=\"lichy\">\n<td>Gewicht [g]<\/td>\n<td>13<\/td>\n<\/tr>\n<tr>\n<td>Abmessungen [mm]<\/td>\n<td>60 x 16 x 13<\/td>\n<\/tr>\n<tr class=\"lichy\">\n<td>Anzahl der Kan\u00e4le<\/td>\n<td>7<\/td>\n<\/tr>\n<tr>\n<td>Telemetrie<\/td>\n<td>Ja<\/td>\n<\/tr>\n<tr class=\"lichy\">\n<td>Einsatztemperatur [\u00b0C]<\/td>\n<td>-10 &#8230; 85<\/td>\n<\/tr>\n<tr>\n<td>Kompatible Protokolle<\/td>\n<td>DUPLEX 2.4GHz EX, EX Bus<\/td>\n<\/tr>\n<tr class=\"lichy\">\n<td>Antennenl\u00e4nge [mm]<\/td>\n<td>2 x 200<\/td>\n<\/tr>\n<tr>\n<td>Versorgungsspannung [V]<\/td>\n<td>3,5 &#8211; 8,4<\/td>\n<\/tr>\n<tr class=\"lichy\">\n<td>Durchschnittsstrom [mA]<\/td>\n<td>85<\/td>\n<\/tr>\n<tr>\n<td>Satellitenempf\u00e4nger Unterst\u00fctzung<\/td>\n<td>Ja<\/td>\n<\/tr>\n<\/tbody>\n<\/table>\n<hr \/>\n<h2>Duplex REX 9 Slim<\/h2>\n<h2><a href=\"https:\/\/www.jaromuller.com\/wp-content\/uploads\/2023\/08\/REX9-SLIM.jpg\"><img loading=\"lazy\" decoding=\"async\" class=\"alignleft size-medium wp-image-6698\" src=\"https:\/\/www.jaromuller.com\/wp-content\/uploads\/2023\/08\/REX9-SLIM-300x136.jpg\" alt=\"\" width=\"300\" height=\"136\" srcset=\"https:\/\/www.jaromuller.com\/wp-content\/uploads\/2023\/08\/REX9-SLIM-300x136.jpg 300w, https:\/\/www.jaromuller.com\/wp-content\/uploads\/2023\/08\/REX9-SLIM.jpg 640w\" sizes=\"auto, (max-width: 300px) 100vw, 300px\" \/><\/a><\/h2>\n<h5>Geeignet f\u00fcr Elastino, auch f\u00fcr Espadita, Eldorado,Egida.<\/h5>\n<p>Empf\u00e4nger REX9 Slim empfehlen wir wenn Sie sowohl ein Telemetriemodul nutzen m\u00f6chten (Vario), als auch Telemetrie vom Regler YGE.<\/p>\n<table>\n<tbody>\n<tr class=\"lichy\">\n<td>Gewicht [g]<\/td>\n<td>13<\/td>\n<\/tr>\n<tr>\n<td>Abmessungen [mm]<\/td>\n<td>60 x 16 x 13<\/td>\n<\/tr>\n<tr class=\"lichy\">\n<td>Anzahl der Kan\u00e4le<\/td>\n<td>9<\/td>\n<\/tr>\n<tr>\n<td>Telemetrie<\/td>\n<td>Ja<\/td>\n<\/tr>\n<tr class=\"lichy\">\n<td>Einsatztemperatur [\u00b0C]<\/td>\n<td>-10 &#8230; 85<\/td>\n<\/tr>\n<tr>\n<td>Kompatible Protokolle<\/td>\n<td>DUPLEX 2.4GHz EX, EX Bus<\/td>\n<\/tr>\n<tr class=\"lichy\">\n<td>Antennenl\u00e4nge [mm]<\/td>\n<td>2 x 200<\/td>\n<\/tr>\n<tr>\n<td>Versorgungsspannung [V]<\/td>\n<td>3,5 &#8211; 8,4<\/td>\n<\/tr>\n<tr class=\"lichy\">\n<td>Durchschnittsstrom [mA]<\/td>\n<td>85<\/td>\n<\/tr>\n<tr>\n<td>Satellitenempf\u00e4nger Unterst\u00fctzung<\/td>\n<td>Ja<\/td>\n<\/tr>\n<\/tbody>\n<\/table>\n<hr \/>\n<h2>Duplex REX 10<\/h2>\n<h2><a href=\"https:\/\/www.jaromuller.com\/wp-content\/uploads\/2023\/08\/REX10.jpg\"><img loading=\"lazy\" decoding=\"async\" class=\"alignleft size-medium wp-image-6700\" src=\"https:\/\/www.jaromuller.com\/wp-content\/uploads\/2023\/08\/REX10-300x225.jpg\" alt=\"\" width=\"300\" height=\"225\" srcset=\"https:\/\/www.jaromuller.com\/wp-content\/uploads\/2023\/08\/REX10-300x225.jpg 300w, https:\/\/www.jaromuller.com\/wp-content\/uploads\/2023\/08\/REX10.jpg 639w\" sizes=\"auto, (max-width: 300px) 100vw, 300px\" \/><\/a><\/h2>\n<h5>Geeignet f\u00fcr Eldorado,Egida.<\/h5>\n<p>Empf\u00e4nger REX10 empfehlen wir wenn Sie sowohl ein Telemetriemodul nutzen m\u00f6chten (Vario), als auch Telemetrie vom Regler YGE.<\/p>\n<p>&nbsp;<\/p>\n<table>\n<tbody>\n<tr class=\"lichy\">\n<td>Gewicht [g]<\/td>\n<td>16<\/td>\n<\/tr>\n<tr>\n<td>Abmessungen [mm]<\/td>\n<td>51 x 28 x 11<\/td>\n<\/tr>\n<tr class=\"lichy\">\n<td>Anzahl der Kan\u00e4le<\/td>\n<td>10<\/td>\n<\/tr>\n<tr>\n<td>Telemetrie<\/td>\n<td>Ja<\/td>\n<\/tr>\n<tr class=\"lichy\">\n<td>Einsatztemperatur [\u00b0C]<\/td>\n<td>-10 &#8230; 85<\/td>\n<\/tr>\n<tr>\n<td>Kompatible Protokolle<\/td>\n<td>DUPLEX 2.4GHz EX, EX Bus<\/td>\n<\/tr>\n<tr class=\"lichy\">\n<td>Antennenl\u00e4nge [mm]<\/td>\n<td>2 x 400<\/td>\n<\/tr>\n<tr>\n<td>Versorgungsspannung [V]<\/td>\n<td>3,5 &#8211; 8,4<\/td>\n<\/tr>\n<tr class=\"lichy\">\n<td>Durchschnittsstrom [mA]<\/td>\n<td>75<\/td>\n<\/tr>\n<tr>\n<td>Satellitenempf\u00e4nger Unterst\u00fctzung<\/td>\n<td>Ja<\/td>\n<\/tr>\n<\/tbody>\n<\/table>\n<hr \/>\n<h2>Duplex REX 12 EPC<\/h2>\n<h5><a href=\"http:\/\/www.jaromuller.com\/wp-content\/uploads\/2019\/10\/REX12standard.jpg\"><img loading=\"lazy\" decoding=\"async\" class=\"alignleft size-medium wp-image-4935\" src=\"http:\/\/www.jaromuller.com\/wp-content\/uploads\/2019\/10\/REX12standard-300x240.jpg\" alt=\"\" width=\"300\" height=\"240\" srcset=\"https:\/\/www.jaromuller.com\/wp-content\/uploads\/2019\/10\/REX12standard-300x240.jpg 300w, https:\/\/www.jaromuller.com\/wp-content\/uploads\/2019\/10\/REX12standard.jpg 601w\" sizes=\"auto, (max-width: 300px) 100vw, 300px\" \/><\/a>Geeignet f\u00fcr Elasto, auch f\u00fcr Egida und Eldorado.<\/h5>\n<table>\n<tbody>\n<tr class=\"lichy\">\n<td>Gewicht [g]<\/td>\n<td>24<\/td>\n<\/tr>\n<tr>\n<td>Abmessungen [mm]<\/td>\n<td>51 x 28 x 11<\/td>\n<\/tr>\n<tr class=\"lichy\">\n<td>Anzahl der Kan\u00e4le<\/td>\n<td>12<\/td>\n<\/tr>\n<tr>\n<td>Telemetrie<\/td>\n<td>Ja<\/td>\n<\/tr>\n<tr class=\"lichy\">\n<td>Einsatztemperatur [\u00b0C]<\/td>\n<td>-10 &#8230; 85<\/td>\n<\/tr>\n<tr>\n<td>Kompatible Protokolle<\/td>\n<td>DUPLEX 2.4GHz EX, EX Bus<\/td>\n<\/tr>\n<tr class=\"lichy\">\n<td>Antennenl\u00e4nge [mm]<\/td>\n<td>2 x 400<\/td>\n<\/tr>\n<tr>\n<td>Versorgungsspannung [V]<\/td>\n<td>3,5 &#8211; 8,4<\/td>\n<\/tr>\n<tr class=\"lichy\">\n<td>Durchschnittsstrom [mA]<\/td>\n<td>75<\/td>\n<\/tr>\n<tr>\n<td>Satellitenempf\u00e4nger Unterst\u00fctzung<\/td>\n<td>Ja<\/td>\n<\/tr>\n<\/tbody>\n<\/table>\n<p>Zur Elasto liefern wir den REX 12 Empf\u00e4nger in einer Sonderanfertigung, die speziell f\u00fcr uns bei JETI hergestellt wird.<br \/>\nDiese &#8222;Jaro M\u00fcller Edition&#8220; enth\u00e4lt nachfolgende \u00c4nderungen, die nat\u00fcrlich auch f\u00fcr andere Zwecksegler gewinnbringend sind:<\/p>\n<p><a href=\"http:\/\/www.jaromuller.com\/wp-content\/uploads\/2019\/10\/REX12_D_new1-1.jpg\"><img loading=\"lazy\" decoding=\"async\" class=\"alignnone wp-image-5070 size-medium\" src=\"http:\/\/www.jaromuller.com\/wp-content\/uploads\/2019\/10\/REX12_D_new1-1-300x225.jpg\" alt=\"\" width=\"300\" height=\"225\" srcset=\"https:\/\/www.jaromuller.com\/wp-content\/uploads\/2019\/10\/REX12_D_new1-1-300x225.jpg 300w, https:\/\/www.jaromuller.com\/wp-content\/uploads\/2019\/10\/REX12_D_new1-1.jpg 640w\" sizes=\"auto, (max-width: 300px) 100vw, 300px\" \/><\/a><\/p>\n<p>\u2013 <u>Kein<\/u> zentraler Stromanschluss \u00fcber einen MPX -Stecker, da\u00a0 dieser ist f\u00fcr zweckoptimierte, schlanke (Elektro)Seglerr\u00fcmpfe einfach zu gross und in der m\u00f6glichen Strombelastung ebenso unn\u00f6tig hoch ausgelegt ist.<br \/>\nStattdessen erfolgt der Anschluss (wie bei anderen Empf\u00e4ngern \u00fcblich) einfach \u00fcber einen (oder mehrere) Servostecker. Dabei sind plus und minus auf der Platine durchgeschleift,<br \/>\nso dass jeder nicht belegte Servosteckplatz am Empf\u00e4ngers als Spannungseingang genutzt werden kann ( zur Not auch \u00fcber ein V-Kabel.)<\/p>\n<p>&#8211;<u> Keine<\/u> Dipolantenne : Speziell in Kohlefaserr\u00fcmpfen m\u00fcssen die Antennen zum ungest\u00f6rten Empfang und optimaler Reichweite zwingend aus dem Rumpf gef\u00fchrt werden!<br \/>\nDie Antennenverst\u00e4rker der Dipolantennen in der Serienausf\u00fchrung des REX 12 st\u00f6ren dabei enorm und bieten zudem einen unn\u00f6tigen Luftwiderstand.<br \/>\nZudem st\u00f6rt die Original-Antennenl\u00e4nge von\u00a0 2x 400 mm in einem zweckoptimierten (Elektro)- Seglerrumpf bei der optimalen Verlegung.<br \/>\nDie Antennen des &#8220; REX 12 \/ Jaro M\u00fcller Edition&#8220; sind mit 2x200mm f\u00fcr den vorgesehenen Verwendungszweck hingegen optimal.<br \/>\nDie\u00a0 fehlende Dipolantenne vermindert die Reichweite theoretisch zwar minimal, praktisch wirkt sich dies jedoch nicht aus! Problemlos k\u00f6nnen Sie mit ihrem Modell an die Sichtgrenze fliegen ( das tun Sie ja auch mit vergleichbar ausgelegten Empf\u00e4ngern minderer Kanalzahl)<\/p>\n<p>&nbsp;<\/p>","protected":false},"excerpt":{"rendered":"<p>Empf\u00e4nger JETI REX Duplex REX 7 Geeignet f\u00fcr Elastino, auch f\u00fcr Mini Ellipse. Gewicht [g] 13 Abmessungen [mm] 42 x 28 x 11 Anzahl der Kan\u00e4le 7 Telemetrie Ja Einsatztemperatur [\u00b0C] -10 &#8230; 85 Kompatible Protokolle DUPLEX 2.4GHz EX, EX Bus Antennenl\u00e4nge [mm] 2 x 200 Versorgungsspannung [V] 3,5 &#8211; 8,4 Durchschnittsstrom [mA] 75 Satellitenempf\u00e4nger [&hellip;]<\/p>\n","protected":false},"author":2,"featured_media":0,"parent":4417,"menu_order":0,"comment_status":"closed","ping_status":"closed","template":"","meta":{"footnotes":""},"class_list":["post-6668","page","type-page","status-publish","hentry"],"_links":{"self":[{"href":"https:\/\/www.jaromuller.com\/de\/wp-json\/wp\/v2\/pages\/6668","targetHints":{"allow":["GET"]}}],"collection":[{"href":"https:\/\/www.jaromuller.com\/de\/wp-json\/wp\/v2\/pages"}],"about":[{"href":"https:\/\/www.jaromuller.com\/de\/wp-json\/wp\/v2\/types\/page"}],"author":[{"embeddable":true,"href":"https:\/\/www.jaromuller.com\/de\/wp-json\/wp\/v2\/users\/2"}],"replies":[{"embeddable":true,"href":"https:\/\/www.jaromuller.com\/de\/wp-json\/wp\/v2\/comments?post=6668"}],"version-history":[{"count":0,"href":"https:\/\/www.jaromuller.com\/de\/wp-json\/wp\/v2\/pages\/6668\/revisions"}],"up":[{"embeddable":true,"href":"https:\/\/www.jaromuller.com\/de\/wp-json\/wp\/v2\/pages\/4417"}],"wp:attachment":[{"href":"https:\/\/www.jaromuller.com\/de\/wp-json\/wp\/v2\/media?parent=6668"}],"curies":[{"name":"wp","href":"https:\/\/api.w.org\/{rel}","templated":true}]}}