{"id":6522,"date":"2022-11-04T19:30:37","date_gmt":"2022-11-04T19:30:37","guid":{"rendered":"http:\/\/www.jaromuller.com\/?page_id=6522"},"modified":"2024-01-28T20:43:37","modified_gmt":"2024-01-28T20:43:37","slug":"elastino-settings","status":"publish","type":"page","link":"https:\/\/www.jaromuller.com\/de\/models\/elastino-f5k-15m\/elastino-settings\/","title":{"rendered":"Einstellungen"},"content":{"rendered":"<p><\/p>\n<h2>Elastino Einstellungen<\/h2>\n<h3>WICHTIG!!!<\/h3>\n<p>Beim Einsatz unserer Elastino ist unbedingt zu beachten, dass sich die Profilkr\u00fcmmung \u00a0automatisch in Abh\u00e4ngigkeit von der Geschwindigkeit des Luftstroms \u00e4ndert.<br \/>\nDas hei\u00dft, dass mit zunehmender Fluggeschwindigkeit (aber auch der Gegenwindgeschwindigkeit) die Profilkr\u00fcmmung automatisch kleiner wird und damit auch das Auftriebs-, Widerstands- und Nickmoment abnimmt.<br \/>\nF\u00fcr die Flugpraxis bedeutet dies, dass sich die Geschwindigkeit des Modells bei Tiefenruder wie gewohnt erst einmal erh\u00f6ht.<br \/>\nWenn das Tiefenruder neutralisiert wird, neigt das Modell jedoch nicht zum Abfangen, \u00a0sondern erh\u00f6ht weiter die Geschwindigkeit und dr\u00fcckt die Nase nach unten, da das Auftriebs- und Nickmoment durch die Profilver\u00e4nderung andere Grundwerte hat!!!<\/p>\n<p>Aus diesem Grund muss f\u00fcr die Flugaufgaben wie Streckenflug und Speedflug nach dem Beschleunigen mit Tiefenruder wieder leicht H\u00f6henruder gezogen werden um die Geschwindigkeit und damit den Neigungswinkel des Modells zu halten.<\/p>\n<p>Umgekehrt nimmt die Profilkr\u00fcmmung zu, wenn die Geschwindigkeit des Luftstroms um das Fl\u00fcgelprofil herum verringert wird, so dass im Langsamflug automatisch der Auftrieb und der Anstellwinkel erh\u00f6ht wird.<br \/>\nSomit ist in diesem Flugzustand nach der Verrringerung der Fluggeschwindigkeit leicht Tiefenruder zum Thermikkreisen zu geben.<\/p>\n<p>F\u00fcr eine gewohnte Reaktion auf der Rollfunktion ( Querruder) verwenden wir eine progressive Expo-Funktion von 55%, was zu gr\u00f6\u00dferen Ausschl\u00e4gen um die Neutralstellung des Steuerkn\u00fcppels f\u00fchrt.<br \/>\nF\u00fcr das H\u00f6henruder gen\u00fcgt eine \u201enormale\u201c EXPO-Funktion\u00a0 von etwa 30%. Ansonsten ist die Steuerung des Modells sehr sensibel.<\/p>\n<p><a href=\"http:\/\/www.jaromuller.com\/wp-content\/uploads\/2022\/11\/ELASTINO-Center-of-gravity_D-1.jpg\"><img loading=\"lazy\" decoding=\"async\" class=\"alignnone size-medium wp-image-6533\" src=\"http:\/\/www.jaromuller.com\/wp-content\/uploads\/2022\/11\/ELASTINO-Center-of-gravity_D-1-300x121.jpg\" alt=\"\" width=\"300\" height=\"121\" srcset=\"https:\/\/www.jaromuller.com\/wp-content\/uploads\/2022\/11\/ELASTINO-Center-of-gravity_D-1-300x121.jpg 300w, https:\/\/www.jaromuller.com\/wp-content\/uploads\/2022\/11\/ELASTINO-Center-of-gravity_D-1-1024x413.jpg 1024w, https:\/\/www.jaromuller.com\/wp-content\/uploads\/2022\/11\/ELASTINO-Center-of-gravity_D-1-768x310.jpg 768w, https:\/\/www.jaromuller.com\/wp-content\/uploads\/2022\/11\/ELASTINO-Center-of-gravity_D-1.jpg 1280w\" sizes=\"auto, (max-width: 300px) 100vw, 300px\" \/><\/a><\/p>\n<p><a href=\"http:\/\/www.jaromuller.com\/wp-content\/uploads\/2022\/11\/ELASTINO-KRIDLO-NS-nastavenie-stredu-skrutenia-kridla_D.jpg\"><img loading=\"lazy\" decoding=\"async\" class=\"alignnone size-medium wp-image-6540\" src=\"http:\/\/www.jaromuller.com\/wp-content\/uploads\/2022\/11\/ELASTINO-KRIDLO-NS-nastavenie-stredu-skrutenia-kridla_D-225x300.jpg\" alt=\"\" width=\"225\" height=\"300\" srcset=\"https:\/\/www.jaromuller.com\/wp-content\/uploads\/2022\/11\/ELASTINO-KRIDLO-NS-nastavenie-stredu-skrutenia-kridla_D-225x300.jpg 225w, https:\/\/www.jaromuller.com\/wp-content\/uploads\/2022\/11\/ELASTINO-KRIDLO-NS-nastavenie-stredu-skrutenia-kridla_D-769x1024.jpg 769w, https:\/\/www.jaromuller.com\/wp-content\/uploads\/2022\/11\/ELASTINO-KRIDLO-NS-nastavenie-stredu-skrutenia-kridla_D-768x1023.jpg 768w, https:\/\/www.jaromuller.com\/wp-content\/uploads\/2022\/11\/ELASTINO-KRIDLO-NS-nastavenie-stredu-skrutenia-kridla_D.jpg 961w\" sizes=\"auto, (max-width: 225px) 100vw, 225px\" \/><\/a><\/p>\n<p><a href=\"http:\/\/www.jaromuller.com\/wp-content\/uploads\/2022\/11\/ELASTINO_MERANIE-NATACANIA-KRIDLA_D.jpg\"><img loading=\"lazy\" decoding=\"async\" class=\"alignnone size-medium wp-image-6535\" src=\"http:\/\/www.jaromuller.com\/wp-content\/uploads\/2022\/11\/ELASTINO_MERANIE-NATACANIA-KRIDLA_D-300x212.jpg\" alt=\"\" width=\"300\" height=\"212\" srcset=\"https:\/\/www.jaromuller.com\/wp-content\/uploads\/2022\/11\/ELASTINO_MERANIE-NATACANIA-KRIDLA_D-300x212.jpg 300w, https:\/\/www.jaromuller.com\/wp-content\/uploads\/2022\/11\/ELASTINO_MERANIE-NATACANIA-KRIDLA_D-1024x724.jpg 1024w, https:\/\/www.jaromuller.com\/wp-content\/uploads\/2022\/11\/ELASTINO_MERANIE-NATACANIA-KRIDLA_D-768x543.jpg 768w, https:\/\/www.jaromuller.com\/wp-content\/uploads\/2022\/11\/ELASTINO_MERANIE-NATACANIA-KRIDLA_D.jpg 1280w\" sizes=\"auto, (max-width: 300px) 100vw, 300px\" \/><\/a><\/p>\n<p><a href=\"http:\/\/www.jaromuller.com\/wp-content\/uploads\/2022\/11\/ELASTINO-V-PLOCHA-VYCHYLKY_D.jpg\"><img loading=\"lazy\" decoding=\"async\" class=\"alignnone size-medium wp-image-6536\" src=\"http:\/\/www.jaromuller.com\/wp-content\/uploads\/2022\/11\/ELASTINO-V-PLOCHA-VYCHYLKY_D-300x204.jpg\" alt=\"\" width=\"300\" height=\"204\" srcset=\"https:\/\/www.jaromuller.com\/wp-content\/uploads\/2022\/11\/ELASTINO-V-PLOCHA-VYCHYLKY_D-300x204.jpg 300w, https:\/\/www.jaromuller.com\/wp-content\/uploads\/2022\/11\/ELASTINO-V-PLOCHA-VYCHYLKY_D-1024x695.jpg 1024w, https:\/\/www.jaromuller.com\/wp-content\/uploads\/2022\/11\/ELASTINO-V-PLOCHA-VYCHYLKY_D-768x521.jpg 768w, https:\/\/www.jaromuller.com\/wp-content\/uploads\/2022\/11\/ELASTINO-V-PLOCHA-VYCHYLKY_D.jpg 1280w\" sizes=\"auto, (max-width: 300px) 100vw, 300px\" \/><\/a><\/p>\n<p><a href=\"http:\/\/www.jaromuller.com\/wp-content\/uploads\/2022\/11\/ELASTINO-Brake-flaps-deflections_D.jpg\"><img loading=\"lazy\" decoding=\"async\" class=\"alignnone size-medium wp-image-6548\" src=\"http:\/\/www.jaromuller.com\/wp-content\/uploads\/2022\/11\/ELASTINO-Brake-flaps-deflections_D-300x135.jpg\" alt=\"\" width=\"300\" height=\"135\" srcset=\"https:\/\/www.jaromuller.com\/wp-content\/uploads\/2022\/11\/ELASTINO-Brake-flaps-deflections_D-300x135.jpg 300w, https:\/\/www.jaromuller.com\/wp-content\/uploads\/2022\/11\/ELASTINO-Brake-flaps-deflections_D-1024x460.jpg 1024w, https:\/\/www.jaromuller.com\/wp-content\/uploads\/2022\/11\/ELASTINO-Brake-flaps-deflections_D-768x345.jpg 768w, https:\/\/www.jaromuller.com\/wp-content\/uploads\/2022\/11\/ELASTINO-Brake-flaps-deflections_D.jpg 1280w\" sizes=\"auto, (max-width: 300px) 100vw, 300px\" \/><\/a><\/p>","protected":false},"excerpt":{"rendered":"<p>Elastino Einstellungen WICHTIG!!! Beim Einsatz unserer Elastino ist unbedingt zu beachten, dass sich die Profilkr\u00fcmmung \u00a0automatisch in Abh\u00e4ngigkeit von der Geschwindigkeit des Luftstroms \u00e4ndert. Das hei\u00dft, dass mit zunehmender Fluggeschwindigkeit (aber auch der Gegenwindgeschwindigkeit) die Profilkr\u00fcmmung automatisch kleiner wird und damit auch das Auftriebs-, Widerstands- und Nickmoment abnimmt. F\u00fcr die Flugpraxis bedeutet dies, dass sich [&hellip;]<\/p>\n","protected":false},"author":2,"featured_media":0,"parent":5495,"menu_order":0,"comment_status":"closed","ping_status":"closed","template":"","meta":{"footnotes":""},"class_list":["post-6522","page","type-page","status-publish","hentry"],"_links":{"self":[{"href":"https:\/\/www.jaromuller.com\/de\/wp-json\/wp\/v2\/pages\/6522","targetHints":{"allow":["GET"]}}],"collection":[{"href":"https:\/\/www.jaromuller.com\/de\/wp-json\/wp\/v2\/pages"}],"about":[{"href":"https:\/\/www.jaromuller.com\/de\/wp-json\/wp\/v2\/types\/page"}],"author":[{"embeddable":true,"href":"https:\/\/www.jaromuller.com\/de\/wp-json\/wp\/v2\/users\/2"}],"replies":[{"embeddable":true,"href":"https:\/\/www.jaromuller.com\/de\/wp-json\/wp\/v2\/comments?post=6522"}],"version-history":[{"count":0,"href":"https:\/\/www.jaromuller.com\/de\/wp-json\/wp\/v2\/pages\/6522\/revisions"}],"up":[{"embeddable":true,"href":"https:\/\/www.jaromuller.com\/de\/wp-json\/wp\/v2\/pages\/5495"}],"wp:attachment":[{"href":"https:\/\/www.jaromuller.com\/de\/wp-json\/wp\/v2\/media?parent=6522"}],"curies":[{"name":"wp","href":"https:\/\/api.w.org\/{rel}","templated":true}]}}