{"id":6336,"date":"2022-06-19T11:33:38","date_gmt":"2022-06-19T10:33:38","guid":{"rendered":"http:\/\/www.jaromuller.com\/?page_id=6336"},"modified":"2024-02-25T19:18:13","modified_gmt":"2024-02-25T19:18:13","slug":"prive-list","status":"publish","type":"page","link":"https:\/\/www.jaromuller.com\/de\/models\/elastino-f5k-15m\/prive-list\/","title":{"rendered":"Preisliste"},"content":{"rendered":"<p><\/p>\n<h2>Preisliste ELASTINO g\u00fcltig von 1.4.2023<\/h2>\n<p><strong>Durch eine EU-Neuregelung sind wir ab sofort verpflichtet, f\u00fcr Kunden innerhalb der Europ\u00e4ischen Union (EU) die Mehrwertsteuer ihres Heimatlandes zu berechnen.<br \/>\n<\/strong>Auf Basis des Nettopreises (ohne Mehrwertsteuer) haben wir beispielhaft die Kundenendpreise inkl. der Mehrwertsteuer (Bruttopreise) f\u00fcr Deutschland (DE 19%) sowie f\u00fcr die Slowakische Republik (SK), \u00d6sterreich (AT) und Frankreich (F) aufgelistet.<br \/>\nF\u00fcr alle anderen Mitgliedsl\u00e4nder der EU addieren Sie bitte die Mehrwertsteuer ihres Heimatlandes zu den ausgewiesenen Nettopreisen.<\/p>\n<p>F\u00fcr Kunden au\u00dferhalb der EU gilt der angezeigte Nettopreis.<br \/>\nDie Mehrwertsteuer Ihres Heimatlandes und m\u00f6gliche Zollabgaben werden bei der Einfuhrverzollung zus\u00e4tzlich in Rechnung gestellt.<\/p>\n<table width=\"689\">\n<tbody>\n<tr>\n<td width=\"486\">PRODUKTBESCHREIBUNG<\/td>\n<td width=\"52\">PREIS<br \/>\nNETTO<\/td>\n<td width=\"70\">PREIS<br \/>\nBRUTTO<br \/>\nMwSt 19%<br \/>\n(DE&#8230;)<\/td>\n<td width=\"81\">PREIS<br \/>\nBRUTTO<br \/>\nMwSt 20%<br \/>\n(SK,AT,FR&#8230;)<\/td>\n<\/tr>\n<tr>\n<td colspan=\"4\"><strong><span style=\"color: #0000ff;\">Komplettmodell<\/span><\/strong><\/td>\n<\/tr>\n<tr>\n<td>ELASTINO ver. EV (F5K)<\/td>\n<td>699 \u20ac<\/td>\n<td>831,81 \u20ac<\/td>\n<td>838,80 \u20ac<\/td>\n<\/tr>\n<tr>\n<td colspan=\"4\"><\/td>\n<\/tr>\n<tr>\n<td colspan=\"4\"><strong><span style=\"color: #0000ff;\">Zubeh\u00f6r (nicht im Lieferumfang Komplettmodell)<\/span><\/strong><\/td>\n<\/tr>\n<tr>\n<td>KST -Servosatz 4,8-8,4V montiert &#8211; 2xX06 (V), 1x X06H (Bremse), 2x A08 (Q)<\/td>\n<td>259 \u20ac<\/td>\n<td>308,21<\/td>\n<td>310,80 \u20ac<\/td>\n<\/tr>\n<tr>\n<td>Antriebseinheit montiert &#8211; Motor LF1507 KV2700 , GM-Propeller 6&#215;4,5&#8243;, GM-Spinner 25mm<\/td>\n<td>99 \u20ac<\/td>\n<td>117,81<\/td>\n<td>118,80 \u20ac<\/td>\n<\/tr>\n<tr>\n<td>Drehzahlregler montiert &#8211; Sunrise BLHELI-32 (31A)<\/td>\n<td>22 \u20ac<\/td>\n<td>26,18<\/td>\n<td>26,40 \u20ac<\/td>\n<\/tr>\n<tr>\n<td>ELASTINO Schutztaschen Sonnenschutz &#8211; Satz f\u00fcr Tragfl\u00e4che und V-Leitwerk<\/td>\n<td>42 \u20ac<\/td>\n<td>49,98<\/td>\n<td>50,40 \u20ac<\/td>\n<\/tr>\n<tr>\n<td>ELASTINO Zusatzgewicht &#8211; Box (3g) + 2x Gewicht 34g + 2x Gewicht 27g<\/td>\n<td>34 \u20ac<\/td>\n<td>40,46<\/td>\n<td>40,80 \u20ac<\/td>\n<\/tr>\n<tr>\n<td>JETI Empf\u00e4nger DUPLEX REX 6<\/td>\n<td>74 \u20ac<\/td>\n<td>88,06<\/td>\n<td>88,80 \u20ac<\/td>\n<\/tr>\n<tr>\n<td>JETI Empf\u00e4nger DUPLEX Rex 7 Slim<\/td>\n<td>96 \u20ac<\/td>\n<td>114,24 \u20ac<\/td>\n<td>115,20 \u20ac<\/td>\n<\/tr>\n<tr>\n<td>JETI Empf\u00e4nger DUPLEX Rex 7 Slim Assist<\/td>\n<td>147 \u20ac<\/td>\n<td>174,93 \u20ac<\/td>\n<td>176,40 \u20ac<\/td>\n<\/tr>\n<tr>\n<td><\/td>\n<td><\/td>\n<td><\/td>\n<td><\/td>\n<\/tr>\n<tr>\n<td colspan=\"4\"><strong><span style=\"color: #0000ff;\">Ersatzteile<\/span><\/strong><\/td>\n<\/tr>\n<tr>\n<td>ELASTINO Fl\u00fcgel (R)<\/td>\n<td>214 \u20ac<\/td>\n<td>254,66 \u20ac<\/td>\n<td>256,80 \u20ac<\/td>\n<\/tr>\n<tr>\n<td>ELASTINO Fl\u00fcgel (L)<\/td>\n<td>214 \u20ac<\/td>\n<td>254,66 \u20ac<\/td>\n<td>256,80 \u20ac<\/td>\n<\/tr>\n<tr>\n<td>ELASTINO Rumpf ver. EX (ohne Kabinenhaube)<\/td>\n<td>165 \u20ac<\/td>\n<td>196,35 \u20ac<\/td>\n<td>198,00 \u20ac<\/td>\n<\/tr>\n<tr>\n<td>ELASTINO\u00a0 V-Leitwerk\u00a0 (R)<\/td>\n<td>43 \u20ac<\/td>\n<td>51,17 \u20ac<\/td>\n<td>51,60 \u20ac<\/td>\n<\/tr>\n<tr>\n<td>ELASTINO\u00a0 V-Leitwerk\u00a0 (L)<\/td>\n<td>43 \u20ac<\/td>\n<td>51,17 \u20ac<\/td>\n<td>51,60 \u20ac<\/td>\n<\/tr>\n<tr>\n<td>ELASTINO Kabinenehaube<\/td>\n<td>10 \u20ac<\/td>\n<td>11,90 \u20ac<\/td>\n<td>12,00 \u20ac<\/td>\n<\/tr>\n<tr>\n<td>ELASTINO Servoabdeckung Rumpf<\/td>\n<td>10 \u20ac<\/td>\n<td>11,90 \u20ac<\/td>\n<td>12,00 \u20ac<\/td>\n<\/tr>\n<tr>\n<td>ELASTINO Fl\u00e4chenverbinder CFK<\/td>\n<td>20 \u20ac<\/td>\n<td>23,80 \u20ac<\/td>\n<td>24,00 \u20ac<\/td>\n<\/tr>\n<tr>\n<td>KST servo A06 (4,8-8,4V) &#8211; f\u00fcr V-Leitwerk<\/td>\n<td>45 \u20ac<\/td>\n<td>53,55 \u20ac<\/td>\n<td>54,00 \u20ac<\/td>\n<\/tr>\n<tr>\n<td>KST servo A06H (4,8-8,4V) &#8211; f\u00fcr Brensklappen<\/td>\n<td>45 \u20ac<\/td>\n<td>53,55 \u20ac<\/td>\n<td>54,00 \u20ac<\/td>\n<\/tr>\n<tr>\n<td>KST servo A08 (3,8-8,4V) &#8211; f\u00fcr Querruder<\/td>\n<td>44 \u20ac<\/td>\n<td>52,36 \u20ac<\/td>\n<td>52,80 \u20ac<\/td>\n<\/tr>\n<tr>\n<td>Elektromotor LF1507 KV2700<\/td>\n<td>35 \u20ac<\/td>\n<td>41,65 \u20ac<\/td>\n<td>42,00 \u20ac<\/td>\n<\/tr>\n<tr>\n<td>Propeller GM 6&#215;4,5<\/td>\n<td>25 \u20ac<\/td>\n<td>29,75 \u20ac<\/td>\n<td>30,00 \u20ac<\/td>\n<\/tr>\n<tr>\n<td>Spinner GM 25mm<\/td>\n<td>35 \u20ac<\/td>\n<td>41,65 \u20ac<\/td>\n<td>42,00 \u20ac<\/td>\n<\/tr>\n<\/tbody>\n<\/table>\n<p>&nbsp;<\/p>\n<table style=\"height: 110px;\" width=\"537\">\n<tbody>\n<tr>\n<td width=\"486\"><span style=\"color: #0000ff;\"><strong>Legende:<\/strong><\/span><\/td>\n<\/tr>\n<tr>\n<td>\u00a0<strong>G<\/strong> &#8211; Segler\u00a0\u00a0\u00a0\u00a0 <strong>E<\/strong> &#8211; Elektro\u00a0\u00a0\u00a0 <strong>V<\/strong> &#8211; V-Leitwerk<\/td>\n<\/tr>\n<tr>\n<td><strong>ver.<\/strong> &#8211; Version\u00a0\u00a0\u00a0\u00a0\u00a0\u00a0<strong>(L\/R)<\/strong> &#8211; links\/recht\u00a0 \u00a0 \u00a0 <strong>n.v.<\/strong> &#8211; zu Zeit nicht verf\u00fcgbar<\/td>\n<\/tr>\n<\/tbody>\n<\/table>\n<p><\/p>","protected":false},"excerpt":{"rendered":"<p>Preisliste ELASTINO g\u00fcltig von 1.4.2023 Durch eine EU-Neuregelung sind wir ab sofort verpflichtet, f\u00fcr Kunden innerhalb der Europ\u00e4ischen Union (EU) die Mehrwertsteuer ihres Heimatlandes zu berechnen. Auf Basis des Nettopreises (ohne Mehrwertsteuer) haben wir beispielhaft die Kundenendpreise inkl. der Mehrwertsteuer (Bruttopreise) f\u00fcr Deutschland (DE 19%) sowie f\u00fcr die Slowakische Republik (SK), \u00d6sterreich (AT) und Frankreich [&hellip;]<\/p>\n","protected":false},"author":2,"featured_media":0,"parent":5495,"menu_order":0,"comment_status":"closed","ping_status":"closed","template":"","meta":{"footnotes":""},"class_list":["post-6336","page","type-page","status-publish","hentry"],"_links":{"self":[{"href":"https:\/\/www.jaromuller.com\/de\/wp-json\/wp\/v2\/pages\/6336","targetHints":{"allow":["GET"]}}],"collection":[{"href":"https:\/\/www.jaromuller.com\/de\/wp-json\/wp\/v2\/pages"}],"about":[{"href":"https:\/\/www.jaromuller.com\/de\/wp-json\/wp\/v2\/types\/page"}],"author":[{"embeddable":true,"href":"https:\/\/www.jaromuller.com\/de\/wp-json\/wp\/v2\/users\/2"}],"replies":[{"embeddable":true,"href":"https:\/\/www.jaromuller.com\/de\/wp-json\/wp\/v2\/comments?post=6336"}],"version-history":[{"count":0,"href":"https:\/\/www.jaromuller.com\/de\/wp-json\/wp\/v2\/pages\/6336\/revisions"}],"up":[{"embeddable":true,"href":"https:\/\/www.jaromuller.com\/de\/wp-json\/wp\/v2\/pages\/5495"}],"wp:attachment":[{"href":"https:\/\/www.jaromuller.com\/de\/wp-json\/wp\/v2\/media?parent=6336"}],"curies":[{"name":"wp","href":"https:\/\/api.w.org\/{rel}","templated":true}]}}