{"id":6024,"date":"2021-10-08T20:54:58","date_gmt":"2021-10-08T19:54:58","guid":{"rendered":"http:\/\/www.jaromuller.com\/?page_id=6024"},"modified":"2024-02-25T18:42:03","modified_gmt":"2024-02-25T18:42:03","slug":"price-list-espadita","status":"publish","type":"page","link":"https:\/\/www.jaromuller.com\/de\/models\/espadita-2-m\/price-list-espadita\/","title":{"rendered":"Preisliste"},"content":{"rendered":"<p><\/p>\n<h3>Preisliste ESPADITA g\u00fcltig von 1.4.2023.<\/h3>\n<p><strong>Durch eine EU-Neuregelung sind wir ab sofort verpflichtet, f\u00fcr Kunden innerhalb der Europ\u00e4ischen Union (EU) die Mehrwertsteuer ihres Heimatlandes zu berechnen.<br \/>\n<\/strong>Auf Basis des Nettopreises (ohne Mehrwertsteuer) haben wir beispielhaft die Kundenendpreise inkl. der Mehrwertsteuer (Bruttopreise) f\u00fcr Deutschland (DE 19%) sowie f\u00fcr die Slowakische Republik (SK), \u00d6sterreich (AT) und Frankreich (F) aufgelistet.<br \/>\nF\u00fcr alle anderen Mitgliedsl\u00e4nder der EU addieren Sie bitte die Mehrwertsteuer ihres Heimatlandes zu den ausgewiesenen Nettopreisen.<\/p>\n<p>F\u00fcr Kunden au\u00dferhalb der EU gilt der angezeigte Nettopreis.<br \/>\nDie Mehrwertsteuer Ihres Heimatlandes und m\u00f6gliche Zollabgaben werden bei der Einfuhrverzollung zus\u00e4tzlich in Rechnung gestellt.<\/p>\n<p>&nbsp;<\/p>\n<table width=\"684\">\n<tbody>\n<tr>\n<td width=\"491\">PRODUKTBESCHREIBUNG<\/td>\n<td width=\"52\">PREIS<br \/>\nNETTO<\/td>\n<td width=\"62\">PREIS<br \/>\nBRUTTO<br \/>\nMwSt 19%<br \/>\n(DE&#8230;)<\/td>\n<td width=\"79\">PREIS<br \/>\nBRUTTO<br \/>\nMwSt 20%<br \/>\n(SK,AT,FR&#8230;)<\/td>\n<\/tr>\n<tr>\n<td colspan=\"4\"><strong><span style=\"color: #0000ff;\">Komplettmodell<\/span><\/strong><\/td>\n<\/tr>\n<tr>\n<td>ESPADITA V2 ver. GX, standard, 3 Farben Standard-Design<\/td>\n<td>831 \u20ac<\/td>\n<td>989,35 \u20ac<\/td>\n<td>997,67 \u20ac<\/td>\n<\/tr>\n<tr>\n<td>ESPADITA V2 ver. EX, standard, 3 Farben Standard-Design<\/td>\n<td>831 \u20ac<\/td>\n<td>989,35 \u20ac<\/td>\n<td>997,67 \u20ac<\/td>\n<\/tr>\n<tr>\n<td>ESPADITA V2 ver. EX, leicht, 3 Farben Standard-Design<\/td>\n<td>831 \u20ac<\/td>\n<td>988,89 \u20ac<\/td>\n<td>997,20 \u20ac<\/td>\n<\/tr>\n<tr>\n<td>Preis f\u00fcr jede weitere Farbe<\/td>\n<td>39 \u20ac<\/td>\n<td>46,23 \u20ac<\/td>\n<td>46,62 \u20ac<\/td>\n<\/tr>\n<tr>\n<td><\/td>\n<td><\/td>\n<td><\/td>\n<td><\/td>\n<\/tr>\n<tr>\n<td colspan=\"4\"><strong><span style=\"color: #0000ff;\">Zubeh\u00f6r (nicht im Lieferumfang Komplettmodell)<\/span><\/strong><\/td>\n<\/tr>\n<tr>\n<td>ESPADITA Satz Gewicht 300g, f\u00fcr GV<\/td>\n<td>34 \u20ac<\/td>\n<td>40,46 \u20ac<\/td>\n<td>40,80 \u20ac<\/td>\n<\/tr>\n<tr>\n<td>ESPADITA Ballast -Steckverbinder Stahl 500g, f\u00fcr GV,EV<\/td>\n<td>43 \u20ac<\/td>\n<td>51,17 \u20ac<\/td>\n<td>51,60 \u20ac<\/td>\n<\/tr>\n<tr>\n<td>ESPADITA Modellrucksack<\/td>\n<td>46 \u20ac<\/td>\n<td>54,74 \u20ac<\/td>\n<td>55,20 \u20ac<\/td>\n<\/tr>\n<tr>\n<td>ESPADITA Schutztasche Rumpf<\/td>\n<td>36 \u20ac<\/td>\n<td>42,27 \u20ac<\/td>\n<td>42,62 \u20ac<\/td>\n<\/tr>\n<tr>\n<td>ESPADITA Schutztasche Fl\u00fcgel<\/td>\n<td>47 \u20ac<\/td>\n<td>55,48 \u20ac<\/td>\n<td>55,94 \u20ac<\/td>\n<\/tr>\n<tr>\n<td>ESPADITA Schutztaschen Sonnenschutz &#8211; Satz f\u00fcr Tragfl\u00e4che und V-Leitwerk<\/td>\n<td>54 \u20ac<\/td>\n<td>64,26 \u20ac<\/td>\n<td>64,80 \u20ac<\/td>\n<\/tr>\n<tr>\n<td>Servosatz standard montiert &#8211; 5x S3174SV (4,8-8,4V), 1x KST A8 (3,8-8,4V)<\/td>\n<td>286 \u20ac<\/td>\n<td>340,34 \u20ac<\/td>\n<td>343,20 \u20ac<\/td>\n<\/tr>\n<tr>\n<td>Servosatz leicht montiert &#8211; 6x KST A8 (3,8-8,4V)<\/td>\n<td>246 \u20ac<\/td>\n<td>292,74 \u20ac<\/td>\n<td>295,20 \u20ac<\/td>\n<\/tr>\n<tr>\n<td>Antriebseinheit MEGA AC 16\/20\/4CE m. Propeller und Spinner Aeronaut CAMcarbon Z 10&#215;6&#8243; montiert<\/td>\n<td>124 \u20ac<\/td>\n<td>147,56 \u20ac<\/td>\n<td>148,80 \u20ac<\/td>\n<\/tr>\n<tr>\n<td>Elektronische Drehzahlregler YGE 35LVT\u00a0 mit Telemetrie und BEC 5A\/10A<\/td>\n<td>92 \u20ac<\/td>\n<td>109,48 \u20ac<\/td>\n<td>110,40 \u20ac<\/td>\n<\/tr>\n<tr>\n<td>USB-Adapter YGE<\/td>\n<td>39 \u20ac<\/td>\n<td>46,41 \u20ac<\/td>\n<td>46,80 \u20ac<\/td>\n<\/tr>\n<tr>\n<td>JETI Empf\u00e4nger DUPLEX Rex 7 Slim<\/td>\n<td>96 \u20ac<\/td>\n<td>114,24 \u20ac<\/td>\n<td>115,20 \u20ac<\/td>\n<\/tr>\n<tr>\n<td>JETI Empf\u00e4nger DUPLEX Rex 7 Slim Assist<\/td>\n<td>147 \u20ac<\/td>\n<td>174,93 \u20ac<\/td>\n<td>176,40 \u20ac<\/td>\n<\/tr>\n<tr>\n<td>JETI Empf\u00e4nger DUPLEX Rex 9 Slim<\/td>\n<td>106 \u20ac<\/td>\n<td>126,14 \u20ac<\/td>\n<td>127,20 \u20ac<\/td>\n<\/tr>\n<tr>\n<td>JETI Empf\u00e4nger DUPLEX Rex 9 Slim Assist<\/td>\n<td>165 \u20ac<\/td>\n<td>196,35 \u20ac<\/td>\n<td>198,00 \u20ac<\/td>\n<\/tr>\n<tr>\n<td><\/td>\n<td><\/td>\n<td><\/td>\n<td><\/td>\n<\/tr>\n<tr>\n<td colspan=\"4\"><strong><span style=\"color: #0000ff;\">Ersatzteile<\/span><\/strong><\/td>\n<\/tr>\n<tr>\n<td>ESPADITA V2 Fl\u00fcgel (R) Standard<\/td>\n<td>252 \u20ac<\/td>\n<td>299,84 \u20ac<\/td>\n<td>302,36 \u20ac<\/td>\n<\/tr>\n<tr>\n<td>ESPADITA V2 Fl\u00fcgel (L) Standard<\/td>\n<td>252 \u20ac<\/td>\n<td>299,84 \u20ac<\/td>\n<td>302,36 \u20ac<\/td>\n<\/tr>\n<tr>\n<td>ESPADITA V2 Fl\u00fcgel (R) leicht<\/td>\n<td>252 \u20ac<\/td>\n<td>299,84 \u20ac<\/td>\n<td>302,36 \u20ac<\/td>\n<\/tr>\n<tr>\n<td>ESPADITA V2 Fl\u00fcgel (L) leicht<\/td>\n<td>252 \u20ac<\/td>\n<td>299,84 \u20ac<\/td>\n<td>302,36 \u20ac<\/td>\n<\/tr>\n<tr>\n<td>ESPADITA V2 Rumpf ver. EX (ohne Kabinenhaube und Seitenruder)<\/td>\n<td>195 \u20ac<\/td>\n<td>232,48 \u20ac<\/td>\n<td>234,43 \u20ac<\/td>\n<\/tr>\n<tr>\n<td>ESPADITA V2 Rumpf ver. EX leicht (ohne Kabinenhaube und Seitenruder)<\/td>\n<td>195 \u20ac<\/td>\n<td>232,48 \u20ac<\/td>\n<td>234,43 \u20ac<\/td>\n<\/tr>\n<tr>\n<td>ESPADITA V2 Rumpf ver. GX (ohne Kabinenhaube und Seitenruder)<\/td>\n<td>195 \u20ac<\/td>\n<td>232,48 \u20ac<\/td>\n<td>234,43 \u20ac<\/td>\n<\/tr>\n<tr>\n<td>ESPADITA X-Leitwerk<\/td>\n<td>99 \u20ac<\/td>\n<td>117,56 \u20ac<\/td>\n<td>118,55 \u20ac<\/td>\n<\/tr>\n<tr>\n<td>ESPADITA Seitenruder<\/td>\n<td>26 \u20ac<\/td>\n<td>30,38 \u20ac<\/td>\n<td>30,64 \u20ac<\/td>\n<\/tr>\n<tr>\n<td>ESPADITA Kabinenhaube<\/td>\n<td>29 \u20ac<\/td>\n<td>34,34 \u20ac<\/td>\n<td>34,63 \u20ac<\/td>\n<\/tr>\n<tr>\n<td>Carbon Steckverbinder Fl\u00fcgel 13&#215;20 mm<\/td>\n<td>49 \u20ac<\/td>\n<td>58,12 \u20ac<\/td>\n<td>58,61 \u20ac<\/td>\n<\/tr>\n<tr>\n<td>X-tail Steckverbinder vorne H\u00f6henruder 3mm<\/td>\n<td>4 \u20ac<\/td>\n<td>5,28 \u20ac<\/td>\n<td>5,33 \u20ac<\/td>\n<\/tr>\n<tr>\n<td>X-tail Steckverbinder H\u00f6henruder 6mm<\/td>\n<td>7 \u20ac<\/td>\n<td>7,93 \u20ac<\/td>\n<td>7,99 \u20ac<\/td>\n<\/tr>\n<tr>\n<td>Futaba Servo S3174SV (5,0-8,4V) &#8211; f\u00fcr Querruder und Klappen<\/td>\n<td>51 \u20ac<\/td>\n<td>60,69 \u20ac<\/td>\n<td>61,20 \u20ac<\/td>\n<\/tr>\n<tr>\n<td>KST Servo A08 (3,8-8,4V) &#8211; f\u00fcr Leitwerk<\/td>\n<td>44 \u20ac<\/td>\n<td>52,36 \u20ac<\/td>\n<td>52,80 \u20ac<\/td>\n<\/tr>\n<tr>\n<td>Luftschraubenbl\u00e4tter FOXY Carbon 11&#215;6<\/td>\n<td>5 \u20ac<\/td>\n<td>5,95 \u20ac<\/td>\n<td>6,00 \u20ac<\/td>\n<\/tr>\n<\/tbody>\n<\/table>\n<p>&nbsp;<\/p>\n<table width=\"532\">\n<tbody>\n<tr>\n<td width=\"532\"><strong><span style=\"color: #0000ff;\">Legende:<\/span><\/strong><\/td>\n<\/tr>\n<tr>\n<td>\u00a0<strong>G<\/strong> &#8211;\u00a0Segler\u00a0\u00a0\u00a0\u00a0 <strong>E<\/strong> &#8211;\u00a0Elektro\u00a0\u00a0\u00a0 <strong>V<\/strong> &#8211;\u00a0V-Leitwerk<\/td>\n<\/tr>\n<tr>\n<td><strong>ver.<\/strong>\u00a0&#8211; Version\u00a0\u00a0\u00a0\u00a0\u00a0\u00a0<strong>(L\/R)<\/strong> &#8211; links\/recht\u00a0 \u00a0 \u00a0 \u00a0<strong>n.v.<\/strong> &#8211; zu Zeit nicht verf\u00fcgbar<\/td>\n<\/tr>\n<\/tbody>\n<\/table>\n<p>&nbsp;<\/p>\n<div id='gallery-2' class='gallery galleryid-6024 gallery-columns-4 gallery-size-medium'><figure class='gallery-item'>\n\t\t\t<div class='gallery-icon portrait'>\n\t\t\t\t<a href='https:\/\/www.jaromuller.com\/wp-content\/uploads\/2023\/03\/Servosatz-Rumpf-leicht.jpg'><img loading=\"lazy\" decoding=\"async\" width=\"225\" height=\"300\" src=\"https:\/\/www.jaromuller.com\/wp-content\/uploads\/2023\/03\/Servosatz-Rumpf-leicht-225x300.jpg\" class=\"attachment-medium size-medium\" alt=\"\" srcset=\"https:\/\/www.jaromuller.com\/wp-content\/uploads\/2023\/03\/Servosatz-Rumpf-leicht-225x300.jpg 225w, https:\/\/www.jaromuller.com\/wp-content\/uploads\/2023\/03\/Servosatz-Rumpf-leicht.jpg 360w\" sizes=\"auto, (max-width: 225px) 100vw, 225px\" \/><\/a>\n\t\t\t<\/div><\/figure><figure class='gallery-item'>\n\t\t\t<div class='gallery-icon portrait'>\n\t\t\t\t<a href='https:\/\/www.jaromuller.com\/wp-content\/uploads\/2023\/03\/Servosatz-Flugel-leicht.jpg'><img loading=\"lazy\" decoding=\"async\" width=\"225\" height=\"300\" src=\"https:\/\/www.jaromuller.com\/wp-content\/uploads\/2023\/03\/Servosatz-Flugel-leicht-225x300.jpg\" class=\"attachment-medium size-medium\" alt=\"\" srcset=\"https:\/\/www.jaromuller.com\/wp-content\/uploads\/2023\/03\/Servosatz-Flugel-leicht-225x300.jpg 225w, https:\/\/www.jaromuller.com\/wp-content\/uploads\/2023\/03\/Servosatz-Flugel-leicht.jpg 360w\" sizes=\"auto, (max-width: 225px) 100vw, 225px\" \/><\/a>\n\t\t\t<\/div><\/figure><figure class='gallery-item'>\n\t\t\t<div class='gallery-icon portrait'>\n\t\t\t\t<a href='https:\/\/www.jaromuller.com\/wp-content\/uploads\/2023\/03\/Servosatz-Rumpf-standard.jpg'><img loading=\"lazy\" decoding=\"async\" width=\"225\" height=\"300\" src=\"https:\/\/www.jaromuller.com\/wp-content\/uploads\/2023\/03\/Servosatz-Rumpf-standard-225x300.jpg\" class=\"attachment-medium size-medium\" alt=\"\" srcset=\"https:\/\/www.jaromuller.com\/wp-content\/uploads\/2023\/03\/Servosatz-Rumpf-standard-225x300.jpg 225w, https:\/\/www.jaromuller.com\/wp-content\/uploads\/2023\/03\/Servosatz-Rumpf-standard.jpg 360w\" sizes=\"auto, (max-width: 225px) 100vw, 225px\" \/><\/a>\n\t\t\t<\/div><\/figure><figure class='gallery-item'>\n\t\t\t<div class='gallery-icon portrait'>\n\t\t\t\t<a href='https:\/\/www.jaromuller.com\/wp-content\/uploads\/2023\/03\/Servosatz-Flugel-standard.jpg'><img loading=\"lazy\" decoding=\"async\" width=\"225\" height=\"300\" src=\"https:\/\/www.jaromuller.com\/wp-content\/uploads\/2023\/03\/Servosatz-Flugel-standard-225x300.jpg\" class=\"attachment-medium size-medium\" alt=\"\" srcset=\"https:\/\/www.jaromuller.com\/wp-content\/uploads\/2023\/03\/Servosatz-Flugel-standard-225x300.jpg 225w, https:\/\/www.jaromuller.com\/wp-content\/uploads\/2023\/03\/Servosatz-Flugel-standard.jpg 360w\" sizes=\"auto, (max-width: 225px) 100vw, 225px\" \/><\/a>\n\t\t\t<\/div><\/figure><figure class='gallery-item'>\n\t\t\t<div class='gallery-icon landscape'>\n\t\t\t\t<a href='https:\/\/www.jaromuller.com\/wp-content\/uploads\/2022\/06\/Sonnenschutz-1.jpg'><img loading=\"lazy\" decoding=\"async\" width=\"300\" height=\"225\" src=\"https:\/\/www.jaromuller.com\/wp-content\/uploads\/2022\/06\/Sonnenschutz-1-300x225.jpg\" class=\"attachment-medium size-medium\" alt=\"\" srcset=\"https:\/\/www.jaromuller.com\/wp-content\/uploads\/2022\/06\/Sonnenschutz-1-300x225.jpg 300w, https:\/\/www.jaromuller.com\/wp-content\/uploads\/2022\/06\/Sonnenschutz-1.jpg 640w\" sizes=\"auto, (max-width: 300px) 100vw, 300px\" \/><\/a>\n\t\t\t<\/div><\/figure><figure class='gallery-item'>\n\t\t\t<div class='gallery-icon landscape'>\n\t\t\t\t<a href='https:\/\/www.jaromuller.com\/wp-content\/uploads\/2024\/02\/MEGA_Aeronaut-CAMPropZ.jpg'><img loading=\"lazy\" decoding=\"async\" width=\"300\" height=\"225\" src=\"https:\/\/www.jaromuller.com\/wp-content\/uploads\/2024\/02\/MEGA_Aeronaut-CAMPropZ-300x225.jpg\" class=\"attachment-medium size-medium\" alt=\"\" srcset=\"https:\/\/www.jaromuller.com\/wp-content\/uploads\/2024\/02\/MEGA_Aeronaut-CAMPropZ-300x225.jpg 300w, https:\/\/www.jaromuller.com\/wp-content\/uploads\/2024\/02\/MEGA_Aeronaut-CAMPropZ.jpg 644w\" sizes=\"auto, (max-width: 300px) 100vw, 300px\" \/><\/a>\n\t\t\t<\/div><\/figure>\n\t\t<\/div>\n<\/p>","protected":false},"excerpt":{"rendered":"<p>Preisliste ESPADITA g\u00fcltig von 1.4.2023. Durch eine EU-Neuregelung sind wir ab sofort verpflichtet, f\u00fcr Kunden innerhalb der Europ\u00e4ischen Union (EU) die Mehrwertsteuer ihres Heimatlandes zu berechnen. Auf Basis des Nettopreises (ohne Mehrwertsteuer) haben wir beispielhaft die Kundenendpreise inkl. der Mehrwertsteuer (Bruttopreise) f\u00fcr Deutschland (DE 19%) sowie f\u00fcr die Slowakische Republik (SK), \u00d6sterreich (AT) und Frankreich [&hellip;]<\/p>\n","protected":false},"author":2,"featured_media":0,"parent":1806,"menu_order":0,"comment_status":"closed","ping_status":"closed","template":"","meta":{"footnotes":""},"class_list":["post-6024","page","type-page","status-publish","hentry"],"_links":{"self":[{"href":"https:\/\/www.jaromuller.com\/de\/wp-json\/wp\/v2\/pages\/6024","targetHints":{"allow":["GET"]}}],"collection":[{"href":"https:\/\/www.jaromuller.com\/de\/wp-json\/wp\/v2\/pages"}],"about":[{"href":"https:\/\/www.jaromuller.com\/de\/wp-json\/wp\/v2\/types\/page"}],"author":[{"embeddable":true,"href":"https:\/\/www.jaromuller.com\/de\/wp-json\/wp\/v2\/users\/2"}],"replies":[{"embeddable":true,"href":"https:\/\/www.jaromuller.com\/de\/wp-json\/wp\/v2\/comments?post=6024"}],"version-history":[{"count":0,"href":"https:\/\/www.jaromuller.com\/de\/wp-json\/wp\/v2\/pages\/6024\/revisions"}],"up":[{"embeddable":true,"href":"https:\/\/www.jaromuller.com\/de\/wp-json\/wp\/v2\/pages\/1806"}],"wp:attachment":[{"href":"https:\/\/www.jaromuller.com\/de\/wp-json\/wp\/v2\/media?parent=6024"}],"curies":[{"name":"wp","href":"https:\/\/api.w.org\/{rel}","templated":true}]}}