{"id":5497,"date":"2021-06-13T11:42:29","date_gmt":"2021-06-13T10:42:29","guid":{"rendered":"http:\/\/www.jaromuller.com\/?page_id=5497"},"modified":"2024-03-03T15:43:37","modified_gmt":"2024-03-03T15:43:37","slug":"flik-14m","status":"publish","type":"page","link":"https:\/\/www.jaromuller.com\/de\/models\/flik-14m\/","title":{"rendered":"Flik 1,4m"},"content":{"rendered":"<p><\/p>\n<h2>Hier geht es zu:<\/h2>\n<h2><a href=\"https:\/\/www.jaromuller.com\/de\/models\/flik-14m\/colour-design-flik\/\" target=\"_blank\" rel=\"noopener noreferrer\"><img loading=\"lazy\" decoding=\"async\" class=\"alignnone wp-image-5842\" src=\"https:\/\/www.jaromuller.com\/wp-content\/uploads\/2021\/10\/Button-Espadita_Farbdesign-300x174.png\" alt=\"\" width=\"114\" height=\"66\" srcset=\"https:\/\/www.jaromuller.com\/wp-content\/uploads\/2021\/10\/Button-Espadita_Farbdesign-300x174.png 300w, https:\/\/www.jaromuller.com\/wp-content\/uploads\/2021\/10\/Button-Espadita_Farbdesign.png 320w\" sizes=\"auto, (max-width: 114px) 100vw, 114px\" \/><\/a><\/h2>\n<h4><a href=\"https:\/\/www.jaromuller.com\/de\/models\/flik-14m\/price-list-flik\/\" target=\"_blank\" rel=\"noopener noreferrer\"><img loading=\"lazy\" decoding=\"async\" class=\"alignnone wp-image-4997\" src=\"http:\/\/www.jaromuller.com\/wp-content\/uploads\/2019\/10\/Button-MiniE_Preisliste-300x173.jpg\" alt=\"\" width=\"114\" height=\"66\" srcset=\"https:\/\/www.jaromuller.com\/wp-content\/uploads\/2019\/10\/Button-MiniE_Preisliste-300x173.jpg 300w, https:\/\/www.jaromuller.com\/wp-content\/uploads\/2019\/10\/Button-MiniE_Preisliste.jpg 320w\" sizes=\"auto, (max-width: 114px) 100vw, 114px\" \/><\/a><\/h4>\n<h3><a href=\"http:\/\/www.jaromuller.com\/de\/models\/elastino-f5k-15m\/elastino-settings\/\"><img loading=\"lazy\" decoding=\"async\" class=\"alignnone wp-image-5843\" src=\"http:\/\/www.jaromuller.com\/wp-content\/uploads\/2021\/10\/Button-Espadita_Einstellungen-300x174.png\" alt=\"\" width=\"114\" height=\"66\" srcset=\"https:\/\/www.jaromuller.com\/wp-content\/uploads\/2021\/10\/Button-Espadita_Einstellungen-300x174.png 300w, https:\/\/www.jaromuller.com\/wp-content\/uploads\/2021\/10\/Button-Espadita_Einstellungen.png 320w\" sizes=\"auto, (max-width: 114px) 100vw, 114px\" \/><\/a><\/h3>\n<p>Unsere leistungsorientierten Zwecksegler sind in \u00fcber drei Jahrzehnten weltweit ein Begriff f\u00fcr Perfektion, freundliches Handling und erstklassige Flugleistungen geworden.<\/p>\n<p>Nicht selten gelang es uns in dieser Zeit Trends ma\u00dfgeblich zu beeinflussen oder gar einzuleiten.<\/p>\n<p>Und wir haben auch f\u00fcr die Zukunft noch einiges im \u201eK\u00f6cher\u201c; leistungsoptimierte Zwecksegler in hervorragender Qualit\u00e4t, innovativer Technik und faszinierenden Detaill\u00f6sungen werdender Schwerpunkt unserer Arbeit bleiben.<\/p>\n<p>Aber als Modellflieger mit Leib und Seele gehen naturgem\u00e4\u00df auch andere faszinierende Sparten des Modelfluges nicht spurlos an uns vorbei.<\/p>\n<p>So sind Mitglieder unseres Teams schon seit Jahrzehnten gleichfalls Insider in der h\u00f6chst anspruchsvollen internationalen Motorkunstflugklasse F3A und dort auch wettbewerbsm\u00e4\u00dfig aktiv.<\/p>\n<p>F\u00fcr den Eigenbedarf war es uns Perfektionisten schon lange ein Dorn im Auge, dass der Alltagsbereich im Kunstflugsektor durch filigrane Holzkonstruktionen mit Folienbespannung oder gar Styropormodelle beherrscht wird.<\/p>\n<p>Diese Konstruktionen warten zwar durchweg mit guten Flugeigenschaften auf; sind aber oftmals eben auch mit konstruktiven Schw\u00e4chen wie herausgerissenen Fahrwerken, st\u00e4ndigem Trimmen durch Verz\u00fcge, katastrophaler Ersatzteilversorgung und trotz pfleglichem Umgang oftmals schon mit sch\u00e4bigem Aussehen bereits nach nur wenigen Flugstunden\u00a0 behaftet.<\/p>\n<p>Das ist nicht unsere Vorstellung von Modellflugzeugen und so hatten wir uns nach jeder Entt\u00e4uschung vorgenommen, solcherma\u00dfen nie mehr zu investieren.<\/p>\n<p>Wir wurden leider \u00f6fters mangels Modell-Alternativen r\u00fcckf\u00e4llig und \u2026.. \u00e4rgerten uns erneut.<\/p>\n<p>Nat\u00fcrlich ist uns klar, warum man vorrangig in diesem Segment nicht so gerne auf hochwertigere Bauweisen setzt. Mit den weitl\u00e4ufig im Motorflugsegmentangewandten Fertigungstechnikenbringt eine Voll-Gfk-Ausf\u00fchrung\u00a0 neben h\u00f6heren Fertigungskosten \/-aufwand oftmalsein ung\u00fcnstigeres Fluggewicht mit sich.<\/p>\n<p>Erfolgreiche Anbieter im Segelflugsegment sind hinsichtlich der GFK-Technologie da aber ein entscheidendes St\u00fcck weiter!<\/p>\n<p>Schon lange geisterten deshalb Gedanken in unseren K\u00f6pfen:<\/p>\n<p>man k\u00f6nnte doch\u2026., man sollte doch\u2026, man m\u00fcsste doch \u2026, jetzt haben wir es getan!<\/p>\n<p>Herausgekommen ist ein Kunstflugmodell f\u00fcr Perfektionisten!<\/p>\n<p>Wir habenmit unsererweltweit anerkannten Voll-Gfk-Technologie das Alltags-Elektro-Kunstflugmodell \/ Funacro-Modell <em>FLIK<\/em> geschaffen!<\/p>\n<p>Durch unsere bekannt leichte aber dennoch robuste Fertigungsqualit\u00e4t erf\u00fcllt es nicht nur unsere hohen fliegerischen Erwartungen, sondern gef\u00e4llt dar\u00fcber hinaus auch einfach mit seinem\u00a0 Aussehen. <em>FLIK<\/em> <em>wird <\/em>transportfreundich und ma\u00dfvoll in der Antriebs-\/Akkugr\u00f6\u00dfe, jedoch gro\u00df in seiner Leistungsbreite und robust und langlebig durch die perfekte Voll-Gfk-Bauweise.<\/p>\n<p>Kein Modell f\u00fcr jeden! Aber f\u00fcr alle die Kunstflugmodelle in Perfektion lieben und zu sch\u00e4tzen wissen.<\/p>\n<h4>Dreiseitenansicht:<\/h4>\n<h4><a href=\"https:\/\/www.jaromuller.com\/wp-content\/uploads\/2024\/03\/Flik-muska-pre-web.jpg\"><img loading=\"lazy\" decoding=\"async\" class=\"alignnone size-medium wp-image-6884\" src=\"https:\/\/www.jaromuller.com\/wp-content\/uploads\/2024\/03\/Flik-muska-pre-web-300x290.jpg\" alt=\"\" width=\"300\" height=\"290\" srcset=\"https:\/\/www.jaromuller.com\/wp-content\/uploads\/2024\/03\/Flik-muska-pre-web-300x290.jpg 300w, https:\/\/www.jaromuller.com\/wp-content\/uploads\/2024\/03\/Flik-muska-pre-web-1024x990.jpg 1024w, https:\/\/www.jaromuller.com\/wp-content\/uploads\/2024\/03\/Flik-muska-pre-web-768x742.jpg 768w, https:\/\/www.jaromuller.com\/wp-content\/uploads\/2024\/03\/Flik-muska-pre-web.jpg 1280w\" sizes=\"auto, (max-width: 300px) 100vw, 300px\" \/><\/a><\/h4>\n<h4>Technische Parametern:<\/h4>\n<p>Spannweite:\u00a0 1400mm<br \/>\nL\u00e4nge: 1460mm<br \/>\nFl\u00fcgelfl\u00e4che: 41,2dm2<br \/>\nLeitwerkfl\u00e4che: 8,3dm2<br \/>\nFluggewicht: ab ca. 2180g<br \/>\nAntriebakku: LiPo 4S-6S<\/p>\n<p>&nbsp;<\/p>\n<h5><\/h5>\n<div id='gallery-2' class='gallery galleryid-5497 gallery-columns-3 gallery-size-medium'><figure class='gallery-item'>\n\t\t\t<div class='gallery-icon landscape'>\n\t\t\t\t<a href='https:\/\/www.jaromuller.com\/wp-content\/uploads\/2021\/06\/IMG_20210612_151715.jpg'><img loading=\"lazy\" decoding=\"async\" width=\"300\" height=\"225\" src=\"https:\/\/www.jaromuller.com\/wp-content\/uploads\/2021\/06\/IMG_20210612_151715-300x225.jpg\" class=\"attachment-medium size-medium\" alt=\"\" srcset=\"https:\/\/www.jaromuller.com\/wp-content\/uploads\/2021\/06\/IMG_20210612_151715-300x225.jpg 300w, https:\/\/www.jaromuller.com\/wp-content\/uploads\/2021\/06\/IMG_20210612_151715-1024x768.jpg 1024w, https:\/\/www.jaromuller.com\/wp-content\/uploads\/2021\/06\/IMG_20210612_151715-768x576.jpg 768w, https:\/\/www.jaromuller.com\/wp-content\/uploads\/2021\/06\/IMG_20210612_151715.jpg 1280w\" sizes=\"auto, (max-width: 300px) 100vw, 300px\" \/><\/a>\n\t\t\t<\/div><\/figure><figure class='gallery-item'>\n\t\t\t<div class='gallery-icon landscape'>\n\t\t\t\t<a href='https:\/\/www.jaromuller.com\/wp-content\/uploads\/2021\/06\/IMG_20210612_151805.jpg'><img loading=\"lazy\" decoding=\"async\" width=\"300\" height=\"225\" src=\"https:\/\/www.jaromuller.com\/wp-content\/uploads\/2021\/06\/IMG_20210612_151805-300x225.jpg\" class=\"attachment-medium size-medium\" alt=\"\" srcset=\"https:\/\/www.jaromuller.com\/wp-content\/uploads\/2021\/06\/IMG_20210612_151805-300x225.jpg 300w, https:\/\/www.jaromuller.com\/wp-content\/uploads\/2021\/06\/IMG_20210612_151805-1024x768.jpg 1024w, https:\/\/www.jaromuller.com\/wp-content\/uploads\/2021\/06\/IMG_20210612_151805-768x576.jpg 768w, https:\/\/www.jaromuller.com\/wp-content\/uploads\/2021\/06\/IMG_20210612_151805.jpg 1280w\" sizes=\"auto, (max-width: 300px) 100vw, 300px\" \/><\/a>\n\t\t\t<\/div><\/figure><figure class='gallery-item'>\n\t\t\t<div class='gallery-icon landscape'>\n\t\t\t\t<a href='https:\/\/www.jaromuller.com\/wp-content\/uploads\/2021\/06\/IMG_20210612_152845.jpg'><img loading=\"lazy\" decoding=\"async\" width=\"300\" height=\"225\" src=\"https:\/\/www.jaromuller.com\/wp-content\/uploads\/2021\/06\/IMG_20210612_152845-300x225.jpg\" class=\"attachment-medium size-medium\" alt=\"\" srcset=\"https:\/\/www.jaromuller.com\/wp-content\/uploads\/2021\/06\/IMG_20210612_152845-300x225.jpg 300w, https:\/\/www.jaromuller.com\/wp-content\/uploads\/2021\/06\/IMG_20210612_152845-1024x768.jpg 1024w, https:\/\/www.jaromuller.com\/wp-content\/uploads\/2021\/06\/IMG_20210612_152845-768x576.jpg 768w, https:\/\/www.jaromuller.com\/wp-content\/uploads\/2021\/06\/IMG_20210612_152845.jpg 1280w\" sizes=\"auto, (max-width: 300px) 100vw, 300px\" \/><\/a>\n\t\t\t<\/div><\/figure><figure class='gallery-item'>\n\t\t\t<div class='gallery-icon landscape'>\n\t\t\t\t<a href='https:\/\/www.jaromuller.com\/wp-content\/uploads\/2021\/06\/IMG_20210612_153008.jpg'><img loading=\"lazy\" decoding=\"async\" width=\"300\" height=\"225\" src=\"https:\/\/www.jaromuller.com\/wp-content\/uploads\/2021\/06\/IMG_20210612_153008-300x225.jpg\" class=\"attachment-medium size-medium\" alt=\"\" srcset=\"https:\/\/www.jaromuller.com\/wp-content\/uploads\/2021\/06\/IMG_20210612_153008-300x225.jpg 300w, https:\/\/www.jaromuller.com\/wp-content\/uploads\/2021\/06\/IMG_20210612_153008-1024x768.jpg 1024w, https:\/\/www.jaromuller.com\/wp-content\/uploads\/2021\/06\/IMG_20210612_153008-768x576.jpg 768w, https:\/\/www.jaromuller.com\/wp-content\/uploads\/2021\/06\/IMG_20210612_153008.jpg 1280w\" sizes=\"auto, (max-width: 300px) 100vw, 300px\" \/><\/a>\n\t\t\t<\/div><\/figure><figure class='gallery-item'>\n\t\t\t<div class='gallery-icon landscape'>\n\t\t\t\t<a href='https:\/\/www.jaromuller.com\/wp-content\/uploads\/2021\/06\/IMG_20210612_153049.jpg'><img loading=\"lazy\" decoding=\"async\" width=\"300\" height=\"225\" src=\"https:\/\/www.jaromuller.com\/wp-content\/uploads\/2021\/06\/IMG_20210612_153049-300x225.jpg\" class=\"attachment-medium size-medium\" alt=\"\" srcset=\"https:\/\/www.jaromuller.com\/wp-content\/uploads\/2021\/06\/IMG_20210612_153049-300x225.jpg 300w, https:\/\/www.jaromuller.com\/wp-content\/uploads\/2021\/06\/IMG_20210612_153049-1024x768.jpg 1024w, https:\/\/www.jaromuller.com\/wp-content\/uploads\/2021\/06\/IMG_20210612_153049-768x576.jpg 768w, https:\/\/www.jaromuller.com\/wp-content\/uploads\/2021\/06\/IMG_20210612_153049.jpg 1280w\" sizes=\"auto, (max-width: 300px) 100vw, 300px\" \/><\/a>\n\t\t\t<\/div><\/figure><figure class='gallery-item'>\n\t\t\t<div class='gallery-icon landscape'>\n\t\t\t\t<a href='https:\/\/www.jaromuller.com\/wp-content\/uploads\/2021\/06\/IMG_20210612_153122.jpg'><img loading=\"lazy\" decoding=\"async\" width=\"300\" height=\"225\" src=\"https:\/\/www.jaromuller.com\/wp-content\/uploads\/2021\/06\/IMG_20210612_153122-300x225.jpg\" class=\"attachment-medium size-medium\" alt=\"\" srcset=\"https:\/\/www.jaromuller.com\/wp-content\/uploads\/2021\/06\/IMG_20210612_153122-300x225.jpg 300w, https:\/\/www.jaromuller.com\/wp-content\/uploads\/2021\/06\/IMG_20210612_153122-1024x768.jpg 1024w, https:\/\/www.jaromuller.com\/wp-content\/uploads\/2021\/06\/IMG_20210612_153122-768x576.jpg 768w, https:\/\/www.jaromuller.com\/wp-content\/uploads\/2021\/06\/IMG_20210612_153122.jpg 1280w\" sizes=\"auto, (max-width: 300px) 100vw, 300px\" \/><\/a>\n\t\t\t<\/div><\/figure><figure class='gallery-item'>\n\t\t\t<div class='gallery-icon landscape'>\n\t\t\t\t<a href='https:\/\/www.jaromuller.com\/wp-content\/uploads\/2021\/06\/IMG_20210612_151831.jpg'><img loading=\"lazy\" decoding=\"async\" width=\"300\" height=\"225\" src=\"https:\/\/www.jaromuller.com\/wp-content\/uploads\/2021\/06\/IMG_20210612_151831-300x225.jpg\" class=\"attachment-medium size-medium\" alt=\"\" srcset=\"https:\/\/www.jaromuller.com\/wp-content\/uploads\/2021\/06\/IMG_20210612_151831-300x225.jpg 300w, https:\/\/www.jaromuller.com\/wp-content\/uploads\/2021\/06\/IMG_20210612_151831-1024x768.jpg 1024w, https:\/\/www.jaromuller.com\/wp-content\/uploads\/2021\/06\/IMG_20210612_151831-768x576.jpg 768w, https:\/\/www.jaromuller.com\/wp-content\/uploads\/2021\/06\/IMG_20210612_151831.jpg 1280w\" sizes=\"auto, (max-width: 300px) 100vw, 300px\" \/><\/a>\n\t\t\t<\/div><\/figure><figure class='gallery-item'>\n\t\t\t<div class='gallery-icon landscape'>\n\t\t\t\t<a href='https:\/\/www.jaromuller.com\/wp-content\/uploads\/2024\/02\/IMG_6174.jpg'><img loading=\"lazy\" decoding=\"async\" width=\"300\" height=\"225\" src=\"https:\/\/www.jaromuller.com\/wp-content\/uploads\/2024\/02\/IMG_6174-300x225.jpg\" class=\"attachment-medium size-medium\" alt=\"\" srcset=\"https:\/\/www.jaromuller.com\/wp-content\/uploads\/2024\/02\/IMG_6174-300x225.jpg 300w, https:\/\/www.jaromuller.com\/wp-content\/uploads\/2024\/02\/IMG_6174-1024x768.jpg 1024w, https:\/\/www.jaromuller.com\/wp-content\/uploads\/2024\/02\/IMG_6174-768x576.jpg 768w, https:\/\/www.jaromuller.com\/wp-content\/uploads\/2024\/02\/IMG_6174.jpg 1280w\" sizes=\"auto, (max-width: 300px) 100vw, 300px\" \/><\/a>\n\t\t\t<\/div><\/figure><figure class='gallery-item'>\n\t\t\t<div class='gallery-icon landscape'>\n\t\t\t\t<a href='https:\/\/www.jaromuller.com\/wp-content\/uploads\/2024\/02\/IMG_6170.jpg'><img loading=\"lazy\" decoding=\"async\" width=\"300\" height=\"225\" src=\"https:\/\/www.jaromuller.com\/wp-content\/uploads\/2024\/02\/IMG_6170-300x225.jpg\" class=\"attachment-medium size-medium\" alt=\"\" srcset=\"https:\/\/www.jaromuller.com\/wp-content\/uploads\/2024\/02\/IMG_6170-300x225.jpg 300w, https:\/\/www.jaromuller.com\/wp-content\/uploads\/2024\/02\/IMG_6170-1024x768.jpg 1024w, https:\/\/www.jaromuller.com\/wp-content\/uploads\/2024\/02\/IMG_6170-768x576.jpg 768w, https:\/\/www.jaromuller.com\/wp-content\/uploads\/2024\/02\/IMG_6170.jpg 1280w\" sizes=\"auto, (max-width: 300px) 100vw, 300px\" \/><\/a>\n\t\t\t<\/div><\/figure><figure class='gallery-item'>\n\t\t\t<div class='gallery-icon portrait'>\n\t\t\t\t<a href='https:\/\/www.jaromuller.com\/wp-content\/uploads\/2024\/02\/IMG_6164.jpg'><img loading=\"lazy\" decoding=\"async\" width=\"225\" height=\"300\" src=\"https:\/\/www.jaromuller.com\/wp-content\/uploads\/2024\/02\/IMG_6164-225x300.jpg\" class=\"attachment-medium size-medium\" alt=\"\" srcset=\"https:\/\/www.jaromuller.com\/wp-content\/uploads\/2024\/02\/IMG_6164-225x300.jpg 225w, https:\/\/www.jaromuller.com\/wp-content\/uploads\/2024\/02\/IMG_6164-768x1024.jpg 768w, https:\/\/www.jaromuller.com\/wp-content\/uploads\/2024\/02\/IMG_6164.jpg 960w\" sizes=\"auto, (max-width: 225px) 100vw, 225px\" \/><\/a>\n\t\t\t<\/div><\/figure><figure class='gallery-item'>\n\t\t\t<div class='gallery-icon portrait'>\n\t\t\t\t<a href='https:\/\/www.jaromuller.com\/wp-content\/uploads\/2024\/02\/IMG_6168-1.jpg'><img loading=\"lazy\" decoding=\"async\" width=\"225\" height=\"300\" src=\"https:\/\/www.jaromuller.com\/wp-content\/uploads\/2024\/02\/IMG_6168-1-225x300.jpg\" class=\"attachment-medium size-medium\" alt=\"\" srcset=\"https:\/\/www.jaromuller.com\/wp-content\/uploads\/2024\/02\/IMG_6168-1-225x300.jpg 225w, https:\/\/www.jaromuller.com\/wp-content\/uploads\/2024\/02\/IMG_6168-1-768x1024.jpg 768w, https:\/\/www.jaromuller.com\/wp-content\/uploads\/2024\/02\/IMG_6168-1.jpg 960w\" sizes=\"auto, (max-width: 225px) 100vw, 225px\" \/><\/a>\n\t\t\t<\/div><\/figure><figure class='gallery-item'>\n\t\t\t<div class='gallery-icon landscape'>\n\t\t\t\t<a href='https:\/\/www.jaromuller.com\/wp-content\/uploads\/2024\/02\/IMG_6180.jpg'><img loading=\"lazy\" decoding=\"async\" width=\"300\" height=\"225\" src=\"https:\/\/www.jaromuller.com\/wp-content\/uploads\/2024\/02\/IMG_6180-300x225.jpg\" class=\"attachment-medium size-medium\" alt=\"\" srcset=\"https:\/\/www.jaromuller.com\/wp-content\/uploads\/2024\/02\/IMG_6180-300x225.jpg 300w, https:\/\/www.jaromuller.com\/wp-content\/uploads\/2024\/02\/IMG_6180-1024x768.jpg 1024w, https:\/\/www.jaromuller.com\/wp-content\/uploads\/2024\/02\/IMG_6180-768x576.jpg 768w, https:\/\/www.jaromuller.com\/wp-content\/uploads\/2024\/02\/IMG_6180.jpg 1280w\" sizes=\"auto, (max-width: 300px) 100vw, 300px\" \/><\/a>\n\t\t\t<\/div><\/figure><figure class='gallery-item'>\n\t\t\t<div class='gallery-icon landscape'>\n\t\t\t\t<a href='https:\/\/www.jaromuller.com\/wp-content\/uploads\/2024\/02\/IMG_6173.jpg'><img loading=\"lazy\" decoding=\"async\" width=\"300\" height=\"225\" src=\"https:\/\/www.jaromuller.com\/wp-content\/uploads\/2024\/02\/IMG_6173-300x225.jpg\" class=\"attachment-medium size-medium\" alt=\"\" srcset=\"https:\/\/www.jaromuller.com\/wp-content\/uploads\/2024\/02\/IMG_6173-300x225.jpg 300w, https:\/\/www.jaromuller.com\/wp-content\/uploads\/2024\/02\/IMG_6173-1024x768.jpg 1024w, https:\/\/www.jaromuller.com\/wp-content\/uploads\/2024\/02\/IMG_6173-768x576.jpg 768w, https:\/\/www.jaromuller.com\/wp-content\/uploads\/2024\/02\/IMG_6173.jpg 1280w\" sizes=\"auto, (max-width: 300px) 100vw, 300px\" \/><\/a>\n\t\t\t<\/div><\/figure><figure class='gallery-item'>\n\t\t\t<div class='gallery-icon landscape'>\n\t\t\t\t<a href='https:\/\/www.jaromuller.com\/wp-content\/uploads\/2024\/02\/IMG_6179.jpg'><img loading=\"lazy\" decoding=\"async\" width=\"300\" height=\"225\" src=\"https:\/\/www.jaromuller.com\/wp-content\/uploads\/2024\/02\/IMG_6179-300x225.jpg\" class=\"attachment-medium size-medium\" alt=\"\" srcset=\"https:\/\/www.jaromuller.com\/wp-content\/uploads\/2024\/02\/IMG_6179-300x225.jpg 300w, https:\/\/www.jaromuller.com\/wp-content\/uploads\/2024\/02\/IMG_6179-1024x768.jpg 1024w, https:\/\/www.jaromuller.com\/wp-content\/uploads\/2024\/02\/IMG_6179-768x576.jpg 768w, https:\/\/www.jaromuller.com\/wp-content\/uploads\/2024\/02\/IMG_6179.jpg 1280w\" sizes=\"auto, (max-width: 300px) 100vw, 300px\" \/><\/a>\n\t\t\t<\/div><\/figure><figure class='gallery-item'>\n\t\t\t<div class='gallery-icon portrait'>\n\t\t\t\t<a href='https:\/\/www.jaromuller.com\/wp-content\/uploads\/2024\/02\/IMG_6184.jpg'><img loading=\"lazy\" decoding=\"async\" width=\"225\" height=\"300\" src=\"https:\/\/www.jaromuller.com\/wp-content\/uploads\/2024\/02\/IMG_6184-225x300.jpg\" class=\"attachment-medium size-medium\" alt=\"\" srcset=\"https:\/\/www.jaromuller.com\/wp-content\/uploads\/2024\/02\/IMG_6184-225x300.jpg 225w, https:\/\/www.jaromuller.com\/wp-content\/uploads\/2024\/02\/IMG_6184-768x1024.jpg 768w, https:\/\/www.jaromuller.com\/wp-content\/uploads\/2024\/02\/IMG_6184.jpg 960w\" sizes=\"auto, (max-width: 225px) 100vw, 225px\" \/><\/a>\n\t\t\t<\/div><\/figure><figure class='gallery-item'>\n\t\t\t<div class='gallery-icon landscape'>\n\t\t\t\t<a href='https:\/\/www.jaromuller.com\/wp-content\/uploads\/2021\/06\/IMG_20210602_112909.jpg'><img loading=\"lazy\" decoding=\"async\" width=\"300\" height=\"225\" src=\"https:\/\/www.jaromuller.com\/wp-content\/uploads\/2021\/06\/IMG_20210602_112909-300x225.jpg\" class=\"attachment-medium size-medium\" alt=\"\" srcset=\"https:\/\/www.jaromuller.com\/wp-content\/uploads\/2021\/06\/IMG_20210602_112909-300x225.jpg 300w, https:\/\/www.jaromuller.com\/wp-content\/uploads\/2021\/06\/IMG_20210602_112909-1024x768.jpg 1024w, https:\/\/www.jaromuller.com\/wp-content\/uploads\/2021\/06\/IMG_20210602_112909-768x576.jpg 768w, https:\/\/www.jaromuller.com\/wp-content\/uploads\/2021\/06\/IMG_20210602_112909.jpg 1280w\" sizes=\"auto, (max-width: 300px) 100vw, 300px\" \/><\/a>\n\t\t\t<\/div><\/figure><figure class='gallery-item'>\n\t\t\t<div class='gallery-icon landscape'>\n\t\t\t\t<a href='https:\/\/www.jaromuller.com\/wp-content\/uploads\/2021\/06\/IMG_20210602_111931.jpg'><img loading=\"lazy\" decoding=\"async\" width=\"300\" height=\"225\" src=\"https:\/\/www.jaromuller.com\/wp-content\/uploads\/2021\/06\/IMG_20210602_111931-300x225.jpg\" class=\"attachment-medium size-medium\" alt=\"\" srcset=\"https:\/\/www.jaromuller.com\/wp-content\/uploads\/2021\/06\/IMG_20210602_111931-300x225.jpg 300w, https:\/\/www.jaromuller.com\/wp-content\/uploads\/2021\/06\/IMG_20210602_111931-1024x768.jpg 1024w, https:\/\/www.jaromuller.com\/wp-content\/uploads\/2021\/06\/IMG_20210602_111931-768x576.jpg 768w, https:\/\/www.jaromuller.com\/wp-content\/uploads\/2021\/06\/IMG_20210602_111931.jpg 1280w\" sizes=\"auto, (max-width: 300px) 100vw, 300px\" \/><\/a>\n\t\t\t<\/div><\/figure>\n\t\t<\/div>\n<\/p>","protected":false},"excerpt":{"rendered":"<p>Hier geht es zu: Unsere leistungsorientierten Zwecksegler sind in \u00fcber drei Jahrzehnten weltweit ein Begriff f\u00fcr Perfektion, freundliches Handling und erstklassige Flugleistungen geworden. Nicht selten gelang es uns in dieser Zeit Trends ma\u00dfgeblich zu beeinflussen oder gar einzuleiten. Und wir haben auch f\u00fcr die Zukunft noch einiges im \u201eK\u00f6cher\u201c; leistungsoptimierte Zwecksegler in hervorragender Qualit\u00e4t, innovativer [&hellip;]<\/p>\n","protected":false},"author":2,"featured_media":6839,"parent":1798,"menu_order":0,"comment_status":"closed","ping_status":"closed","template":"","meta":{"footnotes":""},"class_list":["post-5497","page","type-page","status-publish","has-post-thumbnail","hentry"],"_links":{"self":[{"href":"https:\/\/www.jaromuller.com\/de\/wp-json\/wp\/v2\/pages\/5497","targetHints":{"allow":["GET"]}}],"collection":[{"href":"https:\/\/www.jaromuller.com\/de\/wp-json\/wp\/v2\/pages"}],"about":[{"href":"https:\/\/www.jaromuller.com\/de\/wp-json\/wp\/v2\/types\/page"}],"author":[{"embeddable":true,"href":"https:\/\/www.jaromuller.com\/de\/wp-json\/wp\/v2\/users\/2"}],"replies":[{"embeddable":true,"href":"https:\/\/www.jaromuller.com\/de\/wp-json\/wp\/v2\/comments?post=5497"}],"version-history":[{"count":0,"href":"https:\/\/www.jaromuller.com\/de\/wp-json\/wp\/v2\/pages\/5497\/revisions"}],"up":[{"embeddable":true,"href":"https:\/\/www.jaromuller.com\/de\/wp-json\/wp\/v2\/pages\/1798"}],"wp:featuredmedia":[{"embeddable":true,"href":"https:\/\/www.jaromuller.com\/de\/wp-json\/wp\/v2\/media\/6839"}],"wp:attachment":[{"href":"https:\/\/www.jaromuller.com\/de\/wp-json\/wp\/v2\/media?parent=5497"}],"curies":[{"name":"wp","href":"https:\/\/api.w.org\/{rel}","templated":true}]}}