{"id":5495,"date":"2021-06-13T11:41:31","date_gmt":"2021-06-13T10:41:31","guid":{"rendered":"http:\/\/www.jaromuller.com\/?page_id=5495"},"modified":"2024-03-03T11:16:55","modified_gmt":"2024-03-03T11:16:55","slug":"elastino-f5k-15m","status":"publish","type":"page","link":"https:\/\/www.jaromuller.com\/de\/models\/elastino-f5k-15m\/","title":{"rendered":"Elastino F5K 1,5m"},"content":{"rendered":"<p><\/p>\n<h2>Hier geht es zu:<\/h2>\n<h2><a href=\"http:\/\/www.jaromuller.com\/de\/models\/elastino-f5k-15m\/colour-design-elastino\/\" target=\"_blank\" rel=\"noopener noreferrer\"><img loading=\"lazy\" decoding=\"async\" class=\"alignnone wp-image-5028\" src=\"http:\/\/www.jaromuller.com\/wp-content\/uploads\/2019\/10\/Botton-Color-design-300x174.jpg\" alt=\"\" width=\"114\" height=\"66\" srcset=\"https:\/\/www.jaromuller.com\/wp-content\/uploads\/2019\/10\/Botton-Color-design-300x174.jpg 300w, https:\/\/www.jaromuller.com\/wp-content\/uploads\/2019\/10\/Botton-Color-design.jpg 320w\" sizes=\"auto, (max-width: 114px) 100vw, 114px\" \/><\/a><\/h2>\n<h4><a href=\"http:\/\/www.jaromuller.com\/de\/models\/elastino-f5k-15m\/prive-list\/\" target=\"_blank\" rel=\"noopener noreferrer\"><img loading=\"lazy\" decoding=\"async\" class=\"alignnone wp-image-4997\" src=\"http:\/\/www.jaromuller.com\/wp-content\/uploads\/2019\/10\/Button-MiniE_Preisliste-300x173.jpg\" alt=\"\" width=\"114\" height=\"66\" srcset=\"https:\/\/www.jaromuller.com\/wp-content\/uploads\/2019\/10\/Button-MiniE_Preisliste-300x173.jpg 300w, https:\/\/www.jaromuller.com\/wp-content\/uploads\/2019\/10\/Button-MiniE_Preisliste.jpg 320w\" sizes=\"auto, (max-width: 114px) 100vw, 114px\" \/><\/a><\/h4>\n<h3><a href=\"http:\/\/www.jaromuller.com\/de\/models\/elastino-f5k-15m\/elastino-settings\/\"><img loading=\"lazy\" decoding=\"async\" class=\"alignnone wp-image-5843\" src=\"http:\/\/www.jaromuller.com\/wp-content\/uploads\/2021\/10\/Button-Espadita_Einstellungen-300x174.png\" alt=\"\" width=\"114\" height=\"66\" srcset=\"https:\/\/www.jaromuller.com\/wp-content\/uploads\/2021\/10\/Button-Espadita_Einstellungen-300x174.png 300w, https:\/\/www.jaromuller.com\/wp-content\/uploads\/2021\/10\/Button-Espadita_Einstellungen.png 320w\" sizes=\"auto, (max-width: 114px) 100vw, 114px\" \/><\/a><\/h3>\n<h3><\/h3>\n<h3>Dreiseitenansicht:<\/h3>\n<p><a href=\"http:\/\/www.jaromuller.com\/wp-content\/uploads\/2022\/06\/Elastino-muska-pre-web-1.jpg\"><img loading=\"lazy\" decoding=\"async\" class=\"alignnone wp-image-6347 size-medium\" src=\"http:\/\/www.jaromuller.com\/wp-content\/uploads\/2022\/06\/Elastino-muska-pre-web-1-222x300.jpg\" alt=\"\" width=\"222\" height=\"300\" srcset=\"https:\/\/www.jaromuller.com\/wp-content\/uploads\/2022\/06\/Elastino-muska-pre-web-1-222x300.jpg 222w, https:\/\/www.jaromuller.com\/wp-content\/uploads\/2022\/06\/Elastino-muska-pre-web-1.jpg 709w\" sizes=\"auto, (max-width: 222px) 100vw, 222px\" \/><\/a><\/p>\n<h3>Technische Parametern:<\/h3>\n<p><a href=\"http:\/\/www.jaromuller.com\/wp-content\/uploads\/2022\/06\/Elastino_Technische-Parametern.pdf\"><img loading=\"lazy\" decoding=\"async\" class=\"alignnone wp-image-6318 \" src=\"http:\/\/www.jaromuller.com\/wp-content\/uploads\/2022\/06\/Elastino_technische-Parameters-209x300.jpg\" alt=\"\" width=\"242\" height=\"347\" srcset=\"https:\/\/www.jaromuller.com\/wp-content\/uploads\/2022\/06\/Elastino_technische-Parameters-209x300.jpg 209w, https:\/\/www.jaromuller.com\/wp-content\/uploads\/2022\/06\/Elastino_technische-Parameters.jpg 670w\" sizes=\"auto, (max-width: 242px) 100vw, 242px\" \/><\/a><\/p>\n<div id='gallery-3' class='gallery galleryid-5495 gallery-columns-4 gallery-size-medium'><figure class='gallery-item'>\n\t\t\t<div class='gallery-icon landscape'>\n\t\t\t\t<a href='https:\/\/www.jaromuller.com\/wp-content\/uploads\/2022\/05\/IMG_7586.jpg'><img loading=\"lazy\" decoding=\"async\" width=\"300\" height=\"225\" src=\"https:\/\/www.jaromuller.com\/wp-content\/uploads\/2022\/05\/IMG_7586-300x225.jpg\" class=\"attachment-medium size-medium\" alt=\"\" srcset=\"https:\/\/www.jaromuller.com\/wp-content\/uploads\/2022\/05\/IMG_7586-300x225.jpg 300w, https:\/\/www.jaromuller.com\/wp-content\/uploads\/2022\/05\/IMG_7586.jpg 640w\" sizes=\"auto, (max-width: 300px) 100vw, 300px\" \/><\/a>\n\t\t\t<\/div><\/figure><figure class='gallery-item'>\n\t\t\t<div class='gallery-icon landscape'>\n\t\t\t\t<a href='https:\/\/www.jaromuller.com\/wp-content\/uploads\/2022\/05\/IMG_7587.jpg'><img loading=\"lazy\" decoding=\"async\" width=\"300\" height=\"225\" src=\"https:\/\/www.jaromuller.com\/wp-content\/uploads\/2022\/05\/IMG_7587-300x225.jpg\" class=\"attachment-medium size-medium\" alt=\"\" srcset=\"https:\/\/www.jaromuller.com\/wp-content\/uploads\/2022\/05\/IMG_7587-300x225.jpg 300w, https:\/\/www.jaromuller.com\/wp-content\/uploads\/2022\/05\/IMG_7587.jpg 640w\" sizes=\"auto, (max-width: 300px) 100vw, 300px\" \/><\/a>\n\t\t\t<\/div><\/figure><figure class='gallery-item'>\n\t\t\t<div class='gallery-icon landscape'>\n\t\t\t\t<a href='https:\/\/www.jaromuller.com\/wp-content\/uploads\/2022\/05\/IMG_7588.jpg'><img loading=\"lazy\" decoding=\"async\" width=\"300\" height=\"225\" src=\"https:\/\/www.jaromuller.com\/wp-content\/uploads\/2022\/05\/IMG_7588-300x225.jpg\" class=\"attachment-medium size-medium\" alt=\"\" srcset=\"https:\/\/www.jaromuller.com\/wp-content\/uploads\/2022\/05\/IMG_7588-300x225.jpg 300w, https:\/\/www.jaromuller.com\/wp-content\/uploads\/2022\/05\/IMG_7588.jpg 640w\" sizes=\"auto, (max-width: 300px) 100vw, 300px\" \/><\/a>\n\t\t\t<\/div><\/figure><figure class='gallery-item'>\n\t\t\t<div class='gallery-icon landscape'>\n\t\t\t\t<a href='https:\/\/www.jaromuller.com\/wp-content\/uploads\/2022\/05\/IMG_7590.jpg'><img loading=\"lazy\" decoding=\"async\" width=\"300\" height=\"225\" src=\"https:\/\/www.jaromuller.com\/wp-content\/uploads\/2022\/05\/IMG_7590-300x225.jpg\" class=\"attachment-medium size-medium\" alt=\"\" srcset=\"https:\/\/www.jaromuller.com\/wp-content\/uploads\/2022\/05\/IMG_7590-300x225.jpg 300w, https:\/\/www.jaromuller.com\/wp-content\/uploads\/2022\/05\/IMG_7590.jpg 640w\" sizes=\"auto, (max-width: 300px) 100vw, 300px\" \/><\/a>\n\t\t\t<\/div><\/figure><figure class='gallery-item'>\n\t\t\t<div class='gallery-icon landscape'>\n\t\t\t\t<a href='https:\/\/www.jaromuller.com\/wp-content\/uploads\/2022\/05\/IMG_7591.jpg'><img loading=\"lazy\" decoding=\"async\" width=\"300\" height=\"225\" src=\"https:\/\/www.jaromuller.com\/wp-content\/uploads\/2022\/05\/IMG_7591-300x225.jpg\" class=\"attachment-medium size-medium\" alt=\"\" srcset=\"https:\/\/www.jaromuller.com\/wp-content\/uploads\/2022\/05\/IMG_7591-300x225.jpg 300w, https:\/\/www.jaromuller.com\/wp-content\/uploads\/2022\/05\/IMG_7591.jpg 640w\" sizes=\"auto, (max-width: 300px) 100vw, 300px\" \/><\/a>\n\t\t\t<\/div><\/figure><figure class='gallery-item'>\n\t\t\t<div class='gallery-icon portrait'>\n\t\t\t\t<a href='https:\/\/www.jaromuller.com\/wp-content\/uploads\/2022\/05\/IMG-20220520-WA0010.jpg'><img loading=\"lazy\" decoding=\"async\" width=\"225\" height=\"300\" src=\"https:\/\/www.jaromuller.com\/wp-content\/uploads\/2022\/05\/IMG-20220520-WA0010-225x300.jpg\" class=\"attachment-medium size-medium\" alt=\"\" srcset=\"https:\/\/www.jaromuller.com\/wp-content\/uploads\/2022\/05\/IMG-20220520-WA0010-225x300.jpg 225w, https:\/\/www.jaromuller.com\/wp-content\/uploads\/2022\/05\/IMG-20220520-WA0010.jpg 768w\" sizes=\"auto, (max-width: 225px) 100vw, 225px\" \/><\/a>\n\t\t\t<\/div><\/figure><figure class='gallery-item'>\n\t\t\t<div class='gallery-icon portrait'>\n\t\t\t\t<a href='https:\/\/www.jaromuller.com\/wp-content\/uploads\/2022\/05\/IMG-20220520-WA0018.jpg'><img loading=\"lazy\" decoding=\"async\" width=\"169\" height=\"300\" src=\"https:\/\/www.jaromuller.com\/wp-content\/uploads\/2022\/05\/IMG-20220520-WA0018-169x300.jpg\" class=\"attachment-medium size-medium\" alt=\"\" srcset=\"https:\/\/www.jaromuller.com\/wp-content\/uploads\/2022\/05\/IMG-20220520-WA0018-169x300.jpg 169w, https:\/\/www.jaromuller.com\/wp-content\/uploads\/2022\/05\/IMG-20220520-WA0018-576x1024.jpg 576w, https:\/\/www.jaromuller.com\/wp-content\/uploads\/2022\/05\/IMG-20220520-WA0018-768x1365.jpg 768w, https:\/\/www.jaromuller.com\/wp-content\/uploads\/2022\/05\/IMG-20220520-WA0018-864x1536.jpg 864w, https:\/\/www.jaromuller.com\/wp-content\/uploads\/2022\/05\/IMG-20220520-WA0018.jpg 1134w\" sizes=\"auto, (max-width: 169px) 100vw, 169px\" \/><\/a>\n\t\t\t<\/div><\/figure><figure class='gallery-item'>\n\t\t\t<div class='gallery-icon portrait'>\n\t\t\t\t<a href='https:\/\/www.jaromuller.com\/wp-content\/uploads\/2022\/05\/IMG-20220520-WA0019.jpg'><img loading=\"lazy\" decoding=\"async\" width=\"169\" height=\"300\" src=\"https:\/\/www.jaromuller.com\/wp-content\/uploads\/2022\/05\/IMG-20220520-WA0019-169x300.jpg\" class=\"attachment-medium size-medium\" alt=\"\" srcset=\"https:\/\/www.jaromuller.com\/wp-content\/uploads\/2022\/05\/IMG-20220520-WA0019-169x300.jpg 169w, https:\/\/www.jaromuller.com\/wp-content\/uploads\/2022\/05\/IMG-20220520-WA0019-576x1024.jpg 576w, https:\/\/www.jaromuller.com\/wp-content\/uploads\/2022\/05\/IMG-20220520-WA0019-768x1365.jpg 768w, https:\/\/www.jaromuller.com\/wp-content\/uploads\/2022\/05\/IMG-20220520-WA0019-864x1536.jpg 864w, https:\/\/www.jaromuller.com\/wp-content\/uploads\/2022\/05\/IMG-20220520-WA0019.jpg 1134w\" sizes=\"auto, (max-width: 169px) 100vw, 169px\" \/><\/a>\n\t\t\t<\/div><\/figure><figure class='gallery-item'>\n\t\t\t<div class='gallery-icon landscape'>\n\t\t\t\t<a href='https:\/\/www.jaromuller.com\/wp-content\/uploads\/2022\/05\/IMG-20220520-WA0023.jpg'><img loading=\"lazy\" decoding=\"async\" width=\"300\" height=\"169\" src=\"https:\/\/www.jaromuller.com\/wp-content\/uploads\/2022\/05\/IMG-20220520-WA0023-300x169.jpg\" class=\"attachment-medium size-medium\" alt=\"\" srcset=\"https:\/\/www.jaromuller.com\/wp-content\/uploads\/2022\/05\/IMG-20220520-WA0023-300x169.jpg 300w, https:\/\/www.jaromuller.com\/wp-content\/uploads\/2022\/05\/IMG-20220520-WA0023-1024x576.jpg 1024w, https:\/\/www.jaromuller.com\/wp-content\/uploads\/2022\/05\/IMG-20220520-WA0023-768x432.jpg 768w, https:\/\/www.jaromuller.com\/wp-content\/uploads\/2022\/05\/IMG-20220520-WA0023-1536x864.jpg 1536w, https:\/\/www.jaromuller.com\/wp-content\/uploads\/2022\/05\/IMG-20220520-WA0023.jpg 1600w\" sizes=\"auto, (max-width: 300px) 100vw, 300px\" \/><\/a>\n\t\t\t<\/div><\/figure>\n\t\t<\/div>\n\n<p>Sie m\u00fcssen die Wolbk\u00f6lappen nie mehr verstellen, der Morphing-Fl\u00fcgel stellt sich von selbst ein.<br \/>\nWie funktionieren die Querruder und die \u201eautomatische Klappe\u201c am Fl\u00fcgel?<\/p>\n<p>Erkl\u00e4rung in unserem Video:<\/p>\n<p><iframe loading=\"lazy\" title=\"Elastino lety\" width=\"640\" height=\"480\" src=\"https:\/\/www.youtube.com\/embed\/0q-4CDvULaU?feature=oembed\" frameborder=\"0\" allow=\"accelerometer; autoplay; clipboard-write; encrypted-media; gyroscope; picture-in-picture; web-share\" referrerpolicy=\"strict-origin-when-cross-origin\" allowfullscreen><\/iframe><\/p>\n<p>&nbsp;<\/p>\n<p><iframe loading=\"lazy\" title=\"YouTube video player\" src=\"https:\/\/www.youtube.com\/embed\/Oay-Nzy7nMw\" width=\"560\" height=\"315\" frameborder=\"0\" allowfullscreen=\"allowfullscreen\"><\/iframe><\/p>","protected":false},"excerpt":{"rendered":"<p>Hier geht es zu: Dreiseitenansicht: Technische Parametern: Sie m\u00fcssen die Wolbk\u00f6lappen nie mehr verstellen, der Morphing-Fl\u00fcgel stellt sich von selbst ein. Wie funktionieren die Querruder und die \u201eautomatische Klappe\u201c am Fl\u00fcgel? Erkl\u00e4rung in unserem Video: &nbsp;<\/p>\n","protected":false},"author":2,"featured_media":6252,"parent":1798,"menu_order":0,"comment_status":"closed","ping_status":"closed","template":"","meta":{"footnotes":""},"class_list":["post-5495","page","type-page","status-publish","has-post-thumbnail","hentry"],"_links":{"self":[{"href":"https:\/\/www.jaromuller.com\/de\/wp-json\/wp\/v2\/pages\/5495","targetHints":{"allow":["GET"]}}],"collection":[{"href":"https:\/\/www.jaromuller.com\/de\/wp-json\/wp\/v2\/pages"}],"about":[{"href":"https:\/\/www.jaromuller.com\/de\/wp-json\/wp\/v2\/types\/page"}],"author":[{"embeddable":true,"href":"https:\/\/www.jaromuller.com\/de\/wp-json\/wp\/v2\/users\/2"}],"replies":[{"embeddable":true,"href":"https:\/\/www.jaromuller.com\/de\/wp-json\/wp\/v2\/comments?post=5495"}],"version-history":[{"count":0,"href":"https:\/\/www.jaromuller.com\/de\/wp-json\/wp\/v2\/pages\/5495\/revisions"}],"up":[{"embeddable":true,"href":"https:\/\/www.jaromuller.com\/de\/wp-json\/wp\/v2\/pages\/1798"}],"wp:featuredmedia":[{"embeddable":true,"href":"https:\/\/www.jaromuller.com\/de\/wp-json\/wp\/v2\/media\/6252"}],"wp:attachment":[{"href":"https:\/\/www.jaromuller.com\/de\/wp-json\/wp\/v2\/media?parent=5495"}],"curies":[{"name":"wp","href":"https:\/\/api.w.org\/{rel}","templated":true}]}}