{"id":4933,"date":"2019-10-08T15:16:31","date_gmt":"2019-10-08T14:16:31","guid":{"rendered":"http:\/\/www.jaromuller.com\/?page_id=4933"},"modified":"2024-01-28T20:43:38","modified_gmt":"2024-01-28T20:43:38","slug":"receivers-jeti-duplex","status":"publish","type":"page","link":"https:\/\/www.jaromuller.com\/de\/models\/accessories\/receivers-jeti-duplex\/","title":{"rendered":"Empf\u00e4nger JETI EX"},"content":{"rendered":"<p><\/p>\n<h1>Empf\u00e4nger JETI EX<\/h1>\n<hr \/>\n<h2>Duplex EX R5L<\/h2>\n<h5><a href=\"http:\/\/www.jaromuller.com\/wp-content\/uploads\/2019\/10\/R5L.jpg\"><img loading=\"lazy\" decoding=\"async\" class=\"alignleft wp-image-4934 size-medium\" src=\"http:\/\/www.jaromuller.com\/wp-content\/uploads\/2019\/10\/R5L-300x147.jpg\" alt=\"\" width=\"300\" height=\"147\" srcset=\"https:\/\/www.jaromuller.com\/wp-content\/uploads\/2019\/10\/R5L-300x147.jpg 300w, https:\/\/www.jaromuller.com\/wp-content\/uploads\/2019\/10\/R5L.jpg 640w\" sizes=\"auto, (max-width: 300px) 100vw, 300px\" \/><\/a>Geeignet f\u00fcr Mini Ellipse.<\/h5>\n<table>\n<tbody>\n<tr class=\"lichy\">\n<td>Gewicht [g]<\/td>\n<td>5,4<\/td>\n<\/tr>\n<tr>\n<td>Abmessungen [mm]<\/td>\n<td>47 x 20 x 7<\/td>\n<\/tr>\n<tr class=\"lichy\">\n<td>Anzahl der Kan\u00e4le<\/td>\n<td>5<\/td>\n<\/tr>\n<tr>\n<td>Telemetrie<\/td>\n<td>Ja<\/td>\n<\/tr>\n<tr class=\"lichy\">\n<td>Einsatztemperatur [\u00b0C]<\/td>\n<td>-10 &#8230; 85<\/td>\n<\/tr>\n<tr>\n<td>Kompatible Protokolle<\/td>\n<td>DUPLEX 2.4GHz EX, EX Bus<\/td>\n<\/tr>\n<tr class=\"lichy\">\n<td>Antennenl\u00e4nge [mm]<\/td>\n<td>2 x 100<\/td>\n<\/tr>\n<tr>\n<td>Versorgungsspannung [V]<\/td>\n<td>3,2 &#8211; 8,4<\/td>\n<\/tr>\n<tr class=\"lichy\">\n<td>Durchschnittsstrom [mA]<\/td>\n<td>30<\/td>\n<\/tr>\n<tr>\n<td>Satellitenempf\u00e4nger Unterst\u00fctzung<\/td>\n<td>Nein<\/td>\n<\/tr>\n<\/tbody>\n<\/table>\n<hr \/>\n<h2>Duplex EX R9<\/h2>\n<h5><a href=\"http:\/\/www.jaromuller.com\/wp-content\/uploads\/2019\/10\/r9_new.jpg\"><img loading=\"lazy\" decoding=\"async\" class=\"alignleft size-medium wp-image-4925\" src=\"http:\/\/www.jaromuller.com\/wp-content\/uploads\/2019\/10\/r9_new-300x191.jpg\" alt=\"\" width=\"300\" height=\"191\" srcset=\"https:\/\/www.jaromuller.com\/wp-content\/uploads\/2019\/10\/r9_new-300x191.jpg 300w, https:\/\/www.jaromuller.com\/wp-content\/uploads\/2019\/10\/r9_new.jpg 640w\" sizes=\"auto, (max-width: 300px) 100vw, 300px\" \/><\/a>Geeignet f\u00fcr Egida und Eldorado.<\/h5>\n<table>\n<tbody>\n<tr class=\"lichy\">\n<td>Gewicht [g]<\/td>\n<td>13<\/td>\n<\/tr>\n<tr>\n<td>Abmessungen [mm]<\/td>\n<td>51 x 24 x 11<\/td>\n<\/tr>\n<tr class=\"lichy\">\n<td>Anzahl der Kan\u00e4le<\/td>\n<td>9<\/td>\n<\/tr>\n<tr>\n<td>Telemetrie<\/td>\n<td>Ja<\/td>\n<\/tr>\n<tr class=\"lichy\">\n<td>Einsatztemperatur [\u00b0C]<\/td>\n<td>-10 &#8230; 85<\/td>\n<\/tr>\n<tr>\n<td>Kompatible Protokolle<\/td>\n<td>DUPLEX 2.4GHz EX, EX Bus<\/td>\n<\/tr>\n<tr class=\"lichy\">\n<td>Antennenl\u00e4nge [mm]<\/td>\n<td>2 x 200<\/td>\n<\/tr>\n<tr>\n<td>Versorgungsspannung [V]<\/td>\n<td>3,2 &#8211; 8,4<\/td>\n<\/tr>\n<tr class=\"lichy\">\n<td>Durchschnittsstrom [mA]<\/td>\n<td>30<\/td>\n<\/tr>\n<tr>\n<td>Satellitenempf\u00e4nger Unterst\u00fctzung<\/td>\n<td>Ja<\/td>\n<\/tr>\n<\/tbody>\n<\/table>\n<hr \/>\n<p>&nbsp;<\/p>","protected":false},"excerpt":{"rendered":"<p>Empf\u00e4nger JETI EX Duplex EX R5L Geeignet f\u00fcr Mini Ellipse. Gewicht [g] 5,4 Abmessungen [mm] 47 x 20 x 7 Anzahl der Kan\u00e4le 5 Telemetrie Ja Einsatztemperatur [\u00b0C] -10 &#8230; 85 Kompatible Protokolle DUPLEX 2.4GHz EX, EX Bus Antennenl\u00e4nge [mm] 2 x 100 Versorgungsspannung [V] 3,2 &#8211; 8,4 Durchschnittsstrom [mA] 30 Satellitenempf\u00e4nger Unterst\u00fctzung Nein Duplex [&hellip;]<\/p>\n","protected":false},"author":2,"featured_media":0,"parent":4417,"menu_order":0,"comment_status":"closed","ping_status":"closed","template":"","meta":{"footnotes":""},"class_list":["post-4933","page","type-page","status-publish","hentry"],"_links":{"self":[{"href":"https:\/\/www.jaromuller.com\/de\/wp-json\/wp\/v2\/pages\/4933","targetHints":{"allow":["GET"]}}],"collection":[{"href":"https:\/\/www.jaromuller.com\/de\/wp-json\/wp\/v2\/pages"}],"about":[{"href":"https:\/\/www.jaromuller.com\/de\/wp-json\/wp\/v2\/types\/page"}],"author":[{"embeddable":true,"href":"https:\/\/www.jaromuller.com\/de\/wp-json\/wp\/v2\/users\/2"}],"replies":[{"embeddable":true,"href":"https:\/\/www.jaromuller.com\/de\/wp-json\/wp\/v2\/comments?post=4933"}],"version-history":[{"count":0,"href":"https:\/\/www.jaromuller.com\/de\/wp-json\/wp\/v2\/pages\/4933\/revisions"}],"up":[{"embeddable":true,"href":"https:\/\/www.jaromuller.com\/de\/wp-json\/wp\/v2\/pages\/4417"}],"wp:attachment":[{"href":"https:\/\/www.jaromuller.com\/de\/wp-json\/wp\/v2\/media?parent=4933"}],"curies":[{"name":"wp","href":"https:\/\/api.w.org\/{rel}","templated":true}]}}