{"id":3660,"date":"2018-03-19T16:26:12","date_gmt":"2018-03-19T16:26:12","guid":{"rendered":"http:\/\/www.jaromuller.com\/?page_id=3660"},"modified":"2024-01-28T20:43:37","modified_gmt":"2024-01-28T20:43:37","slug":"accessories-elasto","status":"publish","type":"page","link":"https:\/\/www.jaromuller.com\/de\/models\/elasto-31-38-m\/accessories-elasto\/","title":{"rendered":"Zubeh\u00f6r"},"content":{"rendered":"<p><\/p>\n<h1>Elasto Zubeh\u00f6r<\/h1>\n<h3>Satz Einstellehren f\u00fcr Fl\u00fcgel:<\/h3>\n<p><a href=\"http:\/\/www.jaromuller.com\/wp-content\/uploads\/2018\/03\/Satz-Einstellehren-Elasto_new1.jpg\"><img loading=\"lazy\" decoding=\"async\" class=\"alignleft wp-image-3719 size-medium\" src=\"http:\/\/www.jaromuller.com\/wp-content\/uploads\/2018\/03\/Satz-Einstellehren-Elasto_new1-300x225.jpg\" alt=\"\" width=\"300\" height=\"225\" srcset=\"https:\/\/www.jaromuller.com\/wp-content\/uploads\/2018\/03\/Satz-Einstellehren-Elasto_new1-300x225.jpg 300w, https:\/\/www.jaromuller.com\/wp-content\/uploads\/2018\/03\/Satz-Einstellehren-Elasto_new1-768x576.jpg 768w, https:\/\/www.jaromuller.com\/wp-content\/uploads\/2018\/03\/Satz-Einstellehren-Elasto_new1.jpg 960w\" sizes=\"auto, (max-width: 300px) 100vw, 300px\" \/><\/a>1Stk. Einstellehrensatz ist in Lieferumfang des Modells erhalten.<\/p>\n<p>Um den Nullpunkt zu setzen und Ausschlaggr\u00f6sse einstellen.<br \/>\nF\u00fcr bequeme Einstellarbeiten empfehlen wir 2 S\u00e4tze (links und rechts) zu bestellen.<\/p>\n<p>&nbsp;<\/p>\n<p><em>Preis siehe unsere <a href=\"http:\/\/www.jaromuller.com\/de\/models\/elasto-31-38-m\/price-list-elasto\/\" target=\"_blank\" rel=\"noopener noreferrer\"><span style=\"color: #ff00ff;\">Preisliste<\/span>.<\/a><\/em><\/p>\n<p>&nbsp;<\/p>\n<hr \/>\n<h3>Servosatz Elektro:<\/h3>\n<p><a href=\"http:\/\/www.jaromuller.com\/wp-content\/uploads\/2019\/05\/Servosatz-Elektro.jpg\"><img loading=\"lazy\" decoding=\"async\" class=\"alignleft wp-image-4666 size-medium\" src=\"http:\/\/www.jaromuller.com\/wp-content\/uploads\/2019\/05\/Servosatz-Elektro-300x225.jpg\" alt=\"\" width=\"300\" height=\"225\" srcset=\"https:\/\/www.jaromuller.com\/wp-content\/uploads\/2019\/05\/Servosatz-Elektro-300x225.jpg 300w, https:\/\/www.jaromuller.com\/wp-content\/uploads\/2019\/05\/Servosatz-Elektro-768x576.jpg 768w, https:\/\/www.jaromuller.com\/wp-content\/uploads\/2019\/05\/Servosatz-Elektro.jpg 960w\" sizes=\"auto, (max-width: 300px) 100vw, 300px\" \/><\/a>Die Servos sind einzeln zu bestellen.<br \/>\nAls Standardausf\u00fchrung empfehlen wir folgende Servos:<br \/>\n4x KST X10N mini&#8230;&#8230;.W1, W2<br \/>\n2x KST X08N plus&#8230;&#8230;.Q1, Q2<br \/>\n2x KST X08 V5&#8230;&#8230;&#8230;&#8230;.V1, V2<\/p>\n<p>Gesamtgewicht aller Servos ist ca. 149 Gramm.<\/p>\n<p><em>Einzelpreise Servos siehe unsere <a href=\"http:\/\/www.jaromuller.com\/de\/models\/elasto-31-38-m\/price-list-elasto\/\" target=\"_blank\" rel=\"noopener noreferrer\"><span style=\"color: #ff00ff;\">Preisliste<\/span>.<\/a><\/em><\/p>\n<p>&nbsp;<\/p>\n<hr \/>\n<h3>Servosatz Segler:<\/h3>\n<p><a href=\"http:\/\/www.jaromuller.com\/wp-content\/uploads\/2019\/05\/Servosatz-Segler.jpg\"><img loading=\"lazy\" decoding=\"async\" class=\"alignleft wp-image-4667 size-medium\" src=\"http:\/\/www.jaromuller.com\/wp-content\/uploads\/2019\/05\/Servosatz-Segler-300x225.jpg\" alt=\"\" width=\"300\" height=\"225\" srcset=\"https:\/\/www.jaromuller.com\/wp-content\/uploads\/2019\/05\/Servosatz-Segler-300x225.jpg 300w, https:\/\/www.jaromuller.com\/wp-content\/uploads\/2019\/05\/Servosatz-Segler-768x576.jpg 768w, https:\/\/www.jaromuller.com\/wp-content\/uploads\/2019\/05\/Servosatz-Segler.jpg 960w\" sizes=\"auto, (max-width: 300px) 100vw, 300px\" \/><\/a>Die Servos sind einzeln zu bestellen.<br \/>\nF\u00fcr F3J-Wettbewerbseinsatz empfehlen wir folgende Servos:<br \/>\n4x KST X10N mini&#8230;&#8230;.W1,W2<br \/>\n4x KST X08N plus&#8230;&#8230;..Q1, Q2<br \/>\n2x KST DS315MG&#8230;&#8230;&#8230;.V1, V2<\/p>\n<p>Gesamtgewicht aller Servos ist ca. 171 Gramm.<\/p>\n<p><em>Einzelpreise Servos siehe unsere <a href=\"http:\/\/www.jaromuller.com\/de\/models\/elasto-31-38-m\/price-list-elasto\/\" target=\"_blank\" rel=\"noopener noreferrer\"><span style=\"color: #ff00ff;\">Preisliste<\/span>.<\/a><\/em><\/p>\n<p>&nbsp;<\/p>\n<hr \/>\n<h3>Gewicht Al+Vario 160-360g, f\u00fcr GV.<\/h3>\n<p><a href=\"http:\/\/www.jaromuller.com\/wp-content\/uploads\/2016\/05\/p1040170_new-1.png\"><img loading=\"lazy\" decoding=\"async\" class=\"alignleft wp-image-2223 size-medium\" src=\"http:\/\/www.jaromuller.com\/wp-content\/uploads\/2016\/05\/p1040170_new-1-300x225.png\" alt=\"\" width=\"300\" height=\"225\" srcset=\"https:\/\/www.jaromuller.com\/wp-content\/uploads\/2016\/05\/p1040170_new-1-300x225.png 300w, https:\/\/www.jaromuller.com\/wp-content\/uploads\/2016\/05\/p1040170_new-1.png 640w\" sizes=\"auto, (max-width: 300px) 100vw, 300px\" \/><\/a><\/p>\n<p>Zusatzgewicht f\u00fcr Seglerversion (F3J).<\/p>\n<p>Durch kombination der leichter und schwerer Einzelgewichte kann das Gesamtgewicht zwischen 160-360 Gramm variieren.<\/p>\n<p>&nbsp;<\/p>\n<p><em>Preis siehe unsere <a href=\"http:\/\/www.jaromuller.com\/de\/models\/elasto-31-38-m\/price-list-elasto\/\" target=\"_blank\" rel=\"noopener noreferrer\"><span style=\"color: #ff00ff;\">Preisliste<\/span>.<\/a><\/em><\/p>\n<p>&nbsp;<\/p>\n<hr \/>\n<h3>Ballast Inlets f\u00fcr EV, GV.<\/h3>\n<p><a href=\"http:\/\/www.jaromuller.com\/wp-content\/uploads\/2018\/04\/Inlets.jpg\"><img loading=\"lazy\" decoding=\"async\" class=\"alignleft wp-image-3950 size-medium\" src=\"http:\/\/www.jaromuller.com\/wp-content\/uploads\/2018\/04\/Inlets-300x225.jpg\" alt=\"\" width=\"300\" height=\"225\" srcset=\"https:\/\/www.jaromuller.com\/wp-content\/uploads\/2018\/04\/Inlets-300x225.jpg 300w, https:\/\/www.jaromuller.com\/wp-content\/uploads\/2018\/04\/Inlets-768x576.jpg 768w, https:\/\/www.jaromuller.com\/wp-content\/uploads\/2018\/04\/Inlets-1024x768.jpg 1024w, https:\/\/www.jaromuller.com\/wp-content\/uploads\/2018\/04\/Inlets.jpg 1280w\" sizes=\"auto, (max-width: 300px) 100vw, 300px\" \/><\/a><\/p>\n<p>Zustazgewicht f\u00fcr Elektro- (F5J) und Seglerversion (F3J).<\/p>\n<p>Zustazgewicht in Fl\u00e4chenverbinder reinlegen.<\/p>\n<p>&nbsp;<\/p>\n<p>&nbsp;<\/p>\n<p><em>Preis siehe unsere <a href=\"http:\/\/www.jaromuller.com\/de\/models\/elasto-31-38-m\/price-list-elasto\/\" target=\"_blank\" rel=\"noopener noreferrer\"><span style=\"color: #ff00ff;\">Preisliste<\/span>.<\/a><\/em><\/p>\n<p>&nbsp;<\/p>\n<hr \/>\n<p>&nbsp;<\/p>\n<h3>Schutztaschen Sonnenschutz<\/h3>\n<p><a href=\"http:\/\/www.jaromuller.com\/wp-content\/uploads\/2018\/05\/Sonnenschutz_3.jpg\"><img loading=\"lazy\" decoding=\"async\" class=\"alignleft size-medium wp-image-3971\" src=\"http:\/\/www.jaromuller.com\/wp-content\/uploads\/2018\/05\/Sonnenschutz_3-300x225.jpg\" alt=\"\" width=\"300\" height=\"225\" srcset=\"https:\/\/www.jaromuller.com\/wp-content\/uploads\/2018\/05\/Sonnenschutz_3-300x225.jpg 300w, https:\/\/www.jaromuller.com\/wp-content\/uploads\/2018\/05\/Sonnenschutz_3-768x576.jpg 768w, https:\/\/www.jaromuller.com\/wp-content\/uploads\/2018\/05\/Sonnenschutz_3.jpg 960w\" sizes=\"auto, (max-width: 300px) 100vw, 300px\" \/><\/a><strong>Satz Schutztaschen f\u00fcr Tragfl\u00e4che und Leitwerk.<\/strong><\/p>\n<p>Oberfl\u00e4che aus stabiler Alu-Folie, die sorgt f\u00fcr besten Schutz von der Sonnenstrahlung.<\/p>\n<p>Die weiche Polsterung auf der Innenseite der Schutztaschen federt St\u00f6\u00dfe und Krafteinwirkungen sehr gut ab und f\u00f6rdert damit die Langlebigkeit des Modells.<\/p>\n<p><em>Preis siehe unsere <a href=\"http:\/\/www.jaromuller.com\/de\/models\/elasto-31-38-m\/price-list-elasto\/\" target=\"_blank\" rel=\"noopener noreferrer\"><span style=\"color: #ff00ff;\">Preisliste<\/span>.<\/a><\/em><\/p>\n<p>&nbsp;<\/p>\n<p><a href=\"http:\/\/www.jaromuller.com\/wp-content\/uploads\/2018\/05\/Sonnenschutz_1.jpg\"><img loading=\"lazy\" decoding=\"async\" class=\"alignleft size-medium wp-image-3972\" src=\"http:\/\/www.jaromuller.com\/wp-content\/uploads\/2018\/05\/Sonnenschutz_1-300x225.jpg\" alt=\"\" width=\"300\" height=\"225\" srcset=\"https:\/\/www.jaromuller.com\/wp-content\/uploads\/2018\/05\/Sonnenschutz_1-300x225.jpg 300w, https:\/\/www.jaromuller.com\/wp-content\/uploads\/2018\/05\/Sonnenschutz_1-768x576.jpg 768w, https:\/\/www.jaromuller.com\/wp-content\/uploads\/2018\/05\/Sonnenschutz_1.jpg 960w\" sizes=\"auto, (max-width: 300px) 100vw, 300px\" \/><\/a><a href=\"http:\/\/www.jaromuller.com\/wp-content\/uploads\/2018\/05\/Sonnenschutz_2.jpg\"><img loading=\"lazy\" decoding=\"async\" class=\"alignleft size-medium wp-image-3973\" src=\"http:\/\/www.jaromuller.com\/wp-content\/uploads\/2018\/05\/Sonnenschutz_2-300x180.jpg\" alt=\"\" width=\"300\" height=\"180\" srcset=\"https:\/\/www.jaromuller.com\/wp-content\/uploads\/2018\/05\/Sonnenschutz_2-300x180.jpg 300w, https:\/\/www.jaromuller.com\/wp-content\/uploads\/2018\/05\/Sonnenschutz_2-768x461.jpg 768w, https:\/\/www.jaromuller.com\/wp-content\/uploads\/2018\/05\/Sonnenschutz_2.jpg 960w\" sizes=\"auto, (max-width: 300px) 100vw, 300px\" \/><\/a><\/p>\n<p>&nbsp;<\/p>\n<p>&nbsp;<\/p>\n<p>&nbsp;<\/p>\n<p>&nbsp;<\/p>\n<p>&nbsp;<\/p>\n<p>&nbsp;<\/p>\n<hr \/>\n<h3>Empf\u00e4nger JETI Duplex REX 12 EPC Sonderfertigung<\/h3>\n<p><a href=\"http:\/\/www.jaromuller.com\/wp-content\/uploads\/2019\/10\/REX12_D_new1.jpg\"><img loading=\"lazy\" decoding=\"async\" class=\"alignleft wp-image-4962 size-medium\" src=\"http:\/\/www.jaromuller.com\/wp-content\/uploads\/2019\/10\/REX12_D_new1-300x225.jpg\" alt=\"\" width=\"300\" height=\"225\" srcset=\"https:\/\/www.jaromuller.com\/wp-content\/uploads\/2019\/10\/REX12_D_new1-300x225.jpg 300w, https:\/\/www.jaromuller.com\/wp-content\/uploads\/2019\/10\/REX12_D_new1-600x450.jpg 600w, https:\/\/www.jaromuller.com\/wp-content\/uploads\/2019\/10\/REX12_D_new1.jpg 640w\" sizes=\"auto, (max-width: 300px) 100vw, 300px\" \/><\/a><\/p>\n<p>&nbsp;<\/p>\n<ul>\n<li>Sonderfertigung des Telemetrie-Empf\u00e4ngers<\/li>\n<li>Ohne Speisestromstecker<\/li>\n<li>Ohne Dipolantenne<\/li>\n<li>Antennenl\u00e4nge 200mm.<\/li>\n<\/ul>\n<p>&nbsp;<\/p>\n<p>&nbsp;<\/p>\n<p><em>Preis siehe unsere <a href=\"http:\/\/www.jaromuller.com\/de\/models\/elasto-31-38-m\/price-list-elasto\/\" target=\"_blank\" rel=\"noopener noreferrer\"><span style=\"color: #ff00ff;\">Preisliste.<\/span><\/a><\/em><\/p>\n<hr \/>\n<h3>Getriebe-Antriebseinheiten f\u00fcr LiPo 3S<\/h3>\n<h4>\u00a0MEGA AC 16\/10+PG mit Planetgetriebe Reisenauer Micro Edition 5:1 f\u00fcr LiPo 3S<\/h4>\n<p><a href=\"http:\/\/www.jaromuller.com\/wp-content\/uploads\/2019\/10\/MEGA-AC-16_10_D_new.jpg\"><img loading=\"lazy\" decoding=\"async\" class=\"alignleft wp-image-4967 size-medium\" src=\"http:\/\/www.jaromuller.com\/wp-content\/uploads\/2019\/10\/MEGA-AC-16_10_D_new-300x225.jpg\" alt=\"\" width=\"300\" height=\"225\" srcset=\"https:\/\/www.jaromuller.com\/wp-content\/uploads\/2019\/10\/MEGA-AC-16_10_D_new-300x225.jpg 300w, https:\/\/www.jaromuller.com\/wp-content\/uploads\/2019\/10\/MEGA-AC-16_10_D_new.jpg 640w\" sizes=\"auto, (max-width: 300px) 100vw, 300px\" \/><\/a><\/p>\n<ul>\n<li style=\"list-style-type: none;\">\n<ul>\n<li>Mit CFK-Spinner 32mm GM und Propeller GM 16&#215;8&#8243;<\/li>\n<li>Gesamtgewicht: 109g<\/li>\n<li>Optimiert f\u00fcr LiPo 3S<\/li>\n<li>Statischer Schub 1,9kg bei Strom 45A<\/li>\n<li>Steigrate ca. 12m\/s<\/li>\n<li>Empfohlene Regler: YGE 65LVT<br \/>\n<h3><\/h3>\n<\/li>\n<\/ul>\n<\/li>\n<\/ul>\n<p>&nbsp;<\/p>\n<h4>Schambeck POWERLINE MICRO 1020\/F5J TURBO 3S<\/h4>\n<p><a href=\"http:\/\/www.jaromuller.com\/wp-content\/uploads\/2019\/10\/Schambeck-1020_D.jpg\"><img loading=\"lazy\" decoding=\"async\" class=\"alignleft wp-image-4969 size-medium\" src=\"http:\/\/www.jaromuller.com\/wp-content\/uploads\/2019\/10\/Schambeck-1020_D-300x225.jpg\" alt=\"\" width=\"300\" height=\"225\" srcset=\"https:\/\/www.jaromuller.com\/wp-content\/uploads\/2019\/10\/Schambeck-1020_D-300x225.jpg 300w, https:\/\/www.jaromuller.com\/wp-content\/uploads\/2019\/10\/Schambeck-1020_D.jpg 640w\" sizes=\"auto, (max-width: 300px) 100vw, 300px\" \/><\/a><strong>Bestehend aus:<\/strong><\/p>\n<ul>\n<li>Getriebe-Antriebseinheit Schambeck POWERLINE MICRO 1020\/F5J TURBO, optimalisiert f\u00fcr 3S Lipo (<span style=\"color: #ff00ff;\"><a style=\"color: #ff00ff;\" href=\"https:\/\/www.klapptriebwerk.de\/produkte\/antriebe\/antriebe-fuer-f5jf3j-modelle-neue-serie\/powerline-micro-1020f5j-turbo-1800g\/\" target=\"_blank\" rel=\"noopener noreferrer\"> mehr Informationen hier<\/a><\/span>).\n<ul>\n<li style=\"list-style-type: none;\">\n<ul>\n<li style=\"list-style-type: none;\">\n<ul>\n<li>CFK-Spinner 32mm GM<\/li>\n<li>CFK-Propeller GM 16&#215;8&#8243;<\/li>\n<li>Statischer Schub 1,9kg<\/li>\n<li>Steigrate ca. 12m\/s<\/li>\n<li>Empfohlene Regler: YGE 65LVT<\/li>\n<li>Gesamtgewicht: 119g<\/li>\n<\/ul>\n<\/li>\n<\/ul>\n<\/li>\n<\/ul>\n<\/li>\n<\/ul>\n<h4>Schambeck POWERLINE MICRO 1025\/F5J TURBO 3S<\/h4>\n<p><a href=\"http:\/\/www.jaromuller.com\/wp-content\/uploads\/2019\/10\/Schambeck-1025_D.jpg\"><img loading=\"lazy\" decoding=\"async\" class=\"alignleft wp-image-4970 size-medium\" src=\"http:\/\/www.jaromuller.com\/wp-content\/uploads\/2019\/10\/Schambeck-1025_D-300x225.jpg\" alt=\"\" width=\"300\" height=\"225\" srcset=\"https:\/\/www.jaromuller.com\/wp-content\/uploads\/2019\/10\/Schambeck-1025_D-300x225.jpg 300w, https:\/\/www.jaromuller.com\/wp-content\/uploads\/2019\/10\/Schambeck-1025_D.jpg 640w\" sizes=\"auto, (max-width: 300px) 100vw, 300px\" \/><\/a><strong>Bestehend aus:<\/strong><\/p>\n<ul>\n<li>Getriebe-Antriebseinheit Schambeck POWERLINE MICRO 1025\/F5J TURBO, optimalisiert f\u00fcr 3S Lipo (<span style=\"color: #ff00ff;\"><a style=\"color: #ff00ff;\" href=\"https:\/\/www.klapptriebwerk.de\/produkte\/antriebe\/antriebe-fuer-f5jf3j-modelle-neue-serie\/powerline-micro-1020f5j-turbo-1800g\/\" target=\"_blank\" rel=\"noopener noreferrer\"> mehr Informationen hier<\/a><\/span>).<\/li>\n<li>CFK-Spinner 32mm GM<\/li>\n<li>CFK-Propeller GM 16&#215;8&#8243;<\/li>\n<li>Statischer Schub 2,1kg<\/li>\n<li>Steigrate ca. 13m\/s<\/li>\n<li>Empfohlene Regler: YGE 65LVT<\/li>\n<li>Gesamtgewicht: 130g<\/li>\n<\/ul>\n<ul>\n<li style=\"list-style-type: none;\">\n<ul>\n<li style=\"list-style-type: none;\">\n<ul>\n<li style=\"list-style-type: none;\"><\/li>\n<\/ul>\n<\/li>\n<\/ul>\n<\/li>\n<\/ul>\n<p><em>Preise siehe unsere <a href=\"http:\/\/www.jaromuller.com\/de\/models\/elasto-31-38-m\/price-list-elasto\/\" target=\"_blank\" rel=\"noopener noreferrer\"><span style=\"color: #ff00ff;\">Preisliste<\/span>.<\/a><\/em><\/p>\n<hr \/>\n<h3>Getriebe-Antriebseinheiten f\u00fcr LiPo 4S<\/h3>\n<h4>MEGA AC 16\/15\/2,5R mit Planetgetriebe Reisenauer Micro Edition 5:1 f\u00fcr LiPo 4S<\/h4>\n<p><a href=\"http:\/\/www.jaromuller.com\/wp-content\/uploads\/2019\/10\/MEGA-AC-16_15_25R_D_new.jpg\"><img loading=\"lazy\" decoding=\"async\" class=\"alignleft wp-image-4968 size-medium\" src=\"http:\/\/www.jaromuller.com\/wp-content\/uploads\/2019\/10\/MEGA-AC-16_15_25R_D_new-300x225.jpg\" alt=\"\" width=\"300\" height=\"225\" srcset=\"https:\/\/www.jaromuller.com\/wp-content\/uploads\/2019\/10\/MEGA-AC-16_15_25R_D_new-300x225.jpg 300w, https:\/\/www.jaromuller.com\/wp-content\/uploads\/2019\/10\/MEGA-AC-16_15_25R_D_new.jpg 640w\" sizes=\"auto, (max-width: 300px) 100vw, 300px\" \/><\/a><\/p>\n<ul>\n<li>Mit CFK-Spinner 32mm GM und Propeller GM 13&#215;8&#8243;<\/li>\n<li>Gesamtgewicht: 121g<\/li>\n<li>Optimiert f\u00fcr LiPo 4S<\/li>\n<li>Statischer Schub 2,1kg mit Strom 35A<\/li>\n<li>Steigrate ca. 12m\/s<\/li>\n<li>Empfohlene Regler: YGE 35LVT<\/li>\n<\/ul>\n<p>Empfohlene Aku: <a href=\"https:\/\/www.hacker-motor-shop.com\/Akkus-und-Akkuzubehoer\/TopFuel-ECO-X\/TopFuel-LiPo-25C-ECO-X-1300mAh-4S-F5J-EDITON.htm?SessionId=&amp;a=article&amp;ProdNr=21300441&amp;p=5649\" target=\"_blank\" rel=\"noopener noreferrer\"><span style=\"color: #ff00ff;\">Hacker TopFuel 25C-ECO-X 1300mAH 4S F5J-EDITION<\/span>\u00a0<\/a>(nicht bei uns erh\u00e4ltlich).<\/p>\n<p>&nbsp;<\/p>\n<h4>Turnigy DS28126-200 mit Planetgetriebe ReFox 3:1 f\u00fcr LiPo 4S<\/h4>\n<p>Von uns speziell f\u00fcr das Modell Elasto entwickelte Antriebseinheit.<\/p>\n<p><a href=\"http:\/\/www.jaromuller.com\/wp-content\/uploads\/2019\/10\/Turnigy_D.jpg\"><img loading=\"lazy\" decoding=\"async\" class=\"alignleft wp-image-4975 size-medium\" src=\"http:\/\/www.jaromuller.com\/wp-content\/uploads\/2019\/10\/Turnigy_D-300x225.jpg\" alt=\"\" width=\"300\" height=\"225\" srcset=\"https:\/\/www.jaromuller.com\/wp-content\/uploads\/2019\/10\/Turnigy_D-300x225.jpg 300w, https:\/\/www.jaromuller.com\/wp-content\/uploads\/2019\/10\/Turnigy_D.jpg 640w\" sizes=\"auto, (max-width: 300px) 100vw, 300px\" \/><\/a><\/p>\n<ul>\n<li>Mit CFK-Spinner 32mm GM und Propeller GM 13&#215;8&#8243;<\/li>\n<li>Gesamtgewicht: 108g<\/li>\n<li>Optimiert f\u00fcr Lipo 4S<\/li>\n<li>Statischer Schub 1,6kg mit Strom 25A<\/li>\n<li>Steigrate ca. 10m\/s<\/li>\n<li>Empfohlene Regler: YGE 35LVT<\/li>\n<\/ul>\n<p>Empfohlene Aku: <a href=\"https:\/\/www.hacker-motor-shop.com\/Akkus-und-Akkuzubehoer\/TopFuel-ECO-X\/TopFuel-LiPo-25C-ECO-X-1300mAh-4S-F5J-EDITON.htm?SessionId=&amp;a=article&amp;ProdNr=21300441&amp;p=5649\" target=\"_blank\" rel=\"noopener noreferrer\"><span style=\"color: #ff00ff;\">Hacker TopFuel 25C-ECO-X 1300mAH 4S F5J-EDITION\u00a0<\/span><\/a>(nicht bei uns erh\u00e4ltlich).<\/p>\n<p>&nbsp;<\/p>\n<p>Wir testen diese Antriebseinheit schon \u00fcber 2 Jahre lang am eigenen Elasto-Modellen (Stand Januar 2019), <span class=\"tlid-translation translation\"><span class=\"\" title=\"\">so weit zur vollen Zufriedenheit<\/span><\/span>.<\/p>\n<p><em>Preise siehe unsere <a href=\"http:\/\/www.jaromuller.com\/de\/models\/elasto-31-38-m\/price-list-elasto\/\" target=\"_blank\" rel=\"noopener noreferrer\"><span style=\"color: #ff00ff;\">Preisliste<\/span>.<\/a><\/em><\/p>\n<hr \/>\n<h3>Regler:<\/h3>\n<h4>YGE 35 LVT mit Telemetrie<\/h4>\n<p><a href=\"http:\/\/www.jaromuller.com\/wp-content\/uploads\/2019\/10\/YGE35.jpg\"><img loading=\"lazy\" decoding=\"async\" class=\"alignleft wp-image-4927 size-medium\" src=\"http:\/\/www.jaromuller.com\/wp-content\/uploads\/2019\/10\/YGE35-300x300.jpg\" alt=\"\" width=\"300\" height=\"300\" srcset=\"https:\/\/www.jaromuller.com\/wp-content\/uploads\/2019\/10\/YGE35-300x300.jpg 300w, https:\/\/www.jaromuller.com\/wp-content\/uploads\/2019\/10\/YGE35-150x150.jpg 150w, https:\/\/www.jaromuller.com\/wp-content\/uploads\/2019\/10\/YGE35.jpg 480w\" sizes=\"auto, (max-width: 300px) 100vw, 300px\" \/><\/a><\/p>\n<p>Zellenzahl: 2-6 LiPo.<br \/>\n<span class=\"s3\">Einstellbares HV-BEC von 5,5 bis 8,4V.<\/span><br \/>\n<span class=\"s3\">Hohe BEC-Strombelastbarkeit 5A<\/span><span class=\"s3\"> Dauer \/ 10<\/span><span class=\"s3\">A Peak.<\/span><br \/>\n<span class=\"s3\">Ma\u00dfe: 34 x 23 x 8 mm<\/span><br \/>\n<span class=\"s3\">Gewicht ohne \/ mit Kabel: 13g \/ 25g<\/span><br \/>\nTelemetrie: <span class=\"s3\">G<\/span><span class=\"s3\">raupner HoTT V4, \u00a0 \u00a0Jeti ExBUS, Multiplex Sensor BUS V2, eigenes YGE-Protokoll f\u00fcr weitere Telemetrieanbindungen \u00fcber z.B. S32 (neuer Jlog).<\/span><\/p>\n<p>&nbsp;<\/p>\n<p>&nbsp;<\/p>\n<p>&nbsp;<\/p>\n<h4>YGE 65 LVT mit Telemetrie<\/h4>\n<p><a href=\"http:\/\/www.jaromuller.com\/wp-content\/uploads\/2019\/10\/YGE65.jpg\"><img loading=\"lazy\" decoding=\"async\" class=\"alignleft size-medium wp-image-4928\" src=\"http:\/\/www.jaromuller.com\/wp-content\/uploads\/2019\/10\/YGE65-300x300.jpg\" alt=\"\" width=\"300\" height=\"300\" srcset=\"https:\/\/www.jaromuller.com\/wp-content\/uploads\/2019\/10\/YGE65-300x300.jpg 300w, https:\/\/www.jaromuller.com\/wp-content\/uploads\/2019\/10\/YGE65-150x150.jpg 150w, https:\/\/www.jaromuller.com\/wp-content\/uploads\/2019\/10\/YGE65.jpg 480w\" sizes=\"auto, (max-width: 300px) 100vw, 300px\" \/><\/a><\/p>\n<p>Zellenzahl: 2-6 LiPo.<br \/>\n<span class=\"s3\">Einstellbares HV-BEC von 5,5 bis 8,4V.<\/span><br \/>\n<span class=\"s3\">Hohe BEC-Strombelastbarkeit 8A<\/span><span class=\"s3\"> Dauer \/ 18<\/span><span class=\"s3\">A Peak.<\/span><br \/>\n<span class=\"s3\">Ma\u00dfe: 64 x 26 x 9 mm<\/span><br \/>\n<span class=\"s3\">Gewicht ohne \/ mit Kabel: 30g \/ 45g<\/span><br \/>\nTelemetrie: <span class=\"s3\">G<\/span><span class=\"s3\">raupner HoTT V4, \u00a0 \u00a0Jeti ExBUS, Multiplex Sensor BUS V2, eigenes YGE-Protokoll f\u00fcr weitere Telemetrieanbindungen \u00fcber z.B. S32 (neuer Jlog).<\/span><\/p>\n<p>&nbsp;<\/p>\n<p>&nbsp;<\/p>\n<hr \/>\n<p>&nbsp;<\/p>","protected":false},"excerpt":{"rendered":"<p>Elasto Zubeh\u00f6r Satz Einstellehren f\u00fcr Fl\u00fcgel: 1Stk. Einstellehrensatz ist in Lieferumfang des Modells erhalten. Um den Nullpunkt zu setzen und Ausschlaggr\u00f6sse einstellen. F\u00fcr bequeme Einstellarbeiten empfehlen wir 2 S\u00e4tze (links und rechts) zu bestellen. &nbsp; Preis siehe unsere Preisliste. &nbsp; Servosatz Elektro: Die Servos sind einzeln zu bestellen. Als Standardausf\u00fchrung empfehlen wir folgende Servos: 4x [&hellip;]<\/p>\n","protected":false},"author":2,"featured_media":0,"parent":1800,"menu_order":0,"comment_status":"closed","ping_status":"closed","template":"","meta":{"footnotes":""},"class_list":["post-3660","page","type-page","status-publish","hentry"],"_links":{"self":[{"href":"https:\/\/www.jaromuller.com\/de\/wp-json\/wp\/v2\/pages\/3660","targetHints":{"allow":["GET"]}}],"collection":[{"href":"https:\/\/www.jaromuller.com\/de\/wp-json\/wp\/v2\/pages"}],"about":[{"href":"https:\/\/www.jaromuller.com\/de\/wp-json\/wp\/v2\/types\/page"}],"author":[{"embeddable":true,"href":"https:\/\/www.jaromuller.com\/de\/wp-json\/wp\/v2\/users\/2"}],"replies":[{"embeddable":true,"href":"https:\/\/www.jaromuller.com\/de\/wp-json\/wp\/v2\/comments?post=3660"}],"version-history":[{"count":0,"href":"https:\/\/www.jaromuller.com\/de\/wp-json\/wp\/v2\/pages\/3660\/revisions"}],"up":[{"embeddable":true,"href":"https:\/\/www.jaromuller.com\/de\/wp-json\/wp\/v2\/pages\/1800"}],"wp:attachment":[{"href":"https:\/\/www.jaromuller.com\/de\/wp-json\/wp\/v2\/media?parent=3660"}],"curies":[{"name":"wp","href":"https:\/\/api.w.org\/{rel}","templated":true}]}}