{"id":3658,"date":"2018-03-19T16:24:12","date_gmt":"2018-03-19T16:24:12","guid":{"rendered":"http:\/\/www.jaromuller.com\/?page_id=3658"},"modified":"2024-01-28T20:43:37","modified_gmt":"2024-01-28T20:43:37","slug":"setting-elasto","status":"publish","type":"page","link":"https:\/\/www.jaromuller.com\/de\/models\/elasto-31-38-m\/setting-elasto\/","title":{"rendered":"Einstellungen"},"content":{"rendered":"<p><\/p>\n<h2><span id=\"result_box\" class=\"short_text\" lang=\"de\"><span class=\"\">Prinzipien und M\u00f6glichkeiten von Einstellungen.<\/span><\/span><\/h2>\n<p><a href=\"http:\/\/www.jaromuller.com\/wp-content\/uploads\/2018\/03\/Servoverteilung_1.jpg\"><img loading=\"lazy\" decoding=\"async\" class=\"alignnone wp-image-3761\" src=\"http:\/\/www.jaromuller.com\/wp-content\/uploads\/2018\/03\/Servoverteilung_1-300x143.jpg\" alt=\"\" width=\"700\" height=\"333\" srcset=\"https:\/\/www.jaromuller.com\/wp-content\/uploads\/2018\/03\/Servoverteilung_1-300x143.jpg 300w, https:\/\/www.jaromuller.com\/wp-content\/uploads\/2018\/03\/Servoverteilung_1-768x365.jpg 768w, https:\/\/www.jaromuller.com\/wp-content\/uploads\/2018\/03\/Servoverteilung_1.jpg 960w\" sizes=\"auto, (max-width: 700px) 100vw, 700px\" \/><\/a><\/p>\n<p><a href=\"http:\/\/www.jaromuller.com\/wp-content\/uploads\/2018\/03\/Woelbungeinstellungen_4.jpg\"><img loading=\"lazy\" decoding=\"async\" class=\"alignnone wp-image-3773\" src=\"http:\/\/www.jaromuller.com\/wp-content\/uploads\/2018\/03\/Woelbungeinstellungen_4-170x300.jpg\" alt=\"\" width=\"700\" height=\"1237\" srcset=\"https:\/\/www.jaromuller.com\/wp-content\/uploads\/2018\/03\/Woelbungeinstellungen_4-170x300.jpg 170w, https:\/\/www.jaromuller.com\/wp-content\/uploads\/2018\/03\/Woelbungeinstellungen_4-768x1357.jpg 768w, https:\/\/www.jaromuller.com\/wp-content\/uploads\/2018\/03\/Woelbungeinstellungen_4-580x1024.jpg 580w, https:\/\/www.jaromuller.com\/wp-content\/uploads\/2018\/03\/Woelbungeinstellungen_4.jpg 849w\" sizes=\"auto, (max-width: 700px) 100vw, 700px\" \/><\/a><\/p>\n<p><a href=\"http:\/\/www.jaromuller.com\/wp-content\/uploads\/2018\/03\/Querrudereinstellungen_3.jpg\"><img loading=\"lazy\" decoding=\"async\" class=\"alignnone wp-image-3779\" src=\"http:\/\/www.jaromuller.com\/wp-content\/uploads\/2018\/03\/Querrudereinstellungen_3-300x284.jpg\" alt=\"\" width=\"700\" height=\"662\" srcset=\"https:\/\/www.jaromuller.com\/wp-content\/uploads\/2018\/03\/Querrudereinstellungen_3-300x284.jpg 300w, https:\/\/www.jaromuller.com\/wp-content\/uploads\/2018\/03\/Querrudereinstellungen_3.jpg 719w\" sizes=\"auto, (max-width: 700px) 100vw, 700px\" \/><\/a><\/p>\n<hr \/>\n<h2><span style=\"color: #ff0000;\">WICHTIG:<\/span><\/h2>\n<h3><span style=\"color: #800080;\"><a style=\"color: #800080;\" href=\"http:\/\/www.jaromuller.com\/wp-content\/uploads\/2018\/09\/Ako-postupovat-pri-prvom-zapnuti-prijima\u010da_D.pdf\" target=\"_blank\" rel=\"noopener noreferrer\">Wie vorgehen bei dem ersten einschalten des Empf\u00e4ngers? Hier klicken.<\/a><\/span><\/h3>\n<hr \/>\n<h2>Empfohlene Einstellungen:<\/h2>\n<p><a href=\"http:\/\/www.jaromuller.com\/wp-content\/uploads\/2019\/07\/Schwerpunkt.jpg\"><img loading=\"lazy\" decoding=\"async\" class=\"alignleft wp-image-4801\" src=\"http:\/\/www.jaromuller.com\/wp-content\/uploads\/2019\/07\/Schwerpunkt-300x143.jpg\" alt=\"\" width=\"692\" height=\"330\" srcset=\"https:\/\/www.jaromuller.com\/wp-content\/uploads\/2019\/07\/Schwerpunkt-300x143.jpg 300w, https:\/\/www.jaromuller.com\/wp-content\/uploads\/2019\/07\/Schwerpunkt-768x365.jpg 768w, https:\/\/www.jaromuller.com\/wp-content\/uploads\/2019\/07\/Schwerpunkt.jpg 960w\" sizes=\"auto, (max-width: 692px) 100vw, 692px\" \/><\/a><\/p>\n<p>&nbsp;<\/p>\n<p>&nbsp;<\/p>\n<p>&nbsp;<\/p>\n<p>&nbsp;<\/p>\n<p><a href=\"http:\/\/www.jaromuller.com\/wp-content\/uploads\/2018\/05\/Kable-trup_D_2.jpg\"><img loading=\"lazy\" decoding=\"async\" class=\"alignleft wp-image-3981\" src=\"http:\/\/www.jaromuller.com\/wp-content\/uploads\/2018\/05\/Kable-trup_D_2-300x225.jpg\" alt=\"\" width=\"698\" height=\"524\" srcset=\"https:\/\/www.jaromuller.com\/wp-content\/uploads\/2018\/05\/Kable-trup_D_2-300x225.jpg 300w, https:\/\/www.jaromuller.com\/wp-content\/uploads\/2018\/05\/Kable-trup_D_2-768x576.jpg 768w, https:\/\/www.jaromuller.com\/wp-content\/uploads\/2018\/05\/Kable-trup_D_2.jpg 960w\" sizes=\"auto, (max-width: 698px) 100vw, 698px\" \/><\/a><\/p>\n<p>&nbsp;<\/p>\n<p>&nbsp;<\/p>\n<p>&nbsp;<\/p>\n<p>&nbsp;<\/p>\n<p>&nbsp;<\/p>\n<p>&nbsp;<\/p>\n<p>&nbsp;<\/p>\n<p>&nbsp;<\/p>\n<p>&nbsp;<\/p>\n<p>&nbsp;<\/p>\n<p>&nbsp;<\/p>\n<p>&nbsp;<\/p>\n<p>&nbsp;<\/p>\n<h3>Querruder-Einstellungen:<\/h3>\n<p><a href=\"http:\/\/www.jaromuller.com\/wp-content\/uploads\/2018\/10\/Querrudereinstellungen_werte-W2_Q1_Q2_new5.jpg\"><img loading=\"lazy\" decoding=\"async\" class=\"alignleft wp-image-4234 \" src=\"http:\/\/www.jaromuller.com\/wp-content\/uploads\/2018\/10\/Querrudereinstellungen_werte-W2_Q1_Q2_new5-300x223.jpg\" alt=\"\" width=\"698\" height=\"519\" srcset=\"https:\/\/www.jaromuller.com\/wp-content\/uploads\/2018\/10\/Querrudereinstellungen_werte-W2_Q1_Q2_new5-300x223.jpg 300w, https:\/\/www.jaromuller.com\/wp-content\/uploads\/2018\/10\/Querrudereinstellungen_werte-W2_Q1_Q2_new5-768x571.jpg 768w, https:\/\/www.jaromuller.com\/wp-content\/uploads\/2018\/10\/Querrudereinstellungen_werte-W2_Q1_Q2_new5-1024x762.jpg 1024w, https:\/\/www.jaromuller.com\/wp-content\/uploads\/2018\/10\/Querrudereinstellungen_werte-W2_Q1_Q2_new5.jpg 1280w\" sizes=\"auto, (max-width: 698px) 100vw, 698px\" \/><\/a><\/p>\n<h3><\/h3>\n<h3><a href=\"http:\/\/www.jaromuller.com\/wp-content\/uploads\/2018\/10\/Querrudereinstellungen_werte-Q2_new5.jpg\"><img loading=\"lazy\" decoding=\"async\" class=\"alignleft wp-image-4232 \" src=\"http:\/\/www.jaromuller.com\/wp-content\/uploads\/2018\/10\/Querrudereinstellungen_werte-Q2_new5-300x223.jpg\" alt=\"\" width=\"700\" height=\"520\" srcset=\"https:\/\/www.jaromuller.com\/wp-content\/uploads\/2018\/10\/Querrudereinstellungen_werte-Q2_new5-300x223.jpg 300w, https:\/\/www.jaromuller.com\/wp-content\/uploads\/2018\/10\/Querrudereinstellungen_werte-Q2_new5-768x571.jpg 768w, https:\/\/www.jaromuller.com\/wp-content\/uploads\/2018\/10\/Querrudereinstellungen_werte-Q2_new5-1024x762.jpg 1024w, https:\/\/www.jaromuller.com\/wp-content\/uploads\/2018\/10\/Querrudereinstellungen_werte-Q2_new5.jpg 1280w\" sizes=\"auto, (max-width: 700px) 100vw, 700px\" \/><\/a><\/h3>\n<h3><\/h3>\n<h3><\/h3>\n<h3><\/h3>\n<h3><\/h3>\n<h3><\/h3>\n<h3>W\u00f6lbung-Einstellungen:<a href=\"http:\/\/www.jaromuller.com\/wp-content\/uploads\/2020\/06\/Woelbungeinstellungen_Werte_normal.jpg\"><img loading=\"lazy\" decoding=\"async\" class=\"alignnone wp-image-5318\" src=\"http:\/\/www.jaromuller.com\/wp-content\/uploads\/2020\/06\/Woelbungeinstellungen_Werte_normal-300x210.jpg\" alt=\"\" width=\"701\" height=\"491\" srcset=\"https:\/\/www.jaromuller.com\/wp-content\/uploads\/2020\/06\/Woelbungeinstellungen_Werte_normal-300x210.jpg 300w, https:\/\/www.jaromuller.com\/wp-content\/uploads\/2020\/06\/Woelbungeinstellungen_Werte_normal.jpg 640w\" sizes=\"auto, (max-width: 701px) 100vw, 701px\" \/><\/a><\/h3>\n<h1><a href=\"http:\/\/www.jaromuller.com\/wp-content\/uploads\/2020\/06\/Woelbungeinstellungen_Werte_Termik_new3.jpg\"><img loading=\"lazy\" decoding=\"async\" class=\"alignnone wp-image-5328 \" src=\"http:\/\/www.jaromuller.com\/wp-content\/uploads\/2020\/06\/Woelbungeinstellungen_Werte_Termik_new3-300x210.jpg\" alt=\"\" width=\"701\" height=\"491\" srcset=\"https:\/\/www.jaromuller.com\/wp-content\/uploads\/2020\/06\/Woelbungeinstellungen_Werte_Termik_new3-300x210.jpg 300w, https:\/\/www.jaromuller.com\/wp-content\/uploads\/2020\/06\/Woelbungeinstellungen_Werte_Termik_new3.jpg 640w\" sizes=\"auto, (max-width: 701px) 100vw, 701px\" \/><\/a><\/h1>\n<h1><a href=\"http:\/\/www.jaromuller.com\/wp-content\/uploads\/2020\/06\/Woelbungeinstellungen_Werte_Termik_alt.jpg\"><img loading=\"lazy\" decoding=\"async\" class=\"alignnone size-medium wp-image-5298\" src=\"http:\/\/www.jaromuller.com\/wp-content\/uploads\/2020\/06\/Woelbungeinstellungen_Werte_Termik_alt-300x210.jpg\" alt=\"\" width=\"300\" height=\"210\" srcset=\"https:\/\/www.jaromuller.com\/wp-content\/uploads\/2020\/06\/Woelbungeinstellungen_Werte_Termik_alt-300x210.jpg 300w, https:\/\/www.jaromuller.com\/wp-content\/uploads\/2020\/06\/Woelbungeinstellungen_Werte_Termik_alt.jpg 640w\" sizes=\"auto, (max-width: 300px) 100vw, 300px\" \/><\/a><\/h1>\n<h1><a href=\"http:\/\/www.jaromuller.com\/wp-content\/uploads\/2020\/06\/Woelbungeinstellungen_Werte-Bremse_new1-1.jpg\"><img loading=\"lazy\" decoding=\"async\" class=\"alignnone wp-image-5329 \" src=\"http:\/\/www.jaromuller.com\/wp-content\/uploads\/2020\/06\/Woelbungeinstellungen_Werte-Bremse_new1-1-300x210.jpg\" alt=\"\" width=\"701\" height=\"491\" srcset=\"https:\/\/www.jaromuller.com\/wp-content\/uploads\/2020\/06\/Woelbungeinstellungen_Werte-Bremse_new1-1-300x210.jpg 300w, https:\/\/www.jaromuller.com\/wp-content\/uploads\/2020\/06\/Woelbungeinstellungen_Werte-Bremse_new1-1.jpg 640w\" sizes=\"auto, (max-width: 701px) 100vw, 701px\" \/><\/a><\/h1>\n<h1><a href=\"http:\/\/www.jaromuller.com\/wp-content\/uploads\/2020\/06\/Woelbungeinstellungen_Werte_Tempo_new2-1.jpg\"><img loading=\"lazy\" decoding=\"async\" class=\"alignnone wp-image-5314 \" src=\"http:\/\/www.jaromuller.com\/wp-content\/uploads\/2020\/06\/Woelbungeinstellungen_Werte_Tempo_new2-1-300x223.jpg\" alt=\"\" width=\"702\" height=\"522\" srcset=\"https:\/\/www.jaromuller.com\/wp-content\/uploads\/2020\/06\/Woelbungeinstellungen_Werte_Tempo_new2-1-300x223.jpg 300w, https:\/\/www.jaromuller.com\/wp-content\/uploads\/2020\/06\/Woelbungeinstellungen_Werte_Tempo_new2-1.jpg 640w\" sizes=\"auto, (max-width: 702px) 100vw, 702px\" \/><\/a><\/h1>\n<h1><a href=\"http:\/\/www.jaromuller.com\/wp-content\/uploads\/2020\/06\/Woelbungeinstellungen_Werte_Tempo_alt.jpg\"><img loading=\"lazy\" decoding=\"async\" class=\"alignnone size-medium wp-image-5300\" src=\"http:\/\/www.jaromuller.com\/wp-content\/uploads\/2020\/06\/Woelbungeinstellungen_Werte_Tempo_alt-300x223.jpg\" alt=\"\" width=\"300\" height=\"223\" srcset=\"https:\/\/www.jaromuller.com\/wp-content\/uploads\/2020\/06\/Woelbungeinstellungen_Werte_Tempo_alt-300x223.jpg 300w, https:\/\/www.jaromuller.com\/wp-content\/uploads\/2020\/06\/Woelbungeinstellungen_Werte_Tempo_alt.jpg 640w\" sizes=\"auto, (max-width: 300px) 100vw, 300px\" \/><\/a><\/h1>\n<h1><a href=\"http:\/\/www.jaromuller.com\/wp-content\/uploads\/2020\/06\/Woelbungeinstellungen_Werte_Kreisen-rechts.jpg\"><img loading=\"lazy\" decoding=\"async\" class=\"alignnone  wp-image-5331\" src=\"http:\/\/www.jaromuller.com\/wp-content\/uploads\/2020\/06\/Woelbungeinstellungen_Werte_Kreisen-rechts-300x210.jpg\" alt=\"\" width=\"701\" height=\"491\" srcset=\"https:\/\/www.jaromuller.com\/wp-content\/uploads\/2020\/06\/Woelbungeinstellungen_Werte_Kreisen-rechts-300x210.jpg 300w, https:\/\/www.jaromuller.com\/wp-content\/uploads\/2020\/06\/Woelbungeinstellungen_Werte_Kreisen-rechts.jpg 640w\" sizes=\"auto, (max-width: 701px) 100vw, 701px\" \/><\/a><\/h1>\n<h1><\/h1>\n<h1><a href=\"http:\/\/www.jaromuller.com\/wp-content\/uploads\/2019\/01\/ELASTO-N\u00c1VOD-KR\u00cdDLO-lepenie-krycej-p\u00e1sky-stred-ucho_D_new.jpg\"><img loading=\"lazy\" decoding=\"async\" class=\"alignleft wp-image-4437\" src=\"http:\/\/www.jaromuller.com\/wp-content\/uploads\/2019\/01\/ELASTO-N\u00c1VOD-KR\u00cdDLO-lepenie-krycej-p\u00e1sky-stred-ucho_D_new-300x199.jpg\" alt=\"\" width=\"703\" height=\"466\" srcset=\"https:\/\/www.jaromuller.com\/wp-content\/uploads\/2019\/01\/ELASTO-N\u00c1VOD-KR\u00cdDLO-lepenie-krycej-p\u00e1sky-stred-ucho_D_new-300x199.jpg 300w, https:\/\/www.jaromuller.com\/wp-content\/uploads\/2019\/01\/ELASTO-N\u00c1VOD-KR\u00cdDLO-lepenie-krycej-p\u00e1sky-stred-ucho_D_new-768x510.jpg 768w, https:\/\/www.jaromuller.com\/wp-content\/uploads\/2019\/01\/ELASTO-N\u00c1VOD-KR\u00cdDLO-lepenie-krycej-p\u00e1sky-stred-ucho_D_new.jpg 960w\" sizes=\"auto, (max-width: 703px) 100vw, 703px\" \/><\/a><\/h1>\n<p>&nbsp;<\/p>\n<p>&nbsp;<\/p>\n<p>&nbsp;<\/p>\n<p>&nbsp;<\/p>","protected":false},"excerpt":{"rendered":"<p>Prinzipien und M\u00f6glichkeiten von Einstellungen. WICHTIG: Wie vorgehen bei dem ersten einschalten des Empf\u00e4ngers? Hier klicken. Empfohlene Einstellungen: &nbsp; &nbsp; &nbsp; &nbsp; &nbsp; &nbsp; &nbsp; &nbsp; &nbsp; &nbsp; &nbsp; &nbsp; &nbsp; &nbsp; &nbsp; &nbsp; &nbsp; Querruder-Einstellungen: W\u00f6lbung-Einstellungen: &nbsp; &nbsp; &nbsp; &nbsp;<\/p>\n","protected":false},"author":2,"featured_media":0,"parent":1800,"menu_order":0,"comment_status":"closed","ping_status":"closed","template":"","meta":{"footnotes":""},"class_list":["post-3658","page","type-page","status-publish","hentry"],"_links":{"self":[{"href":"https:\/\/www.jaromuller.com\/de\/wp-json\/wp\/v2\/pages\/3658","targetHints":{"allow":["GET"]}}],"collection":[{"href":"https:\/\/www.jaromuller.com\/de\/wp-json\/wp\/v2\/pages"}],"about":[{"href":"https:\/\/www.jaromuller.com\/de\/wp-json\/wp\/v2\/types\/page"}],"author":[{"embeddable":true,"href":"https:\/\/www.jaromuller.com\/de\/wp-json\/wp\/v2\/users\/2"}],"replies":[{"embeddable":true,"href":"https:\/\/www.jaromuller.com\/de\/wp-json\/wp\/v2\/comments?post=3658"}],"version-history":[{"count":0,"href":"https:\/\/www.jaromuller.com\/de\/wp-json\/wp\/v2\/pages\/3658\/revisions"}],"up":[{"embeddable":true,"href":"https:\/\/www.jaromuller.com\/de\/wp-json\/wp\/v2\/pages\/1800"}],"wp:attachment":[{"href":"https:\/\/www.jaromuller.com\/de\/wp-json\/wp\/v2\/media?parent=3658"}],"curies":[{"name":"wp","href":"https:\/\/api.w.org\/{rel}","templated":true}]}}