{"id":3598,"date":"2018-03-14T19:27:34","date_gmt":"2018-03-14T19:27:34","guid":{"rendered":"http:\/\/www.jaromuller.com\/?page_id=3598"},"modified":"2024-03-22T08:08:49","modified_gmt":"2024-03-22T08:08:49","slug":"price-list-elasto","status":"publish","type":"page","link":"https:\/\/www.jaromuller.com\/de\/models\/elasto-31-38-m\/price-list-elasto\/","title":{"rendered":"Preisliste"},"content":{"rendered":"<p><\/p>\n<h3>Preisliste ELASTO g\u00fcltig von 1.4.2023.<\/h3>\n<p><strong>Durch eine EU-Neuregelung sind wir ab sofort verpflichtet, f\u00fcr Kunden innerhalb der Europ\u00e4ischen Union (EU) die Mehrwertsteuer ihres Heimatlandes zu berechnen.<br \/>\n<\/strong>Auf Basis des Nettopreises (ohne Mehrwertsteuer) haben wir beispielhaft die Kundenendpreise inkl. der Mehrwertsteuer (Bruttopreise) f\u00fcr Deutschland (DE 19%) sowie f\u00fcr die Slowakische Republik (SK), \u00d6sterreich (AT) und Frankreich (F) aufgelistet.<br \/>\nF\u00fcr alle anderen Mitgliedsl\u00e4nder der EU addieren Sie bitte die Mehrwertsteuer ihres Heimatlandes zu den ausgewiesenen Nettopreisen.<\/p>\n<p>F\u00fcr Kunden au\u00dferhalb der EU gilt der angezeigte Nettopreis.<br \/>\nDie Mehrwertsteuer Ihres Heimatlandes und m\u00f6gliche Zollabgaben werden bei der Einfuhrverzollung zus\u00e4tzlich in Rechnung gestellt.<\/p>\n<p>&nbsp;<\/p>\n<table width=\"689\">\n<tbody>\n<tr>\n<td width=\"486\">PRODUKTBESCHREIBUNG<\/td>\n<td width=\"52\">PREIS<br \/>\nNETTO<\/td>\n<td width=\"70\">PREIS<br \/>\nBRUTTO<br \/>\nMwSt 19%<br \/>\n(DE&#8230;)<\/td>\n<td width=\"81\">PREIS<br \/>\nBRUTTO<br \/>\nMwSt 20%<br \/>\n(SK,AT,FR&#8230;)<\/td>\n<\/tr>\n<tr>\n<td colspan=\"4\"><strong><span style=\"color: #0000ff;\">Komplettmodell<\/span><\/strong><\/td>\n<\/tr>\n<tr>\n<td>ELASTO ver. EV, standard (F5J), 3 Farben Standard-Design<\/td>\n<td>1 574 \u20ac<\/td>\n<td>1 873,00 \u20ac<\/td>\n<td>1 888,74 \u20ac<\/td>\n<\/tr>\n<tr>\n<td>ELASTO ver. GV, standard (F3J), 3 Farben Standard-Design<\/td>\n<td>1 679 \u20ac<\/td>\n<td>1 997,95 \u20ac<\/td>\n<td>2 014,74 \u20ac<\/td>\n<\/tr>\n<tr>\n<td>ELASTO ver. EV, leicht (F5J), 3 Farben Standard-Design<\/td>\n<td>1 626 \u20ac<\/td>\n<td>1 935,48 \u20ac<\/td>\n<td>1 951,74 \u20ac<\/td>\n<\/tr>\n<tr>\n<td>ELASTO ver. EV GPS, 3 Farben Standard-Design<\/td>\n<td>1 626 \u20ac<\/td>\n<td>1 935,48 \u20ac<\/td>\n<td>1 951,74 \u20ac<\/td>\n<\/tr>\n<tr>\n<td>Mehrpreis f\u00fcr Farbe Design B, C, D<\/td>\n<td>50 \u20ac<\/td>\n<td>59,98 \u20ac<\/td>\n<td>60,48 \u20ac<\/td>\n<\/tr>\n<tr>\n<td>Mehrpreis f\u00fcr Farbe Design E, F<\/td>\n<td>71 \u20ac<\/td>\n<td>84,97 \u20ac<\/td>\n<td>85,68 \u20ac<\/td>\n<\/tr>\n<tr>\n<td>Preis f\u00fcr jede weitere Farbe<\/td>\n<td>42 \u20ac<\/td>\n<td>49,98 \u20ac<\/td>\n<td>50,40 \u20ac<\/td>\n<\/tr>\n<tr>\n<td colspan=\"4\"><\/td>\n<\/tr>\n<tr>\n<td colspan=\"4\"><strong><span style=\"color: #0000ff;\">Zubeh\u00f6r (nicht im Lieferumfang Komplettmodell)<\/span><\/strong><\/td>\n<\/tr>\n<tr>\n<td>KST -Servosatz f\u00fcr EV montiert\u00a0 (4,8-8,4V)- 2xX08, 4x X10N MINI, 4x X08N PLUS<\/td>\n<td>440 \u20ac<\/td>\n<td>523,60<\/td>\n<td>528,00 \u20ac<\/td>\n<\/tr>\n<tr>\n<td>KST -Servosatz f\u00fcr GV montiert\u00a0 (4,8-8,4V)- 2xDS315, 4x X10N MINI, 4x X08N PLUS<\/td>\n<td>416 \u20ac<\/td>\n<td>495,04<\/td>\n<td>499,20 \u20ac<\/td>\n<\/tr>\n<tr>\n<td>Getriebe-Antriebseinheit POWERLINE MICRO 1015\/F5J TURBO 3S mit Propeller 16&#215;8 GM,\u00a0 im Rumpf montiert<\/td>\n<td>306 \u20ac<\/td>\n<td>363,60 \u20ac<\/td>\n<td>366,66 \u20ac<\/td>\n<\/tr>\n<tr>\n<td>Getriebe-Antriebseinheit POWERLINE MICRO 1020\/F5J TURBO 3S mit Propeller 16&#215;8 GM,\u00a0 im Rumpf montiert<\/td>\n<td>335 \u20ac<\/td>\n<td>398,59 \u20ac<\/td>\n<td>401,94 \u20ac<\/td>\n<\/tr>\n<tr>\n<td>Getriebe-Antriebseinheit MEGA AC 16\/10+PG m.Getr. 5:1, Propeller GM 16&#215;8,\u00a0 im Rumpf montiert<\/td>\n<td>236 \u20ac<\/td>\n<td>281,14 \u20ac<\/td>\n<td>283,50 \u20ac<\/td>\n<\/tr>\n<tr>\n<td>Getriebe-Antriebseinheit MEGA AC 16\/15\/2,5R m.Getr. 5:1, Propeller GM 13&#215;8,\u00a0 im Rumpf montiert<\/td>\n<td>236 \u20ac<\/td>\n<td>281,14 \u20ac<\/td>\n<td>283,50 \u20ac<\/td>\n<\/tr>\n<tr>\n<td>Elektronische Drehzahlregler YGE 35LVT\u00a0 mit Telemetrie und BEC 5A\/10A<\/td>\n<td>92 \u20ac<\/td>\n<td>109,48 \u20ac<\/td>\n<td>110,40 \u20ac<\/td>\n<\/tr>\n<tr>\n<td>Elektronische Drehzahlregler YGE 65LVT\u00a0 mit Telemetrie und BEC 8A\/18A<\/td>\n<td>159 \u20ac<\/td>\n<td>189,21 \u20ac<\/td>\n<td>190,80 \u20ac<\/td>\n<\/tr>\n<tr>\n<td>USB-Adapter YGE<\/td>\n<td>39 \u20ac<\/td>\n<td>46,41 \u20ac<\/td>\n<td>46,80 \u20ac<\/td>\n<\/tr>\n<tr>\n<td>Satz von Einstellehren f\u00fcr Fl\u00fcgel (3Stk.)<\/td>\n<td>17 \u20ac<\/td>\n<td>20,23 \u20ac<\/td>\n<td>20,40 \u20ac<\/td>\n<\/tr>\n<tr>\n<td>Ballast inlets &#8211; f\u00fcr Carbon Steckung, 4 x128g, f\u00fcr GV,EV<\/td>\n<td>49 \u20ac<\/td>\n<td>58,31 \u20ac<\/td>\n<td>58,80 \u20ac<\/td>\n<\/tr>\n<tr>\n<td>Gewicht AL+vario 160-360g, f\u00fcr GV<\/td>\n<td>49 \u20ac<\/td>\n<td>58,31 \u20ac<\/td>\n<td>58,80 \u20ac<\/td>\n<\/tr>\n<tr>\n<td>Schutztaschen Sonnenschutz &#8211; Satz f\u00fcr Tragfl\u00e4che und V-Leitwerk<\/td>\n<td>66 \u20ac<\/td>\n<td>78,54 \u20ac<\/td>\n<td>79,20 \u20ac<\/td>\n<\/tr>\n<tr>\n<td>ELASTO Textil-Schutztasche Fl\u00fcgel<\/td>\n<td>58 \u20ac<\/td>\n<td>69,02 \u20ac<\/td>\n<td>69,60 \u20ac<\/td>\n<\/tr>\n<tr>\n<td>ELASTO Textil-Schutztasche Rumpf<\/td>\n<td>37 \u20ac<\/td>\n<td>44,03 \u20ac<\/td>\n<td>44,40 \u20ac<\/td>\n<\/tr>\n<tr>\n<td>ELASTO Textil-Schutztasche V-Leitwerk<\/td>\n<td>25 \u20ac<\/td>\n<td>29,75 \u20ac<\/td>\n<td>30,00 \u20ac<\/td>\n<\/tr>\n<tr>\n<td>JETI Empf\u00e4nger REX 12 EPC Sonderfertigung<\/td>\n<td>119 \u20ac<\/td>\n<td>141,61 \u20ac<\/td>\n<td>142,80 \u20ac<\/td>\n<\/tr>\n<tr>\n<td><\/td>\n<td><\/td>\n<td><\/td>\n<td><\/td>\n<\/tr>\n<tr>\n<td colspan=\"4\"><strong><span style=\"color: #0000ff;\">Ersatzteile<\/span><\/strong><\/td>\n<\/tr>\n<tr>\n<td>ELASTO standard elektro (F5J) Fl\u00fcgel (L)<\/td>\n<td>543 \u20ac<\/td>\n<td>645,99 \u20ac<\/td>\n<td>651,42 \u20ac<\/td>\n<\/tr>\n<tr>\n<td>ELASTO standard elektro (F5J) Fl\u00fcgel (R)<\/td>\n<td>543 \u20ac<\/td>\n<td>645,99 \u20ac<\/td>\n<td>651,42 \u20ac<\/td>\n<\/tr>\n<tr>\n<td>ELASTO standard Segler (F3J) Fl\u00fcgel (L)<\/td>\n<td>565 \u20ac<\/td>\n<td>672,23 \u20ac<\/td>\n<td>677,88 \u20ac<\/td>\n<\/tr>\n<tr>\n<td>ELASTO standard Segler (F3J) Fl\u00fcgel (R)<\/td>\n<td>565 \u20ac<\/td>\n<td>672,23 \u20ac<\/td>\n<td>677,88 \u20ac<\/td>\n<\/tr>\n<tr>\n<td>ELASTO leicht elektro (F5J) Fl\u00fcgel (L)<\/td>\n<td>580 \u20ac<\/td>\n<td>689,72 \u20ac<\/td>\n<td>695,52 \u20ac<\/td>\n<\/tr>\n<tr>\n<td>ELASTO leicht elektro (F5J) Fl\u00fcgel (L)<\/td>\n<td>580 \u20ac<\/td>\n<td>689,72 \u20ac<\/td>\n<td>695,52 \u20ac<\/td>\n<\/tr>\n<tr>\n<td>ELASTO Rumpf ver. EV (mit Kabinenhaube)<\/td>\n<td>354 \u20ac<\/td>\n<td>421,08 \u20ac<\/td>\n<td>424,62 \u20ac<\/td>\n<\/tr>\n<tr>\n<td>ELASTO Rumpf ver. GV (mit Kabinenhaube)<\/td>\n<td>354 \u20ac<\/td>\n<td>421,08 \u20ac<\/td>\n<td>424,62 \u20ac<\/td>\n<\/tr>\n<tr>\n<td>ELASTO V-Leitwerk<\/td>\n<td>197 \u20ac<\/td>\n<td>234,91 \u20ac<\/td>\n<td>236,88 \u20ac<\/td>\n<\/tr>\n<tr>\n<td>ELASTO Kabinenhaube ver. GV,EV<\/td>\n<td>25 \u20ac<\/td>\n<td>29,99 \u20ac<\/td>\n<td>30,24 \u20ac<\/td>\n<\/tr>\n<tr>\n<td>Kohlenstoff-Steckverbinder Fl\u00fcgel 15&#215;25 mm, L=320mm, 62g (f\u00fcr EV)<\/td>\n<td>50 \u20ac<\/td>\n<td>59,50 \u20ac<\/td>\n<td>60,00 \u20ac<\/td>\n<\/tr>\n<tr>\n<td>Kohlenstoff-Steckverbinder Fl\u00fcgel 15&#215;25 mm, L=320mm, 112g (f\u00fcr GV)<\/td>\n<td>50 \u20ac<\/td>\n<td>59,50 \u20ac<\/td>\n<td>60,00 \u20ac<\/td>\n<\/tr>\n<tr>\n<td>Schubstange mit Anlenkung V-Ltw.<\/td>\n<td>9 \u20ac<\/td>\n<td>10,50 \u20ac<\/td>\n<td>10,58 \u20ac<\/td>\n<\/tr>\n<tr>\n<td>KST servo X08 V5 HV (3,8-8,4V) &#8211; f\u00fcr Leitwerk ver. EV<\/td>\n<td>42 \u20ac<\/td>\n<td>49,98 \u20ac<\/td>\n<td>50,40 \u20ac<\/td>\n<\/tr>\n<tr>\n<td>KST DS315 MG Servo (4,8V-8,4V) &#8211; f\u00fcr Leitwerk ver. GV<\/td>\n<td>30 \u20ac<\/td>\n<td>36,24 \u20ac<\/td>\n<td>36,54 \u20ac<\/td>\n<\/tr>\n<tr>\n<td>KST servo X10N MINI (6,0-8,4V) &#8211; f\u00fcr W\u00f6lbklappe<\/td>\n<td>42 \u20ac<\/td>\n<td>49,98 \u20ac<\/td>\n<td>50,40 \u20ac<\/td>\n<\/tr>\n<tr>\n<td>KST servo X08N PLUS HV (3,8-8,4V) &#8211; f\u00fcr Querruder<\/td>\n<td>47 \u20ac<\/td>\n<td>56,23 \u20ac<\/td>\n<td>56,70 \u20ac<\/td>\n<\/tr>\n<tr>\n<td>Luftschraubenbl\u00e4tter GM 16&#215;8&#8243;<\/td>\n<td>43 \u20ac<\/td>\n<td>51,17 \u20ac<\/td>\n<td>51,60 \u20ac<\/td>\n<\/tr>\n<\/tbody>\n<\/table>\n<p>&nbsp;<\/p>\n<table style=\"height: 116px;\" width=\"550\">\n<tbody>\n<tr>\n<td width=\"486\"><span style=\"color: #0000ff;\"><strong>Legende:<\/strong><\/span><\/td>\n<\/tr>\n<tr>\n<td>\u00a0<strong>G<\/strong> &#8211;\u00a0Segler\u00a0\u00a0\u00a0\u00a0 <strong>E<\/strong> &#8211;\u00a0Elektro\u00a0\u00a0\u00a0 <strong>V<\/strong> &#8211;\u00a0V-Leitwerk<\/td>\n<\/tr>\n<tr>\n<td><strong>ver.<\/strong> &#8211; Version\u00a0\u00a0\u00a0\u00a0\u00a0\u00a0<strong>(L\/R)<\/strong> &#8211; links\/recht\u00a0 \u00a0 <strong>n.v.<\/strong> &#8211; zu Zeit nicht verf\u00fcgbar<\/td>\n<\/tr>\n<\/tbody>\n<\/table>\n<p>&nbsp;<\/p>\n<div id='gallery-2' class='gallery galleryid-3598 gallery-columns-3 gallery-size-medium'><figure class='gallery-item'>\n\t\t\t<div class='gallery-icon landscape'>\n\t\t\t\t<a href='https:\/\/www.jaromuller.com\/wp-content\/uploads\/2018\/03\/Servosatz-Standard_1-1.jpg'><img loading=\"lazy\" decoding=\"async\" width=\"300\" height=\"225\" src=\"https:\/\/www.jaromuller.com\/wp-content\/uploads\/2018\/03\/Servosatz-Standard_1-1-300x225.jpg\" class=\"attachment-medium size-medium\" alt=\"\" srcset=\"https:\/\/www.jaromuller.com\/wp-content\/uploads\/2018\/03\/Servosatz-Standard_1-1-300x225.jpg 300w, https:\/\/www.jaromuller.com\/wp-content\/uploads\/2018\/03\/Servosatz-Standard_1-1-768x576.jpg 768w, https:\/\/www.jaromuller.com\/wp-content\/uploads\/2018\/03\/Servosatz-Standard_1-1.jpg 960w\" sizes=\"auto, (max-width: 300px) 100vw, 300px\" \/><\/a>\n\t\t\t<\/div><\/figure><figure class='gallery-item'>\n\t\t\t<div class='gallery-icon landscape'>\n\t\t\t\t<a href='https:\/\/www.jaromuller.com\/wp-content\/uploads\/2018\/03\/Servosatz-F5J_1-1.jpg'><img loading=\"lazy\" decoding=\"async\" width=\"300\" height=\"225\" src=\"https:\/\/www.jaromuller.com\/wp-content\/uploads\/2018\/03\/Servosatz-F5J_1-1-300x225.jpg\" class=\"attachment-medium size-medium\" alt=\"\" srcset=\"https:\/\/www.jaromuller.com\/wp-content\/uploads\/2018\/03\/Servosatz-F5J_1-1-300x225.jpg 300w, https:\/\/www.jaromuller.com\/wp-content\/uploads\/2018\/03\/Servosatz-F5J_1-1-768x576.jpg 768w, https:\/\/www.jaromuller.com\/wp-content\/uploads\/2018\/03\/Servosatz-F5J_1-1.jpg 960w\" sizes=\"auto, (max-width: 300px) 100vw, 300px\" \/><\/a>\n\t\t\t<\/div><\/figure><figure class='gallery-item'>\n\t\t\t<div class='gallery-icon landscape'>\n\t\t\t\t<a href='https:\/\/www.jaromuller.com\/wp-content\/uploads\/2018\/03\/Satz-Einstellehren-Elasto_new1-1.jpg'><img loading=\"lazy\" decoding=\"async\" width=\"300\" height=\"225\" src=\"https:\/\/www.jaromuller.com\/wp-content\/uploads\/2018\/03\/Satz-Einstellehren-Elasto_new1-1-300x225.jpg\" class=\"attachment-medium size-medium\" alt=\"\" srcset=\"https:\/\/www.jaromuller.com\/wp-content\/uploads\/2018\/03\/Satz-Einstellehren-Elasto_new1-1-300x225.jpg 300w, https:\/\/www.jaromuller.com\/wp-content\/uploads\/2018\/03\/Satz-Einstellehren-Elasto_new1-1-768x576.jpg 768w, https:\/\/www.jaromuller.com\/wp-content\/uploads\/2018\/03\/Satz-Einstellehren-Elasto_new1-1.jpg 960w\" sizes=\"auto, (max-width: 300px) 100vw, 300px\" \/><\/a>\n\t\t\t<\/div><\/figure><figure class='gallery-item'>\n\t\t\t<div class='gallery-icon landscape'>\n\t\t\t\t<a href='https:\/\/www.jaromuller.com\/wp-content\/uploads\/2018\/04\/Inlets.jpg'><img loading=\"lazy\" decoding=\"async\" width=\"300\" height=\"225\" src=\"https:\/\/www.jaromuller.com\/wp-content\/uploads\/2018\/04\/Inlets-300x225.jpg\" class=\"attachment-medium size-medium\" alt=\"\" srcset=\"https:\/\/www.jaromuller.com\/wp-content\/uploads\/2018\/04\/Inlets-300x225.jpg 300w, https:\/\/www.jaromuller.com\/wp-content\/uploads\/2018\/04\/Inlets-768x576.jpg 768w, https:\/\/www.jaromuller.com\/wp-content\/uploads\/2018\/04\/Inlets-1024x768.jpg 1024w, https:\/\/www.jaromuller.com\/wp-content\/uploads\/2018\/04\/Inlets.jpg 1280w\" sizes=\"auto, (max-width: 300px) 100vw, 300px\" \/><\/a>\n\t\t\t<\/div><\/figure><figure class='gallery-item'>\n\t\t\t<div class='gallery-icon landscape'>\n\t\t\t\t<a href='https:\/\/www.jaromuller.com\/wp-content\/uploads\/2018\/04\/Zusatzgewicht-Al_vario.jpg'><img loading=\"lazy\" decoding=\"async\" width=\"300\" height=\"225\" src=\"https:\/\/www.jaromuller.com\/wp-content\/uploads\/2018\/04\/Zusatzgewicht-Al_vario-300x225.jpg\" class=\"attachment-medium size-medium\" alt=\"\" srcset=\"https:\/\/www.jaromuller.com\/wp-content\/uploads\/2018\/04\/Zusatzgewicht-Al_vario-300x225.jpg 300w, https:\/\/www.jaromuller.com\/wp-content\/uploads\/2018\/04\/Zusatzgewicht-Al_vario-768x576.jpg 768w, https:\/\/www.jaromuller.com\/wp-content\/uploads\/2018\/04\/Zusatzgewicht-Al_vario.jpg 960w\" sizes=\"auto, (max-width: 300px) 100vw, 300px\" \/><\/a>\n\t\t\t<\/div><\/figure><figure class='gallery-item'>\n\t\t\t<div class='gallery-icon landscape'>\n\t\t\t\t<a href='https:\/\/www.jaromuller.com\/wp-content\/uploads\/2018\/05\/Sonnenschutz.jpg'><img loading=\"lazy\" decoding=\"async\" width=\"300\" height=\"225\" src=\"https:\/\/www.jaromuller.com\/wp-content\/uploads\/2018\/05\/Sonnenschutz-300x225.jpg\" class=\"attachment-medium size-medium\" alt=\"\" srcset=\"https:\/\/www.jaromuller.com\/wp-content\/uploads\/2018\/05\/Sonnenschutz-300x225.jpg 300w, https:\/\/www.jaromuller.com\/wp-content\/uploads\/2018\/05\/Sonnenschutz-768x576.jpg 768w, https:\/\/www.jaromuller.com\/wp-content\/uploads\/2018\/05\/Sonnenschutz.jpg 960w\" sizes=\"auto, (max-width: 300px) 100vw, 300px\" \/><\/a>\n\t\t\t<\/div><\/figure><figure class='gallery-item'>\n\t\t\t<div class='gallery-icon landscape'>\n\t\t\t\t<a href='https:\/\/www.jaromuller.com\/wp-content\/uploads\/2018\/07\/Powerline-1015GM16_8_D.jpg'><img loading=\"lazy\" decoding=\"async\" width=\"300\" height=\"222\" src=\"https:\/\/www.jaromuller.com\/wp-content\/uploads\/2018\/07\/Powerline-1015GM16_8_D-300x222.jpg\" class=\"attachment-medium size-medium\" alt=\"\" srcset=\"https:\/\/www.jaromuller.com\/wp-content\/uploads\/2018\/07\/Powerline-1015GM16_8_D-300x222.jpg 300w, https:\/\/www.jaromuller.com\/wp-content\/uploads\/2018\/07\/Powerline-1015GM16_8_D-768x568.jpg 768w, https:\/\/www.jaromuller.com\/wp-content\/uploads\/2018\/07\/Powerline-1015GM16_8_D-1024x757.jpg 1024w, https:\/\/www.jaromuller.com\/wp-content\/uploads\/2018\/07\/Powerline-1015GM16_8_D.jpg 1630w\" sizes=\"auto, (max-width: 300px) 100vw, 300px\" \/><\/a>\n\t\t\t<\/div><\/figure><figure class='gallery-item'>\n\t\t\t<div class='gallery-icon landscape'>\n\t\t\t\t<a href='https:\/\/www.jaromuller.com\/wp-content\/uploads\/2019\/02\/RedFox_Turnigy_4S_D.jpg'><img loading=\"lazy\" decoding=\"async\" width=\"300\" height=\"225\" src=\"https:\/\/www.jaromuller.com\/wp-content\/uploads\/2019\/02\/RedFox_Turnigy_4S_D-300x225.jpg\" class=\"attachment-medium size-medium\" alt=\"\" srcset=\"https:\/\/www.jaromuller.com\/wp-content\/uploads\/2019\/02\/RedFox_Turnigy_4S_D-300x225.jpg 300w, https:\/\/www.jaromuller.com\/wp-content\/uploads\/2019\/02\/RedFox_Turnigy_4S_D-768x576.jpg 768w, https:\/\/www.jaromuller.com\/wp-content\/uploads\/2019\/02\/RedFox_Turnigy_4S_D.jpg 960w\" sizes=\"auto, (max-width: 300px) 100vw, 300px\" \/><\/a>\n\t\t\t<\/div><\/figure><figure class='gallery-item'>\n\t\t\t<div class='gallery-icon landscape'>\n\t\t\t\t<a href='https:\/\/www.jaromuller.com\/wp-content\/uploads\/2019\/10\/MEGA-AC-16_15_25R_E.jpg'><img loading=\"lazy\" decoding=\"async\" width=\"300\" height=\"225\" src=\"https:\/\/www.jaromuller.com\/wp-content\/uploads\/2019\/10\/MEGA-AC-16_15_25R_E-300x225.jpg\" class=\"attachment-medium size-medium\" alt=\"\" srcset=\"https:\/\/www.jaromuller.com\/wp-content\/uploads\/2019\/10\/MEGA-AC-16_15_25R_E-300x225.jpg 300w, https:\/\/www.jaromuller.com\/wp-content\/uploads\/2019\/10\/MEGA-AC-16_15_25R_E.jpg 640w\" sizes=\"auto, (max-width: 300px) 100vw, 300px\" \/><\/a>\n\t\t\t<\/div><\/figure><figure class='gallery-item'>\n\t\t\t<div class='gallery-icon landscape'>\n\t\t\t\t<a href='https:\/\/www.jaromuller.com\/wp-content\/uploads\/2019\/10\/MEGA-AC-16_10_E.jpg'><img loading=\"lazy\" decoding=\"async\" width=\"300\" height=\"225\" src=\"https:\/\/www.jaromuller.com\/wp-content\/uploads\/2019\/10\/MEGA-AC-16_10_E-300x225.jpg\" class=\"attachment-medium size-medium\" alt=\"\" srcset=\"https:\/\/www.jaromuller.com\/wp-content\/uploads\/2019\/10\/MEGA-AC-16_10_E-300x225.jpg 300w, https:\/\/www.jaromuller.com\/wp-content\/uploads\/2019\/10\/MEGA-AC-16_10_E.jpg 640w\" sizes=\"auto, (max-width: 300px) 100vw, 300px\" \/><\/a>\n\t\t\t<\/div><\/figure>\n\t\t<\/div>\n\n<p>Weitere Informationen und Beschreibung in <a href=\"http:\/\/www.jaromuller.com\/de\/models\/elasto-31-38-m\/accessories-elasto\/\" target=\"_blank\" rel=\"noopener noreferrer\"><span style=\"color: #ff0000;\">Zubeh\u00f6r<\/span><\/a>.<\/p>","protected":false},"excerpt":{"rendered":"<p>Preisliste ELASTO g\u00fcltig von 1.4.2023. Durch eine EU-Neuregelung sind wir ab sofort verpflichtet, f\u00fcr Kunden innerhalb der Europ\u00e4ischen Union (EU) die Mehrwertsteuer ihres Heimatlandes zu berechnen. Auf Basis des Nettopreises (ohne Mehrwertsteuer) haben wir beispielhaft die Kundenendpreise inkl. der Mehrwertsteuer (Bruttopreise) f\u00fcr Deutschland (DE 19%) sowie f\u00fcr die Slowakische Republik (SK), \u00d6sterreich (AT) und Frankreich [&hellip;]<\/p>\n","protected":false},"author":2,"featured_media":0,"parent":1800,"menu_order":0,"comment_status":"closed","ping_status":"closed","template":"","meta":{"footnotes":""},"class_list":["post-3598","page","type-page","status-publish","hentry"],"_links":{"self":[{"href":"https:\/\/www.jaromuller.com\/de\/wp-json\/wp\/v2\/pages\/3598","targetHints":{"allow":["GET"]}}],"collection":[{"href":"https:\/\/www.jaromuller.com\/de\/wp-json\/wp\/v2\/pages"}],"about":[{"href":"https:\/\/www.jaromuller.com\/de\/wp-json\/wp\/v2\/types\/page"}],"author":[{"embeddable":true,"href":"https:\/\/www.jaromuller.com\/de\/wp-json\/wp\/v2\/users\/2"}],"replies":[{"embeddable":true,"href":"https:\/\/www.jaromuller.com\/de\/wp-json\/wp\/v2\/comments?post=3598"}],"version-history":[{"count":0,"href":"https:\/\/www.jaromuller.com\/de\/wp-json\/wp\/v2\/pages\/3598\/revisions"}],"up":[{"embeddable":true,"href":"https:\/\/www.jaromuller.com\/de\/wp-json\/wp\/v2\/pages\/1800"}],"wp:attachment":[{"href":"https:\/\/www.jaromuller.com\/de\/wp-json\/wp\/v2\/media?parent=3598"}],"curies":[{"name":"wp","href":"https:\/\/api.w.org\/{rel}","templated":true}]}}