{"id":2292,"date":"2016-06-12T10:47:29","date_gmt":"2016-06-12T09:47:29","guid":{"rendered":"http:\/\/jaromuller.com\/?page_id=2292"},"modified":"2025-03-10T18:48:20","modified_gmt":"2025-03-10T18:48:20","slug":"price-list","status":"publish","type":"page","link":"https:\/\/www.jaromuller.com\/de\/models\/mini-ellipse-15-m\/price-list\/","title":{"rendered":"Price list"},"content":{"rendered":"<p><\/p>\n<h3>Preisliste MINI ELLIPSE g\u00fcltig von 1.4.2023.<\/h3>\n<p><strong>Durch eine EU-Neuregelung sind wir ab sofort verpflichtet, f\u00fcr Kunden innerhalb der Europ\u00e4ischen Union (EU) die Mehrwertsteuer ihres Heimatlandes zu berechnen.<br \/>\n<\/strong>Auf Basis des Nettopreises (ohne Mehrwertsteuer) haben wir beispielhaft die Kundenendpreise inkl. der Mehrwertsteuer (Bruttopreise) f\u00fcr Deutschland (DE 19%) sowie f\u00fcr die Slowakische Republik (SK), \u00d6sterreich (AT) und Frankreich (F) aufgelistet.<br \/>\nF\u00fcr alle anderen Mitgliedsl\u00e4nder der EU addieren Sie bitte die Mehrwertsteuer ihres Heimatlandes zu den ausgewiesenen Nettopreisen.<\/p>\n<p>F\u00fcr Kunden au\u00dferhalb der EU gilt der angezeigte Nettopreis.<br \/>\nDie Mehrwertsteuer Ihres Heimatlandes und m\u00f6gliche Zollabgaben werden bei der Einfuhrverzollung zus\u00e4tzlich in Rechnung gestellt.<\/p>\n<p>&nbsp;<\/p>\n<table width=\"666\">\n<tbody>\n<tr>\n<td width=\"480\">PRODUKTBESCHREIBUNG<\/td>\n<td width=\"52\">PREIS<br \/>\nNETTO<\/td>\n<td width=\"70\">PREIS<br \/>\nBRUTTO<br \/>\nMwSt 19%<br \/>\n(DE&#8230;)<\/td>\n<td width=\"64\">PREIS<br \/>\nBRUTTO<br \/>\nMwSt 20%<br \/>\n(SK,AT,FR&#8230;)<\/td>\n<\/tr>\n<tr>\n<td colspan=\"4\"><strong><span style=\"color: #0000ff;\">Komplettmodell<\/span><\/strong><\/td>\n<\/tr>\n<tr>\n<td>MINI ELLIPSE, universal, ver. EV, eine Farbe oben \/ eine Farbe unten<\/td>\n<td>n.v.<\/td>\n<td><\/td>\n<td><\/td>\n<\/tr>\n<tr>\n<td>MINI ELLIPSE,\u00a0 universal, ver. GV, eine Farbe oben \/ eine Farbe unten<\/td>\n<td>n.v.<\/td>\n<td><\/td>\n<td><\/td>\n<\/tr>\n<tr>\n<td>MINI ELLIPSE, verst\u00e4rkt (Kohlenstoff), Ver. EV, eine Farbe oben \/ eine Farbe unten<\/td>\n<td>n.v.<\/td>\n<td><\/td>\n<td><\/td>\n<\/tr>\n<tr>\n<td>MINI ELLIPSE, verst\u00e4rkt (Kohlenstoff), Ver. GV, eine Farbe oben \/ eine Farbe unten<\/td>\n<td>n.v.<\/td>\n<td><\/td>\n<td><\/td>\n<\/tr>\n<tr>\n<td>Mehrpreis f\u00fcr Farbe Design B, C, D, E<\/td>\n<td>n.v.<\/td>\n<td><\/td>\n<td><\/td>\n<\/tr>\n<tr>\n<td>Mehrpreis f\u00fcr Farbe Design F,G,H,I<\/td>\n<td>n.v.<\/td>\n<td><\/td>\n<td><\/td>\n<\/tr>\n<tr>\n<td>Mehrpreis f\u00fcr jede weitere Farbe<\/td>\n<td>n.v.<\/td>\n<td><\/td>\n<td><\/td>\n<\/tr>\n<tr>\n<td><\/td>\n<td><\/td>\n<td><\/td>\n<td><\/td>\n<\/tr>\n<tr>\n<td colspan=\"4\"><strong><span style=\"color: #0000ff;\">Zubeh\u00f6r (nicht im Lieferumfang Komplettmodell)<\/span><\/strong><\/td>\n<\/tr>\n<tr>\n<td>MINI ELLIPSE Schutztasche V-Leitwerk, f\u00fcr GV,EV<\/td>\n<td>n.v.<\/td>\n<td><\/td>\n<td><\/td>\n<\/tr>\n<tr>\n<td>MINI ELLIPSE Tragetasche Fl\u00fcgel + Rumpf<\/td>\n<td>n.v.<\/td>\n<td><\/td>\n<td><\/td>\n<\/tr>\n<tr>\n<td>MINI ELLIPSE Tragetasche Fl\u00fcgel + 2x Rumpf<\/td>\n<td>n.v.<\/td>\n<td><\/td>\n<td><\/td>\n<\/tr>\n<tr>\n<td>KST &#8211; Servosatz montiert (4,8-8,4V) &#8211; 2x X08, 2x X08H<\/td>\n<td>168 \u20ac<\/td>\n<td>199,92 \u20ac<\/td>\n<td>201,60 \u20ac<\/td>\n<\/tr>\n<tr>\n<td>Antriebseinheit MEGA AC 16\/15\/5 F5J + CAMcarbon 9&#215;5&#8243; Aeronaut, montiert<\/td>\n<td>116 \u20ac<\/td>\n<td>137,45 \u20ac<\/td>\n<td>138,60 \u20ac<\/td>\n<\/tr>\n<tr>\n<td>Antriebseinheit MEGA AC 16\/15\/5 F5J + CFK Propeller JM 9&#215;5&#8243;, montiert<\/td>\n<td>149 \u20ac<\/td>\n<td>176,72 \u20ac<\/td>\n<td>178,20 \u20ac<\/td>\n<\/tr>\n<tr>\n<td>Elektronische Drehzahlregler YGE 35LVT\u00a0 mit Telemetrie und BEC 5A\/10A<\/td>\n<td>92 \u20ac<\/td>\n<td>109,48 \u20ac<\/td>\n<td>110,40 \u20ac<\/td>\n<\/tr>\n<tr>\n<td>USB-Adapter YGE<\/td>\n<td>39 \u20ac<\/td>\n<td>46,41 \u20ac<\/td>\n<td>46,80 \u20ac<\/td>\n<\/tr>\n<tr>\n<td>Elektronische Drehzahlregler Dualsky XC3012BA<\/td>\n<td>31 \u20ac<\/td>\n<td>36,65 \u20ac<\/td>\n<td>36,96 \u20ac<\/td>\n<\/tr>\n<tr>\n<td>JETI receiver R5L EX with telemetrie<\/td>\n<td>75 \u20ac<\/td>\n<td>89,25 \u20ac<\/td>\n<td>90,00 \u20ac<\/td>\n<\/tr>\n<tr>\n<td><\/td>\n<td><\/td>\n<td><\/td>\n<td><\/td>\n<\/tr>\n<tr>\n<td colspan=\"4\"><strong><span style=\"color: #0000ff;\">Ersatzteile<\/span><\/strong><\/td>\n<\/tr>\n<tr>\n<td>MINI ELLIPSE Fl\u00fcgel universal, eine Farbe oben \/ eine Farbe unten<\/td>\n<td>n.v.<\/td>\n<td><\/td>\n<td><\/td>\n<\/tr>\n<tr>\n<td>MINI ELLIPSE Fl\u00fcgel verst\u00e4rkt (Kohlenstoff), eine Farbe oben \/ eine Farbe unten<\/td>\n<td>n.v.<\/td>\n<td><\/td>\n<td><\/td>\n<\/tr>\n<tr>\n<td>MINI ELLIPSE Fl\u00fcgel universal, Farbe Design B, C, D, E<\/td>\n<td>n.v.<\/td>\n<td><\/td>\n<td><\/td>\n<\/tr>\n<tr>\n<td>MINI ELLIPSE Fl\u00fcgel verst\u00e4rkt (Kohlenstoff), Farbe Design B, C, D, E<\/td>\n<td>n.v.<\/td>\n<td><\/td>\n<td><\/td>\n<\/tr>\n<tr>\n<td>MINI ELLIPSE Fl\u00fcgel universal, Farbe Design F, G<\/td>\n<td>n.v.<\/td>\n<td><\/td>\n<td><\/td>\n<\/tr>\n<tr>\n<td>MINI ELLIPSE\u00a0 Fl\u00fcgel verst\u00e4rkt (Kohlenstoff), Farbe Design F, G<\/td>\n<td>n.v.<\/td>\n<td><\/td>\n<td><\/td>\n<\/tr>\n<tr>\n<td>MINI ELLIPSE Servoabdeckung, Satz<\/td>\n<td>12 \u20ac<\/td>\n<td>14,43 \u20ac<\/td>\n<td>14,55 \u20ac<\/td>\n<\/tr>\n<tr>\n<td>MINI ELLIPSE Rumpf EV (ohne Kabinenhaube)<\/td>\n<td>84 \u20ac<\/td>\n<td>99,96 \u20ac<\/td>\n<td>100,80 \u20ac<\/td>\n<\/tr>\n<tr>\n<td>MINI ELLIPSE Rumpf GV (ohne Kabinenhaube)<\/td>\n<td>84 \u20ac<\/td>\n<td>99,96 \u20ac<\/td>\n<td>100,80 \u20ac<\/td>\n<\/tr>\n<tr>\n<td>MINI ELLIPSE Kabinenhaube EV<\/td>\n<td>11 \u20ac<\/td>\n<td>13,09 \u20ac<\/td>\n<td>13,20 \u20ac<\/td>\n<\/tr>\n<tr>\n<td>MINI ELLIPSE Kabinenhaube GV<\/td>\n<td>11 \u20ac<\/td>\n<td>13,09 \u20ac<\/td>\n<td>13,20 \u20ac<\/td>\n<\/tr>\n<tr>\n<td>MINI ELLIPSE V-Leitwerk<\/td>\n<td>n.v.<\/td>\n<td><\/td>\n<td><\/td>\n<\/tr>\n<tr>\n<td>CFK Propellerbl\u00e4tter JM 9&#215;5&#8243; (1 Paar)<\/td>\n<td>42 \u20ac<\/td>\n<td>49,48 \u20ac<\/td>\n<td>49,90 \u20ac<\/td>\n<\/tr>\n<\/tbody>\n<\/table>\n<p>&nbsp;<\/p>\n<table style=\"height: 111px;\" width=\"578\">\n<tbody>\n<tr>\n<td width=\"480\"><strong><span style=\"color: #0000ff;\">Legende:<\/span><\/strong><\/td>\n<\/tr>\n<tr>\n<td><strong>\u00a0G<\/strong> &#8211;\u00a0Segler\u00a0\u00a0\u00a0\u00a0 <strong>E<\/strong> &#8211;\u00a0Elektro\u00a0\u00a0\u00a0 <strong>V<\/strong> &#8211;\u00a0V-Leitwerk<\/td>\n<\/tr>\n<tr>\n<td><strong>ver.<\/strong>\u00a0&#8211; Version\u00a0\u00a0\u00a0\u00a0\u00a0\u00a0<strong>(L\/R)<\/strong> &#8211; links\/recht\u00a0 \u00a0 <strong>n.v.<\/strong> &#8211; zu Zeit nicht verf\u00fcgbar<\/td>\n<\/tr>\n<\/tbody>\n<\/table>\n<p>&nbsp;<\/p>\n<p><a href=\"http:\/\/www.jaromuller.com\/wp-content\/uploads\/2016\/06\/Ruksak3.jpg\">\u00a0\u00a0\u00a0\u00a0\u00a0\u00a0\u00a0\u00a0\u00a0\u00a0\u00a0 <\/a><a href=\"http:\/\/www.jaromuller.com\/wp-content\/uploads\/2016\/06\/Ruksak3.jpg\"><img loading=\"lazy\" decoding=\"async\" class=\"alignnone wp-image-3177 size-medium\" src=\"http:\/\/www.jaromuller.com\/wp-content\/uploads\/2016\/06\/Ruksak3-300x234.jpg\" width=\"300\" height=\"234\" srcset=\"https:\/\/www.jaromuller.com\/wp-content\/uploads\/2016\/06\/Ruksak3-300x234.jpg 300w, https:\/\/www.jaromuller.com\/wp-content\/uploads\/2016\/06\/Ruksak3-768x600.jpg 768w, https:\/\/www.jaromuller.com\/wp-content\/uploads\/2016\/06\/Ruksak3-1024x800.jpg 1024w, https:\/\/www.jaromuller.com\/wp-content\/uploads\/2016\/06\/Ruksak3.jpg 1229w\" sizes=\"auto, (max-width: 300px) 100vw, 300px\" \/><\/a><a href=\"http:\/\/www.jaromuller.com\/wp-content\/uploads\/2016\/06\/Ruksak5.jpg\"><img loading=\"lazy\" decoding=\"async\" class=\"alignnone wp-image-3220\" src=\"http:\/\/www.jaromuller.com\/wp-content\/uploads\/2016\/06\/Ruksak5-300x230.jpg\" width=\"304\" height=\"233\" srcset=\"https:\/\/www.jaromuller.com\/wp-content\/uploads\/2016\/06\/Ruksak5-300x230.jpg 300w, https:\/\/www.jaromuller.com\/wp-content\/uploads\/2016\/06\/Ruksak5-768x589.jpg 768w, https:\/\/www.jaromuller.com\/wp-content\/uploads\/2016\/06\/Ruksak5-1024x785.jpg 1024w, https:\/\/www.jaromuller.com\/wp-content\/uploads\/2016\/06\/Ruksak5.jpg 1229w\" sizes=\"auto, (max-width: 304px) 100vw, 304px\" \/><\/a><\/p>","protected":false},"excerpt":{"rendered":"<p>Preisliste MINI ELLIPSE g\u00fcltig von 1.4.2023. Durch eine EU-Neuregelung sind wir ab sofort verpflichtet, f\u00fcr Kunden innerhalb der Europ\u00e4ischen Union (EU) die Mehrwertsteuer ihres Heimatlandes zu berechnen. Auf Basis des Nettopreises (ohne Mehrwertsteuer) haben wir beispielhaft die Kundenendpreise inkl. der Mehrwertsteuer (Bruttopreise) f\u00fcr Deutschland (DE 19%) sowie f\u00fcr die Slowakische Republik (SK), \u00d6sterreich (AT) und [&hellip;]<\/p>\n","protected":false},"author":1,"featured_media":0,"parent":1814,"menu_order":0,"comment_status":"closed","ping_status":"closed","template":"","meta":{"footnotes":""},"class_list":["post-2292","page","type-page","status-publish","hentry"],"_links":{"self":[{"href":"https:\/\/www.jaromuller.com\/de\/wp-json\/wp\/v2\/pages\/2292","targetHints":{"allow":["GET"]}}],"collection":[{"href":"https:\/\/www.jaromuller.com\/de\/wp-json\/wp\/v2\/pages"}],"about":[{"href":"https:\/\/www.jaromuller.com\/de\/wp-json\/wp\/v2\/types\/page"}],"author":[{"embeddable":true,"href":"https:\/\/www.jaromuller.com\/de\/wp-json\/wp\/v2\/users\/1"}],"replies":[{"embeddable":true,"href":"https:\/\/www.jaromuller.com\/de\/wp-json\/wp\/v2\/comments?post=2292"}],"version-history":[{"count":1,"href":"https:\/\/www.jaromuller.com\/de\/wp-json\/wp\/v2\/pages\/2292\/revisions"}],"predecessor-version":[{"id":6962,"href":"https:\/\/www.jaromuller.com\/de\/wp-json\/wp\/v2\/pages\/2292\/revisions\/6962"}],"up":[{"embeddable":true,"href":"https:\/\/www.jaromuller.com\/de\/wp-json\/wp\/v2\/pages\/1814"}],"wp:attachment":[{"href":"https:\/\/www.jaromuller.com\/de\/wp-json\/wp\/v2\/media?parent=2292"}],"curies":[{"name":"wp","href":"https:\/\/api.w.org\/{rel}","templated":true}]}}