{"id":1961,"date":"2016-05-06T14:06:20","date_gmt":"2016-05-06T13:06:20","guid":{"rendered":"http:\/\/jaromuller.com\/?page_id=1961"},"modified":"2025-08-27T17:19:18","modified_gmt":"2025-08-27T16:19:18","slug":"contact","status":"publish","type":"page","link":"https:\/\/www.jaromuller.com\/de\/contact\/","title":{"rendered":"Contact"},"content":{"rendered":"<p><\/p>\n<h1>Kontakte<\/h1>\n<h2>jaro m\u00fcller\u00a0composites, s.r.o.<\/h2>\n<p><strong>Vajansk\u00e9ho 58<\/strong><br \/>\n<strong>92101 Pie\u0161\u0165any<\/strong><br \/>\n<strong>SLOVAKIA<\/strong><\/p>\n<p>VAT: SK2022312523<\/p>\n<p><strong>Juraj Jurovic &#8211; Gesch\u00e4ftsf\u00fchrer \/ Produktionsablauf\u00a0\/ Versand<br \/>\n<\/strong>E-mail: <span id=\"cloak93644\"><a href=\"mailto:jurovic@jaromuller.com\">jurovic@jaromuller.com\u00a0<\/a> (bevorzugte Kommunikationsmethode)<a href=\"mailto:jurovic@jaromuller.com\"><br \/>\n<\/a><\/span>Tel.: +421 905391306<\/p>\n<p><strong>Jaroslav M\u00fcller &#8211; Entwicklung<br \/>\n<\/strong>Tel.: +421 910829452<br \/>\nE-mail: <span id=\"cloak87311\"><a href=\"mailto:muller@jaromuller.com\">muller.jaroslav@gmail.com<\/a> <span id=\"cloak93644\">(bevorzugte Kommunikationsmethode)<\/span><\/span><\/p>","protected":false},"excerpt":{"rendered":"<p>Kontakte jaro m\u00fcller\u00a0composites, s.r.o. Vajansk\u00e9ho 58 92101 Pie\u0161\u0165any SLOVAKIA VAT: SK2022312523 Juraj Jurovic &#8211; Gesch\u00e4ftsf\u00fchrer \/ Produktionsablauf\u00a0\/ Versand E-mail: jurovic@jaromuller.com\u00a0 (bevorzugte Kommunikationsmethode) Tel.: +421 905391306 Jaroslav M\u00fcller &#8211; Entwicklung Tel.: +421 910829452 E-mail: muller.jaroslav@gmail.com (bevorzugte Kommunikationsmethode)<\/p>\n","protected":false},"author":1,"featured_media":0,"parent":0,"menu_order":0,"comment_status":"closed","ping_status":"closed","template":"","meta":{"footnotes":""},"class_list":["post-1961","page","type-page","status-publish","hentry"],"_links":{"self":[{"href":"https:\/\/www.jaromuller.com\/de\/wp-json\/wp\/v2\/pages\/1961","targetHints":{"allow":["GET"]}}],"collection":[{"href":"https:\/\/www.jaromuller.com\/de\/wp-json\/wp\/v2\/pages"}],"about":[{"href":"https:\/\/www.jaromuller.com\/de\/wp-json\/wp\/v2\/types\/page"}],"author":[{"embeddable":true,"href":"https:\/\/www.jaromuller.com\/de\/wp-json\/wp\/v2\/users\/1"}],"replies":[{"embeddable":true,"href":"https:\/\/www.jaromuller.com\/de\/wp-json\/wp\/v2\/comments?post=1961"}],"version-history":[{"count":2,"href":"https:\/\/www.jaromuller.com\/de\/wp-json\/wp\/v2\/pages\/1961\/revisions"}],"predecessor-version":[{"id":7019,"href":"https:\/\/www.jaromuller.com\/de\/wp-json\/wp\/v2\/pages\/1961\/revisions\/7019"}],"wp:attachment":[{"href":"https:\/\/www.jaromuller.com\/de\/wp-json\/wp\/v2\/media?parent=1961"}],"curies":[{"name":"wp","href":"https:\/\/api.w.org\/{rel}","templated":true}]}}