{"id":1867,"date":"2016-05-06T12:41:07","date_gmt":"2016-05-06T11:41:07","guid":{"rendered":"http:\/\/jaromuller.com\/?page_id=1867"},"modified":"2024-10-27T12:26:15","modified_gmt":"2024-10-27T12:26:15","slug":"price-list","status":"publish","type":"page","link":"https:\/\/www.jaromuller.com\/de\/models\/egida-365-m\/price-list\/","title":{"rendered":"Preisliste"},"content":{"rendered":"<p><\/p>\n<h3>Preisliste EGIDA g\u00fcltig von 27.10.2024.<\/h3>\n<p><strong>Durch eine EU-Neuregelung sind wir ab sofort verpflichtet, f\u00fcr Kunden innerhalb der Europ\u00e4ischen Union (EU) die Mehrwertsteuer ihres Heimatlandes zu berechnen.<br \/>\n<\/strong>Auf Basis des Nettopreises (ohne Mehrwertsteuer) haben wir beispielhaft die Kundenendpreise inkl. der Mehrwertsteuer (Bruttopreise) f\u00fcr Deutschland (DE 19%) sowie f\u00fcr die Slowakische Republik (SK), \u00d6sterreich (AT) und Frankreich (F) aufgelistet.<br \/>\nF\u00fcr alle anderen Mitgliedsl\u00e4nder der EU addieren Sie bitte die Mehrwertsteuer ihres Heimatlandes zu den ausgewiesenen Nettopreisen.<\/p>\n<p>F\u00fcr Kunden au\u00dferhalb der EU gilt der angezeigte Nettopreis.<br \/>\nDie Mehrwertsteuer Ihres Heimatlandes und m\u00f6gliche Zollabgaben werden bei der Einfuhrverzollung zus\u00e4tzlich in Rechnung gestellt.<\/p>\n<p>&nbsp;<\/p>\n<table width=\"693\">\n<tbody>\n<tr>\n<td width=\"496\">PRODUKTBESCHREIBUNG<\/td>\n<td width=\"55\">PREIS<br \/>\nNETTO<\/td>\n<td width=\"72\">PREIS<br \/>\nBRUTTO<br \/>\nMwSt 19%<br \/>\n(DE&#8230;)<\/td>\n<td width=\"70\">PREIS<br \/>\nBRUTTO<br \/>\nMwSt 20%<br \/>\n(SK,AT,FR&#8230;)<\/td>\n<\/tr>\n<tr>\n<td colspan=\"4\"><span style=\"color: #0000ff;\"><strong>Komplettmodell<\/strong><\/span><\/td>\n<\/tr>\n<tr>\n<td>EGIDA ver. EV universal,\u00a0 3 Farben Standard-Design<\/td>\n<td>1 393 \u20ac<\/td>\n<td>1 657,67 \u20ac<\/td>\n<td>1 671,60 \u20ac<\/td>\n<\/tr>\n<tr>\n<td>EGIDA ver. GV universal,\u00a0 3 Farben Standard-Design<\/td>\n<td>1 396 \u20ac<\/td>\n<td>1 661,24 \u20ac<\/td>\n<td>1 675,20 \u20ac<\/td>\n<\/tr>\n<tr>\n<td>EGIDA ver. GV verst\u00e4rkt,\u00a0 3 Farben Standard-Design<\/td>\n<td>1 463 \u20ac<\/td>\n<td>1 740,97 \u20ac<\/td>\n<td>1 755,60 \u20ac<\/td>\n<\/tr>\n<tr>\n<td>EGIDA ver. EV verst\u00e4rkt,\u00a0 3 Farben Standard-Design<\/td>\n<td>1 463 \u20ac<\/td>\n<td>1 740,97 \u20ac<\/td>\n<td>1 755,60 \u20ac<\/td>\n<\/tr>\n<tr>\n<td>EGIDA ver. EV leicht (F5J),\u00a0 3 Farben Standard-Design<\/td>\n<td>1 396 \u20ac<\/td>\n<td>1 661,24 \u20ac<\/td>\n<td>1 675,20 \u20ac<\/td>\n<\/tr>\n<tr>\n<td>EGIDA ver. EV carbon edition (F5J), 3 Farben Standard-Design<\/td>\n<td>1 587 \u20ac<\/td>\n<td>1 888,53 \u20ac<\/td>\n<td>1 904,40 \u20ac<\/td>\n<\/tr>\n<tr>\n<td>EGIDA ver. GV carbon edition (F3J), 3 Farben Standard-Design<\/td>\n<td>1 587 \u20ac<\/td>\n<td>1 888,53 \u20ac<\/td>\n<td>1 904,40 \u20ac<\/td>\n<\/tr>\n<tr>\n<td>Preis f\u00fcr jede weitere Farbe<\/td>\n<td>45 \u20ac<\/td>\n<td>53,55 \u20ac<\/td>\n<td>54,00 \u20ac<\/td>\n<\/tr>\n<tr>\n<td><\/td>\n<td><\/td>\n<td><\/td>\n<td><\/td>\n<\/tr>\n<tr>\n<td colspan=\"4\"><strong><span style=\"color: #0000ff;\">Zubeh\u00f6r (nicht im Lieferumfang Komplettmodell)<\/span><\/strong><\/td>\n<\/tr>\n<tr>\n<td>Servosatz f\u00fcr EV,GV montiert (4,8-8,4V), 2x MKS HV6100, 4x KST X10N MINI<\/td>\n<td>315 \u20ac<\/td>\n<td>374,85 \u20ac<\/td>\n<td>378,00 \u20ac<\/td>\n<\/tr>\n<tr>\n<td>Gewicht AL+vario 160-360g, f\u00fcr GV<\/td>\n<td>49 \u20ac<\/td>\n<td>58,31 \u20ac<\/td>\n<td>58,80 \u20ac<\/td>\n<\/tr>\n<tr>\n<td>Ballast inlets &#8211; 4 x190g, f\u00fcr Steckverbinder L=380mm<\/td>\n<td>59 \u20ac<\/td>\n<td>70,21 \u20ac<\/td>\n<td>70,80 \u20ac<\/td>\n<\/tr>\n<tr>\n<td>Ballast inlets &#8211; 4 x140g, f\u00fcr Steckverbinder L=276mm<\/td>\n<td>58 \u20ac<\/td>\n<td>69,02 \u20ac<\/td>\n<td>69,60 \u20ac<\/td>\n<\/tr>\n<tr>\n<td>EGIDA Schutztasche Fl\u00fcgel<\/td>\n<td><strong>n.v.<\/strong><\/td>\n<td><strong>n.v.<\/strong><\/td>\n<td><strong>n.v.<\/strong><\/td>\n<\/tr>\n<tr>\n<td>EGIDA Schutztasche Rumpf<\/td>\n<td><strong>n.v.<\/strong><\/td>\n<td><strong>n.v.<\/strong><\/td>\n<td><strong>n.v.<\/strong><\/td>\n<\/tr>\n<tr>\n<td>EGIDA Schutztasche V-Leitwerk<\/td>\n<td><strong>n.v.<\/strong><\/td>\n<td><strong>n.v.<\/strong><\/td>\n<td><strong>n.v.<\/strong><\/td>\n<\/tr>\n<tr>\n<td>Schutztaschen Sonnenschutz &#8211; Satz f\u00fcr Tragfl\u00e4che und V-Leitwerk<\/td>\n<td>66 \u20ac<\/td>\n<td>78,54 \u20ac<\/td>\n<td>79,20 \u20ac<\/td>\n<\/tr>\n<tr>\n<td>Antriebseinheit MEGA AC 16\/35\/3CE F5J, Propeller 13&#215;8&#8243; GM,\u00a0 im Rumpf montiert<\/td>\n<td>257 \u20ac<\/td>\n<td>305,83 \u20ac<\/td>\n<td>308,40 \u20ac<\/td>\n<\/tr>\n<tr>\n<td>Antriebseinheit MEGA AC 16\/20\/2 m.Getr. KPG 5,2:1, Propeller GM 16&#215;8&#8243;,\u00a0 im Rumpf montiert<\/td>\n<td>319 \u20ac<\/td>\n<td>379,61 \u20ac<\/td>\n<td>382,80 \u20ac<\/td>\n<\/tr>\n<tr>\n<td>Antriebseinheit HACKER\u00a0 E40XS m.Getr. 6,7:1, Propeller GM 16&#215;8&#8243;,\u00a0 im Rumpf montiert<\/td>\n<td>356 \u20ac<\/td>\n<td>423,64 \u20ac<\/td>\n<td>427,20 \u20ac<\/td>\n<\/tr>\n<tr>\n<td>Antriebseinheit Leomotion 3025-4550 m.Getr. 6,7:1, Propeller 16&#215;10 GM,\u00a0 im Rumpf montiert<\/td>\n<td>367 \u20ac<\/td>\n<td>367 \u20ac<\/td>\n<td>436,73 \u20ac<\/td>\n<\/tr>\n<tr>\n<td>Elektronische Drehzahlregler YGE 65LVT\u00a0 mit Telemetrie und BEC 8A\/18A<\/td>\n<td>159 \u20ac<\/td>\n<td>189,21 \u20ac<\/td>\n<td>190,80 \u20ac<\/td>\n<\/tr>\n<tr>\n<td>USB-Adapter YGE<\/td>\n<td>39 \u20ac<\/td>\n<td>46,41 \u20ac<\/td>\n<td>46,80 \u20ac<\/td>\n<\/tr>\n<tr>\n<td>JETI Empf\u00e4nger DUPLEX R9<\/td>\n<td>92 \u20ac<\/td>\n<td>109,48 \u20ac<\/td>\n<td>110,40 \u20ac<\/td>\n<\/tr>\n<tr>\n<td>JETI Empf\u00e4nger DUPLEX Rex 10<\/td>\n<td>99 \u20ac<\/td>\n<td>117,81 \u20ac<\/td>\n<td>118,80 \u20ac<\/td>\n<\/tr>\n<tr>\n<td>JETI Empf\u00e4nger DUPLEX Rex 7 Slim<\/td>\n<td>96 \u20ac<\/td>\n<td>114,24 \u20ac<\/td>\n<td>115,20 \u20ac<\/td>\n<\/tr>\n<tr>\n<td>JETI Empf\u00e4nger DUPLEX Rex 7 Slim Assist<\/td>\n<td>147 \u20ac<\/td>\n<td>174,93 \u20ac<\/td>\n<td>176,40 \u20ac<\/td>\n<\/tr>\n<tr>\n<td>JETI Empf\u00e4nger DUPLEX Rex 9 Slim<\/td>\n<td>106 \u20ac<\/td>\n<td>126,14 \u20ac<\/td>\n<td>127,20 \u20ac<\/td>\n<\/tr>\n<tr>\n<td>JETI Empf\u00e4nger DUPLEX Rex 9 Slim Assist<\/td>\n<td>165 \u20ac<\/td>\n<td>196,35 \u20ac<\/td>\n<td>198,00 \u20ac<\/td>\n<\/tr>\n<tr>\n<td><\/td>\n<td><\/td>\n<td><\/td>\n<td><\/td>\n<\/tr>\n<tr>\n<td colspan=\"4\"><strong><span style=\"color: #0000ff;\">Ersatzteile<\/span><\/strong><\/td>\n<\/tr>\n<tr>\n<td>EGIDA standard (F3J) Fl\u00fcgel (L)<\/td>\n<td>482 \u20ac<\/td>\n<td>573,58 \u20ac<\/td>\n<td>578,40 \u20ac<\/td>\n<\/tr>\n<tr>\n<td>EGIDA standard (F3J) Fl\u00fcgel (R)<\/td>\n<td>482 \u20ac<\/td>\n<td>573,58 \u20ac<\/td>\n<td>578,40 \u20ac<\/td>\n<\/tr>\n<tr>\n<td>EGIDA verst\u00e4rkt (F3J) Fl\u00fcgel (L)<\/td>\n<td>528 \u20ac<\/td>\n<td>628,32 \u20ac<\/td>\n<td>633,60 \u20ac<\/td>\n<\/tr>\n<tr>\n<td>EGIDA verst\u00e4rkt (F3J) Fl\u00fcgel (R)<\/td>\n<td>528 \u20ac<\/td>\n<td>628,32 \u20ac<\/td>\n<td>633,60 \u20ac<\/td>\n<\/tr>\n<tr>\n<td>EGIDA leicht (F5J) Fl\u00fcgel (L)<\/td>\n<td>482 \u20ac<\/td>\n<td>573,58 \u20ac<\/td>\n<td>578,40 \u20ac<\/td>\n<\/tr>\n<tr>\n<td>EGIDA leicht (F5J) Fl\u00fcgel (R)<\/td>\n<td>482 \u20ac<\/td>\n<td>573,58 \u20ac<\/td>\n<td>578,40 \u20ac<\/td>\n<\/tr>\n<tr>\n<td>EGIDA carbon edition (F5J) Fl\u00fcgel (L)<\/td>\n<td>657 \u20ac<\/td>\n<td>781,83 \u20ac<\/td>\n<td>788,40 \u20ac<\/td>\n<\/tr>\n<tr>\n<td>EGIDA carbon edition (F5J) Fl\u00fcgel (R)<\/td>\n<td>657 \u20ac<\/td>\n<td>781,83 \u20ac<\/td>\n<td>788,40 \u20ac<\/td>\n<\/tr>\n<tr>\n<td>EGIDA carbon edition (F3J) Fl\u00fcgel (L)<\/td>\n<td>657 \u20ac<\/td>\n<td>781,83 \u20ac<\/td>\n<td>788,40 \u20ac<\/td>\n<\/tr>\n<tr>\n<td>EGIDA carbon edition (F3J) Fl\u00fcgel (R)<\/td>\n<td>657 \u20ac<\/td>\n<td>781,83 \u20ac<\/td>\n<td>788,40 \u20ac<\/td>\n<\/tr>\n<tr>\n<td>EGIDA Rumpf ver. EV (ohne Kabinenhaube)<\/td>\n<td>286 \u20ac<\/td>\n<td>340,34 \u20ac<\/td>\n<td>343,20 \u20ac<\/td>\n<\/tr>\n<tr>\n<td>EGIDA Rumpf ver. GV (ohne Kabinenhaube)<\/td>\n<td>315 \u20ac<\/td>\n<td>374,85 \u20ac<\/td>\n<td>378,00 \u20ac<\/td>\n<\/tr>\n<tr>\n<td>EGIDA Rumpf ver. EV carbon edition (ohne Kabinenhaube)<\/td>\n<td>286 \u20ac<\/td>\n<td>340,34 \u20ac<\/td>\n<td>343,20 \u20ac<\/td>\n<\/tr>\n<tr>\n<td>EGIDA Rumpf ver. GV carbon edition (ohne Kabinenhaube)<\/td>\n<td>315 \u20ac<\/td>\n<td>374,85 \u20ac<\/td>\n<td>378,00 \u20ac<\/td>\n<\/tr>\n<tr>\n<td>EGIDA V-Leitwerk<\/td>\n<td>173 \u20ac<\/td>\n<td>205,87 \u20ac<\/td>\n<td>207,60 \u20ac<\/td>\n<\/tr>\n<tr>\n<td>EGIDA Kabinenhaube ver. GV,EV<\/td>\n<td>40 \u20ac<\/td>\n<td>47,60 \u20ac<\/td>\n<td>48,00 \u20ac<\/td>\n<\/tr>\n<tr>\n<td>Kohlenstoff-Steckverbinder Fl\u00fcgel 15&#215;35 mm, L=275mm, 60g (f\u00fcr Egida Elektro universal, leicht und carbon)<\/td>\n<td>50 \u20ac<\/td>\n<td>59,50 \u20ac<\/td>\n<td>60,00 \u20ac<\/td>\n<\/tr>\n<tr>\n<td>Kohlenstoff-Steckverbinder Fl\u00fcgel 15&#215;35 mm, L=380mm, 109g (f\u00fcr Egida Segler und Elektro verst\u00e4rkt)<\/td>\n<td>50 \u20ac<\/td>\n<td>59,50 \u20ac<\/td>\n<td>60,00 \u20ac<\/td>\n<\/tr>\n<tr>\n<td>EGIDA Servobox Rumpf EV<\/td>\n<td>12 \u20ac<\/td>\n<td>14,28 \u20ac<\/td>\n<td>14,40 \u20ac<\/td>\n<\/tr>\n<tr>\n<td>EGIDA Servobox Rumpf GV<\/td>\n<td>12 \u20ac<\/td>\n<td>14,28 \u20ac<\/td>\n<td>14,40 \u20ac<\/td>\n<\/tr>\n<tr>\n<td>Schubstange mit Anlenkung V-Ltw.<\/td>\n<td>10 \u20ac<\/td>\n<td>11,90 \u20ac<\/td>\n<td>12,00 \u20ac<\/td>\n<\/tr>\n<tr>\n<td>Futaba servo S3174SV (5,0-8,4V) &#8211; for ailerons and flaps<\/td>\n<td>51 \u20ac<\/td>\n<td>60,69 \u20ac<\/td>\n<td>61,20 \u20ac<\/td>\n<\/tr>\n<tr>\n<td>KST servo A08 (3,8-8,4V) &#8211; for v-tail<\/td>\n<td>44 \u20ac<\/td>\n<td>52,36 \u20ac<\/td>\n<td>52,80 \u20ac<\/td>\n<\/tr>\n<tr>\n<td>Luftschraubenbl\u00e4tter GM 13&#215;8&#8243;<\/td>\n<td>41 \u20ac<\/td>\n<td>48,79 \u20ac<\/td>\n<td>49,20 \u20ac<\/td>\n<\/tr>\n<tr>\n<td>Luftschraubenbl\u00e4tter GM 16&#215;8&#8243;<\/td>\n<td>43 \u20ac<\/td>\n<td>51,17 \u20ac<\/td>\n<td>51,60 \u20ac<\/td>\n<\/tr>\n<\/tbody>\n<\/table>\n<p>&nbsp;<\/p>\n<table style=\"height: 120px;\" width=\"571\">\n<tbody>\n<tr>\n<td width=\"492\"><strong><span style=\"color: #0000ff;\">Legende:<\/span><\/strong><\/td>\n<\/tr>\n<tr>\n<td>\u00a0<strong>G<\/strong> &#8211;\u00a0Segler\u00a0\u00a0\u00a0\u00a0 <strong>E<\/strong> &#8211;\u00a0Elektro\u00a0\u00a0\u00a0 <strong>V<\/strong> &#8211;\u00a0V-Leitwerk<\/td>\n<\/tr>\n<tr>\n<td><strong>ver.<\/strong>\u00a0&#8211; Version\u00a0\u00a0\u00a0\u00a0\u00a0\u00a0<strong>(L\/R)<\/strong>\u00a0&#8211; links\/recht\u00a0\u00a0\u00a0\u00a0\u00a0 <strong>n.v.<\/strong> &#8211; zu Zeit nicht verf\u00fcgbar<\/td>\n<\/tr>\n<\/tbody>\n<\/table>\n<p>&nbsp;<\/p>\n<div id='gallery-2' class='gallery galleryid-1867 gallery-columns-3 gallery-size-medium'><figure class='gallery-item'>\n\t\t\t<div class='gallery-icon landscape'>\n\t\t\t\t<a href='https:\/\/www.jaromuller.com\/wp-content\/uploads\/2016\/05\/p1040167-1.png'><img loading=\"lazy\" decoding=\"async\" width=\"300\" height=\"225\" src=\"https:\/\/www.jaromuller.com\/wp-content\/uploads\/2016\/05\/p1040167-1-300x225.png\" class=\"attachment-medium size-medium\" alt=\"\" srcset=\"https:\/\/www.jaromuller.com\/wp-content\/uploads\/2016\/05\/p1040167-1-300x225.png 300w, https:\/\/www.jaromuller.com\/wp-content\/uploads\/2016\/05\/p1040167-1.png 640w\" sizes=\"auto, (max-width: 300px) 100vw, 300px\" \/><\/a>\n\t\t\t<\/div><\/figure><figure class='gallery-item'>\n\t\t\t<div class='gallery-icon landscape'>\n\t\t\t\t<a href='https:\/\/www.jaromuller.com\/wp-content\/uploads\/2016\/05\/p1040170_new.png'><img loading=\"lazy\" decoding=\"async\" width=\"300\" height=\"225\" src=\"https:\/\/www.jaromuller.com\/wp-content\/uploads\/2016\/05\/p1040170_new-300x225.png\" class=\"attachment-medium size-medium\" alt=\"\" srcset=\"https:\/\/www.jaromuller.com\/wp-content\/uploads\/2016\/05\/p1040170_new-300x225.png 300w, https:\/\/www.jaromuller.com\/wp-content\/uploads\/2016\/05\/p1040170_new.png 640w\" sizes=\"auto, (max-width: 300px) 100vw, 300px\" \/><\/a>\n\t\t\t<\/div><\/figure><figure class='gallery-item'>\n\t\t\t<div class='gallery-icon landscape'>\n\t\t\t\t<a href='https:\/\/www.jaromuller.com\/wp-content\/uploads\/2016\/05\/p1040236.jpg'><img loading=\"lazy\" decoding=\"async\" width=\"300\" height=\"225\" src=\"https:\/\/www.jaromuller.com\/wp-content\/uploads\/2016\/05\/p1040236-300x225.jpg\" class=\"attachment-medium size-medium\" alt=\"\" srcset=\"https:\/\/www.jaromuller.com\/wp-content\/uploads\/2016\/05\/p1040236-300x225.jpg 300w, https:\/\/www.jaromuller.com\/wp-content\/uploads\/2016\/05\/p1040236.jpg 640w\" sizes=\"auto, (max-width: 300px) 100vw, 300px\" \/><\/a>\n\t\t\t<\/div><\/figure><figure class='gallery-item'>\n\t\t\t<div class='gallery-icon landscape'>\n\t\t\t\t<a href='https:\/\/www.jaromuller.com\/wp-content\/uploads\/2016\/05\/p1040238.jpg'><img loading=\"lazy\" decoding=\"async\" width=\"300\" height=\"225\" src=\"https:\/\/www.jaromuller.com\/wp-content\/uploads\/2016\/05\/p1040238-300x225.jpg\" class=\"attachment-medium size-medium\" alt=\"\" srcset=\"https:\/\/www.jaromuller.com\/wp-content\/uploads\/2016\/05\/p1040238-300x225.jpg 300w, https:\/\/www.jaromuller.com\/wp-content\/uploads\/2016\/05\/p1040238.jpg 640w\" sizes=\"auto, (max-width: 300px) 100vw, 300px\" \/><\/a>\n\t\t\t<\/div><\/figure><figure class='gallery-item'>\n\t\t\t<div class='gallery-icon landscape'>\n\t\t\t\t<a href='https:\/\/www.jaromuller.com\/wp-content\/uploads\/2016\/05\/p1040239.jpg'><img loading=\"lazy\" decoding=\"async\" width=\"300\" height=\"225\" src=\"https:\/\/www.jaromuller.com\/wp-content\/uploads\/2016\/05\/p1040239-300x225.jpg\" class=\"attachment-medium size-medium\" alt=\"\" srcset=\"https:\/\/www.jaromuller.com\/wp-content\/uploads\/2016\/05\/p1040239-300x225.jpg 300w, https:\/\/www.jaromuller.com\/wp-content\/uploads\/2016\/05\/p1040239.jpg 640w\" sizes=\"auto, (max-width: 300px) 100vw, 300px\" \/><\/a>\n\t\t\t<\/div><\/figure><figure class='gallery-item'>\n\t\t\t<div class='gallery-icon landscape'>\n\t\t\t\t<a href='https:\/\/www.jaromuller.com\/wp-content\/uploads\/2016\/05\/p1040240.jpg'><img loading=\"lazy\" decoding=\"async\" width=\"300\" height=\"225\" src=\"https:\/\/www.jaromuller.com\/wp-content\/uploads\/2016\/05\/p1040240-300x225.jpg\" class=\"attachment-medium size-medium\" alt=\"\" srcset=\"https:\/\/www.jaromuller.com\/wp-content\/uploads\/2016\/05\/p1040240-300x225.jpg 300w, https:\/\/www.jaromuller.com\/wp-content\/uploads\/2016\/05\/p1040240.jpg 640w\" sizes=\"auto, (max-width: 300px) 100vw, 300px\" \/><\/a>\n\t\t\t<\/div><\/figure><figure class='gallery-item'>\n\t\t\t<div class='gallery-icon landscape'>\n\t\t\t\t<a href='https:\/\/www.jaromuller.com\/wp-content\/uploads\/2022\/06\/Sonnenschutz.jpg'><img loading=\"lazy\" decoding=\"async\" width=\"300\" height=\"225\" src=\"https:\/\/www.jaromuller.com\/wp-content\/uploads\/2022\/06\/Sonnenschutz-300x225.jpg\" class=\"attachment-medium size-medium\" alt=\"\" srcset=\"https:\/\/www.jaromuller.com\/wp-content\/uploads\/2022\/06\/Sonnenschutz-300x225.jpg 300w, https:\/\/www.jaromuller.com\/wp-content\/uploads\/2022\/06\/Sonnenschutz.jpg 640w\" sizes=\"auto, (max-width: 300px) 100vw, 300px\" \/><\/a>\n\t\t\t<\/div><\/figure>\n\t\t<\/div>\n<\/p>","protected":false},"excerpt":{"rendered":"<p>Preisliste EGIDA g\u00fcltig von 27.10.2024. Durch eine EU-Neuregelung sind wir ab sofort verpflichtet, f\u00fcr Kunden innerhalb der Europ\u00e4ischen Union (EU) die Mehrwertsteuer ihres Heimatlandes zu berechnen. Auf Basis des Nettopreises (ohne Mehrwertsteuer) haben wir beispielhaft die Kundenendpreise inkl. der Mehrwertsteuer (Bruttopreise) f\u00fcr Deutschland (DE 19%) sowie f\u00fcr die Slowakische Republik (SK), \u00d6sterreich (AT) und Frankreich [&hellip;]<\/p>\n","protected":false},"author":1,"featured_media":0,"parent":1804,"menu_order":4,"comment_status":"closed","ping_status":"closed","template":"","meta":{"footnotes":""},"class_list":["post-1867","page","type-page","status-publish","hentry"],"_links":{"self":[{"href":"https:\/\/www.jaromuller.com\/de\/wp-json\/wp\/v2\/pages\/1867","targetHints":{"allow":["GET"]}}],"collection":[{"href":"https:\/\/www.jaromuller.com\/de\/wp-json\/wp\/v2\/pages"}],"about":[{"href":"https:\/\/www.jaromuller.com\/de\/wp-json\/wp\/v2\/types\/page"}],"author":[{"embeddable":true,"href":"https:\/\/www.jaromuller.com\/de\/wp-json\/wp\/v2\/users\/1"}],"replies":[{"embeddable":true,"href":"https:\/\/www.jaromuller.com\/de\/wp-json\/wp\/v2\/comments?post=1867"}],"version-history":[{"count":2,"href":"https:\/\/www.jaromuller.com\/de\/wp-json\/wp\/v2\/pages\/1867\/revisions"}],"predecessor-version":[{"id":6935,"href":"https:\/\/www.jaromuller.com\/de\/wp-json\/wp\/v2\/pages\/1867\/revisions\/6935"}],"up":[{"embeddable":true,"href":"https:\/\/www.jaromuller.com\/de\/wp-json\/wp\/v2\/pages\/1804"}],"wp:attachment":[{"href":"https:\/\/www.jaromuller.com\/de\/wp-json\/wp\/v2\/media?parent=1867"}],"curies":[{"name":"wp","href":"https:\/\/api.w.org\/{rel}","templated":true}]}}