{"id":1865,"date":"2016-05-06T12:40:49","date_gmt":"2016-05-06T11:40:49","guid":{"rendered":"http:\/\/jaromuller.com\/?page_id=1865"},"modified":"2025-01-02T08:31:14","modified_gmt":"2025-01-02T08:31:14","slug":"accessories","status":"publish","type":"page","link":"https:\/\/www.jaromuller.com\/de\/models\/egida-365-m\/accessories\/","title":{"rendered":"Zubeh\u00f6r"},"content":{"rendered":"<p><\/p>\n<h1>Zubeh\u00f6r Egida und Eldorado<\/h1>\n<hr \/>\n<h2>W\u00f6lbklappen- und Querruderservos:<\/h2>\n<p>(Erforderlich 4 Stk. f\u00fcr Modell)<\/p>\n<h3>Futaba S3150<\/h3>\n<p><img loading=\"lazy\" decoding=\"async\" class=\"alignleft\" src=\"\/images\/Accessories\/S3150.jpg\" alt=\"\" width=\"141\" height=\"197\" \/><\/p>\n<ul>\n<li><strong>\u00a0Drehmoment (4.8V):<\/strong> 3.7kg\uff65cm<\/li>\n<li><strong>Geschwindigkeit (4.8V):<\/strong> 0.24sec\/60\u00b0<\/li>\n<li><strong>Abmessungen:<\/strong> 30\u00d711\u00d729mm<\/li>\n<li><strong>Gewicht:<\/strong> 23g<\/li>\n<li><strong>Kabell\u00e4nge:<\/strong> 130mm<\/li>\n<li><strong>Betriebsspannung:<\/strong> 4.8V-6.0V<\/li>\n<li><strong>Wellendurchm.:<\/strong> 6mm<\/li>\n<li>Metallgetriebe<\/li>\n<li>Mit Kugellager (dual)<\/li>\n<li><em>Preis siehe unsere <a href=\"http:\/\/www.jaromuller.com\/de\/models\/egida-365-m\/price-list\/\" target=\"_blank\" rel=\"noopener noreferrer\"><span style=\"color: #ff00ff;\">Preisliste Egida <\/span><\/a>oder<a href=\"http:\/\/www.jaromuller.com\/de\/models\/eldorado-31-m\/price-list\/\" target=\"_blank\" rel=\"noopener noreferrer\"><span style=\"color: #ff00ff;\"> Preisliste Eldorado<\/span><\/a>.<\/em><\/li>\n<\/ul>\n<h3>Futaba S3172SV<\/h3>\n<p><img loading=\"lazy\" decoding=\"async\" class=\"alignleft wp-image-3140\" src=\"http:\/\/www.jaromuller.com\/wp-content\/uploads\/2016\/05\/futaba-s3172sv-172x300.jpg\" alt=\"\" width=\"123\" height=\"214\" srcset=\"https:\/\/www.jaromuller.com\/wp-content\/uploads\/2016\/05\/futaba-s3172sv-172x300.jpg 172w, https:\/\/www.jaromuller.com\/wp-content\/uploads\/2016\/05\/futaba-s3172sv.jpg 250w\" sizes=\"auto, (max-width: 123px) 100vw, 123px\" \/><\/p>\n<ul>\n<li><strong>Drehmoment (6.0\/7.4V):<\/strong> \u00a03.3\/4.1kg\uff65cm<\/li>\n<li><strong>Geschwindigkeit (6.0\/7.4V):<\/strong> 0.29\/0.23sec\/60\u00b0<\/li>\n<li><strong>Abmessungen:<\/strong> 30\u00d711\u00d729mm<\/li>\n<li><strong>Gewicht:<\/strong> 20g<\/li>\n<li><strong>Kabell\u00e4nge:<\/strong> 130mm<\/li>\n<li><strong>Betriebsspannung:<\/strong> \u00a0\u00a05.0V-8.4V<\/li>\n<li><strong>Wellendurchm.:<\/strong> \u00a06mm<\/li>\n<\/ul>\n<ul>\n<li>Metallgetriebe<\/li>\n<li>Mit Kugellager (dual)<\/li>\n<li><em>Preis siehe unsere <a href=\"http:\/\/www.jaromuller.com\/de\/models\/egida-365-m\/price-list\/\" target=\"_blank\" rel=\"noopener noreferrer\"><span style=\"color: #ff00ff;\">Preisliste Egida <\/span><\/a>oder<span style=\"color: #ff00ff;\"><a style=\"color: #ff00ff;\" href=\"http:\/\/www.jaromuller.com\/de\/models\/eldorado-31-m\/price-list\/\" target=\"_blank\" rel=\"noopener noreferrer\"> Preisliste Eldorado<\/a><\/span>.<\/em><br \/>\n<hr \/>\n<\/li>\n<\/ul>\n<h2>V-Leitwerkservos:<\/h2>\n<p>(Erforderlich 2 Stk. f\u00fcr Modell)<\/p>\n<h3>Futaba S3777SV<\/h3>\n<p><a href=\"http:\/\/www.jaromuller.com\/wp-content\/uploads\/2018\/07\/futaba-servo-s3777sv.jpg\"><img loading=\"lazy\" decoding=\"async\" class=\"alignleft wp-image-4055\" src=\"http:\/\/www.jaromuller.com\/wp-content\/uploads\/2018\/07\/futaba-servo-s3777sv-300x300.jpg\" alt=\"\" width=\"193\" height=\"193\" srcset=\"https:\/\/www.jaromuller.com\/wp-content\/uploads\/2018\/07\/futaba-servo-s3777sv-300x300.jpg 300w, https:\/\/www.jaromuller.com\/wp-content\/uploads\/2018\/07\/futaba-servo-s3777sv-150x150.jpg 150w, https:\/\/www.jaromuller.com\/wp-content\/uploads\/2018\/07\/futaba-servo-s3777sv.jpg 680w\" sizes=\"auto, (max-width: 193px) 100vw, 193px\" \/><\/a><\/p>\n<ul>\n<li><strong>Drehmoment (6.0\/7.4V):<\/strong>\u00a0 2.2\/2.6kg\uff65cm<\/li>\n<li><strong>Geschwindigkeit (6.0\/7.4V):<\/strong> 0.12\/0.14sec\/60\u00b0<\/li>\n<li><strong>Abmessungen:<\/strong> 21.8\u00d711\u00d721.9mm<\/li>\n<li><strong>Gewicht:<\/strong> 10g<\/li>\n<li><strong>Betriebsspannung:<\/strong> \u00a0 6.0V-8.4V<\/li>\n<li><strong>Wellendurchm.:<\/strong>\u00a0 5mm<\/li>\n<\/ul>\n<ul>\n<li>Metallgetriebe<\/li>\n<li>Mit Kugellager<\/li>\n<li><em>Preis siehe unsere <a href=\"http:\/\/www.jaromuller.com\/de\/models\/egida-365-m\/price-list\/\" target=\"_blank\" rel=\"noopener noreferrer\"><span style=\"color: #ff00ff;\">Preisliste Egida<\/span> <\/a>oder<span style=\"color: #ff00ff;\"><a style=\"color: #ff00ff;\" href=\"http:\/\/www.jaromuller.com\/de\/models\/eldorado-31-m\/price-list\/\" target=\"_blank\" rel=\"noopener noreferrer\"> Preisliste Eldorado<\/a><\/span>.<\/em><\/li>\n<\/ul>\n<h3>KST DS315MG<\/h3>\n<p><a href=\"http:\/\/www.jaromuller.com\/wp-content\/uploads\/2018\/07\/kst-ds315mg.jpeg\"><img loading=\"lazy\" decoding=\"async\" class=\"alignleft wp-image-4061\" src=\"http:\/\/www.jaromuller.com\/wp-content\/uploads\/2018\/07\/kst-ds315mg-300x300.jpeg\" alt=\"\" width=\"165\" height=\"165\" srcset=\"https:\/\/www.jaromuller.com\/wp-content\/uploads\/2018\/07\/kst-ds315mg-300x300.jpeg 300w, https:\/\/www.jaromuller.com\/wp-content\/uploads\/2018\/07\/kst-ds315mg-150x150.jpeg 150w, https:\/\/www.jaromuller.com\/wp-content\/uploads\/2018\/07\/kst-ds315mg.jpeg 340w\" sizes=\"auto, (max-width: 165px) 100vw, 165px\" \/><\/a><\/p>\n<ul>\n<li><strong>Drehmoment (6.0\/8.4V):<\/strong>\u00a0 3.5\/4.5kg\uff65cm<\/li>\n<li><strong>Geschwindigkeit (6.0\/8.4V):<\/strong> 0.09\/0.07sec\/60\u00b0<\/li>\n<li><strong>Abmessungen:<\/strong> 23\u00d712\u00d727.5mm<\/li>\n<li><strong>Gewicht:<\/strong> 20g<\/li>\n<li><strong>Betriebsspannung:<\/strong> \u00a0 4.8V-8.4V<\/li>\n<li><strong>Wellendurchm.:<\/strong>\u00a0 5mm<\/li>\n<li>Metallgetriebe<\/li>\n<li>Mit Kugellager<\/li>\n<li><em>Preis siehe unsere <a href=\"http:\/\/www.jaromuller.com\/de\/models\/egida-365-m\/price-list\/\" target=\"_blank\" rel=\"noopener noreferrer\"><span style=\"color: #ff00ff;\">Preisliste Egida <\/span><\/a>oder<span style=\"color: #ff00ff;\"><a style=\"color: #ff00ff;\" href=\"http:\/\/www.jaromuller.com\/de\/models\/eldorado-31-m\/price-list\/\" target=\"_blank\" rel=\"noopener noreferrer\"> Preisliste Eldorado<\/a><\/span>.<\/em><br \/>\n<hr \/>\n<\/li>\n<\/ul>\n<h2>Antriebseinheiten:<\/h2>\n<h3>MEGA MOTOR AC 16\/35\/3CE F5J, mit Propeller GM 16&#215;8&#8243;<\/h3>\n<p><a href=\"http:\/\/www.jaromuller.com\/wp-content\/uploads\/2020\/04\/MEGA-AC-16_35_3-CE-F5J_D_new.jpg\"><img loading=\"lazy\" decoding=\"async\" class=\"alignleft wp-image-5243 size-medium\" src=\"http:\/\/www.jaromuller.com\/wp-content\/uploads\/2020\/04\/MEGA-AC-16_35_3-CE-F5J_D_new-300x225.jpg\" alt=\"\" width=\"300\" height=\"225\" srcset=\"https:\/\/www.jaromuller.com\/wp-content\/uploads\/2020\/04\/MEGA-AC-16_35_3-CE-F5J_D_new-300x225.jpg 300w, https:\/\/www.jaromuller.com\/wp-content\/uploads\/2020\/04\/MEGA-AC-16_35_3-CE-F5J_D_new.jpg 640w\" sizes=\"auto, (max-width: 300px) 100vw, 300px\" \/><\/a>&#8211; Mit CFK-Spinner GM 32mm und Propeller GM 13&#215;8&#8243;<br \/>\n&#8211; Gesmatgewicht: 185g<br \/>\n&#8211; Optimiert f\u00fcr Lipo 3S<br \/>\n&#8211; Statischer Schub 1,9kg bei Strom 56A<br \/>\n&#8211; Steigrate bis 15m\/s<br \/>\n&#8211; Empfohlene Regler: YGE 65LVT<\/p>\n<p>&nbsp;<\/p>\n<p>&nbsp;<\/p>\n<p>&nbsp;<\/p>\n<h3>MEGA MOTOR AC 16\/20\/2 mit Getriebeeinheit KPG 5,2:1, mit Propeller GM 16&#215;8&#8243;<\/h3>\n<h3><a href=\"http:\/\/www.jaromuller.com\/wp-content\/uploads\/2021\/01\/MEGA-AC-16_20_2.jpg\"><img loading=\"lazy\" decoding=\"async\" class=\"alignnone size-medium wp-image-5417\" src=\"http:\/\/www.jaromuller.com\/wp-content\/uploads\/2021\/01\/MEGA-AC-16_20_2-300x225.jpg\" alt=\"\" width=\"300\" height=\"225\" srcset=\"https:\/\/www.jaromuller.com\/wp-content\/uploads\/2021\/01\/MEGA-AC-16_20_2-300x225.jpg 300w, https:\/\/www.jaromuller.com\/wp-content\/uploads\/2021\/01\/MEGA-AC-16_20_2.jpg 640w\" sizes=\"auto, (max-width: 300px) 100vw, 300px\" \/><\/a><\/h3>\n<h3>LEOMOTION 3019-4050 mit Getriebe 6,7:1 und Propeller GM 16&#215;8&#8243;<\/h3>\n<h3><a href=\"http:\/\/www.jaromuller.com\/wp-content\/uploads\/2019\/10\/LEOMOTION-3019_4050_E.jpg\"><img loading=\"lazy\" decoding=\"async\" class=\"alignleft wp-image-5078 size-medium\" src=\"http:\/\/www.jaromuller.com\/wp-content\/uploads\/2019\/10\/LEOMOTION-3019_4050_E-300x225.jpg\" alt=\"\" width=\"300\" height=\"225\" srcset=\"https:\/\/www.jaromuller.com\/wp-content\/uploads\/2019\/10\/LEOMOTION-3019_4050_E-300x225.jpg 300w, https:\/\/www.jaromuller.com\/wp-content\/uploads\/2019\/10\/LEOMOTION-3019_4050_E.jpg 640w\" sizes=\"auto, (max-width: 300px) 100vw, 300px\" \/><\/a><\/h3>\n<p>&nbsp;<\/p>\n<p>Gewicht total 185g<\/p>\n<p>Geeignet f\u00fcr Egida und Eldorado leicht.<\/p>\n<p><span style=\"color: #800080;\">Zur Zeit leider nicht verf\u00fcgbar.<\/span><\/p>\n<p>&nbsp;<\/p>\n<p>&nbsp;<\/p>\n<h3>LEOMOTION 3019-4050 mit Getriebe 6,7:1 und Propeller GM 16&#215;10&#8243;<\/h3>\n<p><a href=\"http:\/\/www.jaromuller.com\/wp-content\/uploads\/2019\/10\/LEOMOTION-3019_4050_1_E.jpg\"><img loading=\"lazy\" decoding=\"async\" class=\"alignleft wp-image-5079 size-medium\" src=\"http:\/\/www.jaromuller.com\/wp-content\/uploads\/2019\/10\/LEOMOTION-3019_4050_1_E-300x225.jpg\" alt=\"\" width=\"300\" height=\"225\" srcset=\"https:\/\/www.jaromuller.com\/wp-content\/uploads\/2019\/10\/LEOMOTION-3019_4050_1_E-300x225.jpg 300w, https:\/\/www.jaromuller.com\/wp-content\/uploads\/2019\/10\/LEOMOTION-3019_4050_1_E.jpg 640w\" sizes=\"auto, (max-width: 300px) 100vw, 300px\" \/><\/a><\/p>\n<p>Gewicht total 185g<\/p>\n<p>Geeignet f\u00fcr Eldorado.<\/p>\n<p>&nbsp;<\/p>\n<p><span style=\"color: #800080;\">Zur Zeit leider nicht verf\u00fcgbar.<\/span><\/p>\n<p>&nbsp;<\/p>\n<p>&nbsp;<\/p>\n<h3>LEOMOTION 3025-4550 mit Getriebe 6,7:1 und Propeller GM 16&#215;10&#8243;<\/h3>\n<h3><img loading=\"lazy\" decoding=\"async\" class=\"alignleft wp-image-5080 size-medium\" src=\"http:\/\/www.jaromuller.com\/wp-content\/uploads\/2019\/10\/LEOMOTION-3025_4550_E-300x225.jpg\" alt=\"\" width=\"300\" height=\"225\" srcset=\"https:\/\/www.jaromuller.com\/wp-content\/uploads\/2019\/10\/LEOMOTION-3025_4550_E-300x225.jpg 300w, https:\/\/www.jaromuller.com\/wp-content\/uploads\/2019\/10\/LEOMOTION-3025_4550_E.jpg 640w\" sizes=\"auto, (max-width: 300px) 100vw, 300px\" \/><\/h3>\n<p>&nbsp;<\/p>\n<p>Gewicht total 212g<\/p>\n<p>Geeignet f\u00fcr Eldorado.<\/p>\n<h3><\/h3>\n<p><span style=\"color: #800080;\">Zur Zeit leider nicht verf\u00fcgbar.<\/span><\/p>\n<p>&nbsp;<\/p>\n<p>&nbsp;<\/p>\n<hr \/>\n<h2>Regler:<\/h2>\n<h3>YGE 35 LVT mit Telemetrie<\/h3>\n<p><a href=\"http:\/\/www.jaromuller.com\/wp-content\/uploads\/2019\/10\/YGE35.jpg\"><img loading=\"lazy\" decoding=\"async\" class=\"alignleft wp-image-4927 size-medium\" src=\"http:\/\/www.jaromuller.com\/wp-content\/uploads\/2019\/10\/YGE35-300x300.jpg\" alt=\"\" width=\"300\" height=\"300\" srcset=\"https:\/\/www.jaromuller.com\/wp-content\/uploads\/2019\/10\/YGE35-300x300.jpg 300w, https:\/\/www.jaromuller.com\/wp-content\/uploads\/2019\/10\/YGE35-150x150.jpg 150w, https:\/\/www.jaromuller.com\/wp-content\/uploads\/2019\/10\/YGE35.jpg 480w\" sizes=\"auto, (max-width: 300px) 100vw, 300px\" \/><\/a><\/p>\n<p>Zellenzahl: 2-6 LiPo.<br \/>\n<span class=\"s3\">Einstellbares HV-BEC von 5,5 bis 8,4V.<\/span><br \/>\n<span class=\"s3\">Hohe BEC-Strombelastbarkeit 5A<\/span><span class=\"s3\"> Dauer \/ 10<\/span><span class=\"s3\">A Peak.<\/span><br \/>\n<span class=\"s3\">Ma\u00dfe: 34 x 23 x 8 mm<\/span><br \/>\n<span class=\"s3\">Gewicht ohne \/ mit Kabel: 13g \/ 25g<\/span><br \/>\nTelemetrie: <span class=\"s3\">G<\/span><span class=\"s3\">raupner HoTT V4, \u00a0 \u00a0Jeti ExBUS, Multiplex Sensor BUS V2, eigenes YGE-Protokoll f\u00fcr weitere Telemetrieanbindungen \u00fcber z.B. S32 (neuer Jlog).<\/span><\/p>\n<p>&nbsp;<\/p>\n<p>&nbsp;<\/p>\n<p>&nbsp;<\/p>\n<p>&nbsp;<\/p>\n<p><a href=\"http:\/\/www.jaromuller.com\/wp-content\/uploads\/2019\/10\/YGE65.jpg\"><img loading=\"lazy\" decoding=\"async\" class=\"alignleft size-medium wp-image-4928\" src=\"http:\/\/www.jaromuller.com\/wp-content\/uploads\/2019\/10\/YGE65-300x300.jpg\" alt=\"\" width=\"300\" height=\"300\" srcset=\"https:\/\/www.jaromuller.com\/wp-content\/uploads\/2019\/10\/YGE65-300x300.jpg 300w, https:\/\/www.jaromuller.com\/wp-content\/uploads\/2019\/10\/YGE65-150x150.jpg 150w, https:\/\/www.jaromuller.com\/wp-content\/uploads\/2019\/10\/YGE65.jpg 480w\" sizes=\"auto, (max-width: 300px) 100vw, 300px\" \/><\/a><\/p>\n<p>Zellenzahl: 2-6 LiPo.<br \/>\n<span class=\"s3\">Einstellbares HV-BEC von 5,5 bis 8,4V.<\/span><br \/>\n<span class=\"s3\">Hohe BEC-Strombelastbarkeit 8A<\/span><span class=\"s3\"> Dauer \/ 18<\/span><span class=\"s3\">A Peak.<\/span><br \/>\n<span class=\"s3\">Ma\u00dfe: 64 x 26 x 9 mm<\/span><br \/>\n<span class=\"s3\">Gewicht ohne \/ mit Kabel: 30g \/ 45g<\/span><br \/>\nTelemetrie: <span class=\"s3\">G<\/span><span class=\"s3\">raupner HoTT V4, \u00a0 \u00a0Jeti ExBUS, Multiplex Sensor BUS V2, eigenes YGE-Protokoll f\u00fcr weitere Telemetrieanbindungen \u00fcber z.B. S32 (neuer Jlog).<\/span><\/p>\n<p>&nbsp;<\/p>\n<p>&nbsp;<\/p>\n<ul>\n<li>P<em>reis siehe unsere <a href=\"http:\/\/www.jaromuller.com\/de\/models\/egida-365-m\/price-list\/\" target=\"_blank\" rel=\"noopener noreferrer\"><span style=\"color: #ff00ff;\">Preisliste Egida <\/span><\/a>oder<span style=\"color: #ff00ff;\"><a style=\"color: #ff00ff;\" href=\"http:\/\/www.jaromuller.com\/de\/models\/eldorado-31-m\/price-list\/\" target=\"_blank\" rel=\"noopener noreferrer\"> Preisliste Eldorado<\/a><\/span>.<\/em><\/li>\n<\/ul>\n<hr \/>\n<h3>JETI Empf\u00e4nger Duplex R9 EX mit Telemetrie<\/h3>\n<p><a href=\"http:\/\/www.jaromuller.com\/wp-content\/uploads\/2019\/10\/r9_new.jpg\"><img loading=\"lazy\" decoding=\"async\" class=\"alignleft wp-image-4925 size-medium\" src=\"http:\/\/www.jaromuller.com\/wp-content\/uploads\/2019\/10\/r9_new-300x191.jpg\" alt=\"\" width=\"300\" height=\"191\" srcset=\"https:\/\/www.jaromuller.com\/wp-content\/uploads\/2019\/10\/r9_new-300x191.jpg 300w, https:\/\/www.jaromuller.com\/wp-content\/uploads\/2019\/10\/r9_new.jpg 640w\" sizes=\"auto, (max-width: 300px) 100vw, 300px\" \/><\/a><\/p>\n<p>&nbsp;<\/p>\n<p>Gewicht: 13g<br \/>\nAbmessungen: 51 x 24 x 11mm<br \/>\nAnzahl der Kan\u00e4le: 9<br \/>\nAntennenl\u00e4nge: 2x200mm<br \/>\n<span class=\"tlid-translation translation\" lang=\"de\"><span class=\"\" title=\"\">Versorgungsspannung<\/span><\/span>: 3,2-8,4V<\/p>\n<ul>\n<li>P<em>reis siehe unsere <a href=\"http:\/\/www.jaromuller.com\/de\/models\/egida-365-m\/price-list\/\" target=\"_blank\" rel=\"noopener noreferrer\"><span style=\"color: #ff00ff;\">Preisliste Egida <\/span><\/a>oder<span style=\"color: #ff00ff;\"><a style=\"color: #ff00ff;\" href=\"http:\/\/www.jaromuller.com\/de\/models\/eldorado-31-m\/price-list\/\" target=\"_blank\" rel=\"noopener noreferrer\"> Preisliste Eldorado<\/a><\/span>.<\/em><\/li>\n<\/ul>\n<hr \/>\n<h3>Schutztaschen Sonnenschutz<\/h3>\n<p><a href=\"http:\/\/www.jaromuller.com\/wp-content\/uploads\/2019\/07\/IMG_20190524_164101.jpg\"><img loading=\"lazy\" decoding=\"async\" class=\"alignleft wp-image-4830 size-medium\" src=\"http:\/\/www.jaromuller.com\/wp-content\/uploads\/2019\/07\/IMG_20190524_164101-300x225.jpg\" alt=\"\" width=\"300\" height=\"225\" srcset=\"https:\/\/www.jaromuller.com\/wp-content\/uploads\/2019\/07\/IMG_20190524_164101-300x225.jpg 300w, https:\/\/www.jaromuller.com\/wp-content\/uploads\/2019\/07\/IMG_20190524_164101.jpg 640w\" sizes=\"auto, (max-width: 300px) 100vw, 300px\" \/><\/a><strong>Satz Schutztaschen f\u00fcr Tragfl\u00e4che und Leitwerk.<\/strong><\/p>\n<p>Oberfl\u00e4che aus stabiler Alu-Folie, die sorgt f\u00fcr besten Schutz von der Sonnenstrahlung.<\/p>\n<p>Die weiche Polsterung auf der Innenseite der Schutztaschen federt St\u00f6\u00dfe und Krafteinwirkungen sehr gut ab und f\u00f6rdert damit die Langlebigkeit des Modells.<\/p>\n<p><em>Preis siehe unsere <a href=\"http:\/\/www.jaromuller.com\/de\/models\/eldorado-31-m\/price-list\/\" target=\"_blank\" rel=\"noopener noreferrer\"><span style=\"color: #800080;\">Preisliste<\/span>.<\/a><\/em><\/p>\n<p>&nbsp;<\/p>\n<p><a href=\"http:\/\/www.jaromuller.com\/wp-content\/uploads\/2019\/07\/IMG_20190524_163702.jpg\"><img loading=\"lazy\" decoding=\"async\" class=\"alignleft wp-image-4831\" src=\"http:\/\/www.jaromuller.com\/wp-content\/uploads\/2019\/07\/IMG_20190524_163702-300x172.jpg\" alt=\"\" width=\"391\" height=\"224\" data-wp-editing=\"1\" srcset=\"https:\/\/www.jaromuller.com\/wp-content\/uploads\/2019\/07\/IMG_20190524_163702-300x172.jpg 300w, https:\/\/www.jaromuller.com\/wp-content\/uploads\/2019\/07\/IMG_20190524_163702.jpg 640w\" sizes=\"auto, (max-width: 391px) 100vw, 391px\" \/><\/a><\/p>\n<p><a href=\"http:\/\/www.jaromuller.com\/wp-content\/uploads\/2019\/07\/IMG_20190524_163847.jpg\"><img loading=\"lazy\" decoding=\"async\" class=\"alignleft wp-image-4832 \" src=\"http:\/\/www.jaromuller.com\/wp-content\/uploads\/2019\/07\/IMG_20190524_163847-300x225.jpg\" alt=\"\" width=\"300\" height=\"225\" srcset=\"https:\/\/www.jaromuller.com\/wp-content\/uploads\/2019\/07\/IMG_20190524_163847-300x225.jpg 300w, https:\/\/www.jaromuller.com\/wp-content\/uploads\/2019\/07\/IMG_20190524_163847.jpg 640w\" sizes=\"auto, (max-width: 300px) 100vw, 300px\" \/><\/a><\/p>\n<p>&nbsp;<\/p>\n<p><a href=\"http:\/\/www.jaromuller.com\/models\/egida-365-m\/accessories\/img_20210831_101308\/\" rel=\"attachment wp-att-5549\"><img loading=\"lazy\" decoding=\"async\" class=\"alignleft wp-image-5549 size-medium\" src=\"http:\/\/www.jaromuller.com\/wp-content\/uploads\/2021\/08\/IMG_20210831_101308-300x225.jpg\" alt=\"\" width=\"300\" height=\"225\" srcset=\"https:\/\/www.jaromuller.com\/wp-content\/uploads\/2021\/08\/IMG_20210831_101308-300x225.jpg 300w, https:\/\/www.jaromuller.com\/wp-content\/uploads\/2021\/08\/IMG_20210831_101308-600x450.jpg 600w, https:\/\/www.jaromuller.com\/wp-content\/uploads\/2021\/08\/IMG_20210831_101308.jpg 640w\" sizes=\"auto, (max-width: 300px) 100vw, 300px\" \/><\/a><\/p>\n<p data-wp-editing=\"1\"><img loading=\"lazy\" decoding=\"async\" class=\"alignleft wp-image-5548 size-medium\" src=\"http:\/\/www.jaromuller.com\/wp-content\/uploads\/2021\/08\/IMG_20210831_100648-300x225.jpg\" alt=\"\" width=\"300\" height=\"225\" srcset=\"https:\/\/www.jaromuller.com\/wp-content\/uploads\/2021\/08\/IMG_20210831_100648-300x225.jpg 300w, https:\/\/www.jaromuller.com\/wp-content\/uploads\/2021\/08\/IMG_20210831_100648-600x450.jpg 600w, https:\/\/www.jaromuller.com\/wp-content\/uploads\/2021\/08\/IMG_20210831_100648.jpg 640w\" sizes=\"auto, (max-width: 300px) 100vw, 300px\" \/><\/p>\n<p><\/p>","protected":false},"excerpt":{"rendered":"<p>Zubeh\u00f6r Egida und Eldorado W\u00f6lbklappen- und Querruderservos: (Erforderlich 4 Stk. f\u00fcr Modell) Futaba S3150 \u00a0Drehmoment (4.8V): 3.7kg\uff65cm Geschwindigkeit (4.8V): 0.24sec\/60\u00b0 Abmessungen: 30\u00d711\u00d729mm Gewicht: 23g Kabell\u00e4nge: 130mm Betriebsspannung: 4.8V-6.0V Wellendurchm.: 6mm Metallgetriebe Mit Kugellager (dual) Preis siehe unsere Preisliste Egida oder Preisliste Eldorado. Futaba S3172SV Drehmoment (6.0\/7.4V): \u00a03.3\/4.1kg\uff65cm Geschwindigkeit (6.0\/7.4V): 0.29\/0.23sec\/60\u00b0 Abmessungen: 30\u00d711\u00d729mm Gewicht: 20g Kabell\u00e4nge: [&hellip;]<\/p>\n","protected":false},"author":1,"featured_media":0,"parent":1804,"menu_order":3,"comment_status":"closed","ping_status":"closed","template":"","meta":{"footnotes":""},"class_list":["post-1865","page","type-page","status-publish","hentry"],"_links":{"self":[{"href":"https:\/\/www.jaromuller.com\/de\/wp-json\/wp\/v2\/pages\/1865","targetHints":{"allow":["GET"]}}],"collection":[{"href":"https:\/\/www.jaromuller.com\/de\/wp-json\/wp\/v2\/pages"}],"about":[{"href":"https:\/\/www.jaromuller.com\/de\/wp-json\/wp\/v2\/types\/page"}],"author":[{"embeddable":true,"href":"https:\/\/www.jaromuller.com\/de\/wp-json\/wp\/v2\/users\/1"}],"replies":[{"embeddable":true,"href":"https:\/\/www.jaromuller.com\/de\/wp-json\/wp\/v2\/comments?post=1865"}],"version-history":[{"count":1,"href":"https:\/\/www.jaromuller.com\/de\/wp-json\/wp\/v2\/pages\/1865\/revisions"}],"predecessor-version":[{"id":6947,"href":"https:\/\/www.jaromuller.com\/de\/wp-json\/wp\/v2\/pages\/1865\/revisions\/6947"}],"up":[{"embeddable":true,"href":"https:\/\/www.jaromuller.com\/de\/wp-json\/wp\/v2\/pages\/1804"}],"wp:attachment":[{"href":"https:\/\/www.jaromuller.com\/de\/wp-json\/wp\/v2\/media?parent=1865"}],"curies":[{"name":"wp","href":"https:\/\/api.w.org\/{rel}","templated":true}]}}