{"id":1859,"date":"2016-05-06T12:39:46","date_gmt":"2016-05-06T11:39:46","guid":{"rendered":"http:\/\/jaromuller.com\/?page_id=1859"},"modified":"2024-10-27T12:26:57","modified_gmt":"2024-10-27T12:26:57","slug":"price-list","status":"publish","type":"page","link":"https:\/\/www.jaromuller.com\/de\/models\/eldorado-31-m\/price-list\/","title":{"rendered":"Preisliste"},"content":{"rendered":"<p><\/p>\n<h3>Preisliste ELDORADO g\u00fcltig von 27.10.2024.<\/h3>\n<p><strong>Durch eine EU-Neuregelung sind wir ab sofort verpflichtet, f\u00fcr Kunden innerhalb der Europ\u00e4ischen Union (EU) die Mehrwertsteuer ihres Heimatlandes zu berechnen.<br \/>\n<\/strong>Auf Basis des Nettopreises (ohne Mehrwertsteuer) haben wir beispielhaft die Kundenendpreise inkl. der Mehrwertsteuer (Bruttopreise) f\u00fcr Deutschland (DE 19%) sowie f\u00fcr die Slowakische Republik (SK), \u00d6sterreich (AT) und Frankreich (F) aufgelistet.<br \/>\nF\u00fcr alle anderen Mitgliedsl\u00e4nder der EU addieren Sie bitte die Mehrwertsteuer ihres Heimatlandes zu den ausgewiesenen Nettopreisen.<\/p>\n<p>F\u00fcr Kunden au\u00dferhalb der EU gilt der angezeigte Nettopreis.<br \/>\nDie Mehrwertsteuer Ihres Heimatlandes und m\u00f6gliche Zollabgaben werden bei der Einfuhrverzollung zus\u00e4tzlich in Rechnung gestellt.<\/p>\n<p>&nbsp;<\/p>\n<table width=\"678\">\n<tbody>\n<tr>\n<td width=\"492\">PRODUKTBESCHREIBUNG<\/td>\n<td width=\"52\">PREIS<br \/>\nNETTO<\/td>\n<td width=\"68\">PREIS<br \/>\nBRUTTO<br \/>\nMwSt 19%<br \/>\n(DE&#8230;)<\/td>\n<td width=\"66\">PREIS<br \/>\nBRUTTO<br \/>\nMwSt 20%<br \/>\n(SK,AT,FR&#8230;)<\/td>\n<\/tr>\n<tr>\n<td colspan=\"4\"><strong><span style=\"color: #0000ff;\">Komplettmodell<\/span><\/strong><\/td>\n<\/tr>\n<tr>\n<td>ELDORADO V2 ver. EV, standard, 3 Farben Standard-Design<\/td>\n<td>1 463 \u20ac<\/td>\n<td>1 740,97 \u20ac<\/td>\n<td>1 755,60 \u20ac<\/td>\n<\/tr>\n<tr>\n<td>ELDORADO V2 ver. GV, standard (F3B),\u00a0 3 Farben Standard-Design<\/td>\n<td>1 463 \u20ac<\/td>\n<td>1 740,97 \u20ac<\/td>\n<td>1 755,60 \u20ac<\/td>\n<\/tr>\n<tr>\n<td>ELDORADO V2 ver. EV, verst\u00e4rkt,\u00a0 3 Farben Standard-Design<\/td>\n<td>1 463 \u20ac<\/td>\n<td>1 740,97 \u20ac<\/td>\n<td>1 755,60 \u20ac<\/td>\n<\/tr>\n<tr>\n<td>ELDORADO V2 ver. GV, verst\u00e4rkt (F3F), 3 Farben Standard-Design<\/td>\n<td>1 463 \u20ac<\/td>\n<td>1 740,97 \u20ac<\/td>\n<td>1 755,60 \u20ac<\/td>\n<\/tr>\n<tr>\n<td>ELDORADO V2 ver. EV, F5J,\u00a0 3 Farben Standard-Design<\/td>\n<td>1 596 \u20ac<\/td>\n<td>1 899,24 \u20ac<\/td>\n<td>1 915,20 \u20ac<\/td>\n<\/tr>\n<tr>\n<td>Preis f\u00fcr jede weitere Farbe<\/td>\n<td>48 \u20ac<\/td>\n<td>57,60 \u20ac<\/td>\n<td>58,08 \u20ac<\/td>\n<\/tr>\n<tr>\n<td><\/td>\n<td><\/td>\n<td><\/td>\n<td><\/td>\n<\/tr>\n<tr>\n<td colspan=\"4\"><strong><span style=\"color: #0000ff;\">Zubeh\u00f6r (nicht im Lieferumfang Komplettmodell)<\/span><\/strong><\/td>\n<\/tr>\n<tr>\n<td>Servosatz f\u00fcr EV,GV montiert (4,8-8,4V), 2x MKS HV6100, 4x KST X10N MINI<\/td>\n<td>315 \u20ac<\/td>\n<td>374,85 \u20ac<\/td>\n<td>378,00 \u20ac<\/td>\n<\/tr>\n<tr>\n<td>Gewicht MS+vario 320-1050g, f\u00fcr GV<\/td>\n<td>49 \u20ac<\/td>\n<td>58,31 \u20ac<\/td>\n<td>58,80 \u20ac<\/td>\n<\/tr>\n<tr>\n<td>Gewicht MS+Al+Vario 160-1050g, f\u00fcr GV<\/td>\n<td>82 \u20ac<\/td>\n<td>97,91 \u20ac<\/td>\n<td>98,74 \u20ac<\/td>\n<\/tr>\n<tr>\n<td>Ballast Inlets &#8211; f\u00fcr Carbon Steckung, 4x 190g, f\u00fcr GV, EV<\/td>\n<td>59 \u20ac<\/td>\n<td>70,21 \u20ac<\/td>\n<td>70,80 \u20ac<\/td>\n<\/tr>\n<tr>\n<td>Schutztaschen Sonnenschutz &#8211; Satz f\u00fcr Tragfl\u00e4che und V-Leitwerk<\/td>\n<td>66 \u20ac<\/td>\n<td>69,02 \u20ac<\/td>\n<td>69,60 \u20ac<\/td>\n<\/tr>\n<tr>\n<td>ELDORADO Schutztasche Fl\u00fcgel<\/td>\n<td>\u00a0<strong>n.v.<\/strong><\/td>\n<td>\u00a0<strong>n.v.<\/strong><\/td>\n<td>\u00a0<strong>n.v.<\/strong><\/td>\n<\/tr>\n<tr>\n<td>ELDORADO Schutztasche Rumpf<\/td>\n<td>\u00a0<strong>n.v.<\/strong><\/td>\n<td>\u00a0<strong>n.v.<\/strong><\/td>\n<td>\u00a0<strong>n.v.<\/strong><\/td>\n<\/tr>\n<tr>\n<td>ELDORADO Schutztasche V-Leitwerk<\/td>\n<td>\u00a0<strong>n.v.<\/strong><\/td>\n<td>\u00a0<strong>n.v.<\/strong><\/td>\n<td>\u00a0<strong>n.v.<\/strong><\/td>\n<\/tr>\n<tr>\n<td>Antriebseinheit MEGA AC 16\/35\/3CE F5J, Propeller GM 13&#215;8&#8243;,\u00a0 im Rumpf montiert<\/td>\n<td>257 \u20ac<\/td>\n<td>305,83 \u20ac<\/td>\n<td>308,40 \u20ac<\/td>\n<\/tr>\n<tr>\n<td>Getriebe-Antriebseinheit MEGA AC n 16\/20\/02 m.Getr. KPG 5,2:1, Propeller GM 16&#215;8,\u00a0 im Rumpf montiert<\/td>\n<td>319 \u20ac<\/td>\n<td>379,61 \u20ac<\/td>\n<td>382,80 \u20ac<\/td>\n<\/tr>\n<tr>\n<td>Getriebe-Antriebseinheit Leomotion 3025-4550 m.Getr. 6,7:1, Propeller 16&#215;10 GFK GM,\u00a0 im Rumpf montiert<\/td>\n<td>367 \u20ac<\/td>\n<td>436,73 \u20ac<\/td>\n<td>440,40 \u20ac<\/td>\n<\/tr>\n<tr>\n<td>Elektronische Drehzahlregler YGE 65LVT\u00a0 mit Telemetrie und BEC 8A\/18A<\/td>\n<td>159 \u20ac<\/td>\n<td>189,21 \u20ac<\/td>\n<td>190,80 \u20ac<\/td>\n<\/tr>\n<tr>\n<td>USB-Adapter YGE<\/td>\n<td>39 \u20ac<\/td>\n<td>46,41 \u20ac<\/td>\n<td>46,80 \u20ac<\/td>\n<\/tr>\n<tr>\n<td>JETI Empf\u00e4nger DUPLEX R9<\/td>\n<td>92 \u20ac<\/td>\n<td>109,48 \u20ac<\/td>\n<td>110,40 \u20ac<\/td>\n<\/tr>\n<tr>\n<td>JETI Empf\u00e4nger DUPLEX Rex 10<\/td>\n<td>99 \u20ac<\/td>\n<td>117,81 \u20ac<\/td>\n<td>118,80 \u20ac<\/td>\n<\/tr>\n<tr>\n<td>JETI Empf\u00e4nger DUPLEX Rex 7 Slim<\/td>\n<td>96 \u20ac<\/td>\n<td>114,24 \u20ac<\/td>\n<td>115,20 \u20ac<\/td>\n<\/tr>\n<tr>\n<td>JETI Empf\u00e4nger DUPLEX Rex 7 Slim Assist<\/td>\n<td>147 \u20ac<\/td>\n<td>174,93 \u20ac<\/td>\n<td>176,40 \u20ac<\/td>\n<\/tr>\n<tr>\n<td>JETI Empf\u00e4nger DUPLEX Rex 9 Slim<\/td>\n<td>106 \u20ac<\/td>\n<td>126,14 \u20ac<\/td>\n<td>127,20 \u20ac<\/td>\n<\/tr>\n<tr>\n<td>JETI Empf\u00e4nger DUPLEX Rex 9 Slim Assist<\/td>\n<td>165 \u20ac<\/td>\n<td>196,35 \u20ac<\/td>\n<td>198,00 \u20ac<\/td>\n<\/tr>\n<tr>\n<td><\/td>\n<td><\/td>\n<td><\/td>\n<td><\/td>\n<\/tr>\n<tr>\n<td colspan=\"4\"><strong><span style=\"color: #0000ff;\">Ersatzteile<\/span><\/strong><\/td>\n<\/tr>\n<tr>\n<td>ELDORADO\u00a0 V2 standard (F3B) Fl\u00fcgel (L)<\/td>\n<td>517 \u20ac<\/td>\n<td>615,23 \u20ac<\/td>\n<td>620,40 \u20ac<\/td>\n<\/tr>\n<tr>\n<td>ELDORADO\u00a0 V2 standard (F3B) Fl\u00fcgel (R)<\/td>\n<td>517 \u20ac<\/td>\n<td>615,23 \u20ac<\/td>\n<td>620,40 \u20ac<\/td>\n<\/tr>\n<tr>\n<td>ELDORADO\u00a0 V2 strong (F3F) Fl\u00fcgel (L)<\/td>\n<td>571 \u20ac<\/td>\n<td>679,49 \u20ac<\/td>\n<td>685,20 \u20ac<\/td>\n<\/tr>\n<tr>\n<td>ELDORADO\u00a0 V2 strong (F3F) Fl\u00fcgel (R)<\/td>\n<td>571 \u20ac<\/td>\n<td>679,49 \u20ac<\/td>\n<td>685,20 \u20ac<\/td>\n<\/tr>\n<tr>\n<td>ELDORADO Rumpf ver. E (ohne Kabinenhaube)<\/td>\n<td>286 \u20ac<\/td>\n<td>299,00 \u20ac<\/td>\n<td>343,20 \u20ac<\/td>\n<\/tr>\n<tr>\n<td>ELDORADO Rumpf ver. G (ohne Kabinenhaube)<\/td>\n<td>315 \u20ac<\/td>\n<td>325,00 \u20ac<\/td>\n<td>378,00 \u20ac<\/td>\n<\/tr>\n<tr>\n<td>ELDORADO V-Leitwerk<\/td>\n<td>178 \u20ac<\/td>\n<td>211,67 \u20ac<\/td>\n<td>213,44 \u20ac<\/td>\n<\/tr>\n<tr>\n<td>ELDORADO Kabinenhaube ver. GV,EV<\/td>\n<td>40 \u20ac<\/td>\n<td>47,60 \u20ac<\/td>\n<td>48,00 \u20ac<\/td>\n<\/tr>\n<tr>\n<td>Carbon-wing joiner 15&#215;35 mm, L=276mm, 60g (for Eldorado F5J)<\/td>\n<td>50 \u20ac<\/td>\n<td>55 \u20ac<\/td>\n<td>65,45 \u20ac<\/td>\n<\/tr>\n<tr>\n<td>Carbon-wing joiner 15&#215;35 mm, L=380mm, 109g<\/td>\n<td>50 \u20ac<\/td>\n<td>55,00 \u20ac<\/td>\n<td>65,45 \u20ac<\/td>\n<\/tr>\n<tr>\n<td>ELDORADO Servobox Rumpf EV<\/td>\n<td>12 \u20ac<\/td>\n<td>14 \u20ac<\/td>\n<td>14,40 \u20ac<\/td>\n<\/tr>\n<tr>\n<td>ELDORADO Servobox Rumpf GV<\/td>\n<td>12 \u20ac<\/td>\n<td>14,28 \u20ac<\/td>\n<td>14,40 \u20ac<\/td>\n<\/tr>\n<tr>\n<td>Schubstange mit Anlenkung V-Ltw.<\/td>\n<td>10 \u20ac<\/td>\n<td>12 \u20ac<\/td>\n<td>12,20 \u20ac<\/td>\n<\/tr>\n<tr>\n<td>Futaba servo S3174SV (5,0-8,4V) &#8211; for ailerons and flaps<\/td>\n<td>51 \u20ac<\/td>\n<td>60,69 \u20ac<\/td>\n<td>61,20 \u20ac<\/td>\n<\/tr>\n<tr>\n<td>KST servo A08 (3,8-8,4V) &#8211; for v-tail<\/td>\n<td>44 \u20ac<\/td>\n<td>52,36 \u20ac<\/td>\n<td>52,80 \u20ac<\/td>\n<\/tr>\n<tr>\n<td>Propeller blades GM 13&#215;8&#8243;<\/td>\n<td>41 \u20ac<\/td>\n<td>48,79 \u20ac<\/td>\n<td>49,20 \u20ac<\/td>\n<\/tr>\n<tr>\n<td>Propeller blades GM 16&#215;8&#8243;<\/td>\n<td>43 \u20ac<\/td>\n<td>51,17 \u20ac<\/td>\n<td>51,60 \u20ac<\/td>\n<\/tr>\n<\/tbody>\n<\/table>\n<p>&nbsp;<\/p>\n<table style=\"height: 110px;\" width=\"564\">\n<tbody>\n<tr>\n<td width=\"492\"><strong><span style=\"color: #0000ff;\">Legende:<\/span><\/strong><\/td>\n<\/tr>\n<tr>\n<td>\u00a0<strong>G<\/strong> &#8211;\u00a0Segler\u00a0\u00a0\u00a0\u00a0 <strong>E<\/strong> &#8211;\u00a0Elektro\u00a0\u00a0\u00a0 <strong>V<\/strong> &#8211;\u00a0V-Leitwerk<\/td>\n<\/tr>\n<tr>\n<td><strong>ver.<\/strong>\u00a0&#8211; Version\u00a0\u00a0\u00a0\u00a0\u00a0\u00a0<strong>(L\/R)<\/strong> &#8211; links\/recht\u00a0 \u00a0 \u00a0 \u00a0 \u00a0 \u00a0<strong>n.v.<\/strong> &#8211; zu Zeit nicht verf\u00fcgbar<\/td>\n<\/tr>\n<\/tbody>\n<\/table>\n<p>&nbsp;<\/p>\n<div id='gallery-2' class='gallery galleryid-1859 gallery-columns-3 gallery-size-medium'><figure class='gallery-item'>\n\t\t\t<div class='gallery-icon landscape'>\n\t\t\t\t<a href='https:\/\/www.jaromuller.com\/wp-content\/uploads\/2016\/05\/p1040167-1.png'><img loading=\"lazy\" decoding=\"async\" width=\"300\" height=\"225\" src=\"https:\/\/www.jaromuller.com\/wp-content\/uploads\/2016\/05\/p1040167-1-300x225.png\" class=\"attachment-medium size-medium\" alt=\"\" srcset=\"https:\/\/www.jaromuller.com\/wp-content\/uploads\/2016\/05\/p1040167-1-300x225.png 300w, https:\/\/www.jaromuller.com\/wp-content\/uploads\/2016\/05\/p1040167-1.png 640w\" sizes=\"auto, (max-width: 300px) 100vw, 300px\" \/><\/a>\n\t\t\t<\/div><\/figure><figure class='gallery-item'>\n\t\t\t<div class='gallery-icon landscape'>\n\t\t\t\t<a href='https:\/\/www.jaromuller.com\/wp-content\/uploads\/2016\/05\/p1040170_new.png'><img loading=\"lazy\" decoding=\"async\" width=\"300\" height=\"225\" src=\"https:\/\/www.jaromuller.com\/wp-content\/uploads\/2016\/05\/p1040170_new-300x225.png\" class=\"attachment-medium size-medium\" alt=\"\" srcset=\"https:\/\/www.jaromuller.com\/wp-content\/uploads\/2016\/05\/p1040170_new-300x225.png 300w, https:\/\/www.jaromuller.com\/wp-content\/uploads\/2016\/05\/p1040170_new.png 640w\" sizes=\"auto, (max-width: 300px) 100vw, 300px\" \/><\/a>\n\t\t\t<\/div><\/figure><figure class='gallery-item'>\n\t\t\t<div class='gallery-icon landscape'>\n\t\t\t\t<a href='https:\/\/www.jaromuller.com\/wp-content\/uploads\/2016\/05\/p1040236.jpg'><img loading=\"lazy\" decoding=\"async\" width=\"300\" height=\"225\" src=\"https:\/\/www.jaromuller.com\/wp-content\/uploads\/2016\/05\/p1040236-300x225.jpg\" class=\"attachment-medium size-medium\" alt=\"\" srcset=\"https:\/\/www.jaromuller.com\/wp-content\/uploads\/2016\/05\/p1040236-300x225.jpg 300w, https:\/\/www.jaromuller.com\/wp-content\/uploads\/2016\/05\/p1040236.jpg 640w\" sizes=\"auto, (max-width: 300px) 100vw, 300px\" \/><\/a>\n\t\t\t<\/div><\/figure><figure class='gallery-item'>\n\t\t\t<div class='gallery-icon landscape'>\n\t\t\t\t<a href='https:\/\/www.jaromuller.com\/wp-content\/uploads\/2016\/05\/p1040238.jpg'><img loading=\"lazy\" decoding=\"async\" width=\"300\" height=\"225\" src=\"https:\/\/www.jaromuller.com\/wp-content\/uploads\/2016\/05\/p1040238-300x225.jpg\" class=\"attachment-medium size-medium\" alt=\"\" srcset=\"https:\/\/www.jaromuller.com\/wp-content\/uploads\/2016\/05\/p1040238-300x225.jpg 300w, https:\/\/www.jaromuller.com\/wp-content\/uploads\/2016\/05\/p1040238.jpg 640w\" sizes=\"auto, (max-width: 300px) 100vw, 300px\" \/><\/a>\n\t\t\t<\/div><\/figure><figure class='gallery-item'>\n\t\t\t<div class='gallery-icon landscape'>\n\t\t\t\t<a href='https:\/\/www.jaromuller.com\/wp-content\/uploads\/2016\/05\/p1040239.jpg'><img loading=\"lazy\" decoding=\"async\" width=\"300\" height=\"225\" src=\"https:\/\/www.jaromuller.com\/wp-content\/uploads\/2016\/05\/p1040239-300x225.jpg\" class=\"attachment-medium size-medium\" alt=\"\" srcset=\"https:\/\/www.jaromuller.com\/wp-content\/uploads\/2016\/05\/p1040239-300x225.jpg 300w, https:\/\/www.jaromuller.com\/wp-content\/uploads\/2016\/05\/p1040239.jpg 640w\" sizes=\"auto, (max-width: 300px) 100vw, 300px\" \/><\/a>\n\t\t\t<\/div><\/figure><figure class='gallery-item'>\n\t\t\t<div class='gallery-icon landscape'>\n\t\t\t\t<a href='https:\/\/www.jaromuller.com\/wp-content\/uploads\/2016\/05\/p1040240.jpg'><img loading=\"lazy\" decoding=\"async\" width=\"300\" height=\"225\" src=\"https:\/\/www.jaromuller.com\/wp-content\/uploads\/2016\/05\/p1040240-300x225.jpg\" class=\"attachment-medium size-medium\" alt=\"\" srcset=\"https:\/\/www.jaromuller.com\/wp-content\/uploads\/2016\/05\/p1040240-300x225.jpg 300w, https:\/\/www.jaromuller.com\/wp-content\/uploads\/2016\/05\/p1040240.jpg 640w\" sizes=\"auto, (max-width: 300px) 100vw, 300px\" \/><\/a>\n\t\t\t<\/div><\/figure>\n\t\t<\/div>\n\n<p>&nbsp;<\/p>\n<p>&nbsp;<\/p>","protected":false},"excerpt":{"rendered":"<p>Preisliste ELDORADO g\u00fcltig von 27.10.2024. Durch eine EU-Neuregelung sind wir ab sofort verpflichtet, f\u00fcr Kunden innerhalb der Europ\u00e4ischen Union (EU) die Mehrwertsteuer ihres Heimatlandes zu berechnen. Auf Basis des Nettopreises (ohne Mehrwertsteuer) haben wir beispielhaft die Kundenendpreise inkl. der Mehrwertsteuer (Bruttopreise) f\u00fcr Deutschland (DE 19%) sowie f\u00fcr die Slowakische Republik (SK), \u00d6sterreich (AT) und Frankreich [&hellip;]<\/p>\n","protected":false},"author":1,"featured_media":0,"parent":1802,"menu_order":4,"comment_status":"closed","ping_status":"closed","template":"","meta":{"footnotes":""},"class_list":["post-1859","page","type-page","status-publish","hentry"],"_links":{"self":[{"href":"https:\/\/www.jaromuller.com\/de\/wp-json\/wp\/v2\/pages\/1859","targetHints":{"allow":["GET"]}}],"collection":[{"href":"https:\/\/www.jaromuller.com\/de\/wp-json\/wp\/v2\/pages"}],"about":[{"href":"https:\/\/www.jaromuller.com\/de\/wp-json\/wp\/v2\/types\/page"}],"author":[{"embeddable":true,"href":"https:\/\/www.jaromuller.com\/de\/wp-json\/wp\/v2\/users\/1"}],"replies":[{"embeddable":true,"href":"https:\/\/www.jaromuller.com\/de\/wp-json\/wp\/v2\/comments?post=1859"}],"version-history":[{"count":3,"href":"https:\/\/www.jaromuller.com\/de\/wp-json\/wp\/v2\/pages\/1859\/revisions"}],"predecessor-version":[{"id":6936,"href":"https:\/\/www.jaromuller.com\/de\/wp-json\/wp\/v2\/pages\/1859\/revisions\/6936"}],"up":[{"embeddable":true,"href":"https:\/\/www.jaromuller.com\/de\/wp-json\/wp\/v2\/pages\/1802"}],"wp:attachment":[{"href":"https:\/\/www.jaromuller.com\/de\/wp-json\/wp\/v2\/media?parent=1859"}],"curies":[{"name":"wp","href":"https:\/\/api.w.org\/{rel}","templated":true}]}}