{"id":1802,"date":"2016-05-06T12:28:13","date_gmt":"2016-05-06T11:28:13","guid":{"rendered":"http:\/\/jaromuller.com\/?page_id=1802"},"modified":"2025-01-02T08:28:16","modified_gmt":"2025-01-02T08:28:16","slug":"eldorado-31-m","status":"publish","type":"page","link":"https:\/\/www.jaromuller.com\/de\/models\/eldorado-31-m\/","title":{"rendered":"ELDORADO 3,1 m"},"content":{"rendered":"<p><\/p>\n<h1>ELDORADO 3,1 m<\/h1>\n<hr \/>\n<h2>Hier geht es zu:<\/h2>\n<h2><a href=\"http:\/\/www.jaromuller.com\/de\/models\/eldorado-31-m\/eldorado-colour-design-new\/\" target=\"_blank\" rel=\"noopener noreferrer\"><img loading=\"lazy\" decoding=\"async\" class=\"alignnone wp-image-5006\" src=\"http:\/\/www.jaromuller.com\/wp-content\/uploads\/2019\/10\/Button-Egida_Farbdesign-300x174.jpg\" alt=\"\" width=\"114\" height=\"66\" srcset=\"https:\/\/www.jaromuller.com\/wp-content\/uploads\/2019\/10\/Button-Egida_Farbdesign-300x174.jpg 300w, https:\/\/www.jaromuller.com\/wp-content\/uploads\/2019\/10\/Button-Egida_Farbdesign.jpg 320w\" sizes=\"auto, (max-width: 114px) 100vw, 114px\" \/><\/a><\/h2>\n<h2><a href=\"http:\/\/www.jaromuller.com\/de\/models\/eldorado-31-m\/settings\/\" target=\"_blank\" rel=\"noopener noreferrer\"><img loading=\"lazy\" decoding=\"async\" class=\"alignnone wp-image-5007\" src=\"http:\/\/www.jaromuller.com\/wp-content\/uploads\/2019\/10\/Button-Egida_Einstellungen-300x174.jpg\" alt=\"\" width=\"114\" height=\"66\" srcset=\"https:\/\/www.jaromuller.com\/wp-content\/uploads\/2019\/10\/Button-Egida_Einstellungen-300x174.jpg 300w, https:\/\/www.jaromuller.com\/wp-content\/uploads\/2019\/10\/Button-Egida_Einstellungen.jpg 320w\" sizes=\"auto, (max-width: 114px) 100vw, 114px\" \/><\/a><\/h2>\n<h2><a href=\"http:\/\/www.jaromuller.com\/de\/models\/eldorado-31-m\/price-list\/\" target=\"_blank\" rel=\"noopener noreferrer\"><img loading=\"lazy\" decoding=\"async\" class=\"alignnone wp-image-4997\" src=\"http:\/\/www.jaromuller.com\/wp-content\/uploads\/2019\/10\/Button-MiniE_Preisliste-300x173.jpg\" alt=\"\" width=\"114\" height=\"66\" srcset=\"https:\/\/www.jaromuller.com\/wp-content\/uploads\/2019\/10\/Button-MiniE_Preisliste-300x173.jpg 300w, https:\/\/www.jaromuller.com\/wp-content\/uploads\/2019\/10\/Button-MiniE_Preisliste.jpg 320w\" sizes=\"auto, (max-width: 114px) 100vw, 114px\" \/><\/a><\/h2>\n<h2><a href=\"http:\/\/www.jaromuller.com\/de\/models\/egida-365-m\/accessories\/\" target=\"_blank\" rel=\"noopener noreferrer\"><img loading=\"lazy\" decoding=\"async\" class=\"alignnone wp-image-5008\" src=\"http:\/\/www.jaromuller.com\/wp-content\/uploads\/2019\/10\/Button-Egida_Zubehor-300x174.jpg\" alt=\"\" width=\"114\" height=\"66\" srcset=\"https:\/\/www.jaromuller.com\/wp-content\/uploads\/2019\/10\/Button-Egida_Zubehor-300x174.jpg 300w, https:\/\/www.jaromuller.com\/wp-content\/uploads\/2019\/10\/Button-Egida_Zubehor.jpg 320w\" sizes=\"auto, (max-width: 114px) 100vw, 114px\" \/><\/a><\/h2>\n<h2><a href=\"\/images\/Manuals\/ELDORADO_MANUAL.pdf\" target=\"_blank\" rel=\"noopener noreferrer\"><img loading=\"lazy\" decoding=\"async\" class=\"alignnone wp-image-4999\" src=\"http:\/\/www.jaromuller.com\/wp-content\/uploads\/2019\/10\/Button-MiniE_Bauanleitung-300x174.jpg\" alt=\"\" width=\"114\" height=\"66\" srcset=\"https:\/\/www.jaromuller.com\/wp-content\/uploads\/2019\/10\/Button-MiniE_Bauanleitung-300x174.jpg 300w, https:\/\/www.jaromuller.com\/wp-content\/uploads\/2019\/10\/Button-MiniE_Bauanleitung.jpg 320w\" sizes=\"auto, (max-width: 114px) 100vw, 114px\" \/><\/a><\/h2>\n<hr \/>\n<p><span id=\"result_box\" class=\"\" lang=\"de\"><span class=\"\">Manchmal ist der Kompromiss nicht die schlechte L\u00f6sung.<\/span> <span class=\"\">Eldorado kombiniert das beste, was die F3F und F3B Segelflugzeuge anbieten k\u00f6nnen.<\/span> <span class=\"\">Sein charakteristisch elliptische Fl\u00fcgel bietet die beste Auftriebverteilung in ganzem Fl\u00fcgelbereich, was macht die h\u00e4rtesten Man\u00f6ver m\u00f6glich.<\/span> Dank seinem speziell entworfenen Fl\u00fcgel und Fl\u00fcgeprofil negieren sich die falschen Eigenschaften des elliptischen Fl\u00fcgel wie Instabilit\u00e4t bei hohen Anstellwinkel oder niedrige Geschwindigkeit. Die Zeit hat bewiesen, dass das Eldorado die engste Kurven mit minimum Geschwindigkeitverlust fligen kann. Die gro\u00dfe Steifigkeit der Konstruktion macht die meisten Kunstflugman\u00f6ver m\u00f6glich und unterscheidet sie von anderen F3F \/ F3B-Segelflugzeugen.<\/span><\/p>\n<p><a href=\"\/images\/Eldorado\/Eldorado12.jpg\"><img loading=\"lazy\" decoding=\"async\" class=\"aligncenter\" src=\"\/images\/Eldorado\/Eldorado12.jpg\" width=\"495\" height=\"266\" \/><\/a><\/p>\n<p>F3B-Modelle gelten vielfach als die wahren Allrounder der zweckorientierten Leistungssegelflugmodelle.<br \/>\nDies wird bereits namentlich bereits durch die unterschiedlichen Flugaufgaben des F3B-Wettbewerbsprogrammes deutlich.<br \/>\nModelle dieser Wettbewerbsklasse m\u00fcssen ohne konstruktive Ver\u00e4nderungen (nur eine Gewichtsanpassung ist erlaubt) den Streckenflug und den Speedflug beherrschen und dabei aber auch noch einen Thermikflug von 10 Minuten auch bei schwachen Bedingungen<br \/>\naus der erreichbaren Hochstarth\u00f6he mit 200 Meter effektiver Seill\u00e4nge bew\u00e4ltigen.<br \/>\nIm Laufe der Jahre festigte dabei die Erkenntnis, dass Wettbewerbe im Strecken -und Speedflug gewonnen werden.<br \/>\nFolglich konzentrierte sich die Entwicklung moderner F3B-Modelle auch vorrangig an den hierf\u00fcr optimierten Kriterien; so werden aktuelle F3B-Modelle auch gerne und erfolgreich in der Geschwindigkeits-Hangflugklasse F3F eingesetzt.<br \/>\nWir bieten mit unserer Eldorado ein F3B-Modell an, dass neben dem erfolgreichen Wettbewerbseinsatz auch dem Alltagspiloten mit Hang zum &#8222;schmerzfreien Fliegen&#8220; bei allen Wetter- und Windbedingungen viele tolle Flugstunden beschert.<br \/>\nDazu steht eine F3B-Wettbewerbs-Standardversion zur Verf\u00fcgung sowie eine nochmals verst\u00e4rkte Version f\u00fcr den speziellen Einsatz in rauen Fluggebieten oder f\u00fcr all jene Alltagspiloten, die eine Neigung &#8222;zu mehr als notwendig&#8220; haben.<br \/>\nMehr &#8222;Modell&#8220; braucht man eigentlich nicht&#8230;..<br \/>\n&#8230;so dachten nicht nur wir, sondern auch viele hundert begeisterte Kunden.<\/p>\n<p>Bis wir auf Kundeninitiative eine weitere Variante verwirklichten, die <strong>Eldorado light!<br \/>\nDie Eldorado light ist die neue Interpretation des dynamischen Thermik-Allroundseglers.<br \/>\n<\/strong>Ein Modell, das durch seine m\u00f6gliche geringe Fl\u00e4chenbelastung selbst in &#8222;toter Luft&#8220; fantastische Sinkwerte erreicht, aber durch die konstruktive Auslegung auch noch so dynamisch geflogen werden kann, dass es au\u00dferhalb der F3B-Wettbewerbsanforderungen<br \/>\ndie Dynamik eines Thermikseglers neu definiert.<br \/>\nUnd das so beeindruckend, dass sich verschiedene Piloten dazu entschieden haben, unsere Eldorado light selbst in hochklassig besetzten Thermikflugwettbewerben der Klasse F3J\/F5K bei st\u00e4rkerem Wind einzusetzen!<strong><br \/>\nDie Eldorado light ist also die Entscheidung f\u00fcr all jene Piloten, die Segelflug stets als m\u00f6glichst langenThermikflug definieren aber dabei auf die Dynamik und den Spa\u00dffaktor eines echten Allrounders nicht verzichten m\u00f6chten!<\/strong><\/p>\n<h2><\/h2>\n<h2>Spezifikation:<\/h2>\n<p><a href=\"https:\/\/www.jaromuller.com\/wp-content\/uploads\/2023\/02\/Specifikacia-modelu_EldoradoV2_D.pdf\"><img loading=\"lazy\" decoding=\"async\" class=\"alignnone wp-image-4772\" src=\"http:\/\/www.jaromuller.com\/wp-content\/uploads\/2019\/06\/Specifikacia-modelu_Eldorado_D-300x212.jpg\" alt=\"\" width=\"395\" height=\"279\" srcset=\"https:\/\/www.jaromuller.com\/wp-content\/uploads\/2019\/06\/Specifikacia-modelu_Eldorado_D-300x212.jpg 300w, https:\/\/www.jaromuller.com\/wp-content\/uploads\/2019\/06\/Specifikacia-modelu_Eldorado_D-768x543.jpg 768w, https:\/\/www.jaromuller.com\/wp-content\/uploads\/2019\/06\/Specifikacia-modelu_Eldorado_D.jpg 842w\" sizes=\"auto, (max-width: 395px) 100vw, 395px\" \/><\/a><\/p>\n<h2>Technische Zeichnung:<br \/>\n<a href=\"http:\/\/www.jaromuller.com\/wp-content\/uploads\/2016\/05\/Eldorado_muska-EV.png\"><img loading=\"lazy\" decoding=\"async\" class=\"alignnone wp-image-3133\" src=\"http:\/\/www.jaromuller.com\/wp-content\/uploads\/2016\/05\/Eldorado_muska-EV-183x300.png\" width=\"332\" height=\"544\" srcset=\"https:\/\/www.jaromuller.com\/wp-content\/uploads\/2016\/05\/Eldorado_muska-EV-183x300.png 183w, https:\/\/www.jaromuller.com\/wp-content\/uploads\/2016\/05\/Eldorado_muska-EV-768x1259.png 768w, https:\/\/www.jaromuller.com\/wp-content\/uploads\/2016\/05\/Eldorado_muska-EV-625x1024.png 625w\" sizes=\"auto, (max-width: 332px) 100vw, 332px\" \/><\/a><a href=\"http:\/\/www.jaromuller.com\/wp-content\/uploads\/2016\/05\/Eldorado_muska-GV.png\"><img loading=\"lazy\" decoding=\"async\" class=\"alignnone wp-image-3131\" src=\"http:\/\/www.jaromuller.com\/wp-content\/uploads\/2016\/05\/Eldorado_muska-GV-183x300.png\" width=\"332\" height=\"544\" srcset=\"https:\/\/www.jaromuller.com\/wp-content\/uploads\/2016\/05\/Eldorado_muska-GV-183x300.png 183w, https:\/\/www.jaromuller.com\/wp-content\/uploads\/2016\/05\/Eldorado_muska-GV-768x1259.png 768w, https:\/\/www.jaromuller.com\/wp-content\/uploads\/2016\/05\/Eldorado_muska-GV-625x1024.png 625w\" sizes=\"auto, (max-width: 332px) 100vw, 332px\" \/><\/a><\/h2>\n<h2>Video:<\/h2>\n<p><iframe loading=\"lazy\" src=\"https:\/\/www.youtube.com\/embed\/ZaVYeVfFnwk\" width=\"560\" height=\"315\" frameborder=\"0\" allowfullscreen=\"allowfullscreen\"><\/iframe><\/p>\n<h2>Fotogallerie:<\/h2>\n<div id='gallery-2' class='gallery galleryid-1802 gallery-columns-3 gallery-size-medium'><figure class='gallery-item'>\n\t\t\t<div class='gallery-icon landscape'>\n\t\t\t\t<a href='https:\/\/www.jaromuller.com\/wp-content\/uploads\/2016\/05\/eldorado_design_gastager.jpg'><img loading=\"lazy\" decoding=\"async\" width=\"300\" height=\"199\" src=\"https:\/\/www.jaromuller.com\/wp-content\/uploads\/2016\/05\/eldorado_design_gastager-300x199.jpg\" class=\"attachment-medium size-medium\" alt=\"\" srcset=\"https:\/\/www.jaromuller.com\/wp-content\/uploads\/2016\/05\/eldorado_design_gastager-300x199.jpg 300w, https:\/\/www.jaromuller.com\/wp-content\/uploads\/2016\/05\/eldorado_design_gastager.jpg 752w\" sizes=\"auto, (max-width: 300px) 100vw, 300px\" \/><\/a>\n\t\t\t<\/div><\/figure><figure class='gallery-item'>\n\t\t\t<div class='gallery-icon landscape'>\n\t\t\t\t<a href='https:\/\/www.jaromuller.com\/wp-content\/uploads\/2016\/05\/eldorado_foto_milo_kromholc_spodok.jpg'><img loading=\"lazy\" decoding=\"async\" width=\"300\" height=\"225\" src=\"https:\/\/www.jaromuller.com\/wp-content\/uploads\/2016\/05\/eldorado_foto_milo_kromholc_spodok-300x225.jpg\" class=\"attachment-medium size-medium\" alt=\"\" srcset=\"https:\/\/www.jaromuller.com\/wp-content\/uploads\/2016\/05\/eldorado_foto_milo_kromholc_spodok-300x225.jpg 300w, https:\/\/www.jaromuller.com\/wp-content\/uploads\/2016\/05\/eldorado_foto_milo_kromholc_spodok.jpg 640w\" sizes=\"auto, (max-width: 300px) 100vw, 300px\" \/><\/a>\n\t\t\t<\/div><\/figure><figure class='gallery-item'>\n\t\t\t<div class='gallery-icon landscape'>\n\t\t\t\t<a href='https:\/\/www.jaromuller.com\/wp-content\/uploads\/2016\/05\/eldorado_foto_milo_kromholc_vrch.jpg'><img loading=\"lazy\" decoding=\"async\" width=\"300\" height=\"225\" src=\"https:\/\/www.jaromuller.com\/wp-content\/uploads\/2016\/05\/eldorado_foto_milo_kromholc_vrch-300x225.jpg\" class=\"attachment-medium size-medium\" alt=\"\" srcset=\"https:\/\/www.jaromuller.com\/wp-content\/uploads\/2016\/05\/eldorado_foto_milo_kromholc_vrch-300x225.jpg 300w, https:\/\/www.jaromuller.com\/wp-content\/uploads\/2016\/05\/eldorado_foto_milo_kromholc_vrch.jpg 640w\" sizes=\"auto, (max-width: 300px) 100vw, 300px\" \/><\/a>\n\t\t\t<\/div><\/figure><figure class='gallery-item'>\n\t\t\t<div class='gallery-icon landscape'>\n\t\t\t\t<a href='https:\/\/www.jaromuller.com\/wp-content\/uploads\/2016\/05\/eldorado_foto_nlet.jpg'><img loading=\"lazy\" decoding=\"async\" width=\"300\" height=\"225\" src=\"https:\/\/www.jaromuller.com\/wp-content\/uploads\/2016\/05\/eldorado_foto_nlet-300x225.jpg\" class=\"attachment-medium size-medium\" alt=\"\" srcset=\"https:\/\/www.jaromuller.com\/wp-content\/uploads\/2016\/05\/eldorado_foto_nlet-300x225.jpg 300w, https:\/\/www.jaromuller.com\/wp-content\/uploads\/2016\/05\/eldorado_foto_nlet.jpg 640w\" sizes=\"auto, (max-width: 300px) 100vw, 300px\" \/><\/a>\n\t\t\t<\/div><\/figure><figure class='gallery-item'>\n\t\t\t<div class='gallery-icon landscape'>\n\t\t\t\t<a href='https:\/\/www.jaromuller.com\/wp-content\/uploads\/2016\/05\/eldorado_nhon_v_zo_zadu.jpg'><img loading=\"lazy\" decoding=\"async\" width=\"300\" height=\"225\" src=\"https:\/\/www.jaromuller.com\/wp-content\/uploads\/2016\/05\/eldorado_nhon_v_zo_zadu-300x225.jpg\" class=\"attachment-medium size-medium\" alt=\"\" srcset=\"https:\/\/www.jaromuller.com\/wp-content\/uploads\/2016\/05\/eldorado_nhon_v_zo_zadu-300x225.jpg 300w, https:\/\/www.jaromuller.com\/wp-content\/uploads\/2016\/05\/eldorado_nhon_v_zo_zadu.jpg 640w\" sizes=\"auto, (max-width: 300px) 100vw, 300px\" \/><\/a>\n\t\t\t<\/div><\/figure><figure class='gallery-item'>\n\t\t\t<div class='gallery-icon landscape'>\n\t\t\t\t<a href='https:\/\/www.jaromuller.com\/wp-content\/uploads\/2016\/05\/eldorado_trup_platina_so_servami.jpg'><img loading=\"lazy\" decoding=\"async\" width=\"300\" height=\"225\" src=\"https:\/\/www.jaromuller.com\/wp-content\/uploads\/2016\/05\/eldorado_trup_platina_so_servami-300x225.jpg\" class=\"attachment-medium size-medium\" alt=\"\" srcset=\"https:\/\/www.jaromuller.com\/wp-content\/uploads\/2016\/05\/eldorado_trup_platina_so_servami-300x225.jpg 300w, https:\/\/www.jaromuller.com\/wp-content\/uploads\/2016\/05\/eldorado_trup_platina_so_servami.jpg 640w\" sizes=\"auto, (max-width: 300px) 100vw, 300px\" \/><\/a>\n\t\t\t<\/div><\/figure><figure class='gallery-item'>\n\t\t\t<div class='gallery-icon landscape'>\n\t\t\t\t<a href='https:\/\/www.jaromuller.com\/wp-content\/uploads\/2016\/05\/eldorado-5t.jpg'><img loading=\"lazy\" decoding=\"async\" width=\"300\" height=\"199\" src=\"https:\/\/www.jaromuller.com\/wp-content\/uploads\/2016\/05\/eldorado-5t-300x199.jpg\" class=\"attachment-medium size-medium\" alt=\"\" srcset=\"https:\/\/www.jaromuller.com\/wp-content\/uploads\/2016\/05\/eldorado-5t-300x199.jpg 300w, https:\/\/www.jaromuller.com\/wp-content\/uploads\/2016\/05\/eldorado-5t.jpg 752w\" sizes=\"auto, (max-width: 300px) 100vw, 300px\" \/><\/a>\n\t\t\t<\/div><\/figure><figure class='gallery-item'>\n\t\t\t<div class='gallery-icon landscape'>\n\t\t\t\t<a href='https:\/\/www.jaromuller.com\/wp-content\/uploads\/2016\/05\/eldorado-6t.jpg'><img loading=\"lazy\" decoding=\"async\" width=\"300\" height=\"199\" src=\"https:\/\/www.jaromuller.com\/wp-content\/uploads\/2016\/05\/eldorado-6t-300x199.jpg\" class=\"attachment-medium size-medium\" alt=\"\" srcset=\"https:\/\/www.jaromuller.com\/wp-content\/uploads\/2016\/05\/eldorado-6t-300x199.jpg 300w, https:\/\/www.jaromuller.com\/wp-content\/uploads\/2016\/05\/eldorado-6t.jpg 752w\" sizes=\"auto, (max-width: 300px) 100vw, 300px\" \/><\/a>\n\t\t\t<\/div><\/figure><figure class='gallery-item'>\n\t\t\t<div class='gallery-icon landscape'>\n\t\t\t\t<a href='https:\/\/www.jaromuller.com\/wp-content\/uploads\/2016\/05\/eldoradostart.jpg'><img loading=\"lazy\" decoding=\"async\" width=\"300\" height=\"215\" src=\"https:\/\/www.jaromuller.com\/wp-content\/uploads\/2016\/05\/eldoradostart-300x215.jpg\" class=\"attachment-medium size-medium\" alt=\"\" srcset=\"https:\/\/www.jaromuller.com\/wp-content\/uploads\/2016\/05\/eldoradostart-300x215.jpg 300w, https:\/\/www.jaromuller.com\/wp-content\/uploads\/2016\/05\/eldoradostart.jpg 656w\" sizes=\"auto, (max-width: 300px) 100vw, 300px\" \/><\/a>\n\t\t\t<\/div><\/figure><figure class='gallery-item'>\n\t\t\t<div class='gallery-icon landscape'>\n\t\t\t\t<a href='https:\/\/www.jaromuller.com\/wp-content\/uploads\/2016\/05\/img_0266.jpg'><img loading=\"lazy\" decoding=\"async\" width=\"300\" height=\"225\" src=\"https:\/\/www.jaromuller.com\/wp-content\/uploads\/2016\/05\/img_0266-300x225.jpg\" class=\"attachment-medium size-medium\" alt=\"\" srcset=\"https:\/\/www.jaromuller.com\/wp-content\/uploads\/2016\/05\/img_0266-300x225.jpg 300w, https:\/\/www.jaromuller.com\/wp-content\/uploads\/2016\/05\/img_0266.jpg 640w\" sizes=\"auto, (max-width: 300px) 100vw, 300px\" \/><\/a>\n\t\t\t<\/div><\/figure><figure class='gallery-item'>\n\t\t\t<div class='gallery-icon landscape'>\n\t\t\t\t<a href='https:\/\/www.jaromuller.com\/wp-content\/uploads\/2016\/05\/img_1879.jpg'><img loading=\"lazy\" decoding=\"async\" width=\"300\" height=\"225\" src=\"https:\/\/www.jaromuller.com\/wp-content\/uploads\/2016\/05\/img_1879-300x225.jpg\" class=\"attachment-medium size-medium\" alt=\"\" srcset=\"https:\/\/www.jaromuller.com\/wp-content\/uploads\/2016\/05\/img_1879-300x225.jpg 300w, https:\/\/www.jaromuller.com\/wp-content\/uploads\/2016\/05\/img_1879-768x576.jpg 768w, https:\/\/www.jaromuller.com\/wp-content\/uploads\/2016\/05\/img_1879.jpg 800w\" sizes=\"auto, (max-width: 300px) 100vw, 300px\" \/><\/a>\n\t\t\t<\/div><\/figure><figure class='gallery-item'>\n\t\t\t<div class='gallery-icon landscape'>\n\t\t\t\t<a href='https:\/\/www.jaromuller.com\/wp-content\/uploads\/2016\/05\/p1040165_1.jpg'><img loading=\"lazy\" decoding=\"async\" width=\"300\" height=\"225\" src=\"https:\/\/www.jaromuller.com\/wp-content\/uploads\/2016\/05\/p1040165_1-300x225.jpg\" class=\"attachment-medium size-medium\" alt=\"\" srcset=\"https:\/\/www.jaromuller.com\/wp-content\/uploads\/2016\/05\/p1040165_1-300x225.jpg 300w, https:\/\/www.jaromuller.com\/wp-content\/uploads\/2016\/05\/p1040165_1.jpg 640w\" sizes=\"auto, (max-width: 300px) 100vw, 300px\" \/><\/a>\n\t\t\t<\/div><\/figure><figure class='gallery-item'>\n\t\t\t<div class='gallery-icon landscape'>\n\t\t\t\t<a href='https:\/\/www.jaromuller.com\/wp-content\/uploads\/2016\/05\/dsc05469.jpg'><img loading=\"lazy\" decoding=\"async\" width=\"300\" height=\"201\" src=\"https:\/\/www.jaromuller.com\/wp-content\/uploads\/2016\/05\/dsc05469-300x201.jpg\" class=\"attachment-medium size-medium\" alt=\"\" srcset=\"https:\/\/www.jaromuller.com\/wp-content\/uploads\/2016\/05\/dsc05469-300x201.jpg 300w, https:\/\/www.jaromuller.com\/wp-content\/uploads\/2016\/05\/dsc05469-768x514.jpg 768w, https:\/\/www.jaromuller.com\/wp-content\/uploads\/2016\/05\/dsc05469-1024x685.jpg 1024w, https:\/\/www.jaromuller.com\/wp-content\/uploads\/2016\/05\/dsc05469.jpg 1600w\" sizes=\"auto, (max-width: 300px) 100vw, 300px\" \/><\/a>\n\t\t\t<\/div><\/figure><figure class='gallery-item'>\n\t\t\t<div class='gallery-icon landscape'>\n\t\t\t\t<a href='https:\/\/www.jaromuller.com\/wp-content\/uploads\/2016\/05\/dsc05467.jpg'><img loading=\"lazy\" decoding=\"async\" width=\"300\" height=\"201\" src=\"https:\/\/www.jaromuller.com\/wp-content\/uploads\/2016\/05\/dsc05467-300x201.jpg\" class=\"attachment-medium size-medium\" alt=\"\" srcset=\"https:\/\/www.jaromuller.com\/wp-content\/uploads\/2016\/05\/dsc05467-300x201.jpg 300w, https:\/\/www.jaromuller.com\/wp-content\/uploads\/2016\/05\/dsc05467-768x514.jpg 768w, https:\/\/www.jaromuller.com\/wp-content\/uploads\/2016\/05\/dsc05467-1024x685.jpg 1024w, https:\/\/www.jaromuller.com\/wp-content\/uploads\/2016\/05\/dsc05467.jpg 1600w\" sizes=\"auto, (max-width: 300px) 100vw, 300px\" \/><\/a>\n\t\t\t<\/div><\/figure><figure class='gallery-item'>\n\t\t\t<div class='gallery-icon landscape'>\n\t\t\t\t<a href='https:\/\/www.jaromuller.com\/wp-content\/uploads\/2016\/05\/p1040167.png'><img loading=\"lazy\" decoding=\"async\" width=\"300\" height=\"225\" src=\"https:\/\/www.jaromuller.com\/wp-content\/uploads\/2016\/05\/p1040167-300x225.png\" class=\"attachment-medium size-medium\" alt=\"\" srcset=\"https:\/\/www.jaromuller.com\/wp-content\/uploads\/2016\/05\/p1040167-300x225.png 300w, https:\/\/www.jaromuller.com\/wp-content\/uploads\/2016\/05\/p1040167.png 640w\" sizes=\"auto, (max-width: 300px) 100vw, 300px\" \/><\/a>\n\t\t\t<\/div><\/figure><figure class='gallery-item'>\n\t\t\t<div class='gallery-icon landscape'>\n\t\t\t\t<a href='https:\/\/www.jaromuller.com\/wp-content\/uploads\/2016\/05\/p1040172.png'><img loading=\"lazy\" decoding=\"async\" width=\"300\" height=\"225\" src=\"https:\/\/www.jaromuller.com\/wp-content\/uploads\/2016\/05\/p1040172-300x225.png\" class=\"attachment-medium size-medium\" alt=\"\" srcset=\"https:\/\/www.jaromuller.com\/wp-content\/uploads\/2016\/05\/p1040172-300x225.png 300w, https:\/\/www.jaromuller.com\/wp-content\/uploads\/2016\/05\/p1040172.png 640w\" sizes=\"auto, (max-width: 300px) 100vw, 300px\" \/><\/a>\n\t\t\t<\/div><\/figure><figure class='gallery-item'>\n\t\t\t<div class='gallery-icon landscape'>\n\t\t\t\t<a href='https:\/\/www.jaromuller.com\/wp-content\/uploads\/2016\/05\/eldo1.jpg'><img loading=\"lazy\" decoding=\"async\" width=\"300\" height=\"169\" src=\"https:\/\/www.jaromuller.com\/wp-content\/uploads\/2016\/05\/eldo1-300x169.jpg\" class=\"attachment-medium size-medium\" alt=\"\" srcset=\"https:\/\/www.jaromuller.com\/wp-content\/uploads\/2016\/05\/eldo1-300x169.jpg 300w, https:\/\/www.jaromuller.com\/wp-content\/uploads\/2016\/05\/eldo1-768x432.jpg 768w, https:\/\/www.jaromuller.com\/wp-content\/uploads\/2016\/05\/eldo1-1024x575.jpg 1024w, https:\/\/www.jaromuller.com\/wp-content\/uploads\/2016\/05\/eldo1.jpg 1600w\" sizes=\"auto, (max-width: 300px) 100vw, 300px\" \/><\/a>\n\t\t\t<\/div><\/figure><figure class='gallery-item'>\n\t\t\t<div class='gallery-icon portrait'>\n\t\t\t\t<a href='https:\/\/www.jaromuller.com\/wp-content\/uploads\/2016\/05\/eldorado11.jpg'><img loading=\"lazy\" decoding=\"async\" width=\"253\" height=\"300\" src=\"https:\/\/www.jaromuller.com\/wp-content\/uploads\/2016\/05\/eldorado11-253x300.jpg\" class=\"attachment-medium size-medium\" alt=\"\" srcset=\"https:\/\/www.jaromuller.com\/wp-content\/uploads\/2016\/05\/eldorado11-253x300.jpg 253w, https:\/\/www.jaromuller.com\/wp-content\/uploads\/2016\/05\/eldorado11.jpg 399w\" sizes=\"auto, (max-width: 253px) 100vw, 253px\" \/><\/a>\n\t\t\t<\/div><\/figure>\n\t\t<\/div>\n<\/p>","protected":false},"excerpt":{"rendered":"<p>ELDORADO 3,1 m Hier geht es zu: Manchmal ist der Kompromiss nicht die schlechte L\u00f6sung. Eldorado kombiniert das beste, was die F3F und F3B Segelflugzeuge anbieten k\u00f6nnen. Sein charakteristisch elliptische Fl\u00fcgel bietet die beste Auftriebverteilung in ganzem Fl\u00fcgelbereich, was macht die h\u00e4rtesten Man\u00f6ver m\u00f6glich. Dank seinem speziell entworfenen Fl\u00fcgel und Fl\u00fcgeprofil negieren sich die falschen [&hellip;]<\/p>\n","protected":false},"author":1,"featured_media":2039,"parent":1798,"menu_order":2,"comment_status":"closed","ping_status":"closed","template":"","meta":{"footnotes":""},"class_list":["post-1802","page","type-page","status-publish","has-post-thumbnail","hentry"],"_links":{"self":[{"href":"https:\/\/www.jaromuller.com\/de\/wp-json\/wp\/v2\/pages\/1802","targetHints":{"allow":["GET"]}}],"collection":[{"href":"https:\/\/www.jaromuller.com\/de\/wp-json\/wp\/v2\/pages"}],"about":[{"href":"https:\/\/www.jaromuller.com\/de\/wp-json\/wp\/v2\/types\/page"}],"author":[{"embeddable":true,"href":"https:\/\/www.jaromuller.com\/de\/wp-json\/wp\/v2\/users\/1"}],"replies":[{"embeddable":true,"href":"https:\/\/www.jaromuller.com\/de\/wp-json\/wp\/v2\/comments?post=1802"}],"version-history":[{"count":1,"href":"https:\/\/www.jaromuller.com\/de\/wp-json\/wp\/v2\/pages\/1802\/revisions"}],"predecessor-version":[{"id":6945,"href":"https:\/\/www.jaromuller.com\/de\/wp-json\/wp\/v2\/pages\/1802\/revisions\/6945"}],"up":[{"embeddable":true,"href":"https:\/\/www.jaromuller.com\/de\/wp-json\/wp\/v2\/pages\/1798"}],"wp:featuredmedia":[{"embeddable":true,"href":"https:\/\/www.jaromuller.com\/de\/wp-json\/wp\/v2\/media\/2039"}],"wp:attachment":[{"href":"https:\/\/www.jaromuller.com\/de\/wp-json\/wp\/v2\/media?parent=1802"}],"curies":[{"name":"wp","href":"https:\/\/api.w.org\/{rel}","templated":true}]}}