{"id":1800,"date":"2016-05-06T12:27:54","date_gmt":"2016-05-06T11:27:54","guid":{"rendered":"http:\/\/jaromuller.com\/?page_id=1800"},"modified":"2025-01-01T13:20:53","modified_gmt":"2025-01-01T13:20:53","slug":"elasto-31-38-m","status":"publish","type":"page","link":"https:\/\/www.jaromuller.com\/de\/models\/elasto-31-38-m\/","title":{"rendered":"ELASTO 3,8 m"},"content":{"rendered":"<p><\/p>\n<h1><strong>ELASTO 3,8 m<\/strong><\/h1>\n<hr \/>\n<h2>Hier geht es zu:<\/h2>\n<h4><a href=\"http:\/\/www.jaromuller.com\/de\/models\/elasto-31-38-m\/colour-design\/\" target=\"_blank\" rel=\"noopener noreferrer\"><img loading=\"lazy\" decoding=\"async\" class=\"alignnone wp-image-5025\" src=\"http:\/\/www.jaromuller.com\/wp-content\/uploads\/2019\/10\/Button-elasto_Farbdesign-300x174.jpg\" alt=\"\" width=\"114\" height=\"66\" srcset=\"https:\/\/www.jaromuller.com\/wp-content\/uploads\/2019\/10\/Button-elasto_Farbdesign-300x174.jpg 300w, https:\/\/www.jaromuller.com\/wp-content\/uploads\/2019\/10\/Button-elasto_Farbdesign.jpg 320w\" sizes=\"auto, (max-width: 114px) 100vw, 114px\" \/><\/a><\/h4>\n<h4><a href=\"http:\/\/www.jaromuller.com\/de\/models\/elasto-31-38-m\/setting-elasto\/\" target=\"_blank\" rel=\"noopener noreferrer\"><img loading=\"lazy\" decoding=\"async\" class=\"alignnone wp-image-5026\" src=\"http:\/\/www.jaromuller.com\/wp-content\/uploads\/2019\/10\/Button-elasto_Einstellungen-300x174.jpg\" alt=\"\" width=\"114\" height=\"66\" srcset=\"https:\/\/www.jaromuller.com\/wp-content\/uploads\/2019\/10\/Button-elasto_Einstellungen-300x174.jpg 300w, https:\/\/www.jaromuller.com\/wp-content\/uploads\/2019\/10\/Button-elasto_Einstellungen.jpg 320w\" sizes=\"auto, (max-width: 114px) 100vw, 114px\" \/><\/a><\/h4>\n<h4><a href=\"http:\/\/www.jaromuller.com\/de\/models\/elasto-31-38-m\/price-list-elasto\/\" target=\"_blank\" rel=\"noopener noreferrer\"><img loading=\"lazy\" decoding=\"async\" class=\"alignnone wp-image-4997\" src=\"http:\/\/www.jaromuller.com\/wp-content\/uploads\/2019\/10\/Button-MiniE_Preisliste-300x173.jpg\" alt=\"\" width=\"114\" height=\"66\" srcset=\"https:\/\/www.jaromuller.com\/wp-content\/uploads\/2019\/10\/Button-MiniE_Preisliste-300x173.jpg 300w, https:\/\/www.jaromuller.com\/wp-content\/uploads\/2019\/10\/Button-MiniE_Preisliste.jpg 320w\" sizes=\"auto, (max-width: 114px) 100vw, 114px\" \/><\/a><\/h4>\n<h4><a href=\"http:\/\/www.jaromuller.com\/de\/models\/elasto-31-38-m\/accessories-elasto\/\" target=\"_blank\" rel=\"noopener noreferrer\"><img loading=\"lazy\" decoding=\"async\" class=\"alignnone wp-image-5008\" src=\"http:\/\/www.jaromuller.com\/wp-content\/uploads\/2019\/10\/Button-Egida_Zubehor-300x174.jpg\" alt=\"\" width=\"114\" height=\"66\" srcset=\"https:\/\/www.jaromuller.com\/wp-content\/uploads\/2019\/10\/Button-Egida_Zubehor-300x174.jpg 300w, https:\/\/www.jaromuller.com\/wp-content\/uploads\/2019\/10\/Button-Egida_Zubehor.jpg 320w\" sizes=\"auto, (max-width: 114px) 100vw, 114px\" \/><\/a><\/h4>\n<h4><a href=\"http:\/\/www.jaromuller.com\/de\/models\/elasto-31-38-m\/model-galerie-elasto\/\" target=\"_blank\" rel=\"noopener noreferrer\"><img loading=\"lazy\" decoding=\"async\" class=\"alignnone wp-image-5027\" src=\"http:\/\/www.jaromuller.com\/wp-content\/uploads\/2019\/10\/Botton-Modellgalerie-300x174.jpg\" alt=\"\" width=\"114\" height=\"66\" srcset=\"https:\/\/www.jaromuller.com\/wp-content\/uploads\/2019\/10\/Botton-Modellgalerie-300x174.jpg 300w, https:\/\/www.jaromuller.com\/wp-content\/uploads\/2019\/10\/Botton-Modellgalerie.jpg 320w\" sizes=\"auto, (max-width: 114px) 100vw, 114px\" \/><\/a><\/h4>\n<hr \/>\n<h2><strong>Zur\u00fcck zu den Wurzeln\u2026<\/strong><\/h2>\n<h3><strong>Unser aktuelles Wettbewerbsmodell f\u00fcr die FAI Klassen F3J \/F5J<br \/>\nund ein Hochleistungs \u2013Thermiksegler f\u00fcr den engagierten Alltagseinsatz<\/strong><\/h3>\n<p>&nbsp;<\/p>\n<p><strong>Unsere Elasto ist das weltweit erste in Serie fabrizierte Flugmodell mit einem vollkommen flexiblen Profil!<\/strong><br \/>\nWenngleich schon der Traum von Aerodynamikern und Flugzeugbauern der fr\u00fchen \u00c4ra,\u00a0 war ein solcher Fl\u00fcgel bis heute nicht erfolgreich zu Ende entwickelt.<br \/>\nVielleicht auch deshalb, weil unstrittig auch mit den hinl\u00e4nglich bekannten und perfektionierten Klappenprofilen und einem konventionellen Fl\u00e4chenaufbau sehr gute Leistungen erflogen werden k\u00f6nnen.<br \/>\nDie Leistungsgrenze scheint aber gerade im Modellsegelflug nahezu erreicht; Fortschritte sind, wenn \u00fcberhaupt, nur noch im kleinen Rahmen denkbar.<br \/>\nWir wollten aber keine Neuheit um der Neuheit Willen, sondern wie schon mehrfach in den letzten drei Jahrzehnten unserer erfolgreichen Firmengeschichte, einen Meilenstein!<br \/>\nUnser Ziel war es, ein Flugzeug mit dem idealen Fl\u00fcgel zu produzieren.<br \/>\nInspiriert von den Fl\u00fcgeln der V\u00f6gel haben wir die aerodynamische Reinheit des Fl\u00fcgels erreicht: starr an der Vorderkante und flexibel an der Hinterkante:<br \/>\nOhne definiert gelagerte Steuerfl\u00e4chen und Abri\u00dfkanten erreichen wir insgesamt einen deutlich geringeren Profilwiderstand in allen Geschwindigkeitsbereichen.<\/p>\n<p><a href=\"http:\/\/www.jaromuller.com\/wp-content\/uploads\/2018\/03\/Elasto_2-1.jpg\"><img loading=\"lazy\" decoding=\"async\" class=\"alignnone wp-image-3782\" src=\"http:\/\/www.jaromuller.com\/wp-content\/uploads\/2018\/03\/Elasto_2-1.jpg\" alt=\"\" width=\"700\" height=\"446\" srcset=\"https:\/\/www.jaromuller.com\/wp-content\/uploads\/2018\/03\/Elasto_2-1.jpg 2551w, https:\/\/www.jaromuller.com\/wp-content\/uploads\/2018\/03\/Elasto_2-1-300x191.jpg 300w, https:\/\/www.jaromuller.com\/wp-content\/uploads\/2018\/03\/Elasto_2-1-768x489.jpg 768w, https:\/\/www.jaromuller.com\/wp-content\/uploads\/2018\/03\/Elasto_2-1-1024x652.jpg 1024w\" sizes=\"auto, (max-width: 700px) 100vw, 700px\" \/><\/a><\/p>\n<p>Dieser \u201eelastische\u201c Fl\u00fcgel war unser Traum und ist das erfolgreiche Ergebnis einer \u00fcber 5 Jahre (!) dauernden intensiven Entwicklungsarbeit.<br \/>\nDie zwischenzeitlich patentierte Elasto-Technologie erlaubt es durch \u201eeinfaches\u201c Biegen der Hinterkante die gesamte Charakteristik des Fl\u00fcgelprofil in einem bislang nicht bekannten Rahmen zu ver\u00e4ndern!<br \/>\nDabei haben wir mit unserer verbl\u00fcffend einfachen und leichten Mechanik nicht nur die M\u00f6glichkeit, das Profil homogen \u00fcber mehr als 50 Prozent in der Profiltiefe zu ver\u00e4ndern sondern auch in Spannweitenrichtung zu verdrehen.<br \/>\nDies f\u00fchrt zu h\u00f6chstm\u00f6glicher Performance bei kontr\u00e4ren Leistungsanforderungen im Thermik, Gleitflug, Schnellflug und auch der Steuerbarkeit des Flugzeugs.<br \/>\nDie Vielseitigkeit dieses Systems ist die Basis daf\u00fcr, dass die Elasto trotz ihrer Auslegung als Hochleistungs-Thermikflugmodell mit sehr niedriger Fl\u00e4chenbelastung in einem ungew\u00f6hnlich breiten Geschwindigkeitsbereich geflogen werden kann.<br \/>\nMit gutem Gewissen behaupten wir, dass dabei gleichzeitig die Torsionssteifigkeit und die Bruchlast unseres Elasto-Fl\u00fcgels \u00fcber uns bekannten konventionellen Konstruktionen mit \u00e4hnlich geringem Gewicht liegt.<br \/>\nDie Elasto-Technologie erm\u00f6glicht es uns, perfekt auf ihre Einsatzvorstellung optimierte Modellauslegungen zu produzieren. (technische Daten siehe untenstehende Tabelle)<br \/>\nDie Standard F5J- (Elektro) Version bietet dabei im Allroundeinsatz (ob nun au\u00dferhalb oder in einem Wettbewerb) einen \u00fcberragenden Geschwindigkeitsbereich f\u00fcr einen Hochleistungs-Thermiksegler modernster Auslegung.<br \/>\nDie spezielle Elektro- Leichtversion bieten wir mit einer f\u00fcr den dynamischen Thermikflug mehr als ausreichenden Festigkeit f\u00fcr alle Gewichtsfanatiker und F5J-Wettbewerbspiloten an.<br \/>\nDie Gewichtseinsparung erreichen wir durch einen leichteren Holm und aufwendige, vakuum gezogene Laminierungsschritte.<br \/>\nMit ihrem verst\u00e4rkten Holm und nochmals verst\u00e4rkter vorderer Voll Carbon D-Box ist die F3J-Segler-Version bei unglaublich geringem Gewicht absolut hochstartfest.<\/p>\n<p>Wie auch immer Ihre Wahl ausf\u00e4llt, Sie werden begeistert sein!<\/p>\n<p><strong>&#8211; vorangegangene, weitere Infos zur Elasto finden sich im Beitrag &#8222;<span style=\"color: #800080;\"><a style=\"color: #800080;\" href=\"http:\/\/www.jaromuller.com\/de\/2018\/01\/15\/introduction-elasto\/\" target=\"_blank\" rel=\"noopener noreferrer\">Vorstellung-Elasto<\/a><\/span>&#8222;<\/strong>.<\/p>\n<h3><\/h3>\n<h4><strong>Wenn Sie mehr dar\u00fcber erfahren m\u00f6chten, was dahinter der Elasto-Kunstruktion und -Aerodynamik liegt, <span style=\"color: #800080;\"><a style=\"color: #800080;\" href=\"http:\/\/www.jaromuller.com\/wp-content\/uploads\/2019\/07\/Clanok-Elasto_new_D.pdf\" target=\"_blank\" rel=\"noopener noreferrer\">klicken Sie hier<\/a><\/span> unser Beitrag zu lesen.<\/strong><\/h4>\n<h3><\/h3>\n<h3>Dreiseitenansicht:<\/h3>\n<h6><span id=\"result_box\" class=\"\" lang=\"en\"><a href=\"http:\/\/www.jaromuller.com\/wp-content\/uploads\/2019\/05\/Elasto_3_pohladovy-vykres.jpg\"><img loading=\"lazy\" decoding=\"async\" class=\"alignnone wp-image-4672\" src=\"http:\/\/www.jaromuller.com\/wp-content\/uploads\/2019\/05\/Elasto_3_pohladovy-vykres-167x300.jpg\" alt=\"\" width=\"200\" height=\"359\" srcset=\"https:\/\/www.jaromuller.com\/wp-content\/uploads\/2019\/05\/Elasto_3_pohladovy-vykres-167x300.jpg 167w, https:\/\/www.jaromuller.com\/wp-content\/uploads\/2019\/05\/Elasto_3_pohladovy-vykres-768x1383.jpg 768w, https:\/\/www.jaromuller.com\/wp-content\/uploads\/2019\/05\/Elasto_3_pohladovy-vykres-569x1024.jpg 569w, https:\/\/www.jaromuller.com\/wp-content\/uploads\/2019\/05\/Elasto_3_pohladovy-vykres.jpg 955w\" sizes=\"auto, (max-width: 200px) 100vw, 200px\" \/><\/a><\/span><\/h6>\n<h3><\/h3>\n<h3>Technische Parametern:<\/h3>\n<h6><a href=\"http:\/\/www.jaromuller.com\/wp-content\/uploads\/2020\/03\/Specifikacia-modelu_Elasto_new1_D.pdf\"><img loading=\"lazy\" decoding=\"async\" class=\"alignnone wp-image-5085 size-medium\" src=\"http:\/\/www.jaromuller.com\/wp-content\/uploads\/2019\/10\/Specifikacia-modelu_Elasto_D-300x286.jpg\" alt=\"\" width=\"300\" height=\"286\" srcset=\"https:\/\/www.jaromuller.com\/wp-content\/uploads\/2019\/10\/Specifikacia-modelu_Elasto_D-300x286.jpg 300w, https:\/\/www.jaromuller.com\/wp-content\/uploads\/2019\/10\/Specifikacia-modelu_Elasto_D.jpg 503w\" sizes=\"auto, (max-width: 300px) 100vw, 300px\" \/><\/a><\/h6>\n<h2 style=\"text-align: left;\">Fotogalerie:<\/h2>\n<div id='gallery-2' class='gallery galleryid-1800 gallery-columns-4 gallery-size-thumbnail'><figure class='gallery-item'>\n\t\t\t<div class='gallery-icon portrait'>\n\t\t\t\t<a href='https:\/\/www.jaromuller.com\/wp-content\/uploads\/2018\/03\/P1090288.jpg'><img loading=\"lazy\" decoding=\"async\" width=\"150\" height=\"150\" src=\"https:\/\/www.jaromuller.com\/wp-content\/uploads\/2018\/03\/P1090288-150x150.jpg\" class=\"attachment-thumbnail size-thumbnail\" alt=\"\" aria-describedby=\"gallery-2-3784\" \/><\/a>\n\t\t\t<\/div>\n\t\t\t\t<figcaption class='wp-caption-text gallery-caption' id='gallery-2-3784'>\n\t\t\t\tAdjustment gauges on the wing.\n\t\t\t\t<\/figcaption><\/figure><figure class='gallery-item'>\n\t\t\t<div class='gallery-icon portrait'>\n\t\t\t\t<a href='https:\/\/www.jaromuller.com\/wp-content\/uploads\/2018\/03\/P1090290.jpg'><img loading=\"lazy\" decoding=\"async\" width=\"150\" height=\"150\" src=\"https:\/\/www.jaromuller.com\/wp-content\/uploads\/2018\/03\/P1090290-150x150.jpg\" class=\"attachment-thumbnail size-thumbnail\" alt=\"\" aria-describedby=\"gallery-2-3785\" \/><\/a>\n\t\t\t<\/div>\n\t\t\t\t<figcaption class='wp-caption-text gallery-caption' id='gallery-2-3785'>\n\t\t\t\tAdjustment gauges on the wing.\n\t\t\t\t<\/figcaption><\/figure><figure class='gallery-item'>\n\t\t\t<div class='gallery-icon landscape'>\n\t\t\t\t<a href='https:\/\/www.jaromuller.com\/wp-content\/uploads\/2018\/03\/P1090356.jpg'><img loading=\"lazy\" decoding=\"async\" width=\"150\" height=\"150\" src=\"https:\/\/www.jaromuller.com\/wp-content\/uploads\/2018\/03\/P1090356-150x150.jpg\" class=\"attachment-thumbnail size-thumbnail\" alt=\"\" aria-describedby=\"gallery-2-3795\" \/><\/a>\n\t\t\t<\/div>\n\t\t\t\t<figcaption class='wp-caption-text gallery-caption' id='gallery-2-3795'>\n\t\t\t\tRoot airprofil with place for servo F1.\n\t\t\t\t<\/figcaption><\/figure><figure class='gallery-item'>\n\t\t\t<div class='gallery-icon landscape'>\n\t\t\t\t<a href='https:\/\/www.jaromuller.com\/wp-content\/uploads\/2018\/03\/P1090365.jpg'><img loading=\"lazy\" decoding=\"async\" width=\"150\" height=\"150\" src=\"https:\/\/www.jaromuller.com\/wp-content\/uploads\/2018\/03\/P1090365-150x150.jpg\" class=\"attachment-thumbnail size-thumbnail\" alt=\"\" aria-describedby=\"gallery-2-3798\" \/><\/a>\n\t\t\t<\/div>\n\t\t\t\t<figcaption class='wp-caption-text gallery-caption' id='gallery-2-3798'>\n\t\t\t\tPlace for servo F2.\n\t\t\t\t<\/figcaption><\/figure><figure class='gallery-item'>\n\t\t\t<div class='gallery-icon landscape'>\n\t\t\t\t<a href='https:\/\/www.jaromuller.com\/wp-content\/uploads\/2018\/03\/P1090363.jpg'><img loading=\"lazy\" decoding=\"async\" width=\"150\" height=\"150\" src=\"https:\/\/www.jaromuller.com\/wp-content\/uploads\/2018\/03\/P1090363-150x150.jpg\" class=\"attachment-thumbnail size-thumbnail\" alt=\"\" aria-describedby=\"gallery-2-3797\" \/><\/a>\n\t\t\t<\/div>\n\t\t\t\t<figcaption class='wp-caption-text gallery-caption' id='gallery-2-3797'>\n\t\t\t\tPlace for servo A1.\n\t\t\t\t<\/figcaption><\/figure><figure class='gallery-item'>\n\t\t\t<div class='gallery-icon landscape'>\n\t\t\t\t<a href='https:\/\/www.jaromuller.com\/wp-content\/uploads\/2018\/03\/P1090249.jpg'><img loading=\"lazy\" decoding=\"async\" width=\"150\" height=\"150\" src=\"https:\/\/www.jaromuller.com\/wp-content\/uploads\/2018\/03\/P1090249-150x150.jpg\" class=\"attachment-thumbnail size-thumbnail\" alt=\"\" aria-describedby=\"gallery-2-3799\" \/><\/a>\n\t\t\t<\/div>\n\t\t\t\t<figcaption class='wp-caption-text gallery-caption' id='gallery-2-3799'>\n\t\t\t\tPlace for servo A2.\n\t\t\t\t<\/figcaption><\/figure><figure class='gallery-item'>\n\t\t\t<div class='gallery-icon landscape'>\n\t\t\t\t<a href='https:\/\/www.jaromuller.com\/wp-content\/uploads\/2018\/03\/P1090299.jpg'><img loading=\"lazy\" decoding=\"async\" width=\"150\" height=\"150\" src=\"https:\/\/www.jaromuller.com\/wp-content\/uploads\/2018\/03\/P1090299-150x150.jpg\" class=\"attachment-thumbnail size-thumbnail\" alt=\"\" aria-describedby=\"gallery-2-3786\" \/><\/a>\n\t\t\t<\/div>\n\t\t\t\t<figcaption class='wp-caption-text gallery-caption' id='gallery-2-3786'>\n\t\t\t\tV-tail.\n\t\t\t\t<\/figcaption><\/figure><figure class='gallery-item'>\n\t\t\t<div class='gallery-icon landscape'>\n\t\t\t\t<a href='https:\/\/www.jaromuller.com\/wp-content\/uploads\/2018\/03\/P1090300.jpg'><img loading=\"lazy\" decoding=\"async\" width=\"150\" height=\"150\" src=\"https:\/\/www.jaromuller.com\/wp-content\/uploads\/2018\/03\/P1090300-150x150.jpg\" class=\"attachment-thumbnail size-thumbnail\" alt=\"\" aria-describedby=\"gallery-2-3787\" \/><\/a>\n\t\t\t<\/div>\n\t\t\t\t<figcaption class='wp-caption-text gallery-caption' id='gallery-2-3787'>\n\t\t\t\tV-tail.\n\t\t\t\t<\/figcaption><\/figure><figure class='gallery-item'>\n\t\t\t<div class='gallery-icon landscape'>\n\t\t\t\t<a href='https:\/\/www.jaromuller.com\/wp-content\/uploads\/2018\/03\/P1090303.jpg'><img loading=\"lazy\" decoding=\"async\" width=\"150\" height=\"150\" src=\"https:\/\/www.jaromuller.com\/wp-content\/uploads\/2018\/03\/P1090303-150x150.jpg\" class=\"attachment-thumbnail size-thumbnail\" alt=\"\" aria-describedby=\"gallery-2-3788\" \/><\/a>\n\t\t\t<\/div>\n\t\t\t\t<figcaption class='wp-caption-text gallery-caption' id='gallery-2-3788'>\n\t\t\t\tV-tail.\n\t\t\t\t<\/figcaption><\/figure><figure class='gallery-item'>\n\t\t\t<div class='gallery-icon landscape'>\n\t\t\t\t<a href='https:\/\/www.jaromuller.com\/wp-content\/uploads\/2018\/03\/P1090329.jpg'><img loading=\"lazy\" decoding=\"async\" width=\"150\" height=\"150\" src=\"https:\/\/www.jaromuller.com\/wp-content\/uploads\/2018\/03\/P1090329-150x150.jpg\" class=\"attachment-thumbnail size-thumbnail\" alt=\"\" aria-describedby=\"gallery-2-3794\" \/><\/a>\n\t\t\t<\/div>\n\t\t\t\t<figcaption class='wp-caption-text gallery-caption' id='gallery-2-3794'>\n\t\t\t\tV-tail mounting.\n\t\t\t\t<\/figcaption><\/figure><figure class='gallery-item'>\n\t\t\t<div class='gallery-icon landscape'>\n\t\t\t\t<a href='https:\/\/www.jaromuller.com\/wp-content\/uploads\/2018\/03\/P1090304.jpg'><img loading=\"lazy\" decoding=\"async\" width=\"150\" height=\"150\" src=\"https:\/\/www.jaromuller.com\/wp-content\/uploads\/2018\/03\/P1090304-150x150.jpg\" class=\"attachment-thumbnail size-thumbnail\" alt=\"\" aria-describedby=\"gallery-2-3789\" \/><\/a>\n\t\t\t<\/div>\n\t\t\t\t<figcaption class='wp-caption-text gallery-caption' id='gallery-2-3789'>\n\t\t\t\tPlug for servos F1, F2, A1, A2.\n\t\t\t\t<\/figcaption><\/figure><figure class='gallery-item'>\n\t\t\t<div class='gallery-icon landscape'>\n\t\t\t\t<a href='https:\/\/www.jaromuller.com\/wp-content\/uploads\/2018\/03\/P1090309.jpg'><img loading=\"lazy\" decoding=\"async\" width=\"150\" height=\"150\" src=\"https:\/\/www.jaromuller.com\/wp-content\/uploads\/2018\/03\/P1090309-150x150.jpg\" class=\"attachment-thumbnail size-thumbnail\" alt=\"\" aria-describedby=\"gallery-2-3790\" \/><\/a>\n\t\t\t<\/div>\n\t\t\t\t<figcaption class='wp-caption-text gallery-caption' id='gallery-2-3790'>\n\t\t\t\tServos for V-tail.\n\t\t\t\t<\/figcaption><\/figure><figure class='gallery-item'>\n\t\t\t<div class='gallery-icon landscape'>\n\t\t\t\t<a href='https:\/\/www.jaromuller.com\/wp-content\/uploads\/2018\/03\/P1090310.jpg'><img loading=\"lazy\" decoding=\"async\" width=\"150\" height=\"150\" src=\"https:\/\/www.jaromuller.com\/wp-content\/uploads\/2018\/03\/P1090310-150x150.jpg\" class=\"attachment-thumbnail size-thumbnail\" alt=\"\" aria-describedby=\"gallery-2-3791\" \/><\/a>\n\t\t\t<\/div>\n\t\t\t\t<figcaption class='wp-caption-text gallery-caption' id='gallery-2-3791'>\n\t\t\t\tBattery holder mounting.\n\t\t\t\t<\/figcaption><\/figure><figure class='gallery-item'>\n\t\t\t<div class='gallery-icon landscape'>\n\t\t\t\t<a href='https:\/\/www.jaromuller.com\/wp-content\/uploads\/2018\/03\/P1090311.jpg'><img loading=\"lazy\" decoding=\"async\" width=\"150\" height=\"150\" src=\"https:\/\/www.jaromuller.com\/wp-content\/uploads\/2018\/03\/P1090311-150x150.jpg\" class=\"attachment-thumbnail size-thumbnail\" alt=\"\" aria-describedby=\"gallery-2-3792\" \/><\/a>\n\t\t\t<\/div>\n\t\t\t\t<figcaption class='wp-caption-text gallery-caption' id='gallery-2-3792'>\n\t\t\t\tBattery holder with battery.\n\t\t\t\t<\/figcaption><\/figure><figure class='gallery-item'>\n\t\t\t<div class='gallery-icon landscape'>\n\t\t\t\t<a href='https:\/\/www.jaromuller.com\/wp-content\/uploads\/2018\/08\/39539004_1839349616100902_62042215634960384_o.jpg'><img loading=\"lazy\" decoding=\"async\" width=\"150\" height=\"150\" src=\"https:\/\/www.jaromuller.com\/wp-content\/uploads\/2018\/08\/39539004_1839349616100902_62042215634960384_o-150x150.jpg\" class=\"attachment-thumbnail size-thumbnail\" alt=\"\" \/><\/a>\n\t\t\t<\/div><\/figure><figure class='gallery-item'>\n\t\t\t<div class='gallery-icon landscape'>\n\t\t\t\t<a href='https:\/\/www.jaromuller.com\/wp-content\/uploads\/2018\/08\/39557934_1839349049434292_5764914600310996992_o.jpg'><img loading=\"lazy\" decoding=\"async\" width=\"150\" height=\"150\" src=\"https:\/\/www.jaromuller.com\/wp-content\/uploads\/2018\/08\/39557934_1839349049434292_5764914600310996992_o-150x150.jpg\" class=\"attachment-thumbnail size-thumbnail\" alt=\"\" \/><\/a>\n\t\t\t<\/div><\/figure>\n\t\t<\/div>\n\n<h2>Videogalerie:<\/h2>\n<p><iframe loading=\"lazy\" src=\"https:\/\/www.youtube.com\/embed\/PzNS9IV1V_U\" width=\"560\" height=\"315\" frameborder=\"0\" allowfullscreen=\"allowfullscreen\"><\/iframe><\/p>\n<p><iframe loading=\"lazy\" src=\"https:\/\/www.youtube.com\/embed\/H31m6Jqw8j0\" width=\"560\" height=\"315\" frameborder=\"0\" allowfullscreen=\"allowfullscreen\"><\/iframe><\/p>\n<p><iframe loading=\"lazy\" src=\"https:\/\/www.youtube.com\/embed\/mE4VZ9Wm-_o\" width=\"560\" height=\"315\" frameborder=\"0\" allowfullscreen=\"allowfullscreen\"><\/iframe><\/p>\n<p><iframe loading=\"lazy\" src=\"https:\/\/www.youtube.com\/embed\/l8-6nAOHnLY\" width=\"560\" height=\"315\" frameborder=\"0\" allowfullscreen=\"allowfullscreen\"><\/iframe><\/p>\n<h4><\/h4>\n<h3><strong>\u00a0<\/strong><\/h3>\n<p><iframe loading=\"lazy\" src=\"https:\/\/player.vimeo.com\/video\/633492392?h=a49a9b9626\" width=\"640\" height=\"360\" frameborder=\"0\" allowfullscreen=\"allowfullscreen\"><\/iframe><\/p>\n<p><a href=\"https:\/\/vimeo.com\/633492392\">Elasto F3J von Jaro M\u00fcller<\/a> from <a href=\"https:\/\/vimeo.com\/user11187704\">Kurt Eichenberger<\/a> on <a href=\"https:\/\/vimeo.com\">Vimeo<\/a>.<\/p>","protected":false},"excerpt":{"rendered":"<p>ELASTO 3,8 m Hier geht es zu: Zur\u00fcck zu den Wurzeln\u2026 Unser aktuelles Wettbewerbsmodell f\u00fcr die FAI Klassen F3J \/F5J und ein Hochleistungs \u2013Thermiksegler f\u00fcr den engagierten Alltagseinsatz &nbsp; Unsere Elasto ist das weltweit erste in Serie fabrizierte Flugmodell mit einem vollkommen flexiblen Profil! Wenngleich schon der Traum von Aerodynamikern und Flugzeugbauern der fr\u00fchen \u00c4ra,\u00a0 [&hellip;]<\/p>\n","protected":false},"author":1,"featured_media":6838,"parent":1798,"menu_order":1,"comment_status":"closed","ping_status":"closed","template":"","meta":{"footnotes":""},"class_list":["post-1800","page","type-page","status-publish","has-post-thumbnail","hentry"],"_links":{"self":[{"href":"https:\/\/www.jaromuller.com\/de\/wp-json\/wp\/v2\/pages\/1800","targetHints":{"allow":["GET"]}}],"collection":[{"href":"https:\/\/www.jaromuller.com\/de\/wp-json\/wp\/v2\/pages"}],"about":[{"href":"https:\/\/www.jaromuller.com\/de\/wp-json\/wp\/v2\/types\/page"}],"author":[{"embeddable":true,"href":"https:\/\/www.jaromuller.com\/de\/wp-json\/wp\/v2\/users\/1"}],"replies":[{"embeddable":true,"href":"https:\/\/www.jaromuller.com\/de\/wp-json\/wp\/v2\/comments?post=1800"}],"version-history":[{"count":1,"href":"https:\/\/www.jaromuller.com\/de\/wp-json\/wp\/v2\/pages\/1800\/revisions"}],"predecessor-version":[{"id":6943,"href":"https:\/\/www.jaromuller.com\/de\/wp-json\/wp\/v2\/pages\/1800\/revisions\/6943"}],"up":[{"embeddable":true,"href":"https:\/\/www.jaromuller.com\/de\/wp-json\/wp\/v2\/pages\/1798"}],"wp:featuredmedia":[{"embeddable":true,"href":"https:\/\/www.jaromuller.com\/de\/wp-json\/wp\/v2\/media\/6838"}],"wp:attachment":[{"href":"https:\/\/www.jaromuller.com\/de\/wp-json\/wp\/v2\/media?parent=1800"}],"curies":[{"name":"wp","href":"https:\/\/api.w.org\/{rel}","templated":true}]}}