{"id":11,"date":"2015-07-02T08:45:46","date_gmt":"2015-07-02T08:45:46","guid":{"rendered":"http:\/\/shinetheme.com\/demosd\/indus_vs3\/?page_id=11"},"modified":"2025-05-23T09:48:53","modified_gmt":"2025-05-23T08:48:53","slug":"footer","status":"publish","type":"page","link":"https:\/\/www.jaromuller.com\/de\/footer\/","title":{"rendered":"Footer"},"content":{"rendered":"<p>[vc_row full_width=&#8220;stretch_row&#8220; el_class=&#8220;footer-section&#8220; row_fullwidth=&#8220;0&#8243; row_id=&#8220;footer&#8220; overlay=&#8220;no&#8220; css=&#8220;.vc_custom_1436786731050{margin-bottom: 0px !important;padding-top: 60px !important;padding-bottom: 79px !important;}&#8220;][vc_column width=&#8220;1\/3&#8243; el_class=&#8220;tp-ft-about&#8220;][vc_column_text el_class=&#8220;address&#8220;]<\/p>\n<h2>jaro m\u00fcller\u00a0composites, s.r.o.<\/h2>\n<ul>\n<li>Vajansk\u00e9ho 58<br \/>\n92101 Pie\u0161\u0165any<br \/>\nSLOVAKIA<\/li>\n<\/ul>\n<ul>\n<li><strong>Juraj Jurovic<\/strong>\u00a0&#8211;\u00a0Gesch\u00e4ftsf\u00fchrer \/ Produktionsablauf\u00a0\/ Versand<br \/>\nE-mail: jurovic@jaromuller.com (bevorzugte Kommunikationsmethode)<\/li>\n<li>Tel.:+421 905391306<\/li>\n<li><\/li>\n<li><strong>Jaroslav M\u00fcller<\/strong>\u00a0&#8211;\u00a0Entwicklung<br \/>\nE-mail: \/ muller@jaromuller.com (bevorzugte Kommunikationsmethode)<\/li>\n<li>Tel.: +421 910829452<\/li>\n<\/ul>\n<p>[\/vc_column_text][\/vc_column][vc_column width=&#8220;1\/3&#8243; el_class=&#8220;tp-investor-relation&#8220;][vc_column_text]<\/p>\n<h2>Unsere Flugmodelle<\/h2>\n<ul>\n<li><i class=\"fa fa-angle-double-right\"><\/i> <a href=\"http:\/\/jaromuller.com\/models\/elasto-31-38-m\/\">ELASTO 3,8 m<\/a><\/li>\n<li><i class=\"fa fa-angle-double-right\"><\/i> <a href=\"http:\/\/jaromuller.com\/models\/eldorado-31-m\/\">ELDORADO 3,1 m<\/a><\/li>\n<li><i class=\"fa fa-angle-double-right\"><\/i> <a href=\"http:\/\/jaromuller.com\/models\/egida-365-m\/\">EGIDA 3,65 m<\/a><\/li>\n<li><i class=\"fa fa-angle-double-right\"><\/i> <a href=\"http:\/\/jaromuller.com\/models\/espadita-2-m\/\">ESPADITA 2 m<\/a><\/li>\n<li><i class=\"fa fa-angle-double-right\"><\/i> <a href=\"http:\/\/jaromuller.com\/models\/espada-rl-37-m\/\">ESPADA RL 3,7 m<\/a><\/li>\n<li><i class=\"fa fa-angle-double-right\"><\/i> <a href=\"http:\/\/jaromuller.com\/models\/espada-r-325-m\/\">ESPADA R 3,25 m<\/a><\/li>\n<li><i class=\"fa fa-angle-double-right\"><\/i> <a href=\"http:\/\/jaromuller.com\/models\/elita-285-m\/\">ELITA 2,85 m<\/a><\/li>\n<li><i class=\"fa fa-angle-double-right\"><\/i> <a href=\"http:\/\/jaromuller.com\/models\/mini-ellipse-15-m\/\">MINI ELLIPSE 1,5 m<\/a><\/li>\n<li><i class=\"fa fa-angle-double-right\"><\/i> <a href=\"http:\/\/jaromuller.com\/models\/esprit-315-m\/\">ESPRIT 3,15 m<\/a><\/li>\n<li><i class=\"fa fa-angle-double-right\"><\/i> <a href=\"http:\/\/jaromuller.com\/models\/ellipse-2-29-m\/\">ELLIPSE 2 2,9 m<\/a><\/li>\n<\/ul>\n<p>[\/vc_column_text][\/vc_column][vc_column width=&#8220;1\/3&#8243; el_class=&#8220;twitter-widget&#8220;][vc_single_image image=&#8220;1941&#8243; img_size=&#8220;full&#8220; alignment=&#8220;center&#8220;][vc_column_text]<\/p>\n<p class=\"keymaker\" style=\"text-align: center;\"><a href=\"http:\/\/www.keymaker.cz\/\">Webdesign<\/a> by \u00a0<a href=\"http:\/\/www.keymaker.cz\" target=\"_blank\" rel=\"noopener noreferrer\"><img loading=\"lazy\" decoding=\"async\" src=\"http:\/\/www.jaromuller.com\/wp-content\/uploads\/2015\/07\/logo_keymaker.png\" alt=\"KeyMaker s.r.o.\" width=\"77\" height=\"32\" \/><\/a><\/p>\n<p>[\/vc_column_text][vc_column_text]<\/p>\n<p class=\"copyright-ct\" style=\"text-align: center;\">\u00a9 2020 www.jaromuller.com<\/p>\n<p>[\/vc_column_text][\/vc_column][\/vc_row]<\/p>","protected":false},"excerpt":{"rendered":"<p>[vc_row full_width=&#8220;stretch_row&#8220; el_class=&#8220;footer-section&#8220; row_fullwidth=&#8220;0&#8243; row_id=&#8220;footer&#8220; overlay=&#8220;no&#8220; css=&#8220;.vc_custom_1436786731050{margin-bottom: 0px !important;padding-top: 60px !important;padding-bottom: 79px !important;}&#8220;][vc_column width=&#8220;1\/3&#8243; el_class=&#8220;tp-ft-about&#8220;][vc_column_text el_class=&#8220;address&#8220;] jaro m\u00fcller\u00a0composites, s.r.o. Vajansk\u00e9ho 58 92101 Pie\u0161\u0165any SLOVAKIA Juraj Jurovic\u00a0&#8211;\u00a0Gesch\u00e4ftsf\u00fchrer \/ Produktionsablauf\u00a0\/ Versand E-mail: jurovic@jaromuller.com (bevorzugte Kommunikationsmethode) Tel.:+421 905391306 Jaroslav M\u00fcller\u00a0&#8211;\u00a0Entwicklung E-mail: \/ muller@jaromuller.com (bevorzugte Kommunikationsmethode) Tel.: +421 910829452 [\/vc_column_text][\/vc_column][vc_column width=&#8220;1\/3&#8243; el_class=&#8220;tp-investor-relation&#8220;][vc_column_text] Unsere Flugmodelle ELASTO 3,8 m ELDORADO 3,1 [&hellip;]<\/p>\n","protected":false},"author":1,"featured_media":0,"parent":0,"menu_order":888,"comment_status":"closed","ping_status":"open","template":"","meta":{"footnotes":""},"class_list":["post-11","page","type-page","status-publish","hentry"],"_links":{"self":[{"href":"https:\/\/www.jaromuller.com\/de\/wp-json\/wp\/v2\/pages\/11","targetHints":{"allow":["GET"]}}],"collection":[{"href":"https:\/\/www.jaromuller.com\/de\/wp-json\/wp\/v2\/pages"}],"about":[{"href":"https:\/\/www.jaromuller.com\/de\/wp-json\/wp\/v2\/types\/page"}],"author":[{"embeddable":true,"href":"https:\/\/www.jaromuller.com\/de\/wp-json\/wp\/v2\/users\/1"}],"replies":[{"embeddable":true,"href":"https:\/\/www.jaromuller.com\/de\/wp-json\/wp\/v2\/comments?post=11"}],"version-history":[{"count":5,"href":"https:\/\/www.jaromuller.com\/de\/wp-json\/wp\/v2\/pages\/11\/revisions"}],"predecessor-version":[{"id":6974,"href":"https:\/\/www.jaromuller.com\/de\/wp-json\/wp\/v2\/pages\/11\/revisions\/6974"}],"wp:attachment":[{"href":"https:\/\/www.jaromuller.com\/de\/wp-json\/wp\/v2\/media?parent=11"}],"curies":[{"name":"wp","href":"https:\/\/api.w.org\/{rel}","templated":true}]}}